{"id":40287,"date":"2022-05-03T05:17:43","date_gmt":"2022-05-03T05:17:43","guid":{"rendered":"https:\/\/www.sisinternational.com\/?page_id=40287"},"modified":"2026-01-25T18:28:58","modified_gmt":"2026-01-25T23:28:58","slug":"etude-de-marche-svalbard-janvier-mayen","status":"publish","type":"page","link":"https:\/\/www.sisinternational.com\/fr\/couverture\/leurope-%ef%83%97\/etude-de-marche-svalbard-janvier-mayen\/","title":{"rendered":"Etude de march\u00e9 \u00e0 Svalbard et Jan Mayen"},"content":{"rendered":"<h1 class=\"gb-headline gb-headline-316150ac gb-headline-text\">Etude de march\u00e9 \u00e0 Svalbard et Jan Mayen<\/h1>\n\n\n\n<figure class=\"gb-block-image gb-block-image-c9e8d54f\"><img loading=\"lazy\" decoding=\"async\" width=\"1456\" height=\"816\" class=\"gb-image gb-image-c9e8d54f\" src=\"https:\/\/www.sisinternational.com\/wp-content\/uploads\/2025\/09\/Artic-Svalbard-4.jpg\" alt=\"\u00c9tudes de march\u00e9 et strat\u00e9gie internationales SIS\" title=\"Artic Svalbard (4)\" srcset=\"https:\/\/www.sisinternational.com\/wp-content\/uploads\/2025\/09\/Artic-Svalbard-4.jpg 1456w, https:\/\/www.sisinternational.com\/wp-content\/uploads\/2025\/09\/Artic-Svalbard-4-300x168.jpg 300w, https:\/\/www.sisinternational.com\/wp-content\/uploads\/2025\/09\/Artic-Svalbard-4-1024x574.jpg 1024w, https:\/\/www.sisinternational.com\/wp-content\/uploads\/2025\/09\/Artic-Svalbard-4-768x430.jpg 768w, https:\/\/www.sisinternational.com\/wp-content\/uploads\/2025\/09\/Artic-Svalbard-4-18x10.jpg 18w\" sizes=\"auto, (max-width: 1456px) 100vw, 1456px\"><\/figure>\n\n\n\n<p><\/p>\n\n\n\n<hr class=\"wp-block-separator has-alpha-channel-opacity is-style-dots\"\/>\n\n\n\n<p>Svalbard est une \u00eele proche du p\u00f4le Nord, au nord de la mer de Norv\u00e8ge. Le Royaume de Norv\u00e8ge le gouverne. La capitale du Svalbard, Longyearbyen, est la ville la plus septentrionale du monde.<\/p>\n\n\n\n<p>Another Nordic island, Jan Mayen, lies three hundred miles southwest of Svalbard. It does not have permanent residents and can hold up to thirty-five people at a time.<\/p>\n\n\n\n<h2 class=\"wp-block-heading\">Industries cl\u00e9s<\/h2>\n\n\n\n<p>Les \u00eeles du Svalbard ont servi les peuples du nord de l\u2019Europe pendant des si\u00e8cles. Leur apog\u00e9e se situe \u00e0 l\u2019\u00e2ge d\u2019or de la chasse \u00e0 la baleine, il y a quelques centaines d\u2019ann\u00e9es. Les baleiniers traitaient leurs prises sur les \u00eeles du Svalbard. \u00c0 mesure que l\u2019industrie devenait plus moderne, les marins commen\u00e7aient \u00e0 traiter les baleines \u00e0 bord de leurs navires. Cette avanc\u00e9e a conduit les \u00eeles du Svalbard \u00e0 l&#039;abandon.<\/p>\n\n\n\n<p>Centuries later, in the 1900s, Svalbard became another coal-mining region, and it remains one of the primary industries for the islands even today. Mining earns <a class=\"wpil_keyword_link\" href=\"https:\/\/www.sisinternational.com\/fr\/couverture\/leurope-%ef%83%97\/etude-de-marche-en-norvege\/\"   title=\"Etude de march\u00e9 en Norv\u00e8ge\" data-wpil-keyword-link=\"linked\"  data-wpil-monitor-id=\"736\">Norway<\/a> hundreds of millions of dollars in annual revenue.<\/p>\n\n\n\n<p>Le <a href=\"https:\/\/www.sisinternational.com\/fr\/competence\/les-industries\/etude-de-marche-en-genomique\/\" title=\"\u00c9tude de march\u00e9 sur la g\u00e9nomique\"  data-wpil-monitor-id=\"4893\">market<\/a> further expanded to include industries like tourism and research in Svalbard. Many may not think of tourism as a money-making industry for Svalbard due to the remoteness and harsh weather. Svalbard caters to niche groups of tourists, such as people seeking snowmobile adventures and the marvels of the auras.<\/p>\n\n\n\n<p>Les scientifiques consid\u00e8rent que l&#039;emplacement du Svalbard est un endroit id\u00e9al o\u00f9 ils peuvent faire des recherches sur des sujets tels que le changement climatique et la faune polaire.<\/p>\n\n\n\n<p>Jan Mayen est une base militaire pour la Norv\u00e8ge. Il accueille aussi occasionnellement quelques scientifiques. L&#039;\u00eele ne poss\u00e8de qu&#039;une seule ressource naturelle, le gravier. La seule autre activit\u00e9 est la prestation de services au personnel militaire.<\/p>\n\n\n\n<h2 class=\"wp-block-heading\">Quartiers<\/h2>\n\n\n\n<p>Jan Mayen is small and home to no permanent residents. It is split into two regions. The northern region is Nord-Jan, and the name of the smaller southern area is S\u00f8r-Jan. Jan Mayen can house fewer than forty people at a time, most of whom live in the small capital city of Olonkinbyen. The island has one other settlement, Puppebu, with only one building.<\/p>\n\n\n\n<p>Svalbard est une cha\u00eene d\u2019\u00eeles mini\u00e8res de charbon. Ces \u00eeles comprennent le Spitzberg, Nordaustlandet et Edge\u00f8ya. La capitale et la plus grande colonie, Longyearbyen, se trouve sur la plus grande des \u00eeles, le Spitzberg. Il y a quelques villages en dehors de la capitale o\u00f9 certaines personnes poss\u00e8dent des cabanes. Les chalets sont souvent des r\u00e9sidences de week-end. La plupart des gens qui partent vivre au Svalbard restent en ville pour \u00eatre \u00e0 proximit\u00e9 de leur travail.<\/p>\n\n\n\n<p>Longyearbyen poss\u00e8de une \u00e9cole primaire, une \u00e9cole secondaire et une universit\u00e9. L&#039;h\u00f4pital local ne dispose pas de maternit\u00e9 en raison de la taille et de l&#039;\u00e9loignement du Svalbard. Les femmes enceintes retourneraient plut\u00f4t dans l\u2019un des pays d\u2019Europe continentale. Elles partent g\u00e9n\u00e9ralement vers la fin de la grossesse pour accoucher. Il y a un petit avion charter qui fait le trajet d&#039;une heure du Svalbard \u00e0 la Norv\u00e8ge. Les r\u00e9sidents utilisent \u00e9galement ce service d&#039;affr\u00e8tement en cas d&#039;urgence m\u00e9dicale.<\/p>\n\n\n\n<p>Like any other small settlement, the people of Svalbard enjoy a few amenities. For example, there is a library, gym, swimming pool, bank, hotel, and bus system.<\/p>\n\n\n\n<h2 class=\"wp-block-heading\">Les tendances<\/h2>\n\n\n\n<p>There has been a decline in coal mining in Svalbard in recent years. Some mines have even closed down. With that said, there has been an increase in tourism to the island. Thrill-seekers go to Svalbard for snowmobile adventures. They also see local wildlife like polar bears, foxes, and reindeer.<\/p>\n\n\n\n<p>Les gens ont montr\u00e9 un int\u00e9r\u00eat croissant pour travailler au Svalbard. Le refuge est sans visa pour tous les voyageurs. Ainsi, n\u2019importe qui peut se rendre au Svalbard et y travailler sans tracas. Ils b\u00e9n\u00e9ficieront m\u00eame de soins de sant\u00e9 gratuits depuis la Norv\u00e8ge en tant que r\u00e9sidents l\u00e9gaux et contribuables du Svalbard. Ils b\u00e9n\u00e9ficient \u00e9galement d&#039;autres commodit\u00e9s offertes par le gouvernement norv\u00e9gien.<\/p>\n\n\n\n<p>Jan Mayen n&#039;a que des r\u00e9sidents temporaires. Certaines personnes restent sur l&#039;\u00eele pendant l&#039;hiver, mais la plupart s&#039;y rendent pendant les mois d&#039;\u00e9t\u00e9.<\/p>\n\n\n\n<h2 class=\"wp-block-heading\">Avantages et atouts sur le march\u00e9<\/h2>\n\n\n\n<figure class=\"gb-block-image gb-block-image-62e421a1\"><img loading=\"lazy\" decoding=\"async\" width=\"1456\" height=\"816\" class=\"gb-image gb-image-62e421a1\" src=\"https:\/\/www.sisinternational.com\/wp-content\/uploads\/2025\/09\/Artic-Svalbard-5.jpg\" alt=\"\u00c9tudes de march\u00e9 et strat\u00e9gie internationales SIS\" title=\"Artic Svalbard (5)\" srcset=\"https:\/\/www.sisinternational.com\/wp-content\/uploads\/2025\/09\/Artic-Svalbard-5.jpg 1456w, https:\/\/www.sisinternational.com\/wp-content\/uploads\/2025\/09\/Artic-Svalbard-5-300x168.jpg 300w, https:\/\/www.sisinternational.com\/wp-content\/uploads\/2025\/09\/Artic-Svalbard-5-1024x574.jpg 1024w, https:\/\/www.sisinternational.com\/wp-content\/uploads\/2025\/09\/Artic-Svalbard-5-768x430.jpg 768w, https:\/\/www.sisinternational.com\/wp-content\/uploads\/2025\/09\/Artic-Svalbard-5-18x10.jpg 18w\" sizes=\"auto, (max-width: 1456px) 100vw, 1456px\"><\/figure>\n\n\n\n<p><\/p>\n\n\n\n<p>La monnaie du Svalbard est la couronne norv\u00e9gienne. Les \u00eeles peuvent se targuer d\u2019une \u00e9conomie stable. Le revenu moyen est bien sup\u00e9rieur \u00e0 celui des continentaux.<\/p>\n\n\n\n<p>Companies own most of the housing in Svalbard. They rent to their employees, which is another boost to the private sector on the islands.<\/p>\n\n\n\n<p>Jan Mayen aids mainland Norway and Svalbard\u2019s security as a military base. Jan Mayen also has a meteorological house to track the area&#8217;s weather systems.<\/p>\n\n\n\n<h2 class=\"wp-block-heading\">Base de consommateurs<\/h2>\n\n\n\n<p>Le Svalbard d\u00e9pend de l\u2019autosuffisance de ses habitants. Ainsi, les adultes qui ne peuvent plus subvenir \u00e0 leurs besoins doivent retourner sur le continent. Il n&#039;y a pas de cimeti\u00e8res sur les \u00eeles.<\/p>\n\n\n\n<p>Gas and diesel are cheap in Svalbard. But the high price of monthly groceries cancels that out.<\/p>\n\n\n\n<h2 class=\"wp-block-heading\">Reasons to Grow Your Business in Svalbard and Jan Mayen<\/h2>\n\n\n\n<p>The market is stable and easily expandable. There are many opportunities on these remote islands, even with their sparse populations.<\/p>\n\n\n\n<p>For example, we saw how business owners can invest in real estate, as it provides housing for their employees. Opportunities also exist for food production and the provision of other services.<\/p>\n\n\n\n<h2 class=\"wp-block-heading\">Notre emplacement \u00e0 New York<\/h2>\n\n\n\n<p>  <iframe loading=\"lazy\" src=\"https:\/\/www.google.com\/maps\/embed?pb=!1m18!1m12!1m3!1d3022.976188376966!2d-73.99130312499956!3d40.740549471389315!2m3!1f0!2f0!3f0!3m2!1i1024!2i768!4f13.1!3m3!1m2!1s0x89c259a15798c731%3A0xd695d09bdd495f25!2s11%20E%2022nd%20St%20FL%202%2C%20New%20York%2C%20NY%2010010%2C%20USA!5e0!3m2!1sen!2spe!4v1726171763526!5m2!1sen!2spe\" width=\"600\" height=\"450\" allowfullscreen=\"allowfullscreen\" data-mce-fragment=\"1\"><\/iframe>  <\/p>\n\n\n\n<h3 class=\"wp-block-heading\">11 E 22nd Street, \u00e9tage 2, New York, NY 10010 T\u00e9l. : +1(212) 505-6805<\/h3>\n\n\n\n<hr class=\"wp-block-separator has-alpha-channel-opacity\"\/>\n\n\n\n<h2 class=\"wp-block-heading\"><span style=\"font-weight: 400;\">\u00c0 propos de SIS International<\/span><\/h2>\n\n\n\n<p><a href=\"https:\/\/www.sisinternational.com\/fr\/\"><span style=\"font-weight: 400;\">SIS International<\/span><\/a><span style=\"font-weight: 400;\"> propose des recherches quantitatives, qualitatives et strat\u00e9giques. Nous fournissons des donn\u00e9es, des outils, des strat\u00e9gies, des rapports et des informations pour la prise de d\u00e9cision. Nous menons \u00e9galement des entretiens, des enqu\u00eates, des groupes de discussion et d\u2019autres m\u00e9thodes et approches d\u2019\u00e9tudes de march\u00e9.<\/span><a href=\"https:\/\/www.sisinternational.com\/fr\/a-propos-de-la-recherche-internationale-sis\/contact-sis-international-market-research\/\"><span style=\"font-weight: 400;\"> Contactez nous<\/span><\/a><span style=\"font-weight: 400;\"> pour votre prochain projet d&#039;\u00e9tude de march\u00e9.<\/span><\/p>\n\n\n\n<p><\/p>","protected":false},"excerpt":{"rendered":"<p>SIS propose des \u00e9tudes de march\u00e9 qualitatives et quantitatives au Svalbard et \u00e0 Jan Mayen.<\/p>","protected":false},"author":1,"featured_media":70104,"parent":14510,"menu_order":54,"comment_status":"closed","ping_status":"closed","template":"","meta":{"footnotes":""},"class_list":["post-40287","page","type-page","status-publish","has-post-thumbnail"],"_links":{"self":[{"href":"https:\/\/www.sisinternational.com\/fr\/wp-json\/wp\/v2\/pages\/40287","targetHints":{"allow":["GET"]}}],"collection":[{"href":"https:\/\/www.sisinternational.com\/fr\/wp-json\/wp\/v2\/pages"}],"about":[{"href":"https:\/\/www.sisinternational.com\/fr\/wp-json\/wp\/v2\/types\/page"}],"author":[{"embeddable":true,"href":"https:\/\/www.sisinternational.com\/fr\/wp-json\/wp\/v2\/users\/1"}],"replies":[{"embeddable":true,"href":"https:\/\/www.sisinternational.com\/fr\/wp-json\/wp\/v2\/comments?post=40287"}],"version-history":[{"count":6,"href":"https:\/\/www.sisinternational.com\/fr\/wp-json\/wp\/v2\/pages\/40287\/revisions"}],"predecessor-version":[{"id":78829,"href":"https:\/\/www.sisinternational.com\/fr\/wp-json\/wp\/v2\/pages\/40287\/revisions\/78829"}],"up":[{"embeddable":true,"href":"https:\/\/www.sisinternational.com\/fr\/wp-json\/wp\/v2\/pages\/14510"}],"wp:featuredmedia":[{"embeddable":true,"href":"https:\/\/www.sisinternational.com\/fr\/wp-json\/wp\/v2\/media\/70104"}],"wp:attachment":[{"href":"https:\/\/www.sisinternational.com\/fr\/wp-json\/wp\/v2\/media?parent=40287"}],"curies":[{"name":"wp","href":"https:\/\/api.w.org\/{rel}","templated":true}]}}