{"id":40229,"date":"2022-04-27T05:10:59","date_gmt":"2022-04-27T05:10:59","guid":{"rendered":"https:\/\/www.sisinternational.com\/?page_id=40229"},"modified":"2026-01-26T18:45:45","modified_gmt":"2026-01-26T23:45:45","slug":"etude-de-marche-sur-les-films-televises","status":"publish","type":"page","link":"https:\/\/www.sisinternational.com\/fr\/competence\/etude-de-marche-sur-les-films-televises\/","title":{"rendered":"\u00c9tudes de march\u00e9 sur la t\u00e9l\u00e9vision, le cin\u00e9ma et le cin\u00e9ma"},"content":{"rendered":"<h1 class=\"wp-block-heading\">\u00c9tudes de march\u00e9 sur la t\u00e9l\u00e9vision, le cin\u00e9ma et le cin\u00e9ma<\/h1>\n\n\n\n<figure class=\"gb-block-image gb-block-image-a272b5e3\"><img loading=\"lazy\" decoding=\"async\" width=\"1456\" height=\"816\" class=\"gb-image gb-image-a272b5e3\" src=\"https:\/\/www.sisinternational.com\/wp-content\/uploads\/2025\/08\/Movie-cinema-5.jpg\" alt=\"\u00c9tudes de march\u00e9 et strat\u00e9gie internationales SIS\" title=\"Movie cinema (5)\" srcset=\"https:\/\/www.sisinternational.com\/wp-content\/uploads\/2025\/08\/Movie-cinema-5.jpg 1456w, https:\/\/www.sisinternational.com\/wp-content\/uploads\/2025\/08\/Movie-cinema-5-300x168.jpg 300w, https:\/\/www.sisinternational.com\/wp-content\/uploads\/2025\/08\/Movie-cinema-5-1024x574.jpg 1024w, https:\/\/www.sisinternational.com\/wp-content\/uploads\/2025\/08\/Movie-cinema-5-768x430.jpg 768w, https:\/\/www.sisinternational.com\/wp-content\/uploads\/2025\/08\/Movie-cinema-5-18x10.jpg 18w\" sizes=\"auto, (max-width: 1456px) 100vw, 1456px\"><\/figure>\n\n\n\n<p><\/p>\n\n\n\n<hr class=\"wp-block-separator has-alpha-channel-opacity is-style-dots\"\/>\n\n\n\n<p>Television, also called TV, is one of the best-known telecommunication mediums. Broadcasting networks use it to bring across moving images in either black and white or color with sound. Television came about with the teamwork of many individuals in the early 20th century. The first-ever television had a completely different setup from what we know today. Over the years, TV has grown and has also become a <a href=\"https:\/\/www.sisinternational.com\/fr\/couverture\/etude-de-marche-au-moyen-orient-2\/top-entertainment-investment-opportunities-in-saudi-arabia\/\" title=\"Top Entertainment Investment Opportunities in Saudi Arabia\"  data-wpil-monitor-id=\"9460\">top source of entertainment<\/a>.<\/p>\n\n\n\n<p>Les films et les films sont \u00e0 peu pr\u00e8s les m\u00eames choses. Ce sont \u00e0 la fois des images anim\u00e9es et des jeux de photos, et tous deux affichent l&#039;image de l&#039;art visuel d&#039;un cr\u00e9ateur. Ils expriment des histoires et communiquent des id\u00e9es, mais aussi des sentiments, de la beaut\u00e9 ou m\u00eame l&#039;atmosph\u00e8re \u00e0 travers des s\u00e9quences vid\u00e9o.<\/p>\n\n\n\n<h2 class=\"wp-block-heading\">Pourquoi les \u00e9tudes de march\u00e9 sur la t\u00e9l\u00e9vision, le cin\u00e9ma et le cin\u00e9ma sont-elles importantes ?<\/h2>\n\n\n\n<p>Ces trois formes de divertissement ont une grande influence sur le changement social actuel, car elles peuvent enseigner aux spectateurs des choses qui \u00e9chappent \u00e0 leur vue et inspirer de l&#039;empathie. Il est prouv\u00e9 que les films et les \u00e9missions ont un impact puissant sur les gens. Cela pourrait \u00eatre une combinaison d\u2019images, de musique et de dialogues. Ensuite, il y a l&#039;\u00e9clairage, le son et les effets sp\u00e9ciaux. Ces appareils font ressortir des sentiments profonds et nous aident m\u00eame dans notre situation actuelle \u00e0 mieux comprendre les gens qui nous entourent. Ils nous permettent \u00e9galement de mieux comprendre la soci\u00e9t\u00e9 et la culture.<\/p>\n\n\n\n<p>Les films sont des artefacts cr\u00e9\u00e9s par diff\u00e9rentes cultures. Il s\u2019agit d\u2019un m\u00e9dia vital car il offre du divertissement et une valeur historique. Il s\u2019agit souvent d\u2019une documentation visuelle d\u2019un moment de l\u2019histoire.<\/p>\n\n\n\n<h2 class=\"wp-block-heading\">Titres de poste cl\u00e9s<\/h2>\n\n\n\n<p>There are several job positions in this <a href=\"https:\/\/www.sisinternational.com\/fr\/industry-forecast\/personal-care-industry-forecast\/\" title=\"Personal Care Industry Forecast\"  data-wpil-monitor-id=\"9461\">industry that a person<\/a> can fill. Many people have a passion for this industry but don\u2019t know which job is best for them. Following are some examples of positions in the TV, Movie, and Film industry:<\/p>\n\n\n\n<ul class=\"wp-block-list\">\n<li>Producteur de film<\/li>\n\n\n\n<li>Directeur de la photographie<\/li>\n\n\n\n<li>R\u00e9alisateur<\/li>\n\n\n\n<li>\u00c9diteur de film<\/li>\n\n\n\n<li>Coureur<\/li>\n\n\n\n<li>Technicien d&#039;\u00e9clairage<\/li>\n\n\n\n<li>Op\u00e9rateur camera<\/li>\n\n\n\n<li>Gestionnaire de localisation<\/li>\n\n\n\n<li>Editeur de vid\u00e9o<\/li>\n\n\n\n<li>Ing\u00e9nieur du son<\/li>\n\n\n\n<li>Assistant de production<\/li>\n<\/ul>\n\n\n\n<p>La liste se rallonge de plus en plus. Pourtant, il existe m\u00eame des emplois temporaires disponibles en fonction de ce que fait la soci\u00e9t\u00e9 de production.<\/p>\n\n\n\n<h2 class=\"wp-block-heading\">Pourquoi les entreprises ont-elles besoin d\u2019\u00e9tudes de march\u00e9 sur la t\u00e9l\u00e9vision, les films et le cin\u00e9ma\u00a0?<\/h2>\n\n\n\n<p>Many businesses use TV and movies as a form of entertainment. Movies keep restless customers busy while in stores shopping. Or they can even look at a movie while eating in fast-food restaurants. Any company can use TV, movies, and films to promote their business. For example, a TV feature can save a failing business and draw in new <a href=\"https:\/\/www.sisinternational.com\/fr\/analyse-de-la-satisfaction-client\/\" title=\"8 fa\u00e7ons d&#039;augmenter la satisfaction des clients dans le commerce de d\u00e9tail\"  data-wpil-monitor-id=\"9462\">customers and investors the same way<\/a>. The TV industry is also a great way to advertise a business. Putting up short ads and even creating jingles is a great way to put a <a href=\"https:\/\/www.sisinternational.com\/fr\/solutions\/conseil-en-tourisme-de-voyage-et-en-hotellerie\/etude-de-marche-dune-entreprise-de-guides-touristiques\/\" title=\"\u00c9tude de march\u00e9 sur les soci\u00e9t\u00e9s de guides touristiques\"  data-wpil-monitor-id=\"9457\">company out there in the market<\/a>.<\/p>\n\n\n\n<p>Le <a href=\"https:\/\/www.sisinternational.com\/fr\/publications\/etude-de-marche-sur-les-entreprises-evolutives-7-facons-de-creer-une-entreprise-evolutive\/\" title=\"\u00c9tude de march\u00e9 sur les entreprises \u00e9volutives\u00a0: 7 fa\u00e7ons de cr\u00e9er une entreprise \u00e9volutive\"  data-wpil-monitor-id=\"9459\">market helps businesses<\/a> pinpoint their goals and set better plans to meet them. Market <a href=\"https:\/\/www.sisinternational.com\/fr\/competence\/les-industries\/etude-de-marche-sur-la-securite\/\" title=\"\u00c9tude de march\u00e9 sur la s\u00e9curit\u00e9\"  data-wpil-monitor-id=\"7015\">Recherche<\/a> enables you to make critical business decisions and secure investment and funding. It also helps in determining new business opportunities and even avoiding business failure. TV, Movie, and Film companies need to do market research to know when to release their work and how to promote it. Market research enables these companies to create the best strategy for their creative pursuits.<\/p>\n\n\n\n<h2 class=\"wp-block-heading\">Facteurs cl\u00e9s de succ\u00e8s<\/h2>\n\n\n\n<p>Les films et le cin\u00e9ma ont parcouru un long chemin depuis leur cr\u00e9ation. La technologie s\u2019am\u00e9liore. Cela a conduit \u00e0 l\u2019invention d\u2019appareils tels que les t\u00e9l\u00e9viseurs et \u00e9galement \u00e0 l\u2019av\u00e8nement des services de streaming. Les gens ne veulent plus passer du temps assis dans un th\u00e9\u00e2tre \u00e0 cause de ces progr\u00e8s. Ils ne veulent pas non plus payer des billets pour regarder un film. D\u00e9sormais, il suffit de quelques clics de souris. De plus, les films et les films rapportent d\u00e9sormais encore plus d\u2019argent. Les services de streaming permettent \u00e0 encore plus de personnes de voir les nouvelles sorties de films.<\/p>\n\n\n\n<p>The TV <a href=\"https:\/\/www.sisinternational.com\/fr\/competence\/les-industries\/etude-de-marche-industriel\/\" title=\"\u00c9tudes de march\u00e9 et strat\u00e9gie industrielle\"  data-wpil-monitor-id=\"9458\">industry is also rising in the market<\/a> as new, high-tech models of televisions are being made. Even more TV shows are being produced, keeping viewers on edge and entertained.<\/p>\n\n\n\n<h2 class=\"wp-block-heading\">\u00c0 propos des \u00e9tudes de march\u00e9 sur la t\u00e9l\u00e9vision, le cin\u00e9ma et le cin\u00e9ma<\/h2>\n\n\n\n<p>The entertainment sector continues to grow every day. Many companies are seeing this and are looking to expand. Yet, some people do not know where to start. That\u2019s why market research providers exist. They arrange Focus Groups, Interviews, and Surveys. They can also conduct Strategic, Qualitative and <a href=\"https:\/\/www.sisinternational.com\/fr\/societe-mondiale-de-recherche-quantitative-de-marche-de-premier-plan\/\" title=\"Soci\u00e9t\u00e9 mondiale de recherche quantitative sur le march\u00e9 de premier plan\"  data-wpil-monitor-id=\"9456\">Quantitative Research for your company<\/a>. It\u2019s an excellent place to start if you need to research the TV, Movie, and Film market.<\/p>\n\n\n\n<p><\/p>","protected":false},"excerpt":{"rendered":"<p>Les soci\u00e9t\u00e9s de m\u00e9dias effectuent des \u00e9tudes de march\u00e9 pour d\u00e9terminer le meilleur moment et la meilleure strat\u00e9gie pour diffuser et promouvoir leur travail.<\/p>","protected":false},"author":1,"featured_media":63993,"parent":14514,"menu_order":122,"comment_status":"closed","ping_status":"closed","template":"","meta":{"footnotes":""},"class_list":["post-40229","page","type-page","status-publish","has-post-thumbnail"],"_links":{"self":[{"href":"https:\/\/www.sisinternational.com\/fr\/wp-json\/wp\/v2\/pages\/40229","targetHints":{"allow":["GET"]}}],"collection":[{"href":"https:\/\/www.sisinternational.com\/fr\/wp-json\/wp\/v2\/pages"}],"about":[{"href":"https:\/\/www.sisinternational.com\/fr\/wp-json\/wp\/v2\/types\/page"}],"author":[{"embeddable":true,"href":"https:\/\/www.sisinternational.com\/fr\/wp-json\/wp\/v2\/users\/1"}],"replies":[{"embeddable":true,"href":"https:\/\/www.sisinternational.com\/fr\/wp-json\/wp\/v2\/comments?post=40229"}],"version-history":[{"count":6,"href":"https:\/\/www.sisinternational.com\/fr\/wp-json\/wp\/v2\/pages\/40229\/revisions"}],"predecessor-version":[{"id":81580,"href":"https:\/\/www.sisinternational.com\/fr\/wp-json\/wp\/v2\/pages\/40229\/revisions\/81580"}],"up":[{"embeddable":true,"href":"https:\/\/www.sisinternational.com\/fr\/wp-json\/wp\/v2\/pages\/14514"}],"wp:featuredmedia":[{"embeddable":true,"href":"https:\/\/www.sisinternational.com\/fr\/wp-json\/wp\/v2\/media\/63993"}],"wp:attachment":[{"href":"https:\/\/www.sisinternational.com\/fr\/wp-json\/wp\/v2\/media?parent=40229"}],"curies":[{"name":"wp","href":"https:\/\/api.w.org\/{rel}","templated":true}]}}