{"id":40225,"date":"2022-04-27T05:01:01","date_gmt":"2022-04-27T05:01:01","guid":{"rendered":"https:\/\/www.sisinternational.com\/?page_id=40225"},"modified":"2026-01-25T16:41:19","modified_gmt":"2026-01-25T21:41:19","slug":"etude-de-marche-des-supermarches","status":"publish","type":"page","link":"https:\/\/www.sisinternational.com\/fr\/competence\/etude-de-marche-des-supermarches\/","title":{"rendered":"\u00c9tude de march\u00e9 des supermarch\u00e9s"},"content":{"rendered":"<h1 class=\"wp-block-heading\">\u00c9tude de march\u00e9 des supermarch\u00e9s<\/h1>\n\n\n\n<figure class=\"gb-block-image gb-block-image-f339065b\"><img loading=\"lazy\" decoding=\"async\" width=\"1456\" height=\"816\" class=\"gb-image gb-image-f339065b\" src=\"https:\/\/www.sisinternational.com\/wp-content\/uploads\/2025\/09\/Packaged-goods-2-1.jpg\" alt=\"\u00c9tudes de march\u00e9 et strat\u00e9gie internationales SIS\" title=\"Packaged goods (2)\" srcset=\"https:\/\/www.sisinternational.com\/wp-content\/uploads\/2025\/09\/Packaged-goods-2-1.jpg 1456w, https:\/\/www.sisinternational.com\/wp-content\/uploads\/2025\/09\/Packaged-goods-2-1-300x168.jpg 300w, https:\/\/www.sisinternational.com\/wp-content\/uploads\/2025\/09\/Packaged-goods-2-1-1024x574.jpg 1024w, https:\/\/www.sisinternational.com\/wp-content\/uploads\/2025\/09\/Packaged-goods-2-1-768x430.jpg 768w, https:\/\/www.sisinternational.com\/wp-content\/uploads\/2025\/09\/Packaged-goods-2-1-18x10.jpg 18w\" sizes=\"auto, (max-width: 1456px) 100vw, 1456px\"><\/figure>\n\n\n\n<p><\/p>\n\n\n\n<hr class=\"wp-block-separator has-alpha-channel-opacity is-style-dots\"\/>\n\n\n\n<p>Un supermarch\u00e9 est un immense magasin de d\u00e9tail. Ces grandes surfaces font tr\u00e8s attention au placement de produits. Ils placent les articles de mani\u00e8re \u00e0 permettre aux clients de localiser et de choisir facilement ce qu&#039;ils veulent. Au d\u00e9but, les supermarch\u00e9s proposaient des produits d&#039;\u00e9picerie, des produits alimentaires et des produits laitiers. Ils vendent des articles non alimentaires tels que des cosm\u00e9tiques et des articles pour la maison dans le monde d&#039;aujourd&#039;hui.<\/p>\n\n\n\n<p><\/p>\n\n\n\n<h2 class=\"wp-block-heading\">Pourquoi un supermarch\u00e9 est-il important ?<\/h2>\n\n\n\n<h3 class=\"wp-block-heading\">Prix fixe et produits de qualit\u00e9.<\/h3>\n\n\n\n<p>Il n\u2019y a pas de n\u00e9gociation sur les prix des produits dans les supermarch\u00e9s. En cons\u00e9quence, ils vendent des produits standards. Les clients pensent qu\u2019ils paient le bon prix pour les bons produits dans la bonne quantit\u00e9.<\/p>\n\n\n\n<h3 class=\"wp-block-heading\">Disponibilit\u00e9 d&#039;une vari\u00e9t\u00e9 de biens et de besoins quotidiens<\/h3>\n\n\n\n<p>Les supermarch\u00e9s conservent une grande vari\u00e9t\u00e9 de produits plac\u00e9s dans une commande particuli\u00e8re. Ainsi, les clients ont facilement acc\u00e8s aux produits qu\u2019ils souhaitent acheter. De plus, les supermarch\u00e9s abritent presque tous les produits dont les consommateurs ont besoin quotidiennement et r\u00e9guli\u00e8rement. Ainsi, ils n\u2019ont pas besoin de se d\u00e9placer d\u2019un endroit \u00e0 un autre pour effectuer leurs achats.<\/p>\n\n\n\n<h2 class=\"wp-block-heading\">Titres de poste cl\u00e9s<\/h2>\n\n\n\n<h3 class=\"wp-block-heading\">Magasinier<\/h3>\n\n\n\n<p>Les commis aux stocks veillent \u00e0 ce que les acheteurs aient un acc\u00e8s rapide aux marchandises qu&#039;ils recherchent. Ils organisent \u00e9galement la pr\u00e9sentation et le stockage des produits.<\/p>\n\n\n\n<h3 class=\"wp-block-heading\">La caissi\u00e8re<\/h3>\n\n\n\n<p>Most buyers load their purchases into a trolley and have them checked by the cashier, who scans the customer\u2019s items and takes payment for the goods. Also, cashiers must be quick with ringing up customers\u2019 purchases and price calculations. It\u2019s the best <a href=\"https:\/\/www.sisinternational.com\/fr\/analyse-de-la-satisfaction-client\/\" title=\"8 fa\u00e7ons d&#039;augmenter la satisfaction des clients dans le commerce de d\u00e9tail\"  data-wpil-monitor-id=\"10208\">way for customers<\/a> to avoid another long queue.<\/p>\n\n\n\n<h3 class=\"wp-block-heading\">Ensacheurs<\/h3>\n\n\n\n<p>Un ensacheur aide un client \u00e0 placer ses articles dans des sacs \u00e0 la caisse. Les ensacheurs peuvent \u00e9galement aider \u00e0 transporter les produits d&#039;\u00e9picerie jusqu&#039;au v\u00e9hicule d&#039;un client. Ils fournissent d&#039;autres services sur demande.<\/p>\n\n\n\n<h3 class=\"wp-block-heading\">Commis \u00e0 la r\u00e9ception ou commis \u00e0 l&#039;exp\u00e9dition<\/h3>\n\n\n\n<p>The clerks are in charge of keeping a stock count. They also determine the <a href=\"https:\/\/www.sisinternational.com\/fr\/solutions\/solutions-de-branding-et-de-recherche-client\/etude-de-marche-sur-les-tests-de-produits\/new-product-concept-testing-methods\/\" title=\"New Product Concept Testing Methods\"  data-wpil-monitor-id=\"10205\">methods for incoming and outgoing product<\/a> shipping.<\/p>\n\n\n\n<h2 class=\"wp-block-heading\">Pourquoi les entreprises ont-elles besoin d\u2019une \u00e9tude de march\u00e9 sur les supermarch\u00e9s ?<\/h2>\n\n\n\n<p>Nous ne pouvons pas comparer la commodit\u00e9 de faire ses courses dans un supermarch\u00e9 \u00e0 celle du march\u00e9 local. Nous avons r\u00e9pertori\u00e9 ci-dessous quelques raisons pour lesquelles l\u2019\u00e9tude de march\u00e9 sur les supermarch\u00e9s est importante.<\/p>\n\n\n\n<ul class=\"wp-block-list\">\n<li><a href=\"https:\/\/www.sisinternational.com\/fr\/competence\/les-industries\/etude-de-marche-sur-le-developpement-low-code\/\" title=\"\u00c9tude de march\u00e9 sur le d\u00e9veloppement Low Code\"  data-wpil-monitor-id=\"10199\">\u00c9tude de march\u00e9<\/a> can help a supermarket to develop an effective marketing strategy.<\/li>\n\n\n\n<li>Il indique aux supermarch\u00e9s les choix et les pr\u00e9f\u00e9rences de leur public cible.<\/li>\n\n\n\n<li>Il leur fournit des informations essentielles sur leurs concurrents.<\/li>\n\n\n\n<li>Cela leur donne un aper\u00e7u de ce qu\u2019il faudrait pour r\u00e9ussir sur le march\u00e9.<\/li>\n\n\n\n<li>It informs their <a class=\"wpil_keyword_link\" href=\"https:\/\/www.sisinternational.com\/fr\/solutions\/solutions-de-strategie-de-vente\/\"   title=\"Solutions de vente et de strat\u00e9gie\" data-wpil-keyword-link=\"linked\"  data-wpil-monitor-id=\"737\">strat\u00e9gie de soldes<\/a>.<\/li>\n\n\n\n<li>Cela aide \u00e0 r\u00e9duire les pertes.<\/li>\n<\/ul>\n\n\n\n<h2 class=\"wp-block-heading\">Facteurs de r\u00e9ussite importants<\/h2>\n\n\n\n<p>Many people see supermarkets as the best places to shop. But there are also certain factors and disadvantages that they face. To succeed, a supermarket must pay heed to the following:<\/p>\n\n\n\n<ul class=\"wp-block-list\">\n<li>Louer ou poss\u00e9der des locaux lorsque cela est possible. Comme la plupart des supermarch\u00e9s sont g\u00e9n\u00e9ralement situ\u00e9s dans des emplacements privil\u00e9gi\u00e9s, les loyers ont tendance \u00e0 \u00eatre \u00e9lev\u00e9s.<\/li>\n\n\n\n<li>Gardez \u00e0 l\u2019esprit que les supermarch\u00e9s peuvent ne pas convenir aux villages et aux petites villes.<\/li>\n\n\n\n<li>Avoir une bonne source de financement. D\u00e9marrer un supermarch\u00e9 n\u00e9cessite une importante mise de fonds.<\/li>\n\n\n\n<li>S\u00e9lectionnez une \u00e9quipe de direction comp\u00e9tente.<\/li>\n\n\n\n<li>Si les salaires sont bas, les salari\u00e9s quitteront leur emploi pour en chercher un nouveau.<\/li>\n<\/ul>\n\n\n\n<h2 class=\"wp-block-heading\">\u00c0 propos de l\u2019\u00e9tude de march\u00e9 des supermarch\u00e9s<\/h2>\n\n\n\n<p>March\u00e9 <a href=\"https:\/\/www.sisinternational.com\/fr\/solutions\/conseil-en-tourisme-de-voyage-et-en-hotellerie\/etude-de-marche-sur-les-voyages-daffaires\/\" title=\"\u00c9tude de march\u00e9 sur les voyages d\u2019affaires\"  data-wpil-monitor-id=\"10201\">recherche<\/a> is vital when starting a new business or expanding an existing one. <a href=\"https:\/\/www.sisinternational.com\/fr\/publications\/etude-de-marche-sur-les-entreprises-evolutives-7-facons-de-creer-une-entreprise-evolutive\/\" title=\"\u00c9tude de march\u00e9 sur les entreprises \u00e9volutives\u00a0: 7 fa\u00e7ons de cr\u00e9er une entreprise \u00e9volutive\"  data-wpil-monitor-id=\"10196\">Market research also helps with business<\/a> plans. Furthermore, it enables your company to know your customers\u2019 thinking and buying patterns. Also, it helps to look into the do\u2019s and don\u2019ts of the business place, so you can make it the ideal place for your business.<\/p>\n\n\n\n<p>Notre <a href=\"https:\/\/www.sisinternational.com\/fr\/couverture\/etude-de-marche-en-asie\/market-research-in-china-2\/enquete-sur-une-societe-detudes-de-marche-en-chine\/\" title=\"Soci\u00e9t\u00e9 d\u2019\u00e9tudes de march\u00e9 par sondage en Chine\"  data-wpil-monitor-id=\"10203\">company conducts live interviews and surveys<\/a>. We collect data on your customers\u2019 opinions. SIS International also runs focus groups, a well-known <a href=\"https:\/\/www.sisinternational.com\/fr\/quantitative-market-research-methods-and-techniques\/\" title=\"Quantitative Market Research Methods and Techniques\"  data-wpil-monitor-id=\"10192\">market research technique<\/a> for gathering detailed information. We can learn about your customers\u2019 actual points of view through focus groups. Furthermore, <a href=\"https:\/\/www.sisinternational.com\/fr\/recherche-qualitative-pour-ameliorer-lexperience-client\/\" title=\"Recherche qualitative pour am\u00e9liorer l&#039;exp\u00e9rience client\"  data-wpil-monitor-id=\"10188\">Qualitative Research assists us in comprehending customer<\/a> behavior. It also identifies the factors that influence products repurchase. Quantitative analysis provides us with unbiased information about your customers\u2019 purchasing habits. We conduct <a href=\"https:\/\/www.sisinternational.com\/fr\/competence\/les-industries\/etude-de-marche-sur-linformatique-quantique\/\" title=\"\u00c9tude de march\u00e9 sur l\u2019informatique quantique\"  data-wpil-monitor-id=\"3697\">market strategy research<\/a> to help you save money and ensure the success of your business.<\/p>\n\n\n\n<p><\/p>","protected":false},"excerpt":{"rendered":"<p>Les \u00e9tudes de march\u00e9 aident les supermarch\u00e9s \u00e0 comprendre leur public cible, leurs concurrents et leur strat\u00e9gie de vente tout en r\u00e9duisant les pertes.<\/p>","protected":false},"author":1,"featured_media":67286,"parent":14514,"menu_order":120,"comment_status":"closed","ping_status":"closed","template":"","meta":{"footnotes":""},"class_list":["post-40225","page","type-page","status-publish","has-post-thumbnail"],"_links":{"self":[{"href":"https:\/\/www.sisinternational.com\/fr\/wp-json\/wp\/v2\/pages\/40225","targetHints":{"allow":["GET"]}}],"collection":[{"href":"https:\/\/www.sisinternational.com\/fr\/wp-json\/wp\/v2\/pages"}],"about":[{"href":"https:\/\/www.sisinternational.com\/fr\/wp-json\/wp\/v2\/types\/page"}],"author":[{"embeddable":true,"href":"https:\/\/www.sisinternational.com\/fr\/wp-json\/wp\/v2\/users\/1"}],"replies":[{"embeddable":true,"href":"https:\/\/www.sisinternational.com\/fr\/wp-json\/wp\/v2\/comments?post=40225"}],"version-history":[{"count":6,"href":"https:\/\/www.sisinternational.com\/fr\/wp-json\/wp\/v2\/pages\/40225\/revisions"}],"predecessor-version":[{"id":81685,"href":"https:\/\/www.sisinternational.com\/fr\/wp-json\/wp\/v2\/pages\/40225\/revisions\/81685"}],"up":[{"embeddable":true,"href":"https:\/\/www.sisinternational.com\/fr\/wp-json\/wp\/v2\/pages\/14514"}],"wp:featuredmedia":[{"embeddable":true,"href":"https:\/\/www.sisinternational.com\/fr\/wp-json\/wp\/v2\/media\/67286"}],"wp:attachment":[{"href":"https:\/\/www.sisinternational.com\/fr\/wp-json\/wp\/v2\/media?parent=40225"}],"curies":[{"name":"wp","href":"https:\/\/api.w.org\/{rel}","templated":true}]}}