{"id":40221,"date":"2022-04-27T04:48:15","date_gmt":"2022-04-27T04:48:15","guid":{"rendered":"https:\/\/www.sisinternational.com\/?page_id=40221"},"modified":"2026-03-12T12:45:40","modified_gmt":"2026-03-12T16:45:40","slug":"technologie-medicale-etude-de-marche-sur-les-technologies-medicales","status":"publish","type":"page","link":"https:\/\/www.sisinternational.com\/fr\/solutions\/etudes-de-marche-sur-les-biotechnologies-et-les-produits-pharmaceutiques-en-matiere-de-soins-de-sante-medicaux\/technologie-medicale-etude-de-marche-sur-les-technologies-medicales\/","title":{"rendered":"\u00c9tude de march\u00e9 sur la technologie m\u00e9dicale (Med Tech)"},"content":{"rendered":"<h1 class=\"wp-block-heading\">\u00c9tude de march\u00e9 sur la technologie m\u00e9dicale (Med Tech)<\/h1>\n\n\n\n<figure class=\"gb-block-image gb-block-image-6a4dc351\"><img loading=\"lazy\" decoding=\"async\" width=\"1456\" height=\"816\" class=\"gb-image gb-image-6a4dc351\" src=\"https:\/\/www.sisinternational.com\/wp-content\/uploads\/2025\/09\/Medicine-2.jpg\" alt=\"\u00c9tudes de march\u00e9 et strat\u00e9gie internationales SIS\" title=\"Medicine (2)\" srcset=\"https:\/\/www.sisinternational.com\/wp-content\/uploads\/2025\/09\/Medicine-2.jpg 1456w, https:\/\/www.sisinternational.com\/wp-content\/uploads\/2025\/09\/Medicine-2-300x168.jpg 300w, https:\/\/www.sisinternational.com\/wp-content\/uploads\/2025\/09\/Medicine-2-1024x574.jpg 1024w, https:\/\/www.sisinternational.com\/wp-content\/uploads\/2025\/09\/Medicine-2-768x430.jpg 768w, https:\/\/www.sisinternational.com\/wp-content\/uploads\/2025\/09\/Medicine-2-18x10.jpg 18w\" sizes=\"auto, (max-width: 1456px) 100vw, 1456px\"><\/figure>\n\n\n\n<p><\/p>\n\n\n\n<h2 class=\"wp-block-heading\">Qu\u2019est-ce que la technologie m\u00e9dicale ?<\/h2>\n\n\n\n<p>La technologie m\u00e9dicale est omnipr\u00e9sente et n\u2019est pas aussi complexe qu\u2019il y para\u00eet. Les pansements que nous utilisons sont des exemples. Les lunettes que les gens portent en sont \u00e9galement des exemples. La technologie m\u00e9dicale peut \u00eatre aussi simple que cela. Il a \u00e9galement des utilisations plus complexes comme les outils utilis\u00e9s dans les chirurgies et les analyses effectu\u00e9es dans les h\u00f4pitaux. La technologie m\u00e9dicale applique la science pour aider \u00e0 pr\u00e9venir ou gu\u00e9rir les maladies et \u00e0 sauver des vies. Ce n\u2019est pas un domaine nouveau et il a connu de nombreux changements sur plusieurs si\u00e8cles. Aujourd\u2019hui, la technologie m\u00e9dicale dont nous disposons se d\u00e9veloppe \u00e0 un rythme rapide. Cela sauve des millions de vies chaque ann\u00e9e.<\/p>\n\n\n\n<h2 class=\"wp-block-heading\">Pourquoi la technologie m\u00e9dicale est-elle importante ?<\/h2>\n\n\n\n<p>La technologie m\u00e9dicale est essentielle car sans elle, de nombreuses personnes souffriraient. Ces produits aident \u00e0 diagnostiquer et \u00e0 traiter les maladies. Une autre utilisation de la technologie m\u00e9dicale est qu\u2019elle permet aux experts de la sant\u00e9 de d\u00e9couvrir ce qui ne va pas suffisamment t\u00f4t pour traiter la maladie. Savoir plus t\u00f4t ce qui ne va pas permet de sauver davantage de vies. La technologie m\u00e9dicale permet \u00e9galement des traitements plus efficaces. Avec des appareils plus avanc\u00e9s, nous pouvons faire davantage pour lutter contre la maladie. Les interventions chirurgicales autrefois impossibles sont d\u00e9sormais la norme. Ils contribuent \u00e9galement \u00e0 la pr\u00e9vention des maladies. Les gants et les masques, par exemple, aident \u00e0 pr\u00e9venir les maladies. Ces avantages facilitent la vie des travailleurs de la sant\u00e9. Cela \u00e9vitera \u00e9galement aux patients de souffrir.<\/p>\n\n\n\n<h2 class=\"wp-block-heading\">Titres de poste cl\u00e9s<\/h2>\n\n\n\n<p>The field of med-tech is broad. It links to many careers. People have to come up with ideas, test them, and launch them. Many jobs work together to bring a <a href=\"https:\/\/www.sisinternational.com\/fr\/solutions\/test-de-gout\/services-de-test-de-produits-a-new-york\/\" title=\"Services de test de produits \u00e0 New York\"  data-wpil-monitor-id=\"9569\">product or service<\/a> to life from start to finish. These careers call for a bachelor\u2019s degree in medical laboratory technology, life science, biology, or chemistry.<\/p>\n\n\n\n<p>Les principaux titres de poste comprennent\u00a0:<\/p>\n\n\n\n<ul class=\"wp-block-list\">\n<li><strong>Techniciens<\/strong>: medical records, clinical laboratory, medical appliance, and research laboratory technicians<\/li>\n\n\n\n<li><strong>Technologues<\/strong>: IRM, radiologues et techniciens m\u00e9dicaux<\/li>\n<\/ul>\n\n\n\n<h2 class=\"wp-block-heading\">Pourquoi les entreprises ont besoin de technologie m\u00e9dicale<\/h2>\n\n\n\n<p>Businesses need medical technology for many reasons. It is a necessary and fast-growing field that can bring profits if invested well. Companies that go into the field of med-tech will have a broad <a href=\"https:\/\/www.sisinternational.com\/fr\/entreprise-de-premier-plan-en-matiere-de-strategie-de-mise-sur-le-marche-b2b\/\" title=\"Entreprise de premier plan en mati\u00e8re de strat\u00e9gie de mise sur le march\u00e9 B2B\"  data-wpil-monitor-id=\"9571\">market<\/a>. They will attract an extensive client base once your business makes top-quality goods that will help it succeed. Companies can make safety gear, medical tools, or offer health services. They can also produce testing kits, vaccines, and ventilators. These products and <a href=\"https:\/\/www.sisinternational.com\/fr\/solutions\/solutions-de-recherche-qualitative-et-quantitative\/etude-de-marche-sur-les-services-sur-le-terrain\/\" title=\"\u00c9tude de march\u00e9 sur les services sur le terrain\"  data-wpil-monitor-id=\"9567\">services are lifesavers in the field<\/a> of med-tech.<\/p>\n\n\n\n<h2 class=\"wp-block-heading\">Facteurs cl\u00e9s de succ\u00e8s<\/h2>\n\n\n\n<p>In medical technology, there is a lot to think about for a business to thrive. Companies need a commitment to producing quality goods. They also have to make sure that their services are reliable and consistent. Investing in the right experts to guide your products and services goes a long way. It\u2019s a well-regulated area, so <a href=\"https:\/\/www.sisinternational.com\/fr\/facteurs-cles-de-succes-dans-les-etudes-de-marche-automobile\/\" title=\"Facteurs cl\u00e9s de succ\u00e8s dans les \u00e9tudes de march\u00e9 automobile\"  data-wpil-monitor-id=\"9570\">research is also critical for success<\/a>. <a href=\"https:\/\/www.sisinternational.com\/fr\/competence\/les-industries\/recherche-de-produits\/\" title=\"Recherche de produits\"  data-wpil-monitor-id=\"9565\">Products need ongoing research<\/a>. A business in med-tech may be plenty of work, but it can be very successful.<\/p>\n\n\n\n<h2 class=\"wp-block-heading\">\u00c0 propos de la technologie m\u00e9dicale<\/h2>\n\n\n\n<p><a href=\"https:\/\/www.sisinternational.com\/fr\/competence\/les-industries\/etude-de-marche-sur-les-dispositifs-medicaux\/\" title=\"\u00c9tude de march\u00e9 sur les dispositifs m\u00e9dicaux\"  data-wpil-monitor-id=\"3169\">Medical Technology calls for lots of research<\/a> to stay updated with the science, which gets better each day. Then, the <a href=\"https:\/\/www.sisinternational.com\/fr\/competence\/cv-dexperience\/recherche-de-marque\/\" title=\"Soci\u00e9t\u00e9 de recherche de marque\"  data-wpil-monitor-id=\"9566\">company may have to do further research<\/a> on which products\/services are suitable investments. They also need to find out how best to produce and what is best for the health of their consumers. Being <a href=\"https:\/\/www.sisinternational.com\/fr\/solutions\/etude-de-marche-sur-la-notoriete-de-la-marque-b2b\/\" title=\"\u00c9tude de march\u00e9 B2B sur la notori\u00e9t\u00e9 de la marque\"  data-wpil-monitor-id=\"9568\">aware of the market\u2019s<\/a> needs is vital. <a href=\"https:\/\/www.sisinternational.com\/fr\/sampling-techniques-in-qualitative-research-the-complete-guide-to-choosing-the-right-method\/\" title=\"Sampling Techniques in Qualitative Research: The Complete Guide to Choosing the Right Method\"  data-wpil-monitor-id=\"9564\">Research methods can be qualitative<\/a>, quantitative, or strategy. These methods can take the form of interviews, surveys, focus groups, and experiments.<\/p>\n\n\n\n<p><\/p>","protected":false},"excerpt":{"rendered":"<p>Les \u00e9tudes de march\u00e9 sur la technologie m\u00e9dicale sont vitales. La Med Tech est un vaste domaine n\u00e9cessitant de nombreux m\u00e9tiers pour donner vie \u00e0 un produit ou un service.<\/p>","protected":false},"author":1,"featured_media":70066,"parent":11294,"menu_order":119,"comment_status":"closed","ping_status":"closed","template":"","meta":{"footnotes":""},"class_list":["post-40221","page","type-page","status-publish","has-post-thumbnail"],"_links":{"self":[{"href":"https:\/\/www.sisinternational.com\/fr\/wp-json\/wp\/v2\/pages\/40221","targetHints":{"allow":["GET"]}}],"collection":[{"href":"https:\/\/www.sisinternational.com\/fr\/wp-json\/wp\/v2\/pages"}],"about":[{"href":"https:\/\/www.sisinternational.com\/fr\/wp-json\/wp\/v2\/types\/page"}],"author":[{"embeddable":true,"href":"https:\/\/www.sisinternational.com\/fr\/wp-json\/wp\/v2\/users\/1"}],"replies":[{"embeddable":true,"href":"https:\/\/www.sisinternational.com\/fr\/wp-json\/wp\/v2\/comments?post=40221"}],"version-history":[{"count":5,"href":"https:\/\/www.sisinternational.com\/fr\/wp-json\/wp\/v2\/pages\/40221\/revisions"}],"predecessor-version":[{"id":81594,"href":"https:\/\/www.sisinternational.com\/fr\/wp-json\/wp\/v2\/pages\/40221\/revisions\/81594"}],"up":[{"embeddable":true,"href":"https:\/\/www.sisinternational.com\/fr\/wp-json\/wp\/v2\/pages\/11294"}],"wp:featuredmedia":[{"embeddable":true,"href":"https:\/\/www.sisinternational.com\/fr\/wp-json\/wp\/v2\/media\/70066"}],"wp:attachment":[{"href":"https:\/\/www.sisinternational.com\/fr\/wp-json\/wp\/v2\/media?parent=40221"}],"curies":[{"name":"wp","href":"https:\/\/api.w.org\/{rel}","templated":true}]}}