{"id":40219,"date":"2022-04-27T04:37:38","date_gmt":"2022-04-27T04:37:38","guid":{"rendered":"https:\/\/www.sisinternational.com\/?page_id=40219"},"modified":"2025-09-24T23:18:02","modified_gmt":"2025-09-25T03:18:02","slug":"etude-de-marche-sur-le-vatican","status":"publish","type":"page","link":"https:\/\/www.sisinternational.com\/fr\/couverture\/leurope-%ef%83%97\/etude-de-marche-sur-le-vatican\/","title":{"rendered":"Etude de march\u00e9 au Vatican"},"content":{"rendered":"<h1 class=\"gb-headline gb-headline-f4b88abd gb-headline-text\">Etude de march\u00e9 au Vatican<\/h1>\n\n\n\n<figure class=\"gb-block-image gb-block-image-567abeb4\"><img loading=\"lazy\" decoding=\"async\" width=\"1456\" height=\"816\" class=\"gb-image gb-image-567abeb4\" src=\"https:\/\/www.sisinternational.com\/wp-content\/uploads\/2025\/09\/Vatican-2.jpg\" alt=\"\u00c9tudes de march\u00e9 et strat\u00e9gie internationales SIS\" title=\"Vatican (2)\" srcset=\"https:\/\/www.sisinternational.com\/wp-content\/uploads\/2025\/09\/Vatican-2.jpg 1456w, https:\/\/www.sisinternational.com\/wp-content\/uploads\/2025\/09\/Vatican-2-300x168.jpg 300w, https:\/\/www.sisinternational.com\/wp-content\/uploads\/2025\/09\/Vatican-2-1024x574.jpg 1024w, https:\/\/www.sisinternational.com\/wp-content\/uploads\/2025\/09\/Vatican-2-768x430.jpg 768w, https:\/\/www.sisinternational.com\/wp-content\/uploads\/2025\/09\/Vatican-2-18x10.jpg 18w\" sizes=\"auto, (max-width: 1456px) 100vw, 1456px\"><\/figure>\n\n\n\n<p><\/p>\n\n\n\n<hr class=\"wp-block-separator has-alpha-channel-opacity is-style-dots\"\/>\n\n\n\n<p>Vatican City is an enclave that is not only the seat of the Holy Catholic Church but a sovereign state in itself. As with any sovereign state, it has an independent economy to support itself. Yet, Vatican City has untapped potential. It\u2019s an excellent <a href=\"https:\/\/www.sisinternational.com\/fr\/couverture\/etude-de-marche-au-moyen-orient-2\/investment-opportunities-in-neom-real-estate\/\" title=\"Investment Opportunities in NEOM Real Estate\"  data-wpil-monitor-id=\"10235\">opportunity for businesses to invest<\/a> in the country. Companies can take advantage of its popularity. This tiny country has boundless history, cultural, and religious significance. All that attention to the area means there are many available customers. Any business that manages to establish itself there will reap great benefits. But for you, a company will need good <a href=\"https:\/\/www.linkedin.com\/pulse\/how-market-research-enables-growth-ruth-stanat-phekf\/\" target=\"_blank\" rel=\"noopener\">\u00e9tude de march\u00e9<\/a>. So, as a business, you need to understand the market. You need to be able to make correct judgments. And you need to be able to make good predictions.<\/p>\n\n\n\n<h2 class=\"wp-block-heading\">Industries cl\u00e9s<\/h2>\n\n\n\n<p><a href=\"https:\/\/www.sisinternational.com\/fr\/solutions\/ai-etudes-de-marche-et-conseil-en-strategie\/adoption-de-lia-voyage-hotellerie-conseil-en-industrie-du-tourisme\/\" title=\"Adoption de l&#039;IA dans le conseil dans l&#039;industrie du voyage, de l&#039;h\u00f4tellerie et du tourisme\" data-wpil-monitor-id=\"10232\">Tourism is the primary industry<\/a> in Vatican City. There are museums, artworks, and artifacts. Tourists can find collectibles and also various examples of architecture in the area. The Catholic church uses money earned from tourism to fund and run the country. People from all over the world carry some of their wealth here every year. So, any business seeking to set themselves up here needs to be able to use that to their benefit. A good company can pick up what works and what doesn\u2019t.<\/p>\n\n\n\n<h2 class=\"wp-block-heading\">Quartiers<\/h2>\n\n\n\n<figure class=\"gb-block-image gb-block-image-ca9dfe17\"><img loading=\"lazy\" decoding=\"async\" width=\"1456\" height=\"816\" class=\"gb-image gb-image-ca9dfe17\" src=\"https:\/\/www.sisinternational.com\/wp-content\/uploads\/2025\/09\/Vatican-1.jpg\" alt=\"\u00c9tudes de march\u00e9 et strat\u00e9gie internationales SIS\" title=\"Vatican (1)\" srcset=\"https:\/\/www.sisinternational.com\/wp-content\/uploads\/2025\/09\/Vatican-1.jpg 1456w, https:\/\/www.sisinternational.com\/wp-content\/uploads\/2025\/09\/Vatican-1-300x168.jpg 300w, https:\/\/www.sisinternational.com\/wp-content\/uploads\/2025\/09\/Vatican-1-1024x574.jpg 1024w, https:\/\/www.sisinternational.com\/wp-content\/uploads\/2025\/09\/Vatican-1-768x430.jpg 768w, https:\/\/www.sisinternational.com\/wp-content\/uploads\/2025\/09\/Vatican-1-18x10.jpg 18w\" sizes=\"auto, (max-width: 1456px) 100vw, 1456px\"><\/figure>\n\n\n\n<p><\/p>\n\n\n\n<p>Because Italy surrounds the country, it shares much of the climate and topography. Thus, the area is temperate. It has a regular pattern of seasons, with the hottest months being June to September. The coolest months are December to February. The city is close to the Mediterranean Sea. Thus, it receives ample rain, making it suitable for many industries. It also means that working in the environment will be comfortable. That and it won\u2019t need any fancy setups to work there.<\/p>\n\n\n\n<h2 class=\"wp-block-heading\">Les tendances<\/h2>\n\n\n\n<p>La culture et l&#039;histoire sont les principaux attraits du Vatican. Le monde compte plus d\u2019un milliard de catholiques romains. Ainsi, des millions de personnes s&#039;y rendent chaque ann\u00e9e en p\u00e8lerinage. L&#039;histoire de l&#039;\u00c9glise s&#039;\u00e9tend sur plus de deux mille ans. Outre l&#039;histoire, l&#039;art et l&#039;architecture du pays sont tr\u00e8s c\u00e9l\u00e8bres. Il abrite de nombreuses \u0153uvres d&#039;art gr\u00e9co-romaines, ainsi que des b\u00e2timents inspir\u00e9s de cette culture. Tout cela sert \u00e0 cr\u00e9er une culture et une tradition riches et passionnantes. Cette nation est c\u00e9l\u00e8bre dans le monde entier. Cela donne au pays un charme pas comme les autres.<\/p>\n\n\n\n<h2 class=\"wp-block-heading\">Avantages et atouts sur le march\u00e9<\/h2>\n\n\n\n<p>The robust tourism <a href=\"https:\/\/www.sisinternational.com\/fr\/publications\/etude-de-marche-sur-les-entreprises-evolutives-7-facons-de-creer-une-entreprise-evolutive\/\" title=\"\u00c9tude de march\u00e9 sur les entreprises \u00e9volutives\u00a0: 7 fa\u00e7ons de cr\u00e9er une entreprise \u00e9volutive\" data-wpil-monitor-id=\"10230\">market means that any business<\/a> looking to set up shop there will have many customers. Also, the sheer number of people coming in means that companies can offer various services. Whatever your business, it is likely to be stable due to many people coming to the city every year. For example, people could need taxi services to take them around, or they may need to get <a href=\"https:\/\/www.sisinternational.com\/fr\/competence\/les-industries\/etude-de-marche-sur-loptimisation-des-menus-des-restaurants\/\" title=\"\u00c9tude de march\u00e9 sur l\u2019optimisation des menus de restaurants et de produits alimentaires\" data-wpil-monitor-id=\"10236\">food to eat at a great restaurant<\/a>. Or, it could be as simple as getting help to check into a hotel nearby. The possibilities are limitless if you\u2019re working in a popular place like this. A <a href=\"https:\/\/www.sisinternational.com\/fr\/analysis-b2b\/\" title=\"What Business Leaders Need to Know Right Now\" data-wpil-monitor-id=\"10226\">business needs to know<\/a> how to produce more and spend less, or it\u2019s doomed to fail.<\/p>\n\n\n\n<h2 class=\"wp-block-heading\">Base de consommateurs<\/h2>\n\n\n\n<figure class=\"gb-block-image gb-block-image-4d87e8ce\"><img loading=\"lazy\" decoding=\"async\" width=\"1456\" height=\"816\" class=\"gb-image gb-image-4d87e8ce\" src=\"https:\/\/www.sisinternational.com\/wp-content\/uploads\/2025\/09\/Vatican-3.jpg\" alt=\"\u00c9tudes de march\u00e9 et strat\u00e9gie internationales SIS\" title=\"Vatican (3)\" srcset=\"https:\/\/www.sisinternational.com\/wp-content\/uploads\/2025\/09\/Vatican-3.jpg 1456w, https:\/\/www.sisinternational.com\/wp-content\/uploads\/2025\/09\/Vatican-3-300x168.jpg 300w, https:\/\/www.sisinternational.com\/wp-content\/uploads\/2025\/09\/Vatican-3-1024x574.jpg 1024w, https:\/\/www.sisinternational.com\/wp-content\/uploads\/2025\/09\/Vatican-3-768x430.jpg 768w, https:\/\/www.sisinternational.com\/wp-content\/uploads\/2025\/09\/Vatican-3-18x10.jpg 18w\" sizes=\"auto, (max-width: 1456px) 100vw, 1456px\"><\/figure>\n\n\n\n<p><\/p>\n\n\n\n<p>The majority of the population of permanent residents speak Italian. But there are a lot of tourists there. Some are from Italy and Europe and countries worldwide, coming to the area. So, when setting up your business, it is <a href=\"https:\/\/www.sisinternational.com\/fr\/competence\/les-industries\/etude-de-marche-sur-les-essentiels-de-cuisine\/\" title=\"\u00c9tude de march\u00e9 sur les essentiels de cuisine\" data-wpil-monitor-id=\"10234\">essential to have your marketing<\/a> in various languages. Apart from the tourists and the people living in the city, there are many clergy members. There are also employees of the church who engage in trade\u2014a large variety of people with many wants and needs.<\/p>\n\n\n\n<h2 class=\"wp-block-heading\">Reasons to Grow Your Business in the Vatican Market<\/h2>\n\n\n\n<p>The hasn\u2019t been much business development within the country, so there isn\u2019t much competition. Thus, any business that establishes itself will be the only one within the market. <a href=\"https:\/\/www.sisinternational.com\/fr\/competence\/les-industries\/etude-de-marche-sur-la-gestion-des-dechets\/\" title=\"\u00c9tude de march\u00e9 sur la gestion des d\u00e9chets\" data-wpil-monitor-id=\"10228\">Market dominance means that you can manage<\/a> your business how you wish. You won\u2019t have to think about competitors constantly, which frees up your ability to make decisions for yourself. And that can make running your company so much easier.<\/p>\n\n\n\n<h2 class=\"wp-block-heading\">Notre emplacement \u00e0 New York<\/h2>\n\n\n\n<p>  <iframe loading=\"lazy\" src=\"https:\/\/www.google.com\/maps\/embed?pb=!1m18!1m12!1m3!1d3022.976188376966!2d-73.99130312499956!3d40.740549471389315!2m3!1f0!2f0!3f0!3m2!1i1024!2i768!4f13.1!3m3!1m2!1s0x89c259a15798c731%3A0xd695d09bdd495f25!2s11%20E%2022nd%20St%20FL%202%2C%20New%20York%2C%20NY%2010010%2C%20USA!5e0!3m2!1sen!2spe!4v1726171763526!5m2!1sen!2spe\" width=\"600\" height=\"450\" allowfullscreen=\"allowfullscreen\" data-mce-fragment=\"1\"><\/iframe>  <\/p>\n\n\n\n<h3 class=\"wp-block-heading\">11 E 22nd Street, \u00e9tage 2, New York, NY 10010 T\u00e9l. : +1(212) 505-6805<\/h3>\n\n\n\n<hr class=\"wp-block-separator has-alpha-channel-opacity\"\/>\n\n\n\n<h2 class=\"wp-block-heading\"><span style=\"font-weight: 400;\">\u00c0 propos de SIS International<\/span><\/h2>\n\n\n\n<p><a href=\"https:\/\/www.sisinternational.com\/fr\/\"><span style=\"font-weight: 400;\">SIS International<\/span><\/a><span style=\"font-weight: 400;\"> offers Quantitative, Qualitative, and Strategy Research. We provide data, tools, strategies, reports, and insights for decision-making. We also conduct interviews, surveys, focus groups, and other <a href=\"https:\/\/www.sisinternational.com\/fr\/quantitative-market-research-methods-and-techniques\/\" title=\"Quantitative Market Research Methods and Techniques\" data-wpil-monitor-id=\"10222\">Market Research methods<\/a> and approaches.<\/span><a href=\"https:\/\/www.sisinternational.com\/fr\/a-propos-de-la-recherche-internationale-sis\/contact-sis-international-market-research\/\"><span style=\"font-weight: 400;\"> Contactez nous<\/span><\/a><span style=\"font-weight: 400;\"> pour votre prochain projet d&#039;\u00e9tude de march\u00e9.<\/span><\/p>\n\n\n\n<p><\/p>","protected":false},"excerpt":{"rendered":"<p>SIS International Research propose des \u00e9tudes de march\u00e9 qualitatives, quantitatives et strat\u00e9giques au Vatican.<\/p>","protected":false},"author":1,"featured_media":65898,"parent":14510,"menu_order":53,"comment_status":"closed","ping_status":"closed","template":"","meta":{"footnotes":""},"class_list":["post-40219","page","type-page","status-publish","has-post-thumbnail"],"_links":{"self":[{"href":"https:\/\/www.sisinternational.com\/fr\/wp-json\/wp\/v2\/pages\/40219","targetHints":{"allow":["GET"]}}],"collection":[{"href":"https:\/\/www.sisinternational.com\/fr\/wp-json\/wp\/v2\/pages"}],"about":[{"href":"https:\/\/www.sisinternational.com\/fr\/wp-json\/wp\/v2\/types\/page"}],"author":[{"embeddable":true,"href":"https:\/\/www.sisinternational.com\/fr\/wp-json\/wp\/v2\/users\/1"}],"replies":[{"embeddable":true,"href":"https:\/\/www.sisinternational.com\/fr\/wp-json\/wp\/v2\/comments?post=40219"}],"version-history":[{"count":5,"href":"https:\/\/www.sisinternational.com\/fr\/wp-json\/wp\/v2\/pages\/40219\/revisions"}],"predecessor-version":[{"id":81690,"href":"https:\/\/www.sisinternational.com\/fr\/wp-json\/wp\/v2\/pages\/40219\/revisions\/81690"}],"up":[{"embeddable":true,"href":"https:\/\/www.sisinternational.com\/fr\/wp-json\/wp\/v2\/pages\/14510"}],"wp:featuredmedia":[{"embeddable":true,"href":"https:\/\/www.sisinternational.com\/fr\/wp-json\/wp\/v2\/media\/65898"}],"wp:attachment":[{"href":"https:\/\/www.sisinternational.com\/fr\/wp-json\/wp\/v2\/media?parent=40219"}],"curies":[{"name":"wp","href":"https:\/\/api.w.org\/{rel}","templated":true}]}}