{"id":40217,"date":"2022-04-27T04:28:41","date_gmt":"2022-04-27T04:28:41","guid":{"rendered":"https:\/\/www.sisinternational.com\/?page_id=40217"},"modified":"2025-09-24T23:05:28","modified_gmt":"2025-09-25T03:05:28","slug":"etude-de-marche-saint-marin-europe","status":"publish","type":"page","link":"https:\/\/www.sisinternational.com\/fr\/couverture\/leurope-%ef%83%97\/etude-de-marche-saint-marin-europe\/","title":{"rendered":"\u00c9tude de march\u00e9 \u00e0 Saint-Marin, Europe"},"content":{"rendered":"<h1 class=\"gb-headline gb-headline-503bbdb9 gb-headline-text\">\u00c9tude de march\u00e9 \u00e0 Saint-Marin, Europe<\/h1>\n\n\n\n<p><\/p>\n\n\n\n<figure class=\"gb-block-image gb-block-image-14262a9e\"><img loading=\"lazy\" decoding=\"async\" width=\"1456\" height=\"816\" class=\"gb-image gb-image-14262a9e\" src=\"https:\/\/www.sisinternational.com\/wp-content\/uploads\/2025\/09\/San-Marino-3.jpg\" alt=\"\u00c9tudes de march\u00e9 et strat\u00e9gie internationales SIS\" title=\"San Marino (3)\" srcset=\"https:\/\/www.sisinternational.com\/wp-content\/uploads\/2025\/09\/San-Marino-3.jpg 1456w, https:\/\/www.sisinternational.com\/wp-content\/uploads\/2025\/09\/San-Marino-3-300x168.jpg 300w, https:\/\/www.sisinternational.com\/wp-content\/uploads\/2025\/09\/San-Marino-3-1024x574.jpg 1024w, https:\/\/www.sisinternational.com\/wp-content\/uploads\/2025\/09\/San-Marino-3-768x430.jpg 768w, https:\/\/www.sisinternational.com\/wp-content\/uploads\/2025\/09\/San-Marino-3-18x10.jpg 18w\" sizes=\"auto, (max-width: 1456px) 100vw, 1456px\"><\/figure>\n\n\n\n<hr class=\"wp-block-separator has-alpha-channel-opacity is-style-dots\"\/>\n\n\n\n<p>Saint-Marin est une petite nation entour\u00e9e par la R\u00e9publique italienne. Saint-Marin est tr\u00e8s d\u00e9velopp\u00e9. C&#039;est donc une r\u00e9gion de choix pour les investissements. L&#039;un de ses avantages est d&#039;\u00eatre une nation d\u00e9velopp\u00e9e avec une \u00e9conomie de march\u00e9 libre. Cette caract\u00e9ristique lui permet de se d\u00e9velopper sur la sc\u00e8ne mondiale. C&#039;est un excellent endroit pour les entreprises, qu&#039;elles soient nouvelles et \u00e9mergentes ou bien exp\u00e9riment\u00e9es. Cependant, il est toujours important de comprendre le march\u00e9 local. L&#039;\u00e9tude de march\u00e9 est essentielle. Elle permet aux investisseurs d&#039;avoir une bonne id\u00e9e des opportunit\u00e9s potentielles et des concurrents. Sans cela, une entreprise est en difficult\u00e9.<\/p>\n\n\n\n<h2 class=\"wp-block-heading\"><strong>Le paysage \u00e9conomique de Saint-Marin en constante \u00e9volution<\/strong><\/h2>\n\n\n\n<p><span style=\"font-weight: 400;\">The economic composition of San Marino is remarkably diverse for a microstate. Our specialists have identified several critical sectors that make <a href=\"https:\/\/www.sisinternational.com\/fr\/couverture\/les-ameriques\/couverture-des-etats-unis\/etude-de-marche-a-san-francisco\/\" title=\"Etude de march\u00e9 \u00e0 San Francisco\"  data-wpil-monitor-id=\"6937\">market research in San<\/a> Marino particularly compelling:<\/span><\/p>\n\n\n\n<ol class=\"wp-block-list\">\n<li><b> Services financiers<\/b><span style=\"font-weight: 400;\">: Repr\u00e9sentant une part importante de l\u2019\u00e9conomie, le secteur bancaire et financier de Saint-Marin a d\u00e9velopp\u00e9 une approche unique des services financiers internationaux.&nbsp;<\/span><\/li>\n\n\n\n<li><b> Fabrication et ing\u00e9nierie de pr\u00e9cision :<\/b><span style=\"font-weight: 400;\"> Contrairement aux attentes, Saint-Marin a d\u00e9velopp\u00e9 un secteur manufacturier robuste. Nous avons d\u00e9couvert un r\u00e9seau de petites et moyennes entreprises sp\u00e9cialis\u00e9es dans l&#039;ing\u00e9nierie de haute pr\u00e9cision, la c\u00e9ramique et la fabrication sp\u00e9cialis\u00e9e qui servent les march\u00e9s internationaux.<\/span><\/li>\n\n\n\n<li><b style=\"font-size: inherit; background-color: var(--base-3); color: var(--contrast-2);\">Le tourisme et l&#039;hospitalit\u00e9<\/b><span style=\"font-weight: 400;\">:S&#039;appuyant sur son importance historique et sa position g\u00e9ographique unique, Saint-Marin a cr\u00e9\u00e9 un march\u00e9 touristique de niche. Notre \u00e9tude de march\u00e9 \u00e0 Saint-Marin a permis de suivre la mani\u00e8re dont le pays transforme son h\u00e9ritage m\u00e9di\u00e9val en un atout \u00e9conomique, attirant ainsi le tourisme culturel et historique.<\/span><\/li>\n<\/ol>\n\n\n\n<h2 class=\"wp-block-heading\">Industries cl\u00e9s<\/h2>\n\n\n\n<p><\/p>\n\n\n\n<figure class=\"gb-block-image gb-block-image-b71e9a7c\"><img loading=\"lazy\" decoding=\"async\" width=\"1456\" height=\"816\" class=\"gb-image gb-image-b71e9a7c\" src=\"https:\/\/www.sisinternational.com\/wp-content\/uploads\/2025\/09\/San-Marino-2.jpg\" alt=\"\u00c9tudes de march\u00e9 et strat\u00e9gie internationales SIS\" title=\"San Marino (2)\" srcset=\"https:\/\/www.sisinternational.com\/wp-content\/uploads\/2025\/09\/San-Marino-2.jpg 1456w, https:\/\/www.sisinternational.com\/wp-content\/uploads\/2025\/09\/San-Marino-2-300x168.jpg 300w, https:\/\/www.sisinternational.com\/wp-content\/uploads\/2025\/09\/San-Marino-2-1024x574.jpg 1024w, https:\/\/www.sisinternational.com\/wp-content\/uploads\/2025\/09\/San-Marino-2-768x430.jpg 768w, https:\/\/www.sisinternational.com\/wp-content\/uploads\/2025\/09\/San-Marino-2-18x10.jpg 18w\" sizes=\"auto, (max-width: 1456px) 100vw, 1456px\"><\/figure>\n\n\n\n<p><\/p>\n\n\n\n<p>Saint-Marin poss\u00e8de un secteur financier anim\u00e9, ce qui en fait un excellent endroit pour toute entreprise cherchant \u00e0 se d\u00e9velopper. Une nation productive facilite l\u2019int\u00e9gration dans le secteur financier mondial. Cela permet d\u2019\u00e9tablir de bonnes relations avec les Sammarinais pour propulser votre entreprise vers l\u2019avant. Parall\u00e8lement \u00e0 cela, le pays poss\u00e8de une industrie touristique de premier plan. Cette industrie est en plein essor en raison de la richesse culturelle et historique du pays. Les touristes apportent \u00e9galement des affaires aux entreprises manufacturi\u00e8res et commerciales. Il y a donc l\u00e0 de nombreuses opportunit\u00e9s.<\/p>\n\n\n\n<h2 class=\"wp-block-heading\">Quartiers<\/h2>\n\n\n\n<p>Encore une fois, Saint-Marin est une micronation enclav\u00e9e situ\u00e9e dans le sud de l\u2019Europe. Malgr\u00e9 le caract\u00e8re enclav\u00e9 de la r\u00e9gion, la mer Adriatique se trouve \u00e0 environ six miles de l\u00e0, donc ce n&#039;est pas loin du tout. Le pays pr\u00e9sente un paysage vallonn\u00e9 avec presque aucun replat. Saint-Marin est une r\u00e9gion subtropicale. Et cela facilite la production de nombreux biens naturels puisque le climat est stable et hospitalier. Cela facilite l\u2019installation d\u2019une boutique l\u00e0-bas.<\/p>\n\n\n\n<h2 class=\"wp-block-heading\">Les tendances<\/h2>\n\n\n\n<p>Cette nation a une culture riche et diversifi\u00e9e. L&#039;histoire de Saint-Marin remonte au 4\u00e8me si\u00e8cle apr\u00e8s JC et s&#039;est beaucoup d\u00e9velopp\u00e9e depuis. Le pays poss\u00e8de des universit\u00e9s tr\u00e8s prestigieuses. Ces institutions ont beaucoup contribu\u00e9 \u00e0 la science, aux arts et aux sports, comme le football, le sport le plus populaire de Saint-Marin. La course automobile est \u00e9galement un sport important dans la culture saint-marinaise. De nombreuses \u00e9preuves de courses automobiles et motos s&#039;y d\u00e9roulent. Il y a aussi une grande tradition musicale et culinaire inspir\u00e9e de l&#039;Italie mais avec une touche d&#039;originalit\u00e9.<\/p>\n\n\n\n<h2 class=\"wp-block-heading\">Avantages et atouts sur le march\u00e9<\/h2>\n\n\n\n<p>L\u2019un des principaux avantages de travailler \u00e0 Saint-Marin est le faible taux d\u2019imposition des soci\u00e9t\u00e9s. Ce faible taux vous donne, en tant qu\u2019entreprise, la libert\u00e9 de vous d\u00e9velopper car il lib\u00e8re une grande partie de votre capital. Le pays est tr\u00e8s urbanis\u00e9, la majeure partie du territoire \u00e9tant dot\u00e9e d\u2019infrastructures construites. Quel que soit l\u2019endroit o\u00f9 une entreprise d\u00e9cide de s\u2019installer, elle peut tirer le meilleur parti de cette situation. Elle aura facilement acc\u00e8s \u00e0 la plupart des installations.<\/p>\n\n\n\n<h2 class=\"wp-block-heading\"><b>Opportunit\u00e9s et d\u00e9fis des \u00e9tudes de march\u00e9 \u00e0 Saint-Marin<\/b><\/h2>\n\n\n\n<p><\/p>\n\n\n\n<figure class=\"gb-block-image gb-block-image-803b611e\"><img loading=\"lazy\" decoding=\"async\" width=\"1456\" height=\"816\" class=\"gb-image gb-image-803b611e\" src=\"https:\/\/www.sisinternational.com\/wp-content\/uploads\/2025\/09\/San-Marino-1.jpg\" alt=\"\u00c9tudes de march\u00e9 et strat\u00e9gie internationales SIS\" title=\"San Marino (1)\" srcset=\"https:\/\/www.sisinternational.com\/wp-content\/uploads\/2025\/09\/San-Marino-1.jpg 1456w, https:\/\/www.sisinternational.com\/wp-content\/uploads\/2025\/09\/San-Marino-1-300x168.jpg 300w, https:\/\/www.sisinternational.com\/wp-content\/uploads\/2025\/09\/San-Marino-1-1024x574.jpg 1024w, https:\/\/www.sisinternational.com\/wp-content\/uploads\/2025\/09\/San-Marino-1-768x430.jpg 768w, https:\/\/www.sisinternational.com\/wp-content\/uploads\/2025\/09\/San-Marino-1-18x10.jpg 18w\" sizes=\"auto, (max-width: 1456px) 100vw, 1456px\"><\/figure>\n\n\n\n<p><\/p>\n\n\n\n<p><span style=\"font-weight: 400;\">Au cours de mes quatre d\u00e9cennies \u00e0 la t\u00eate de <a href=\"https:\/\/www.linkedin.com\/company\/sisinternationalresearch\/\" target=\"_blank\" rel=\"noopener\">SIS International<\/a>J&#039;ai appris que la v\u00e9ritable intelligence du march\u00e9 ne consiste pas \u00e0 \u00e9viter les d\u00e9fis, mais \u00e0 les transformer en opportunit\u00e9s strat\u00e9giques.&nbsp;<\/span><\/p>\n\n\n\n<h3 class=\"wp-block-heading\"><span style=\"font-weight: 400;\">Opportunit\u00e9s:&nbsp;<\/span><\/h3>\n\n\n\n<ol class=\"wp-block-list\">\n<li><b> Diversification \u00e9conomique<\/b><\/li>\n<\/ol>\n\n\n\n<p><span style=\"font-weight: 400;\">La plupart des chercheurs qui s\u2019int\u00e9ressent \u00e0 Saint-Marin voient en lui un micro-\u00c9tat minuscule. Mais notre \u00e9quipe voit un monde de potentiel. Une \u00e9tude de march\u00e9 \u00e0 Saint-Marin r\u00e9v\u00e8le un \u00e9cosyst\u00e8me \u00e9conomique \u00e0 la fois r\u00e9silient et innovant :<\/span><\/p>\n\n\n\n<ul class=\"wp-block-list\">\n<li><b>Technologie financi\u00e8re<\/b><span style=\"font-weight: 400;\">:Saint-Marin s\u2019est positionn\u00e9 comme un centre financier unique, en d\u00e9veloppant des services bancaires et financiers sp\u00e9cialis\u00e9s qui le diff\u00e9rencient des \u00e9conomies plus grandes.<\/span><\/li>\n\n\n\n<li><b>Fabrication de pr\u00e9cision<\/b><span style=\"font-weight: 400;\">:Nos recherches ont r\u00e9v\u00e9l\u00e9 un secteur manufacturier sophistiqu\u00e9 qui s\u2019appuie sur une ing\u00e9nierie de haute technologie et des techniques de production sp\u00e9cialis\u00e9es.<\/span><\/li>\n\n\n\n<li><b>\u00c9conomie num\u00e9rique<\/b><span style=\"font-weight: 400;\">:\u00c9tonnamment, Saint-Marin a investi dans l\u2019infrastructure num\u00e9rique et l\u2019adoption de nouvelles technologies, cr\u00e9ant ainsi des opportunit\u00e9s d\u2019innovation num\u00e9rique et de partenariats technologiques internationaux.<\/span><\/li>\n<\/ul>\n\n\n\n<ol start=\"2\" class=\"wp-block-list\">\n<li><b> Positionnement strat\u00e9gique<\/b><\/li>\n<\/ol>\n\n\n\n<p><span style=\"font-weight: 400;\">La position g\u00e9ographique et politique unique de Saint-Marin offre des avantages remarquables :<\/span><\/p>\n\n\n\n<ul class=\"wp-block-list\">\n<li><span style=\"font-weight: 400;\">Un pont entre les march\u00e9s italiens et internationaux<\/span><\/li>\n\n\n\n<li><span style=\"font-weight: 400;\">Des politiques \u00e9conomiques flexibles<\/span><\/li>\n\n\n\n<li><span style=\"font-weight: 400;\">Environnement fiscal et commercial strat\u00e9gique<\/span><\/li>\n\n\n\n<li><span style=\"font-weight: 400;\">Potentiel en tant que terrain d&#039;essai pour des mod\u00e8les commerciaux innovants<\/span><\/li>\n<\/ul>\n\n\n\n<h3 class=\"wp-block-heading\"><span style=\"font-weight: 400;\">D\u00e9fis<\/span><\/h3>\n\n\n\n<ol class=\"wp-block-list\">\n<li><b> \u00c9chelle \u00e9conomique limit\u00e9e<\/b><\/li>\n<\/ol>\n\n\n\n<p><span style=\"font-weight: 400;\"><a href=\"https:\/\/www.linkedin.com\/pulse\/how-market-research-enables-growth-ruth-stanat-phekf\/\" target=\"_blank\" rel=\"noopener\">\u00c9tude de march\u00e9<\/a> La situation \u00e0 Saint-Marin n&#039;est pas simple. Les d\u00e9fis sont les suivants :<\/span><\/p>\n\n\n\n<ul class=\"wp-block-list\">\n<li><span style=\"font-weight: 400;\">Un march\u00e9 int\u00e9rieur extr\u00eamement restreint<\/span><\/li>\n\n\n\n<li><span style=\"font-weight: 400;\">Forte d\u00e9pendance \u00e9conomique vis-\u00e0-vis de l\u2019Italie<\/span><\/li>\n\n\n\n<li><span style=\"font-weight: 400;\">Des ressources naturelles limit\u00e9es<\/span><\/li>\n\n\n\n<li><span style=\"font-weight: 400;\">Un environnement r\u00e9glementaire complexe<\/span><\/li>\n<\/ul>\n\n\n\n<ol start=\"2\" class=\"wp-block-list\">\n<li><b> Obstacles \u00e0 la collecte de donn\u00e9es<\/b><\/li>\n<\/ol>\n\n\n\n<p><span style=\"font-weight: 400;\">R\u00e9aliser une \u00e9tude de march\u00e9 compl\u00e8te \u00e0 Saint-Marin comporte des d\u00e9fis importants :<\/span><\/p>\n\n\n\n<ul class=\"wp-block-list\">\n<li><span style=\"font-weight: 400;\">Des ressources statistiques limit\u00e9es<\/span><\/li>\n\n\n\n<li><span style=\"font-weight: 400;\">Manque de donn\u00e9es \u00e9conomiques publiques compl\u00e8tes<\/span><\/li>\n\n\n\n<li><span style=\"font-weight: 400;\">Taille r\u00e9duite des \u00e9chantillons<\/span><\/li>\n\n\n\n<li><span style=\"font-weight: 400;\">Interactions \u00e9conomiques transfrontali\u00e8res complexes<\/span><\/li>\n<\/ul>\n\n\n\n<ol start=\"3\" class=\"wp-block-list\">\n<li><b> Volatilit\u00e9 \u00e9conomique<\/b><\/li>\n<\/ol>\n\n\n\n<p><span style=\"font-weight: 400;\">L&#039;\u00e9conomie saint-marinaise est sensible \u00e0 :<\/span><\/p>\n\n\n\n<ul class=\"wp-block-list\">\n<li><span style=\"font-weight: 400;\">Fluctuations \u00e9conomiques italiennes<\/span><\/li>\n\n\n\n<li><span style=\"font-weight: 400;\">Politiques de l&#039;Union europ\u00e9enne<\/span><\/li>\n\n\n\n<li><span style=\"font-weight: 400;\">Tendances financi\u00e8res mondiales<\/span><\/li>\n\n\n\n<li><span style=\"font-weight: 400;\">Les perturbations technologiques<\/span><\/li>\n<\/ul>\n\n\n\n<h2 class=\"wp-block-heading\">Base de consommateurs<\/h2>\n\n\n\n<p>Saint-Marin est une nation enclav\u00e9e situ\u00e9e au nord-est de l\u2019Italie. Ainsi, la majorit\u00e9 de ses r\u00e9sidents sont italiens dans une certaine mesure. L&#039;italien est la langue principale. Il est donc essentiel d&#039;avoir des traducteurs pour une bonne communication. Saint-Marin s&#039;est remis de la grande r\u00e9cession de 2008 pour devenir l&#039;un des pays les plus riches du monde.<\/p>\n\n\n\n<h2 class=\"wp-block-heading\">Raisons de d\u00e9velopper votre entreprise sur le march\u00e9 saint-marinais<\/h2>\n\n\n\n<p>La majeure partie de la population est d&#039;\u00e2ge moyen. Il existe donc une large base de personnes exp\u00e9riment\u00e9es \u00e0 la recherche d\u2019un emploi dans la r\u00e9gion, ce qui fait que la main-d\u2019\u0153uvre qualifi\u00e9e est abondante. Et parall\u00e8lement \u00e0 cela, les faibles taux d\u2019imposition vous permettent g\u00e9n\u00e9ralement de fonctionner comme bon vous semble sans probl\u00e8me. Quelle entreprise tenterait de se compliquer la t\u00e2che en n\u2019investissant pas\u00a0? Outre la fourniture de biens et de services, l\u2019objectif principal d\u2019une entreprise est d\u2019\u00eatre rentable. Et pour ce faire, elle doit r\u00e9duire ses co\u00fbts et maximiser ses revenus. Il n\u2019y a donc aucune raison de ne pas investir sur le march\u00e9 saint-marinais.<\/p>\n\n\n\n<h2 class=\"wp-block-heading\">Notre emplacement \u00e0 New York<\/h2>\n\n\n\n<p>\n\n\n\n<iframe loading=\"lazy\" src=\"https:\/\/www.google.com\/maps\/embed?pb=!1m18!1m12!1m3!1d3022.976188376966!2d-73.99130312499956!3d40.740549471389315!2m3!1f0!2f0!3f0!3m2!1i1024!2i768!4f13.1!3m3!1m2!1s0x89c259a15798c731%3A0xd695d09bdd495f25!2s11%20E%2022nd%20St%20FL%202%2C%20New%20York%2C%20NY%2010010%2C%20USA!5e0!3m2!1sen!2spe!4v1726171763526!5m2!1sen!2spe\" width=\"600\" height=\"450\" allowfullscreen=\"allowfullscreen\" data-mce-fragment=\"1\"><\/iframe>\n\n\n\n<\/p>\n\n\n\n<h3 class=\"wp-block-heading\">11 E 22nd Street, \u00e9tage 2, New York, NY 10010 T\u00e9l. : +1(212) 505-6805<\/h3>\n\n\n\n<hr class=\"wp-block-separator has-alpha-channel-opacity\"\/>\n\n\n\n<h2 class=\"wp-block-heading\"><span style=\"font-weight: 400;\">\u00c0 propos de SIS International<\/span><\/h2>\n\n\n\n<p><a href=\"https:\/\/www.sisinternational.com\/fr\/\"><span style=\"font-weight: 400;\">SIS International<\/span><\/a><span style=\"font-weight: 400;\"> propose des recherches quantitatives, qualitatives et strat\u00e9giques. Nous fournissons des donn\u00e9es, des outils, des strat\u00e9gies, des rapports et des informations pour la prise de d\u00e9cision. Nous menons \u00e9galement des entretiens, des enqu\u00eates, des groupes de discussion et d\u2019autres m\u00e9thodes et approches d\u2019\u00e9tudes de march\u00e9.<\/span><a href=\"https:\/\/www.sisinternational.com\/fr\/a-propos-de-la-recherche-internationale-sis\/contact-sis-international-market-research\/\"><span style=\"font-weight: 400;\"> Contactez nous<\/span><\/a><span style=\"font-weight: 400;\"> pour votre prochain projet d&#039;\u00e9tude de march\u00e9.<\/span><\/p>\n\n\n\n<p><\/p>","protected":false},"excerpt":{"rendered":"<p>SIS propose des \u00e9tudes de march\u00e9 qualitatives et quantitatives \u00e0 Saint-Marin, en Europe.<\/p>","protected":false},"author":1,"featured_media":65978,"parent":14510,"menu_order":52,"comment_status":"closed","ping_status":"closed","template":"","meta":{"footnotes":""},"class_list":["post-40217","page","type-page","status-publish","has-post-thumbnail"],"_links":{"self":[{"href":"https:\/\/www.sisinternational.com\/fr\/wp-json\/wp\/v2\/pages\/40217","targetHints":{"allow":["GET"]}}],"collection":[{"href":"https:\/\/www.sisinternational.com\/fr\/wp-json\/wp\/v2\/pages"}],"about":[{"href":"https:\/\/www.sisinternational.com\/fr\/wp-json\/wp\/v2\/types\/page"}],"author":[{"embeddable":true,"href":"https:\/\/www.sisinternational.com\/fr\/wp-json\/wp\/v2\/users\/1"}],"replies":[{"embeddable":true,"href":"https:\/\/www.sisinternational.com\/fr\/wp-json\/wp\/v2\/comments?post=40217"}],"version-history":[{"count":6,"href":"https:\/\/www.sisinternational.com\/fr\/wp-json\/wp\/v2\/pages\/40217\/revisions"}],"predecessor-version":[{"id":80505,"href":"https:\/\/www.sisinternational.com\/fr\/wp-json\/wp\/v2\/pages\/40217\/revisions\/80505"}],"up":[{"embeddable":true,"href":"https:\/\/www.sisinternational.com\/fr\/wp-json\/wp\/v2\/pages\/14510"}],"wp:featuredmedia":[{"embeddable":true,"href":"https:\/\/www.sisinternational.com\/fr\/wp-json\/wp\/v2\/media\/65978"}],"wp:attachment":[{"href":"https:\/\/www.sisinternational.com\/fr\/wp-json\/wp\/v2\/media?parent=40217"}],"curies":[{"name":"wp","href":"https:\/\/api.w.org\/{rel}","templated":true}]}}