{"id":40213,"date":"2022-04-27T04:12:39","date_gmt":"2022-04-27T04:12:39","guid":{"rendered":"https:\/\/www.sisinternational.com\/?page_id=40213"},"modified":"2025-09-24T23:13:35","modified_gmt":"2025-09-25T03:13:35","slug":"etude-de-marche-jersey-europe","status":"publish","type":"page","link":"https:\/\/www.sisinternational.com\/fr\/couverture\/leurope-%ef%83%97\/etude-de-marche-jersey-europe\/","title":{"rendered":"Etude de march\u00e9 \u00e0 Jersey, Europe"},"content":{"rendered":"<h1 class=\"wp-block-heading\">Etude de march\u00e9 \u00e0 Jersey, Europe<\/h1>\n\n\n\n<figure class=\"gb-block-image gb-block-image-4c737369\"><img loading=\"lazy\" decoding=\"async\" width=\"1456\" height=\"816\" class=\"gb-image gb-image-4c737369\" src=\"https:\/\/www.sisinternational.com\/wp-content\/uploads\/2025\/09\/Jersey-3.jpg\" alt=\"\u00c9tudes de march\u00e9 et strat\u00e9gie internationales SIS\" title=\"Jersey (3)\" srcset=\"https:\/\/www.sisinternational.com\/wp-content\/uploads\/2025\/09\/Jersey-3.jpg 1456w, https:\/\/www.sisinternational.com\/wp-content\/uploads\/2025\/09\/Jersey-3-300x168.jpg 300w, https:\/\/www.sisinternational.com\/wp-content\/uploads\/2025\/09\/Jersey-3-1024x574.jpg 1024w, https:\/\/www.sisinternational.com\/wp-content\/uploads\/2025\/09\/Jersey-3-768x430.jpg 768w, https:\/\/www.sisinternational.com\/wp-content\/uploads\/2025\/09\/Jersey-3-18x10.jpg 18w\" sizes=\"auto, (max-width: 1456px) 100vw, 1456px\"><\/figure>\n\n\n\n<p><\/p>\n\n\n\n<p>Jersey est l&#039;une des plus grandes \u00eeles anglo-normandes, situ\u00e9e entre l&#039;Angleterre et la France. Cette d\u00e9pendance britannique autonome compte douze paroisses et abrite 107 000 habitants.<\/p>\n\n\n\n<p>Jersey, comme les autres \u00eeles anglo-normandes, est sauvage et accident\u00e9e. Les gens affichent un m\u00e9lange de cultures britanniques et fran\u00e7aises. Les quartiers les plus agr\u00e9ables se trouvent sur la c\u00f4te sud. Si vous restez plus de quelques jours, vous pourrez en voir la plupart. Vous pouvez visiter toutes les parties de l&#039;\u00eele en louant une voiture en utilisant le service de bus.<\/p>\n\n\n\n<h2 class=\"wp-block-heading\">Quartiers<\/h2>\n\n\n\n<p>Les quartiers de Jersey comprennent :<\/p>\n\n\n\n<ul class=\"wp-block-list\">\n<li>Saint-H\u00e9lier \u2013 la capitale de Jersey. Il abrite plusieurs mus\u00e9es et attractions.<\/li>\n\n\n\n<li>St. Aubin &#8211; the <a href=\"https:\/\/www.sisinternational.com\/fr\/etude-de-marche-dans-les-villes-chinoises-de-2e-rang\/\" title=\"\u00c9tude de march\u00e9 dans les villes chinoises de deuxi\u00e8me rang\"  data-wpil-monitor-id=\"8386\">second largest city<\/a> in Jersey.<\/li>\n\n\n\n<li>Saint-Br\u00e9lade \u2013 cette baie prot\u00e9g\u00e9e est c\u00e9l\u00e8bre pour ses plages exotiques au sable dor\u00e9. Elle est mondialement connue pour sa beaut\u00e9 et sa propret\u00e9.<\/li>\n\n\n\n<li>Gorey \u2013 cette r\u00e9gion est excellente pour faire du tourisme.<\/li>\n\n\n\n<li>Grouville- c&#039;est un autre village au pass\u00e9 patriotique profond.<\/li>\n<\/ul>\n\n\n\n<h2 class=\"wp-block-heading\">Industries cl\u00e9s<\/h2>\n\n\n\n<p>Les industries cl\u00e9s \u00e0 Jersey, en Europe, sont\u00a0:<\/p>\n\n\n\n<ul class=\"wp-block-list\">\n<li>Services financiers. Jersey poss\u00e8de l\u2019un des centres financiers mondiaux les plus prosp\u00e8res.<\/li>\n\n\n\n<li>Secteur des technologies num\u00e9riques.<\/li>\n\n\n\n<li><a href=\"https:\/\/www.sisinternational.com\/fr\/solutions\/conseil-en-tourisme-de-voyage-et-en-hotellerie\/\" title=\"Conseil en voyages, tourisme et h\u00f4tellerie\"  data-wpil-monitor-id=\"8383\">Tourism and hospitality<\/a>.<\/li>\n\n\n\n<li>Agriculture et p\u00eache.<\/li>\n\n\n\n<li>Construction.<\/li>\n<\/ul>\n\n\n\n<p>Outre ses belles plages, Jersey poss\u00e8de \u00e9galement de nombreux sentiers de randonn\u00e9e \u00e0 flanc de falaise. De plus, l&#039;\u00eele est connue pour ses vall\u00e9es int\u00e9rieures et ses ch\u00e2teaux historiques. Jersey est \u00e9galement c\u00e9l\u00e8bre pour son pass\u00e9 militaire fascinant.<\/p>\n\n\n\n<p>Jersey is the perfect place for history buffs. The island served as a staging post for attacks on the <a href=\"https:\/\/www.sisinternational.com\/fr\/couverture\/les-ameriques\/etude-de-marche-dans-les-caraibes\/etude-de-marche-iles-vierges-britanniques\/\" title=\"Etude de march\u00e9 aux \u00celes Vierges britanniques\"  data-wpil-monitor-id=\"8388\">British<\/a> Isles throughout the Napoleonic Wars and World War II. One can feel this history all around the island.<\/p>\n\n\n\n<h2 class=\"wp-block-heading\">Benefits and Strengths of the Market in Jersey, Europe<\/h2>\n\n\n\n<p>Le climat des affaires \u00e0 Jersey est en plein essor gr\u00e2ce \u00e0 un r\u00e9seau de communications bien d\u00e9velopp\u00e9. Ce r\u00e9seau de haute technologie est une autre aubaine pour les entreprises, car il est fiable et efficace. Connu sous le nom de Jersey Gigabit, c&#039;est l&#039;un des r\u00e9seaux Wi-Fi les plus rapides au monde.<\/p>\n\n\n\n<p>Jersey\u2019s people are a further asset, as they tend to have a pro-business mindset. Jersey also has low income and company taxes. It is business-friendly, and some of the world\u2019s major companies like the trading environment. These companies include world-renowned banks and law firms. It also consists of a multinational <a href=\"https:\/\/www.sisinternational.com\/fr\/competence\/les-industries\/etude-de-marche-sur-lexploitation-miniere-spatiale\/\" title=\"\u00c9tude de march\u00e9 sur l\u2019exploitation mini\u00e8re spatiale\"  data-wpil-monitor-id=\"8380\">mining and research<\/a> company.<\/p>\n\n\n\n<p>De plus, Jersey dispose d\u2019un excellent acc\u00e8s \u00e0 des conseillers professionnels. Un autre point positif est son attitude progressiste en faveur d\u2019un plus grand nombre de bureaux pour les multinationales. De plus, d\u00e9marrer une entreprise \u00e0 Jersey vous place au c\u0153ur d\u2019un centre d\u2019affaires prosp\u00e8re.<\/p>\n\n\n\n<h2 class=\"wp-block-heading\">Base de consommateurs<\/h2>\n\n\n\n<p>Jersey has a robust manufacturing sector. Another key point is that its avenues for the distribution and <a href=\"https:\/\/www.sisinternational.com\/fr\/solutions\/recherche-de-conseil-en-strategie-fintech\/conseil-en-ingenierie-commerciale-en-services-financiers\/\" title=\"Ing\u00e9nierie commerciale Conseil en services financiers\"  data-wpil-monitor-id=\"8384\">sale of goods and services<\/a> are top-notch. It has a significant impact on the local economy as well. The following goods and services have high consumption rates in Jersey:<\/p>\n\n\n\n<ul class=\"wp-block-list\">\n<li>Restaurants, caf\u00e9s et points de vente \u00e0 emporter<\/li>\n\n\n\n<li><a href=\"https:\/\/www.sisinternational.com\/fr\/competence\/cv-dexperience\/nourriture-et-boissons-en-asie-pacifique\/\" title=\"\u00c9tude de march\u00e9 sur les aliments et les boissons en Asie\"  data-wpil-monitor-id=\"8377\">Nourriture et boisson<\/a><\/li>\n\n\n\n<li>V\u00eatements et bijoux<\/li>\n\n\n\n<li>Biens m\u00e9dicaux<\/li>\n\n\n\n<li>le tabac<\/li>\n\n\n\n<li>\u00c9ducation<\/li>\n\n\n\n<li>Transport<\/li>\n\n\n\n<li>Soins de sant\u00e9<\/li>\n\n\n\n<li>Divertissement<\/li>\n<\/ul>\n\n\n\n<h2 class=\"wp-block-heading\">\u00c0 propos des \u00e9tudes de march\u00e9 \u00e0 Jersey Europe<\/h2>\n\n\n\n<p>L\u2019Europe de Jersey est autonome. Il poss\u00e8de ses propres institutions financi\u00e8res et juridiques et un syst\u00e8me judiciaire ind\u00e9pendant. Malgr\u00e9 cela, la Grande-Bretagne assure la d\u00e9fense militaire de Jersey.<\/p>\n\n\n\n<p>Au moins, cette \u00eele regorge d\u2019\u00e9nergie. De la m\u00eame mani\u00e8re, il propose tout, des sports nautiques aux sports terrestres, en passant par les randonn\u00e9es sur les falaises et les chemins de campagne. \u00c0 cela s\u2019ajoute une multitude de sites historiques et de restaurants et pubs anim\u00e9s. D&#039;autres activit\u00e9s sont le surf, le paddleboard, le kayak, la navigation de plaisance d&#039;\u00e9t\u00e9 et les courses de yachts, qui sont des activit\u00e9s populaires toute l&#039;ann\u00e9e dans les baies qui entourent l&#039;\u00eele.<\/p>\n\n\n\n<p>In conclusion, if your company wants to invest in Jersey, Europe, you\u2019ll need Strategy Research. You\u2019ll also need to get Qualitative and Quantitative data. If you engage a <a href=\"https:\/\/www.sisinternational.com\/fr\/competence\/les-industries\/solutions-detudes-de-marche-dans-le-domaine-de-la-sante\/\" title=\"Soci\u00e9t\u00e9 d&#039;\u00e9tudes de march\u00e9 dans le domaine de la sant\u00e9\"  data-wpil-monitor-id=\"8374\">market research firm<\/a>, it\u2019s easy to access this information. Look for one that specializes in providing Interviews, Surveys, and Focus Groups. Such a <a href=\"https:\/\/www.sisinternational.com\/fr\/etude-de-marche-americaine-chevronnee-2\/\" title=\"\u00c9tude de march\u00e9 sur les v\u00e9t\u00e9rans am\u00e9ricains\"  data-wpil-monitor-id=\"8371\">strat\u00e9gie<\/a> will help you gather data for successful market entry in Jersey, Europe.<\/p>\n\n\n\n<p><\/p>","protected":false},"excerpt":{"rendered":"<p>SIS propose des \u00e9tudes de march\u00e9 qualitatives et quantitatives \u00e0 Jersey, en Europe.<\/p>","protected":false},"author":1,"featured_media":66033,"parent":14510,"menu_order":51,"comment_status":"closed","ping_status":"closed","template":"","meta":{"footnotes":""},"class_list":["post-40213","page","type-page","status-publish","has-post-thumbnail"],"_links":{"self":[{"href":"https:\/\/www.sisinternational.com\/fr\/wp-json\/wp\/v2\/pages\/40213","targetHints":{"allow":["GET"]}}],"collection":[{"href":"https:\/\/www.sisinternational.com\/fr\/wp-json\/wp\/v2\/pages"}],"about":[{"href":"https:\/\/www.sisinternational.com\/fr\/wp-json\/wp\/v2\/types\/page"}],"author":[{"embeddable":true,"href":"https:\/\/www.sisinternational.com\/fr\/wp-json\/wp\/v2\/users\/1"}],"replies":[{"embeddable":true,"href":"https:\/\/www.sisinternational.com\/fr\/wp-json\/wp\/v2\/comments?post=40213"}],"version-history":[{"count":4,"href":"https:\/\/www.sisinternational.com\/fr\/wp-json\/wp\/v2\/pages\/40213\/revisions"}],"predecessor-version":[{"id":81405,"href":"https:\/\/www.sisinternational.com\/fr\/wp-json\/wp\/v2\/pages\/40213\/revisions\/81405"}],"up":[{"embeddable":true,"href":"https:\/\/www.sisinternational.com\/fr\/wp-json\/wp\/v2\/pages\/14510"}],"wp:featuredmedia":[{"embeddable":true,"href":"https:\/\/www.sisinternational.com\/fr\/wp-json\/wp\/v2\/media\/66033"}],"wp:attachment":[{"href":"https:\/\/www.sisinternational.com\/fr\/wp-json\/wp\/v2\/media?parent=40213"}],"curies":[{"name":"wp","href":"https:\/\/api.w.org\/{rel}","templated":true}]}}