{"id":40203,"date":"2022-04-27T03:29:56","date_gmt":"2022-04-27T03:29:56","guid":{"rendered":"https:\/\/www.sisinternational.com\/?page_id=40203"},"modified":"2026-03-12T13:29:25","modified_gmt":"2026-03-12T17:29:25","slug":"etude-de-marche-sur-la-securite-alimentaire","status":"publish","type":"page","link":"https:\/\/www.sisinternational.com\/fr\/solutions\/etude-de-marche-sur-lindustrie-des-boissons-alimentaires\/etude-de-marche-sur-la-securite-alimentaire\/","title":{"rendered":"\u00c9tude de march\u00e9 sur la s\u00e9curit\u00e9 des aliments et des boissons"},"content":{"rendered":"<h1 class=\"wp-block-heading\">\u00c9tude de march\u00e9 sur la s\u00e9curit\u00e9 des aliments et des boissons<\/h1>\n\n\n\n<figure class=\"gb-block-image gb-block-image-93831ed9\"><img loading=\"lazy\" decoding=\"async\" width=\"1456\" height=\"816\" class=\"gb-image gb-image-93831ed9\" src=\"https:\/\/www.sisinternational.com\/wp-content\/uploads\/2025\/09\/Food-safety-6.jpg\" alt=\"\u00c9tudes de march\u00e9 et strat\u00e9gie internationales SIS\" title=\"Food safety (6)\" srcset=\"https:\/\/www.sisinternational.com\/wp-content\/uploads\/2025\/09\/Food-safety-6.jpg 1456w, https:\/\/www.sisinternational.com\/wp-content\/uploads\/2025\/09\/Food-safety-6-300x168.jpg 300w, https:\/\/www.sisinternational.com\/wp-content\/uploads\/2025\/09\/Food-safety-6-1024x574.jpg 1024w, https:\/\/www.sisinternational.com\/wp-content\/uploads\/2025\/09\/Food-safety-6-768x430.jpg 768w, https:\/\/www.sisinternational.com\/wp-content\/uploads\/2025\/09\/Food-safety-6-18x10.jpg 18w\" sizes=\"auto, (max-width: 1456px) 100vw, 1456px\"><\/figure>\n\n\n\n<p><\/p>\n\n\n\n<h2 class=\"wp-block-heading\">Qu\u2019est-ce que la s\u00e9curit\u00e9 des aliments et des boissons\u00a0?<\/h2>\n\n\n\n<p>La nourriture n\u2019est pas seulement d\u00e9licieuse, c\u2019est aussi la cl\u00e9 du maintien de la vie. Une alimentation propre est essentielle au maintien de la vie. La nourriture, bien qu\u2019importante, peut avoir des effets mortels si elle n\u2019est pas propre \u00e0 la consommation. La s\u00e9curit\u00e9 alimentaire consiste \u00e0 traiter les aliments de mani\u00e8re \u00e0 pr\u00e9venir les maladies. Cela implique de pr\u00e9server la qualit\u00e9 des aliments pendant une longue p\u00e9riode. Il faut garder la nourriture exempte de germes qui ne sont pas cens\u00e9s \u00eatre l\u00e0. La s\u00e9curit\u00e9 alimentaire implique toutes les \u00e9tapes de la pr\u00e9paration des aliments. Par exemple, la fa\u00e7on dont vous manipulez les \u00e9l\u00e9ments du menu, nettoyez votre environnement et cuisinez vos aliments.<\/p>\n\n\n\n<h2 class=\"wp-block-heading\">Pourquoi les \u00e9tudes de march\u00e9 sur la s\u00e9curit\u00e9 des aliments et des boissons sont-elles importantes ?<\/h2>\n\n\n\n<p>Unsafe food causes sickness in millions and death in hundreds of thousands. It also strains healthcare systems dealing with a lot of preventable food illnesses. Children feel most of the impact of food-borne diseases. They are also the most vulnerable. With proper tools, systems, and practices, your business can improve its food safety practices. Such improvements reduce illnesses and deaths. It also leads to a healthier population. <a href=\"https:\/\/www.sisinternational.com\/fr\/competence\/cv-dexperience\/nourriture-et-boissons-en-asie-pacifique\/\" title=\"\u00c9tude de march\u00e9 sur les aliments et les boissons en Asie\"  data-wpil-monitor-id=\"9466\">Research is key to ensuring food<\/a> safety keeps improving.<\/p>\n\n\n\n<h2 class=\"wp-block-heading\">Titres de poste cl\u00e9s<\/h2>\n\n\n\n<p>Le domaine de la s\u00e9curit\u00e9 alimentaire est assez vaste. Ainsi, de nombreuses carri\u00e8res sont disponibles. Beaucoup exigent un dipl\u00f4me en sciences alimentaires, en chimie ou en biologie, tandis que d&#039;autres n&#039;exigent qu&#039;une exp\u00e9rience dans le domaine. Certains titres populaires incluent\u00a0:<\/p>\n\n\n\n<ul class=\"wp-block-list\">\n<li>Responsable Assurance Qualit\u00e9<\/li>\n\n\n\n<li>Superviseur de la s\u00e9curit\u00e9 et de la qualit\u00e9 des aliments<\/li>\n\n\n\n<li>Technicien en assurance qualit\u00e9<\/li>\n\n\n\n<li>Sp\u00e9cialiste de la s\u00e9curit\u00e9 alimentaire<\/li>\n\n\n\n<li>Responsable de la conformit\u00e9<\/li>\n\n\n\n<li>Scientifique en alimentation<\/li>\n\n\n\n<li>Technicien en contr\u00f4le qualit\u00e9 en chimie<\/li>\n\n\n\n<li>Associ\u00e9 \u00e0 la s\u00e9curit\u00e9 des laboratoires<\/li>\n<\/ul>\n\n\n\n<h2 class=\"wp-block-heading\">Pourquoi les entreprises ont besoin d\u2019une \u00e9tude de march\u00e9 sur la s\u00e9curit\u00e9 des aliments et des boissons<\/h2>\n\n\n\n<p>Companies that get a bad rap for food safety also risk good profits. Thus, being known for sick <a href=\"https:\/\/www.sisinternational.com\/fr\/competence\/les-industries\/etude-de-marche-sur-les-boissons-alimentaires-et-la-voix-du-client\/\" title=\"\u00c9tude de march\u00e9 sur la voix du client dans le secteur des aliments et des boissons\"  data-wpil-monitor-id=\"9470\">customers will cause a failing food<\/a> business. One cannot have a quality business in the food <a href=\"https:\/\/www.sisinternational.com\/fr\/industry-forecast\/personal-care-industry-forecast\/\" title=\"Personal Care Industry Forecast\"  data-wpil-monitor-id=\"9464\">industry and not care<\/a> about food safety. Thus, food safety is essential to companies. There are many <a href=\"https:\/\/www.sisinternational.com\/fr\/publications\/etude-de-marche-sur-les-entreprises-evolutives-7-facons-de-creer-une-entreprise-evolutive\/\" title=\"\u00c9tude de march\u00e9 sur les entreprises \u00e9volutives\u00a0: 7 fa\u00e7ons de cr\u00e9er une entreprise \u00e9volutive\"  data-wpil-monitor-id=\"9469\">ways to consider food safety in business<\/a>. One critical one is ensuring that the area is clean. Soaps, bleach, and sanitizers are all essential items. Storage for food also affects the quality. So, fridges, containers, sterilized gear, and heating tools play a huge role. Protective gear like gloves, wipes, towels, aprons and hairnets have a small but crucial impact. Many things go into food safety that businesses use. So research continues to find new and better ways to solve problems with food safety.<\/p>\n\n\n\n<h2 class=\"wp-block-heading\">Facteurs cl\u00e9s de succ\u00e8s<\/h2>\n\n\n\n<p>If your <a href=\"https:\/\/www.sisinternational.com\/fr\/predictive-analytics\/\" title=\"Predictive Analytics: Your Crystal Ball for Business Success\"  data-wpil-monitor-id=\"9465\">business is to be successful<\/a> in the food safety field, you have to be aware of its standards. This area is well monitored, and so many guidelines exist. Sticking to these guidelines is essential. Besides government rules, your brand needs to do what it has to do well. Once you deliver quality and <a href=\"https:\/\/www.sisinternational.com\/fr\/solutions\/solutions-de-branding-et-de-recherche-client\/recherche-de-clients-sur-limage-de-marque\/\" title=\"Image de marque et recherche client\"  data-wpil-monitor-id=\"9467\">customers can pay for your brand<\/a>, they will rely on you. Some companies will even order in bulk depending on the product. Companies have to sustain quality to survive in the food industry. Having reliable <a href=\"https:\/\/www.sisinternational.com\/fr\/industrie-de-la-restauration\/\" title=\"Pleins feux sur l&#039;industrie de la restauration 2011\"  data-wpil-monitor-id=\"9463\">food safety goods and services<\/a> is much needed and profitable. It is also good to know what new problems need solving so that you can tackle them first in the industry.<\/p>\n\n\n\n<h2 class=\"wp-block-heading\">\u00c0 propos de l\u2019\u00e9tude de march\u00e9 sur la s\u00e9curit\u00e9 des aliments et des boissons<\/h2>\n\n\n\n<p><a href=\"https:\/\/www.sisinternational.com\/fr\/competence\/les-industries\/etude-de-marche-sur-la-securite-routiere\/\" title=\"\u00c9tude de march\u00e9 sur la s\u00e9curit\u00e9 routi\u00e8re\"  data-wpil-monitor-id=\"4731\">Market research is vital in the food<\/a> safety field. Your company can use a wide range of research types, including quantitative, qualitative, and strategy research methods. The tools used to carry out such <a href=\"https:\/\/www.sisinternational.com\/fr\/solutions\/solutions-de-recherche-qualitative-et-quantitative\/entretiens-telephoniques-et-etude-de-marche\/\" title=\"\u00c9tude de march\u00e9 sur les entretiens t\u00e9l\u00e9phoniques approfondis\"  data-wpil-monitor-id=\"9468\">research are interviews<\/a>, surveys, and focus groups. Some companies also do experiments.<\/p>\n\n\n\n<p>La s\u00e9curit\u00e9 alimentaire est essentielle \u00e0 la vie humaine. Nous aimons tous une nourriture propre, s\u00fbre et savoureuse. \u00catre capable de fournir des biens et des services qui garantissent cela n\u2019a donc pas de prix. Il est toujours bon de conna\u00eetre les besoins de ce domaine et les nouveaux probl\u00e8mes que les entreprises doivent r\u00e9soudre.<\/p>\n\n\n\n<p><\/p>","protected":false},"excerpt":{"rendered":"<p>La s\u00e9curit\u00e9 alimentaire pr\u00e9vient les maladies. Il garde les aliments exempts de germes nocifs \u00e0 toutes les \u00e9tapes, de la manipulation des \u00e9l\u00e9ments du menu au nettoyage et \u00e0 la cuisson.<\/p>","protected":false},"author":1,"featured_media":70076,"parent":22018,"menu_order":117,"comment_status":"closed","ping_status":"closed","template":"","meta":{"footnotes":""},"class_list":["post-40203","page","type-page","status-publish","has-post-thumbnail"],"_links":{"self":[{"href":"https:\/\/www.sisinternational.com\/fr\/wp-json\/wp\/v2\/pages\/40203","targetHints":{"allow":["GET"]}}],"collection":[{"href":"https:\/\/www.sisinternational.com\/fr\/wp-json\/wp\/v2\/pages"}],"about":[{"href":"https:\/\/www.sisinternational.com\/fr\/wp-json\/wp\/v2\/types\/page"}],"author":[{"embeddable":true,"href":"https:\/\/www.sisinternational.com\/fr\/wp-json\/wp\/v2\/users\/1"}],"replies":[{"embeddable":true,"href":"https:\/\/www.sisinternational.com\/fr\/wp-json\/wp\/v2\/comments?post=40203"}],"version-history":[{"count":6,"href":"https:\/\/www.sisinternational.com\/fr\/wp-json\/wp\/v2\/pages\/40203\/revisions"}],"predecessor-version":[{"id":81581,"href":"https:\/\/www.sisinternational.com\/fr\/wp-json\/wp\/v2\/pages\/40203\/revisions\/81581"}],"up":[{"embeddable":true,"href":"https:\/\/www.sisinternational.com\/fr\/wp-json\/wp\/v2\/pages\/22018"}],"wp:featuredmedia":[{"embeddable":true,"href":"https:\/\/www.sisinternational.com\/fr\/wp-json\/wp\/v2\/media\/70076"}],"wp:attachment":[{"href":"https:\/\/www.sisinternational.com\/fr\/wp-json\/wp\/v2\/media?parent=40203"}],"curies":[{"name":"wp","href":"https:\/\/api.w.org\/{rel}","templated":true}]}}