{"id":40196,"date":"2022-04-27T03:07:27","date_gmt":"2022-04-27T03:07:27","guid":{"rendered":"https:\/\/www.sisinternational.com\/?page_id=40196"},"modified":"2025-09-24T22:50:01","modified_gmt":"2025-09-25T02:50:01","slug":"etude-de-marche-sur-lecologie","status":"publish","type":"page","link":"https:\/\/www.sisinternational.com\/fr\/competence\/etude-de-marche-sur-lecologie\/","title":{"rendered":"\u00c9tude de march\u00e9 sur l\u2019\u00e9cologie"},"content":{"rendered":"<h1 class=\"wp-block-heading\">\u00c9tude de march\u00e9 sur l\u2019\u00e9cologie<\/h1>\n\n\n\n<figure class=\"gb-block-image gb-block-image-2daf90af\"><img loading=\"lazy\" decoding=\"async\" width=\"1456\" height=\"816\" class=\"gb-image gb-image-2daf90af\" src=\"https:\/\/www.sisinternational.com\/wp-content\/uploads\/2025\/08\/Circular-economy-2.jpg\" alt=\"\u00c9tudes de march\u00e9 et strat\u00e9gie internationales SIS\" title=\"Circular economy (2)\" srcset=\"https:\/\/www.sisinternational.com\/wp-content\/uploads\/2025\/08\/Circular-economy-2.jpg 1456w, https:\/\/www.sisinternational.com\/wp-content\/uploads\/2025\/08\/Circular-economy-2-300x168.jpg 300w, https:\/\/www.sisinternational.com\/wp-content\/uploads\/2025\/08\/Circular-economy-2-1024x574.jpg 1024w, https:\/\/www.sisinternational.com\/wp-content\/uploads\/2025\/08\/Circular-economy-2-768x430.jpg 768w, https:\/\/www.sisinternational.com\/wp-content\/uploads\/2025\/08\/Circular-economy-2-18x10.jpg 18w\" sizes=\"auto, (max-width: 1456px) 100vw, 1456px\"><\/figure>\n\n\n\n<p><\/p>\n\n\n\n<hr class=\"wp-block-separator has-alpha-channel-opacity is-style-dots\"\/>\n\n\n\n<h2 class=\"wp-block-heading\">Qu\u2019est-ce que l\u2019\u00e9cologie ?<\/h2>\n\n\n\n<p>Ecology studies the relationship between life forms, such as humans, and their environment. It aims to reveal the vital links between plants, animals, and the environment. Ecology also tells us about biome values and how humans might use the Earth&#8217;s assets. It shows us <a href=\"https:\/\/www.sisinternational.com\/fr\/publications\/etude-de-marche-sur-les-entreprises-evolutives-7-facons-de-creer-une-entreprise-evolutive\/\" title=\"\u00c9tude de march\u00e9 sur les entreprises \u00e9volutives\u00a0: 7 fa\u00e7ons de cr\u00e9er une entreprise \u00e9volutive\"  data-wpil-monitor-id=\"8373\">ways to build businesses<\/a> that sustain the planet for the future. Ecology studies the chain and the links between different life forms and microbes. It also explores the connection between these organisms and their biotic homes.<\/p>\n\n\n\n<h2 class=\"wp-block-heading\">Pourquoi l\u2019\u00e9cologie est-elle importante ?<\/h2>\n\n\n\n<p>Ecology fills the earth and is vital for human health and growth. It adds to our knowledge of people and <a href=\"https:\/\/www.sisinternational.com\/fr\/competence\/les-industries\/etude-de-marche-sur-les-boissons-alimentaires-biologiques-naturelles\/\" title=\"\u00c9tude de march\u00e9 sur les aliments et boissons naturels et biologiques\"  data-wpil-monitor-id=\"8376\">nature and is critical for food<\/a> production, clean air, and water. It&#8217;s also vital to know about soil conservation in a changing climate. Ecology is essential because it ensures that people see the effect of their actions. We affect the planet&#8217;s life as well as one another. We have learnt to value eco-friendliness due to all the data and studies gained from ecology, which help to raise people&#8217;s knowledge. It also urges them to choose a lifestyle that protects the ecology. Thus, people are more likely to live less selfish lives in the long run. The aim is to work to safeguard the well-being of all life forms. As a result, it promotes a balanced lifestyle and ensures the survival of all life forms.<\/p>\n\n\n\n<h2 class=\"wp-block-heading\">Titres de poste cl\u00e9s<\/h2>\n\n\n\n<p>Travailler dans ce domaine permet de mieux conna\u00eetre le vivant et ses relations. Cela vous permet \u00e9galement d\u2019appliquer ce que vous avez appris pour aider le monde dans son ensemble. Nous avons r\u00e9pertori\u00e9 ci-dessous quelques-uns des meilleurs emplois en \u00e9cologie.<\/p>\n\n\n\n<h3 class=\"wp-block-heading\">Naturaliste du parc<\/h3>\n\n\n\n<p>Ils cr\u00e9ent un lien entre les parcs et le public. Ils informent les touristes, les groupes scolaires et autres sur les parcs locaux, \u00e9tatiques et nationaux. Les naturalistes du parc sont \u00e9galement vers\u00e9s dans l&#039;histoire.<\/p>\n\n\n\n<h3 class=\"wp-block-heading\">Biologiste marin<\/h3>\n\n\n\n<p>Les biologistes marins \u00e9tudient les animaux marins, leurs habitudes et leurs liens avec l&#039;environnement. L&#039;eau couvre plus de 70 pour cent de la terre. Ainsi, en tant que biologiste marin, on peut travailler presque partout sur la plan\u00e8te.<\/p>\n\n\n\n<h3 class=\"wp-block-heading\">Gestionnaire des ressources naturelles (NRM)<\/h3>\n\n\n\n<p>Les gestionnaires des ressources naturelles sont responsables de l&#039;utilisation des terres. Ils veillent \u00e0 ce que toutes les actions entreprises sur les terres respectent les r\u00e8gles et tentent \u00e9galement d&#039;\u00e9quilibrer les besoins des utilisateurs, tels que les agriculteurs et les propri\u00e9taires. Les GRN veillent \u00e0 la sant\u00e9 de l\u2019\u00e9cosyst\u00e8me et de l\u2019environnement.<\/p>\n\n\n\n<h2 class=\"wp-block-heading\">Pourquoi les entreprises ont-elles besoin d\u2019\u00e9tudes de march\u00e9 sur l\u2019\u00e9cologie ?<\/h2>\n\n\n\n<p>There is close and constant contact between a firm and its ecosystem, regardless of its type or size. This connection also aids the firm&#8217;s strength and the use of its resources. As a result, <a href=\"https:\/\/www.sisinternational.com\/fr\/analysis-b2b\/\" title=\"What Business Leaders Need to Know Right Now\"  data-wpil-monitor-id=\"8382\">knowing the role of the business<\/a> environment is crucial. It will help in the pursuit of further business plans. It&#8217;s also vital for a business to interact with its environment. It becomes easier to identify the areas for growth and expansion of its activities.<\/p>\n\n\n\n<h2 class=\"wp-block-heading\">Facteurs de r\u00e9ussite importants<\/h2>\n\n\n\n<p>De nombreux facteurs peuvent nuire \u00e0 l\u2019\u00e9cosyst\u00e8me, notamment la pollution et la temp\u00e9rature de l\u2019eau. Ces facteurs semblent s\u2019aggraver avec le temps, nous rapprochant d\u2019une v\u00e9ritable crise environnementale. Le r\u00e9sultat est que les gens sont de plus en plus conscients de ces pr\u00e9occupations. Ils font \u00e9galement davantage pour r\u00e9soudre leurs impacts n\u00e9fastes. Voici quelques-uns des aspects les plus essentiels \u00e0 prendre en compte\u00a0:<\/p>\n\n\n\n<ul class=\"wp-block-list\">\n<li>Pollution<\/li>\n\n\n\n<li>Le r\u00e9chauffement climatique<\/li>\n\n\n\n<li>Surpopulation<\/li>\n\n\n\n<li>Traitement des d\u00e9chets<\/li>\n\n\n\n<li>L&#039;acidit\u00e9 de l&#039;oc\u00e9an<\/li>\n\n\n\n<li>Perte de biodiversit\u00e9<\/li>\n\n\n\n<li>La d\u00e9forestation<\/li>\n\n\n\n<li>Appauvrissement de la couche d&#039;ozone<\/li>\n\n\n\n<li>Pluie acide<\/li>\n\n\n\n<li>Probl\u00e8mes de sant\u00e9 publique<\/li>\n<\/ul>\n\n\n\n<h2 class=\"wp-block-heading\">Etude de march\u00e9 sur l&#039;\u00e9cologie<\/h2>\n\n\n\n<p><a href=\"https:\/\/www.sisinternational.com\/fr\/competence\/les-industries\/etude-de-marche-automobile\/etude-de-consommation-automobile-pour-les-vehicules-electriques\/\" title=\"Pourquoi les \u00e9tudes de consommation sur le secteur automobile sont si vitales aujourd&#039;hui avec l&#039;avenir des v\u00e9hicules \u00e9lectriques\"  data-wpil-monitor-id=\"8379\">Researching an area is vital<\/a> before starting a business there. It shows what the people in that area want and what they don\u2019t like. So, it is vital to conduct quantitative, qualitative, and strategic research. Focus groups and surveys can reveal the genuine opinions and ideas of customers. We can apply all these techniques to Ecology Market Research and many other areas.<\/p>\n\n\n\n<p><\/p>","protected":false},"excerpt":{"rendered":"<p>Les entreprises qui se renseignent sur l\u2019\u00e9cosyst\u00e8me et utilisent les ressources de mani\u00e8re responsable peuvent identifier les opportunit\u00e9s de croissance gr\u00e2ce aux \u00e9tudes de march\u00e9 sur l\u2019\u00e9cologie.<\/p>","protected":false},"author":1,"featured_media":64755,"parent":14514,"menu_order":116,"comment_status":"closed","ping_status":"closed","template":"","meta":{"footnotes":""},"class_list":["post-40196","page","type-page","status-publish","has-post-thumbnail"],"_links":{"self":[{"href":"https:\/\/www.sisinternational.com\/fr\/wp-json\/wp\/v2\/pages\/40196","targetHints":{"allow":["GET"]}}],"collection":[{"href":"https:\/\/www.sisinternational.com\/fr\/wp-json\/wp\/v2\/pages"}],"about":[{"href":"https:\/\/www.sisinternational.com\/fr\/wp-json\/wp\/v2\/types\/page"}],"author":[{"embeddable":true,"href":"https:\/\/www.sisinternational.com\/fr\/wp-json\/wp\/v2\/users\/1"}],"replies":[{"embeddable":true,"href":"https:\/\/www.sisinternational.com\/fr\/wp-json\/wp\/v2\/comments?post=40196"}],"version-history":[{"count":4,"href":"https:\/\/www.sisinternational.com\/fr\/wp-json\/wp\/v2\/pages\/40196\/revisions"}],"predecessor-version":[{"id":81406,"href":"https:\/\/www.sisinternational.com\/fr\/wp-json\/wp\/v2\/pages\/40196\/revisions\/81406"}],"up":[{"embeddable":true,"href":"https:\/\/www.sisinternational.com\/fr\/wp-json\/wp\/v2\/pages\/14514"}],"wp:featuredmedia":[{"embeddable":true,"href":"https:\/\/www.sisinternational.com\/fr\/wp-json\/wp\/v2\/media\/64755"}],"wp:attachment":[{"href":"https:\/\/www.sisinternational.com\/fr\/wp-json\/wp\/v2\/media?parent=40196"}],"curies":[{"name":"wp","href":"https:\/\/api.w.org\/{rel}","templated":true}]}}