{"id":40192,"date":"2022-04-27T02:25:47","date_gmt":"2022-04-27T02:25:47","guid":{"rendered":"https:\/\/www.sisinternational.com\/?page_id=40192"},"modified":"2026-01-27T16:38:50","modified_gmt":"2026-01-27T21:38:50","slug":"etude-de-marche-sur-les-marches-des-capitaux","status":"publish","type":"page","link":"https:\/\/www.sisinternational.com\/fr\/solutions\/recherche-de-conseil-en-strategie-fintech\/etude-de-marche-sur-les-marches-des-capitaux\/","title":{"rendered":"\u00c9tude de march\u00e9 sur les march\u00e9s des capitaux"},"content":{"rendered":"<h1 class=\"wp-block-heading\">\u00c9tude de march\u00e9 sur les march\u00e9s des capitaux<\/h1>\n\n\n\n<figure class=\"gb-block-image gb-block-image-6d9e992f\"><img loading=\"lazy\" decoding=\"async\" width=\"1456\" height=\"816\" class=\"gb-image gb-image-6d9e992f\" src=\"https:\/\/www.sisinternational.com\/wp-content\/uploads\/2025\/08\/Finance-17.jpg\" alt=\"\u00c9tudes de march\u00e9 et strat\u00e9gie internationales SIS\" title=\"Finance (17)\" srcset=\"https:\/\/www.sisinternational.com\/wp-content\/uploads\/2025\/08\/Finance-17.jpg 1456w, https:\/\/www.sisinternational.com\/wp-content\/uploads\/2025\/08\/Finance-17-300x168.jpg 300w, https:\/\/www.sisinternational.com\/wp-content\/uploads\/2025\/08\/Finance-17-1024x574.jpg 1024w, https:\/\/www.sisinternational.com\/wp-content\/uploads\/2025\/08\/Finance-17-768x430.jpg 768w, https:\/\/www.sisinternational.com\/wp-content\/uploads\/2025\/08\/Finance-17-18x10.jpg 18w\" sizes=\"auto, (max-width: 1456px) 100vw, 1456px\"><\/figure>\n\n\n\n<p><\/p>\n\n\n\n<hr class=\"wp-block-separator has-alpha-channel-opacity is-style-dots\"\/>\n\n\n\n<p>Capital markets market research provides financial institutions, investors, and policymakers with the insights needed to navigate this complex and rapidly changing landscape.<\/p>\n\n\n\n<p>\u00c0 <a href=\"https:\/\/www.linkedin.com\/company\/sisinternationalresearch\/\" target=\"_blank\" rel=\"noopener\">Recherche internationale SIS<\/a>, we analyze emerging trends, competitive dynamics, and investment opportunities to help organizations stay ahead in the capital markets sector.<\/p>\n\n\n\n<h2 class=\"wp-block-heading\">Capital Markets<\/h2>\n\n\n\n<p>Capital markets are where companies go to save, trade, and invest. A financial market is where buyers and sellers trade items and services for gain. There, market players swap bonds, stocks, cash, and more to make a profit. Suppliers, regular citizens, and companies with capital to lend can all participate. So can people in need and investors, as this is where these persons thrive best. At some point, they all mesh with each other in some form.<\/p>\n\n\n\n<p>For instance, suppliers usually include banks and investors in their activities. Meanwhile, others who seek capital are businesses, governments, and individuals. These players tend to use a different approach.<\/p>\n\n\n\n<p>There are two types of capital markets: primary and secondary markets. The primary <a href=\"https:\/\/www.sisinternational.com\/fr\/competence\/les-industries\/etude-de-marche-sur-lindustrie-du-covoiturage\/\" title=\"\u00c9tude de march\u00e9 sur le covoiturage\" data-wpil-monitor-id=\"6395\">market is for new shares<\/a> and security. Secondary <a href=\"https:\/\/www.sisinternational.com\/fr\/comprendre-le-systeme-europeen-dechange-de-quotas-demission-et-un-rapport-sis\/\" title=\"\u00c9tude de march\u00e9 sur l\u2019\u00e9change de droits d\u2019\u00e9mission\" data-wpil-monitor-id=\"7502\">markets deal with the trading<\/a> of growing or recently sold securities among investors.<\/p>\n\n\n\n<h2 class=\"wp-block-heading\"><strong>Why Capital Markets Market Research Matters<\/strong><\/h2>\n\n\n\n<figure class=\"gb-block-image gb-block-image-96daec66\"><img loading=\"lazy\" decoding=\"async\" width=\"1456\" height=\"816\" class=\"gb-image gb-image-96daec66\" src=\"https:\/\/www.sisinternational.com\/wp-content\/uploads\/2025\/08\/Finance-8.jpg\" alt=\"\u00c9tudes de march\u00e9 et strat\u00e9gie internationales SIS\" title=\"Finance (8)\" srcset=\"https:\/\/www.sisinternational.com\/wp-content\/uploads\/2025\/08\/Finance-8.jpg 1456w, https:\/\/www.sisinternational.com\/wp-content\/uploads\/2025\/08\/Finance-8-300x168.jpg 300w, https:\/\/www.sisinternational.com\/wp-content\/uploads\/2025\/08\/Finance-8-1024x574.jpg 1024w, https:\/\/www.sisinternational.com\/wp-content\/uploads\/2025\/08\/Finance-8-768x430.jpg 768w, https:\/\/www.sisinternational.com\/wp-content\/uploads\/2025\/08\/Finance-8-18x10.jpg 18w\" sizes=\"auto, (max-width: 1456px) 100vw, 1456px\"><\/figure>\n\n\n\n<p><\/p>\n\n\n\n<p><span style=\"background-color: var(--base-3); color: var(--contrast-2);\">Multiple factors, including&nbsp;<\/span>economic conditions, geopolitical developments, technological advancements, and investor sentiment influence capital markets. Anyway, conducting thorough market research helps firms:<\/p>\n\n\n\n<p>\u2705 <strong>Identify new investment opportunities<\/strong> and asset classes.<br>\u2705 <strong>Assess risks and market volatility<\/strong> before making critical financial decisions.<br>\u2705 <strong>Monitor regulatory changes<\/strong> affecting securities trading and financial instruments.<br>\u2705 <strong>Understand investor behavior<\/strong> and shifts in capital flows.<br>\u2705 <strong>Optimize trading strategies<\/strong> using real-time data and analytics.<\/p>\n\n\n\n<h2 class=\"wp-block-heading\">Titres de poste cl\u00e9s<\/h2>\n\n\n\n<p>Une carri\u00e8re sur ce march\u00e9 est li\u00e9e \u00e0 des \u00e9l\u00e9ments tels que le niveau de s\u00e9curit\u00e9 et les actifs dont dispose une personne. Cela comprend \u00e9galement les propri\u00e9t\u00e9s appartenant \u00e0 quelqu&#039;un ou \u00e0 d&#039;autres entit\u00e9s. Les commer\u00e7ants et les investisseurs gagnent des points lorsqu\u2019une autre partie ach\u00e8te quelque chose. Ils gagnent \u00e9galement de l\u2019argent gr\u00e2ce \u00e0 la publicit\u00e9. M\u00eame la vente \u00e0 d\u00e9couvert de titres peut \u00eatre un moyen de r\u00e9aliser des b\u00e9n\u00e9fices et de prendre des positions sur le march\u00e9.<\/p>\n\n\n\n<p>Carri\u00e8res en marketing de capital\u00a0:<\/p>\n\n\n\n<ul class=\"wp-block-list\">\n<li>Banquier d&#039;affaires<\/li>\n\n\n\n<li>Responsable du d\u00e9veloppement commercial<\/li>\n\n\n\n<li>Cadre sup\u00e9rieur<\/li>\n\n\n\n<li>Le chef du financement<\/li>\n\n\n\n<li>Agent de change<\/li>\n<\/ul>\n\n\n\n<h2 class=\"wp-block-heading\">Pourquoi les entreprises ont besoin des march\u00e9s des capitaux<\/h2>\n\n\n\n<figure class=\"gb-block-image gb-block-image-ea8a635a\"><img loading=\"lazy\" decoding=\"async\" width=\"1456\" height=\"816\" class=\"gb-image gb-image-ea8a635a\" src=\"https:\/\/www.sisinternational.com\/wp-content\/uploads\/2025\/08\/Finance-6.jpg\" alt=\"\u00c9tudes de march\u00e9 et strat\u00e9gie internationales SIS\" title=\"Finance (6)\" srcset=\"https:\/\/www.sisinternational.com\/wp-content\/uploads\/2025\/08\/Finance-6.jpg 1456w, https:\/\/www.sisinternational.com\/wp-content\/uploads\/2025\/08\/Finance-6-300x168.jpg 300w, https:\/\/www.sisinternational.com\/wp-content\/uploads\/2025\/08\/Finance-6-1024x574.jpg 1024w, https:\/\/www.sisinternational.com\/wp-content\/uploads\/2025\/08\/Finance-6-768x430.jpg 768w, https:\/\/www.sisinternational.com\/wp-content\/uploads\/2025\/08\/Finance-6-18x10.jpg 18w\" sizes=\"auto, (max-width: 1456px) 100vw, 1456px\"><\/figure>\n\n\n\n<p><\/p>\n\n\n\n<p>Ce <a href=\"https:\/\/www.sisinternational.com\/fr\/competence\/les-industries\/etude-de-marche-sur-lexploitation-miniere-spatiale\/\" title=\"\u00c9tude de march\u00e9 sur l\u2019exploitation mini\u00e8re spatiale\" data-wpil-monitor-id=\"6328\">market provides an open space<\/a> for traders to buy and sell stocks and bonds. It gives way for companies to raise financial capital and grow. Thus, it lowers risks and expenses while allowing them to grow and reach higher levels. They can expand because there are always reliable markets to look back on to get funds.<\/p>\n\n\n\n<p>De nombreuses entreprises profitent directement de ces march\u00e9s (primaires et secondaires). Sans eux, certaines entreprises feraient faillite. Ainsi, ces march\u00e9s commerciaux formels ou informels sont essentiels. Les salari\u00e9s des entreprises dont le capital est uniquement en croissance profitent beaucoup de ces march\u00e9s. De plus, les entreprises en croissance qui agrandissent leurs bureaux et leurs usines cr\u00e9ent de nouveaux emplois. Ainsi, les march\u00e9s financiers laissent moins de personnes sans emploi.<\/p>\n\n\n\n<h2 class=\"wp-block-heading\">Facteurs cl\u00e9s de succ\u00e8s<\/h2>\n\n\n\n<p>Capital markets have a lot of advantages. For one, the market helps increase the value of your investment. <a href=\"https:\/\/www.sisinternational.com\/fr\/competence\/les-industries\/etude-de-marche-sur-la-securite\/\" title=\"\u00c9tude de march\u00e9 sur la s\u00e9curit\u00e9\" data-wpil-monitor-id=\"7001\">Securities like bonds traded in the market<\/a> provide more interest. Thus, they\u2019re better assets than banks, shares, and dividends. Another benefit is that these assets and results also come with liquidity. (Which means it\u2019s easy to turn them into cash through trade).<\/p>\n\n\n\n<p>Il existe diff\u00e9rents domaines sur ce march\u00e9, dont le commerce international. C&#039;est \u00e0 ce moment-l\u00e0 qu&#039;une entreprise choisit de rejoindre un march\u00e9 mondial des capitaux. Les opportunit\u00e9s augmentent alors pour l\u2019entreprise. Cela permet ainsi aux personnes, aux entreprises et aux gouvernements d\u2019avoir plus de libert\u00e9. Cela permet \u00e9galement aux acteurs du march\u00e9 des diff\u00e9rents pays d\u2019apprendre et de progresser, ce qui r\u00e9duit de nombreux risques de perte ou de mauvais investissements.<\/p>\n\n\n\n<h2 class=\"wp-block-heading\"><strong>Challenges Facing Capital Markets<\/strong><\/h2>\n\n\n\n<p>Despite immense opportunities, capital markets face several challenges that require <strong>strategic planning and risk mitigation<\/strong>:<\/p>\n\n\n\n<h3 class=\"wp-block-heading\"><strong>1. Regulatory Uncertainty and Compliance Burdens<\/strong><\/h3>\n\n\n\n<p>Governments and financial authorities are tightening regulations on financial instruments, trading practices, and capital flows. Staying compliant with:<\/p>\n\n\n\n<ul class=\"wp-block-list\">\n<li><p>SEC and FINRA guidelines \ud83d\udcd1<\/p><\/li>\n\n\n\n<li><p>MiFID II regulations in Europe \ud83c\uddea\ud83c\uddfa<\/p><\/li>\n\n\n\n<li><p>Global anti-money laundering (AML) policies \ud83c\udf0d<\/p><\/li>\n<\/ul>\n\n\n\n<h3 class=\"wp-block-heading\"><strong>2. Market Volatility and Geopolitical Risks<\/strong><\/h3>\n\n\n\n<p>Global economic fluctuations, geopolitical tensions, and black swan events can disrupt financial markets. Investors must stay informed and <a href=\"https:\/\/www.sisinternational.com\/fr\/solutions\/innovation\/etude-de-marche-agile\/\" title=\"\u00c9tude de march\u00e9 agile\" data-wpil-monitor-id=\"7060\">agile to navigate sudden shifts in market<\/a> conditions.<\/p>\n\n\n\n<h3 class=\"wp-block-heading\"><strong>3. Liquidity Concerns in Fixed-Income Markets<\/strong><\/h3>\n\n\n\n<p>Bond markets are experiencing liquidity challenges, making it harder for institutional investors to execute large trades without affecting market prices. Alternative trading <a href=\"https:\/\/www.sisinternational.com\/fr\/marketing-mobile\/\" title=\"Qu\u2019est-ce que le marketing mobile ?\" data-wpil-monitor-id=\"2257\">strategies and market<\/a> depth analysis are essential in this environment.<\/p>\n\n\n\n<h2 class=\"wp-block-heading\"><strong>Opportunities for Growth in Capital Markets<\/strong><\/h2>\n\n\n\n<p>Despite challenges, there are significant opportunities for investors and financial institutions:<\/p>\n\n\n\n<p>\u2705 <strong>Expansion into emerging markets<\/strong>, where capital market development is accelerating.<br>\u2705 <strong>Leveraging AI and automation<\/strong> for improved trading efficiency.<br>\u2705 <strong>Developing innovative financial products<\/strong> tailored to investor demand.<br>\u2705 <strong>Strengthening risk management frameworks<\/strong> to handle market turbulence.<\/p>\n\n\n\n<h2 class=\"wp-block-heading\"><strong>The Future of Capital Markets Market Research<\/strong><\/h2>\n\n\n\n<figure class=\"gb-block-image gb-block-image-888da9e5\"><img loading=\"lazy\" decoding=\"async\" width=\"1456\" height=\"816\" class=\"gb-image gb-image-888da9e5\" src=\"https:\/\/www.sisinternational.com\/wp-content\/uploads\/2025\/08\/Commercial-real-estate-business-comapny-8.jpg\" alt=\"\u00c9tudes de march\u00e9 et strat\u00e9gie internationales SIS\" title=\"Commercial real estate business comapny (8)\" srcset=\"https:\/\/www.sisinternational.com\/wp-content\/uploads\/2025\/08\/Commercial-real-estate-business-comapny-8.jpg 1456w, https:\/\/www.sisinternational.com\/wp-content\/uploads\/2025\/08\/Commercial-real-estate-business-comapny-8-300x168.jpg 300w, https:\/\/www.sisinternational.com\/wp-content\/uploads\/2025\/08\/Commercial-real-estate-business-comapny-8-1024x574.jpg 1024w, https:\/\/www.sisinternational.com\/wp-content\/uploads\/2025\/08\/Commercial-real-estate-business-comapny-8-768x430.jpg 768w, https:\/\/www.sisinternational.com\/wp-content\/uploads\/2025\/08\/Commercial-real-estate-business-comapny-8-18x10.jpg 18w\" sizes=\"auto, (max-width: 1456px) 100vw, 1456px\"><\/figure>\n\n\n\n<p><\/p>\n\n\n\n<p>The next phase of capital markets will be shaped by:<\/p>\n\n\n\n<p>\ud83d\ude80 <strong>AI-driven investment models optimizing portfolio performance.<\/strong><br>\ud83d\ude80 <strong>Blockchain-based securities and decentralized trading.<\/strong><br>\ud83d\ude80 <strong>Stronger integration of ESG into capital allocation strategies.<\/strong><br>\ud83d\ude80 <strong>The rise of hybrid investment platforms combining traditional and digital assets.<\/strong><\/p>\n\n\n\n<h2 class=\"wp-block-heading\"><strong>Final Thoughts from Ruth Stanat, CEO of SIS International Research<\/strong><\/h2>\n\n\n\n<p>Capital markets are evolving faster than ever. Investors, asset managers, and financial institutions must adapt to technological advancements, regulatory shifts, and changing investor expectations.<\/p>\n\n\n\n<p>\u00c0 <strong>Recherche internationale SIS<\/strong>, we provide deep market intelligence, predictive analytics, and strategic foresight to help financial firms anticipate trends, manage risks, and seize new investment opportunities.<\/p>\n\n\n\n<h2 class=\"wp-block-heading\">Notre emplacement \u00e0 New York<\/h2>\n\n\n\n<p>  <iframe loading=\"lazy\" src=\"https:\/\/www.google.com\/maps\/embed?pb=!1m18!1m12!1m3!1d3022.976188376966!2d-73.99130312499956!3d40.740549471389315!2m3!1f0!2f0!3f0!3m2!1i1024!2i768!4f13.1!3m3!1m2!1s0x89c259a15798c731%3A0xd695d09bdd495f25!2s11%20E%2022nd%20St%20FL%202%2C%20New%20York%2C%20NY%2010010%2C%20USA!5e0!3m2!1sen!2spe!4v1726171763526!5m2!1sen!2spe\" width=\"600\" height=\"450\" allowfullscreen=\"allowfullscreen\" data-mce-fragment=\"1\"><\/iframe>  <\/p>\n\n\n\n<h3 class=\"wp-block-heading\">11 E 22nd Street, \u00e9tage 2, New York, NY 10010 T\u00e9l. : +1(212) 505-6805<\/h3>\n\n\n\n<hr class=\"wp-block-separator has-alpha-channel-opacity\"\/>\n\n\n\n<h2 class=\"wp-block-heading\"><strong>\u00c0 propos de SIS International<\/strong><\/h2>\n\n\n\n<p><a href=\"https:\/\/www.sisinternational.com\/fr\/\"><span style=\"font-weight: 400;\">SIS International<\/span><\/a><span style=\"font-weight: 400;\"> propose des recherches quantitatives, qualitatives et strat\u00e9giques. Nous fournissons des donn\u00e9es, des outils, des strat\u00e9gies, des rapports et des informations pour la prise de d\u00e9cision. Nous menons \u00e9galement des entretiens, des enqu\u00eates, des groupes de discussion et d\u2019autres m\u00e9thodes et approches d\u2019\u00e9tudes de march\u00e9.<\/span><a href=\"https:\/\/www.sisinternational.com\/fr\/a-propos-de-la-recherche-internationale-sis\/contact-sis-international-market-research\/\"><span style=\"font-weight: 400;\"> Contactez nous<\/span><\/a><span style=\"font-weight: 400;\"> pour votre prochain projet d&#039;\u00e9tude de march\u00e9.<\/span><\/p>\n\n\n\n<p><\/p>\n\n\n\n<p><span style=\"font-weight: 400;\">&nbsp;<\/span><\/p>","protected":false},"excerpt":{"rendered":"<p>Les march\u00e9s de capitaux sont essentiels pour financer l\u2019\u00e9conomie, identifier les risques et garantir la stabilit\u00e9 et la croissance financi\u00e8res.<\/p>","protected":false},"author":1,"featured_media":62827,"parent":27462,"menu_order":39,"comment_status":"closed","ping_status":"closed","template":"","meta":{"footnotes":""},"class_list":["post-40192","page","type-page","status-publish","has-post-thumbnail"],"_links":{"self":[{"href":"https:\/\/www.sisinternational.com\/fr\/wp-json\/wp\/v2\/pages\/40192","targetHints":{"allow":["GET"]}}],"collection":[{"href":"https:\/\/www.sisinternational.com\/fr\/wp-json\/wp\/v2\/pages"}],"about":[{"href":"https:\/\/www.sisinternational.com\/fr\/wp-json\/wp\/v2\/types\/page"}],"author":[{"embeddable":true,"href":"https:\/\/www.sisinternational.com\/fr\/wp-json\/wp\/v2\/users\/1"}],"replies":[{"embeddable":true,"href":"https:\/\/www.sisinternational.com\/fr\/wp-json\/wp\/v2\/comments?post=40192"}],"version-history":[{"count":10,"href":"https:\/\/www.sisinternational.com\/fr\/wp-json\/wp\/v2\/pages\/40192\/revisions"}],"predecessor-version":[{"id":81129,"href":"https:\/\/www.sisinternational.com\/fr\/wp-json\/wp\/v2\/pages\/40192\/revisions\/81129"}],"up":[{"embeddable":true,"href":"https:\/\/www.sisinternational.com\/fr\/wp-json\/wp\/v2\/pages\/27462"}],"wp:featuredmedia":[{"embeddable":true,"href":"https:\/\/www.sisinternational.com\/fr\/wp-json\/wp\/v2\/media\/62827"}],"wp:attachment":[{"href":"https:\/\/www.sisinternational.com\/fr\/wp-json\/wp\/v2\/media?parent=40192"}],"curies":[{"name":"wp","href":"https:\/\/api.w.org\/{rel}","templated":true}]}}