{"id":40190,"date":"2022-04-27T02:23:25","date_gmt":"2022-04-27T02:23:25","guid":{"rendered":"https:\/\/www.sisinternational.com\/?page_id=40190"},"modified":"2026-01-25T18:38:02","modified_gmt":"2026-01-25T23:38:02","slug":"etude-de-marche-en-bioinformatique","status":"publish","type":"page","link":"https:\/\/www.sisinternational.com\/fr\/competence\/etude-de-marche-en-bioinformatique\/","title":{"rendered":"\u00c9tude de march\u00e9 sur la bioinformatique"},"content":{"rendered":"<h1 class=\"wp-block-heading\">\u00c9tude de march\u00e9 sur la bioinformatique<\/h1>\n\n\n\n<figure class=\"gb-block-image gb-block-image-6cda46bc\"><img loading=\"lazy\" decoding=\"async\" width=\"1456\" height=\"816\" class=\"gb-image gb-image-6cda46bc\" src=\"https:\/\/www.sisinternational.com\/wp-content\/uploads\/2025\/09\/DNA-Genetics-16.jpg\" alt=\"\u00c9tudes de march\u00e9 et strat\u00e9gie internationales SIS\" title=\"DNA Genetics (16)\" srcset=\"https:\/\/www.sisinternational.com\/wp-content\/uploads\/2025\/09\/DNA-Genetics-16.jpg 1456w, https:\/\/www.sisinternational.com\/wp-content\/uploads\/2025\/09\/DNA-Genetics-16-300x168.jpg 300w, https:\/\/www.sisinternational.com\/wp-content\/uploads\/2025\/09\/DNA-Genetics-16-1024x574.jpg 1024w, https:\/\/www.sisinternational.com\/wp-content\/uploads\/2025\/09\/DNA-Genetics-16-768x430.jpg 768w, https:\/\/www.sisinternational.com\/wp-content\/uploads\/2025\/09\/DNA-Genetics-16-18x10.jpg 18w\" sizes=\"auto, (max-width: 1456px) 100vw, 1456px\"><\/figure>\n\n\n\n<p><\/p>\n\n\n\n<hr class=\"wp-block-separator has-alpha-channel-opacity is-style-dots\"\/>\n\n\n\n<h2 class=\"wp-block-heading\">Qu\u2019est-ce que l\u2019\u00e9tude de march\u00e9 en bioinformatique ?<\/h2>\n\n\n\n<p>Bioinformatics deals with obtaining, storing, breaking down, and sharing biological data. It is a mix between biology and computer science. Most times, it deals with DNA as well as amino acid sequences. Further, it makes use of software programs to decide gene and protein functions. The <a href=\"https:\/\/www.sisinternational.com\/fr\/solutions\/conseil-en-strategie\/etude-de-marche-sur-la-gestion-du-changement\/\" title=\"\u00c9tude de march\u00e9 sur la gestion du changement\"  data-wpil-monitor-id=\"9442\">research also brings changing<\/a> linkages into being and predicts the solid structures of proteins.<\/p>\n\n\n\n<h2 class=\"wp-block-heading\">Pourquoi les \u00e9tudes de march\u00e9 sur la bioinformatique sont-elles importantes ?<\/h2>\n\n\n\n<p>Les ressources technologiques se d\u00e9veloppent et deviennent accessibles \u00e0 la plupart des gens au fil du temps. En fait, ces ressources am\u00e9lioreront la fa\u00e7on dont nous r\u00e9pondons aux pr\u00e9occupations mondiales de mani\u00e8re nouvelle. Les perspectives sont donc immenses et il existe de nombreuses fa\u00e7ons d\u2019appliquer ces connaissances. Par exemple, nous pouvons l\u2019utiliser pour mettre au point de nouveaux m\u00e9dicaments, lutter contre les \u00e9pid\u00e9mies et am\u00e9liorer les m\u00e9thodes agricoles.<\/p>\n\n\n\n<p>Scientific findings are the result of mining such data. Scientists use these discoveries in <a href=\"https:\/\/www.sisinternational.com\/fr\/solutions\/innovation\/etude-de-marche-sur-la-genetique\/\" title=\"\u00c9tude de march\u00e9 sur la g\u00e9n\u00e9tique\"  data-wpil-monitor-id=\"5012\">genetics and genomics research<\/a>.<\/p>\n\n\n\n<p>Bioinformatics also plays a part in the <a href=\"https:\/\/www.sisinternational.com\/fr\/best-practices-for-quantitative-market-research\/\" title=\"Meilleures pratiques pour les \u00e9tudes de march\u00e9 quantitatives\"  data-wpil-monitor-id=\"9447\">practical aspects of genetic research<\/a>. This type of <a href=\"https:\/\/www.sisinternational.com\/fr\/solutions\/recherche-de-conseil-en-strategie-fintech\/etude-de-marche-sur-lanalyse-des-donnees-bancaires\/\" title=\"\u00c9tude de march\u00e9 sur l\u2019analyse des donn\u00e9es bancaires\"  data-wpil-monitor-id=\"9443\">research gets massive amounts of data<\/a>, often too much to grasp. It also decodes this <a href=\"https:\/\/www.sisinternational.com\/fr\/competence\/les-industries\/etude-de-marche-sur-la-collecte-de-donnees\/\" title=\"\u00c9tude de march\u00e9 sur la collecte de donn\u00e9es\"  data-wpil-monitor-id=\"9444\">data to be helpful to researchers<\/a>.<\/p>\n\n\n\n<p>Companies build tools for this <a href=\"https:\/\/www.sisinternational.com\/fr\/solutions\/solutions-de-recherche-qualitative-et-quantitative\/etude-de-marche-sur-les-services-sur-le-terrain\/\" title=\"\u00c9tude de march\u00e9 sur les services sur le terrain\"  data-wpil-monitor-id=\"9441\">field with both the researcher<\/a> and the biologist in mind. It can help both parties create a database of info with easy-to-read and useful data to make clinical decisions.<\/p>\n\n\n\n<p>Sans la bioinformatique, nous n\u2019aurions qu\u2019une recherche g\u00e9n\u00e9tique limit\u00e9e. La plupart des donn\u00e9es se pr\u00e9sentent sous une forme et une taille difficiles \u00e0 d\u00e9coder, ce qui rend difficile l&#039;obtention de d\u00e9tails.<\/p>\n\n\n\n<h2 class=\"wp-block-heading\">Titres de poste cl\u00e9s<\/h2>\n\n\n\n<ul class=\"wp-block-list\">\n<li>Chercheur<\/li>\n\n\n\n<li>Biologiste mol\u00e9culaire<\/li>\n\n\n\n<li>Microbiologiste<\/li>\n\n\n\n<li>Scientifique<\/li>\n\n\n\n<li>Zoologiste ou biologiste de la faune<\/li>\n<\/ul>\n\n\n\n<h2 class=\"wp-block-heading\">Pourquoi les entreprises ont besoin d\u2019une \u00e9tude de march\u00e9 sur la bioinformatique<\/h2>\n\n\n\n<p>This data could mean millions in savings for firms struggling to get FDA approval. At least, they can use these savings to do the <a href=\"https:\/\/www.sisinternational.com\/fr\/competence\/les-industries\/etude-de-marche-sur-les-medicaments-orphelins\/\" title=\"\u00c9tude de march\u00e9 sur les m\u00e9dicaments orphelins\"  data-wpil-monitor-id=\"9445\">research to develop new drugs<\/a>. Patients can get alternative treatments faster. It also allows healthcare companies to make more money. Firms in this field try to build a good name for providing accurate data. Such firms can make lots of money. They can also present themselves as experts in the field by responding to questions from Big Pharma outfits. In addition, it lends itself to gaining good commercial ties. A crucial part of the selling process is stressing the value of data. According to the FDA, this data can improve the safety of drugs and medical equipment.<\/p>\n\n\n\n<h2 class=\"wp-block-heading\">Facteurs cl\u00e9s de succ\u00e8s<\/h2>\n\n\n\n<p>L\u2019un des besoins les plus critiques est que les membres de l\u2019\u00e9quipe soient capables d\u2019apprendre de nouvelles proc\u00e9dures.<\/p>\n\n\n\n<p>D\u2019autres questions vitales comprennent\u00a0:<\/p>\n\n\n\n<ul class=\"wp-block-list\">\n<li>S&#039;aventurer dans de nouveaux domaines \u00e0 mesure que les m\u00e9thodes de recherche \u00e9voluent<\/li>\n\n\n\n<li>Au moins trois cadres sup\u00e9rieurs poss\u00e9dant des expertises diverses. Ils devraient travailler dans diff\u00e9rents domaines du terrain.<\/li>\n\n\n\n<li>Des membres du personnel juniors qui sont matures et qui ont une bonne \u00e9thique de travail<\/li>\n<\/ul>\n\n\n\n<p>Ces travailleurs peuvent fournir l\u2019expertise n\u00e9cessaire pour relever les d\u00e9fis avec enthousiasme. Un autre \u00e9l\u00e9ment de r\u00e9ussite est d\u2019avoir des membres de l\u2019\u00e9quipe ayant une formation formelle dans le domaine de la biologie. Plusieurs ann\u00e9es d\u2019exp\u00e9rience dans l\u2019application de la technologie bioinformatique aux d\u00e9fis biologiques sont essentielles. De nombreux projets n\u00e9cessiteront une vaste connaissance de la biologie. Exp\u00e9rience pratique avec les outils et la programmation \u00e9galement. Au moins une connaissance de base en statistiques et en conception exp\u00e9rimentale est n\u00e9cessaire. Certains projets peuvent \u00e9galement avoir besoin de personnes issues d\u2019autres horizons. Par exemple, un projet peut avoir besoin d\u2019une personne poss\u00e9dant des comp\u00e9tences en exploration de donn\u00e9es ou sachant faire de l\u2019analyse, des statistiques avanc\u00e9es ou de l\u2019informatique.<\/p>\n\n\n\n<h2 class=\"wp-block-heading\">\u00c0 propos des \u00e9tudes de march\u00e9 sur la bioinformatique<\/h2>\n\n\n\n<p>Do companies need Bioinformatics market research? It depends. For many niche companies in the field, it is a crucial lifeline. You may need Qualitative, Quantitative, or Strategic Research. Or, your company might want <a href=\"https:\/\/www.sisinternational.com\/fr\/couverture\/leurope-%ef%83%97\/etude-de-marche-liverpool-royaume-uni\/\" title=\"\u00c9tude de march\u00e9 \u00e0 Liverpool | Groupes de discussion et collecte de donn\u00e9es au Royaume-Uni\"  data-wpil-monitor-id=\"9440\">data from a Focus Group<\/a>. Some <a href=\"https:\/\/www.sisinternational.com\/fr\/couverture\/etude-de-marche-en-asie\/market-research-in-china-2\/enquete-sur-une-societe-detudes-de-marche-en-chine\/\" title=\"Soci\u00e9t\u00e9 d\u2019\u00e9tudes de march\u00e9 par sondage en Chine\"  data-wpil-monitor-id=\"9446\">companies also look for Interviews and Surveys<\/a>. It\u2019s vital that you find out what your company\u2019s needs are and find a Market Research provider that can fill them. Extra points if you find one that ticks all your boxes! Market Research is crucial, so look into it to secure your company\u2019s success.<\/p>\n\n\n\n<p><\/p>","protected":false},"excerpt":{"rendered":"<p>La bioinformatique g\u00e8re et d\u00e9code de grandes quantit\u00e9s de donn\u00e9es de recherche g\u00e9n\u00e9tique pour les chercheurs et les biologistes afin de cr\u00e9er des bases de donn\u00e9es cliniques.<\/p>","protected":false},"author":1,"featured_media":69941,"parent":14514,"menu_order":115,"comment_status":"closed","ping_status":"closed","template":"","meta":{"footnotes":""},"class_list":["post-40190","page","type-page","status-publish","has-post-thumbnail"],"_links":{"self":[{"href":"https:\/\/www.sisinternational.com\/fr\/wp-json\/wp\/v2\/pages\/40190","targetHints":{"allow":["GET"]}}],"collection":[{"href":"https:\/\/www.sisinternational.com\/fr\/wp-json\/wp\/v2\/pages"}],"about":[{"href":"https:\/\/www.sisinternational.com\/fr\/wp-json\/wp\/v2\/types\/page"}],"author":[{"embeddable":true,"href":"https:\/\/www.sisinternational.com\/fr\/wp-json\/wp\/v2\/users\/1"}],"replies":[{"embeddable":true,"href":"https:\/\/www.sisinternational.com\/fr\/wp-json\/wp\/v2\/comments?post=40190"}],"version-history":[{"count":5,"href":"https:\/\/www.sisinternational.com\/fr\/wp-json\/wp\/v2\/pages\/40190\/revisions"}],"predecessor-version":[{"id":81578,"href":"https:\/\/www.sisinternational.com\/fr\/wp-json\/wp\/v2\/pages\/40190\/revisions\/81578"}],"up":[{"embeddable":true,"href":"https:\/\/www.sisinternational.com\/fr\/wp-json\/wp\/v2\/pages\/14514"}],"wp:featuredmedia":[{"embeddable":true,"href":"https:\/\/www.sisinternational.com\/fr\/wp-json\/wp\/v2\/media\/69941"}],"wp:attachment":[{"href":"https:\/\/www.sisinternational.com\/fr\/wp-json\/wp\/v2\/media?parent=40190"}],"curies":[{"name":"wp","href":"https:\/\/api.w.org\/{rel}","templated":true}]}}