{"id":40139,"date":"2022-04-16T18:02:42","date_gmt":"2022-04-16T18:02:42","guid":{"rendered":"https:\/\/www.sisinternational.com\/?page_id=40139"},"modified":"2026-03-12T12:48:41","modified_gmt":"2026-03-12T16:48:41","slug":"etude-de-marche-sur-le-soin-des-plaies","status":"publish","type":"page","link":"https:\/\/www.sisinternational.com\/fr\/solutions\/etudes-de-marche-sur-les-biotechnologies-et-les-produits-pharmaceutiques-en-matiere-de-soins-de-sante-medicaux\/etude-de-marche-sur-le-soin-des-plaies\/","title":{"rendered":"\u00c9tude de march\u00e9 sur le soin des plaies"},"content":{"rendered":"<h1 class=\"wp-block-heading\">\u00c9tude de march\u00e9 sur le soin des plaies<\/h1>\n\n\n\n<p><\/p>\n\n\n\n<figure class=\"gb-block-image gb-block-image-9636c71f\"><img loading=\"lazy\" decoding=\"async\" width=\"1456\" height=\"816\" class=\"gb-image gb-image-9636c71f\" src=\"https:\/\/www.sisinternational.com\/wp-content\/uploads\/2025\/08\/Healthcare-14.jpg\" alt=\"\u00c9tudes de march\u00e9 et strat\u00e9gie internationales SIS\" title=\"Healthcare (14)\" srcset=\"https:\/\/www.sisinternational.com\/wp-content\/uploads\/2025\/08\/Healthcare-14.jpg 1456w, https:\/\/www.sisinternational.com\/wp-content\/uploads\/2025\/08\/Healthcare-14-300x168.jpg 300w, https:\/\/www.sisinternational.com\/wp-content\/uploads\/2025\/08\/Healthcare-14-1024x574.jpg 1024w, https:\/\/www.sisinternational.com\/wp-content\/uploads\/2025\/08\/Healthcare-14-768x430.jpg 768w, https:\/\/www.sisinternational.com\/wp-content\/uploads\/2025\/08\/Healthcare-14-18x10.jpg 18w\" sizes=\"auto, (max-width: 1456px) 100vw, 1456px\"><\/figure>\n\n\n\n<p><\/p>\n\n\n\n<hr class=\"wp-block-separator has-alpha-channel-opacity is-style-dots\"\/>\n\n\n\n<p>Nous pouvons gu\u00e9rir les blessures mineures gr\u00e2ce aux premiers soins \u00e0 domicile. Certains sont plus grands ou plus profonds que d\u2019autres. De plus, de telles coupures n\u00e9cessitent un professionnel de la sant\u00e9 pour les aider \u00e0 gu\u00e9rir et \u00e0 pr\u00e9venir les infections. Le centre de soins des plaies est un autre \u00e9quipement m\u00e9dical destin\u00e9 au traitement des plaies qui ne gu\u00e9rissent pas. Vous avez une blessure qui date de deux semaines et qui ne montre aucun signe de gu\u00e9rison ? Ensuite, il serait utile que vous alliez au centre de soins des plaies. Une plaie vieille de six semaines qui n\u2019a pas compl\u00e8tement cicatris\u00e9 est chronique. Une telle plaie n\u00e9cessite des soins suppl\u00e9mentaires de la part du centre de soins des plaies.<\/p>\n\n\n\n<h2 class=\"wp-block-heading\">Pourquoi le soin des plaies est-il important ?<\/h2>\n\n\n\n<p>Lorsque les gens ne prennent pas soin de leurs blessures ou plaies, cela peut devenir un probl\u00e8me de sant\u00e9 critique. Les blessures sont soit aigu\u00ebs, soit chroniques. Une plaie chronique ne montre aucun signe de gu\u00e9rison apr\u00e8s quatre \u00e0 six semaines. Lorsque les plaies ne gu\u00e9rissent pas, elles peuvent entra\u00eener une infection, des douleurs, un handicap et m\u00eame une amputation. Nous ne pouvons pas minimiser l\u2019importance du soin des plaies. Tant qu\u2019une plaie chronique n\u2019est pas trait\u00e9e, elle risque de s\u2019infecter.<\/p>\n\n\n\n<h2 class=\"wp-block-heading\">Titres de poste cl\u00e9s<\/h2>\n\n\n\n<p>Il existe diff\u00e9rents types d\u2019emplois dans le secteur du soin des plaies. Quelques-uns des nombreux postes dans le domaine du soin des plaies figurent dans la liste ci-dessous.<\/p>\n\n\n\n<h2 class=\"wp-block-heading\">Sp\u00e9cialiste du soin des plaies<\/h2>\n\n\n\n<p>Un sp\u00e9cialiste des plaies est un professionnel form\u00e9 \u00e0 soigner diff\u00e9rents types de plaies et de plaies. Ils traitent et prennent en charge les patients souffrant de plaies aigu\u00ebs, chroniques et non cicatrisantes.<\/p>\n\n\n\n<h2 class=\"wp-block-heading\">Chirurgien du soin des plaies<\/h2>\n\n\n\n<p>Le WCS, \u00e9galement appel\u00e9 chirurgien de soins des plaies, aide \u00e0 la consultation avanc\u00e9e des plaies. Ils permettent \u00e9galement de remplacer le tube G (tube gastronomique ou \u00ab d\u2019alimentation \u00bb). Ils ins\u00e8rent ce tube dans la paroi de l&#039;estomac. Cette op\u00e9ration cr\u00e9e une plaie qui n\u00e9cessite des soins particuliers.<\/p>\n\n\n\n<h2 class=\"wp-block-heading\">Infirmi\u00e8res en soins des plaies<\/h2>\n\n\n\n<p>L\u2019infirmi\u00e8re sp\u00e9cialis\u00e9e en soins des plaies aide \u00e0 \u00e9valuer les plaies et plaies complexes. Ces infirmi\u00e8res aident \u00e9galement au traitement des patients. Ils travaillent main dans la main avec les experts des \u00e9quipes soignantes. En outre, ils garantissent l\u2019utilisation des plans de traitement ordonn\u00e9s pour \u00e9viter d\u2019autres infections ou dommages.<\/p>\n\n\n\n<h2 class=\"wp-block-heading\">Pourquoi les entreprises ont-elles besoin de soins de plaies\u00a0?<\/h2>\n\n\n\n<p>Une personne souffrant d\u2019une blessure chronique verrait ses capacit\u00e9s r\u00e9duites au travail, \u00e0 la maison ou ailleurs. De nombreuses personnes vivent avec des blessures chroniques dans le monde, et leur nombre ne cesse de cro\u00eetre. De plus, ces blessures chroniques sont courantes chez les personnes diab\u00e9tiques. Les diab\u00e9tiques peuvent d\u00e9velopper un ulc\u00e8re du pied. L\u2019\u00e2ge avanc\u00e9, l\u2019ob\u00e9sit\u00e9, les maladies cardiaques et le cancer peuvent \u00e9galement contribuer aux plaies chroniques. Avoir un centre de soins des plaies \u00e0 proximit\u00e9 profite \u00e0 tout le monde. Il aidera les propri\u00e9taires d\u2019entreprise \u00e0 trouver des soins pour leurs employ\u00e9s souffrant de blessures ou de plaies chroniques. Cela aidera \u00e9galement ces employ\u00e9s \u00e0 mieux travailler.<\/p>\n\n\n\n<h2 class=\"wp-block-heading\">Facteur de r\u00e9ussite important<\/h2>\n\n\n\n<p>Toutes les \u00e9tudes sur la cicatrisation des plaies ont un point commun. Ils tentent de transformer les blessures chroniques en blessures aigu\u00ebs. Ils traitent ensuite les cas aigus pour qu&#039;ils gu\u00e9rissent. Divers facteurs locaux influencent l\u2019\u00e9volution temporelle de la cicatrisation des plaies. Ces facteurs comprennent l&#039;inflammation et la neuropathie. Pourtant, le flux sanguin est le facteur le plus critique dans la r\u00e9gulation du temps de r\u00e9cup\u00e9ration. L&#039;oxyg\u00e8ne, la chaleur et le blocage sont d&#039;autres facteurs. Ils peuvent am\u00e9liorer le transport de l\u2019oxyg\u00e8ne vers les tissus de la zone et aider \u00e0 la gu\u00e9rison.<\/p>\n\n\n\n<h2 class=\"wp-block-heading\">\u00c0 propos des \u00e9tudes de march\u00e9 sur le soin des plaies<\/h2>\n\n\n\n<p>Our organization performs live interviews and surveys. We collect data about your customers\u2019 opinions. We also hold focus groups, a well-known <a href=\"https:\/\/www.sisinternational.com\/fr\/quantitative-market-research-methods-and-techniques\/\" title=\"Quantitative Market Research Methods and Techniques\"  data-wpil-monitor-id=\"8411\">market research method<\/a> that gathers detailed information. Through focus groups, we also uncover customers\u2019 actual points of view. Moreover, <a href=\"https:\/\/www.sisinternational.com\/fr\/recherche-qualitative-pour-ameliorer-lexperience-client\/\" title=\"Recherche qualitative pour am\u00e9liorer l&#039;exp\u00e9rience client\"  data-wpil-monitor-id=\"8410\">Qualitative Research assists us in comprehending customer<\/a> behavior. It also identifies the factors that influence product repurchase. Quantitative analysis provides us with objective information on your customers\u2019 purchasing behavior. By doing strategy research, we help you save money and secure your firm\u2019s success.<\/p>\n\n\n\n<p><\/p>","protected":false},"excerpt":{"rendered":"<p>Les personnes souffrant de blessures chroniques ont des capacit\u00e9s r\u00e9duites au travail, \u00e0 la maison ou ailleurs. Un nombre croissant de personnes vivent avec des blessures chroniques.<\/p>","protected":false},"author":1,"featured_media":62432,"parent":11294,"menu_order":114,"comment_status":"closed","ping_status":"closed","template":"","meta":{"_uag_custom_page_level_css":"","footnotes":""},"class_list":["post-40139","page","type-page","status-publish","has-post-thumbnail"],"uagb_featured_image_src":{"full":["https:\/\/www.sisinternational.com\/wp-content\/uploads\/2025\/08\/Healthcare-14.jpg",1456,816,false],"thumbnail":["https:\/\/www.sisinternational.com\/wp-content\/uploads\/2025\/08\/Healthcare-14-150x150.jpg",150,150,true],"medium":["https:\/\/www.sisinternational.com\/wp-content\/uploads\/2025\/08\/Healthcare-14-300x168.jpg",300,168,true],"medium_large":["https:\/\/www.sisinternational.com\/wp-content\/uploads\/2025\/08\/Healthcare-14-768x430.jpg",768,430,true],"large":["https:\/\/www.sisinternational.com\/wp-content\/uploads\/2025\/08\/Healthcare-14-1024x574.jpg",1024,574,true],"1536x1536":["https:\/\/www.sisinternational.com\/wp-content\/uploads\/2025\/08\/Healthcare-14.jpg",1456,816,false],"2048x2048":["https:\/\/www.sisinternational.com\/wp-content\/uploads\/2025\/08\/Healthcare-14.jpg",1456,816,false],"trp-custom-language-flag":["https:\/\/www.sisinternational.com\/wp-content\/uploads\/2025\/08\/Healthcare-14-18x10.jpg",18,10,true]},"uagb_author_info":{"display_name":"Ruth Stanat","author_link":"https:\/\/www.sisinternational.com\/fr\/author\/expert\/"},"uagb_comment_info":0,"uagb_excerpt":"Those with chronic wounds have reduced capabilities at work, home, or anywhere. A growing number of people live with chronic wounds.","_links":{"self":[{"href":"https:\/\/www.sisinternational.com\/fr\/wp-json\/wp\/v2\/pages\/40139","targetHints":{"allow":["GET"]}}],"collection":[{"href":"https:\/\/www.sisinternational.com\/fr\/wp-json\/wp\/v2\/pages"}],"about":[{"href":"https:\/\/www.sisinternational.com\/fr\/wp-json\/wp\/v2\/types\/page"}],"author":[{"embeddable":true,"href":"https:\/\/www.sisinternational.com\/fr\/wp-json\/wp\/v2\/users\/1"}],"replies":[{"embeddable":true,"href":"https:\/\/www.sisinternational.com\/fr\/wp-json\/wp\/v2\/comments?post=40139"}],"version-history":[{"count":4,"href":"https:\/\/www.sisinternational.com\/fr\/wp-json\/wp\/v2\/pages\/40139\/revisions"}],"predecessor-version":[{"id":81410,"href":"https:\/\/www.sisinternational.com\/fr\/wp-json\/wp\/v2\/pages\/40139\/revisions\/81410"}],"up":[{"embeddable":true,"href":"https:\/\/www.sisinternational.com\/fr\/wp-json\/wp\/v2\/pages\/11294"}],"wp:featuredmedia":[{"embeddable":true,"href":"https:\/\/www.sisinternational.com\/fr\/wp-json\/wp\/v2\/media\/62432"}],"wp:attachment":[{"href":"https:\/\/www.sisinternational.com\/fr\/wp-json\/wp\/v2\/media?parent=40139"}],"curies":[{"name":"wp","href":"https:\/\/api.w.org\/{rel}","templated":true}]}}