{"id":40131,"date":"2022-04-16T17:43:59","date_gmt":"2022-04-16T17:43:59","guid":{"rendered":"https:\/\/www.sisinternational.com\/?page_id=40131"},"modified":"2026-01-24T18:52:37","modified_gmt":"2026-01-24T23:52:37","slug":"etude-de-marche-sur-la-science-decisionnelle","status":"publish","type":"page","link":"https:\/\/www.sisinternational.com\/fr\/competence\/etude-de-marche-sur-la-science-decisionnelle\/","title":{"rendered":"\u00c9tude de march\u00e9 sur la science d\u00e9cisionnelle"},"content":{"rendered":"<h1 class=\"wp-block-heading\">\u00c9tude de march\u00e9 sur la science d\u00e9cisionnelle<\/h1>\n\n\n\n<figure class=\"gb-block-image gb-block-image-baf1bf1d\"><img loading=\"lazy\" decoding=\"async\" width=\"1456\" height=\"816\" class=\"gb-image gb-image-baf1bf1d\" src=\"https:\/\/www.sisinternational.com\/wp-content\/uploads\/2025\/08\/Strategy-consulting-33.jpg\" alt=\"\u00c9tudes de march\u00e9 et strat\u00e9gie internationales SIS\" title=\"Strategy consulting (33)\" srcset=\"https:\/\/www.sisinternational.com\/wp-content\/uploads\/2025\/08\/Strategy-consulting-33.jpg 1456w, https:\/\/www.sisinternational.com\/wp-content\/uploads\/2025\/08\/Strategy-consulting-33-300x168.jpg 300w, https:\/\/www.sisinternational.com\/wp-content\/uploads\/2025\/08\/Strategy-consulting-33-1024x574.jpg 1024w, https:\/\/www.sisinternational.com\/wp-content\/uploads\/2025\/08\/Strategy-consulting-33-768x430.jpg 768w, https:\/\/www.sisinternational.com\/wp-content\/uploads\/2025\/08\/Strategy-consulting-33-18x10.jpg 18w\" sizes=\"auto, (max-width: 1456px) 100vw, 1456px\"><\/figure>\n\n\n\n<p><\/p>\n\n\n\n<hr class=\"wp-block-separator has-alpha-channel-opacity is-style-dots\"\/>\n\n\n\n<h2 class=\"wp-block-heading\">Qu\u2019est-ce que l\u2019\u00e9tude de march\u00e9 sur la science d\u00e9cisionnelle ?<\/h2>\n\n\n\n<p>Data is important. The vast array of fields depends on good data to make good predictions. And this is so for \u201cDecision Science.\u201d In simple terms, Decision Science is the set of techniques used to guide decision-making. We can use it on small and large scales as a field that draws on many disciplines. For example, it uses economics, machine learning, and other theories to form rational conclusions about problems. There are many problems a <a href=\"https:\/\/www.sisinternational.com\/fr\/publications\/etude-de-marche-sur-les-entreprises-evolutives-7-facons-de-creer-une-entreprise-evolutive\/\" title=\"\u00c9tude de march\u00e9 sur les entreprises \u00e9volutives\u00a0: 7 fa\u00e7ons de cr\u00e9er une entreprise \u00e9volutive\"  data-wpil-monitor-id=\"9205\">business<\/a> will have to overcome in the market. Some need expert knowledge and tact to handle them. For this reason, it\u2019s essential to use decision <a href=\"https:\/\/www.sisinternational.com\/fr\/solutions\/ai-etudes-de-marche-et-conseil-en-strategie\/etude-de-marche-par-ia-en-science-des-donnees\/\" title=\"\u00c9tude de march\u00e9 sur l\u2019IA en science des donn\u00e9es\"  data-wpil-monitor-id=\"2396\">science in your market research<\/a>. It is bound to improve its value to you.<\/p>\n\n\n\n<h2 class=\"wp-block-heading\">Pourquoi les \u00e9tudes de march\u00e9 sur la science d\u00e9cisionnelle sont-elles importantes ?<\/h2>\n\n\n\n<p>Any approach to research needs to be, on some level, systematic. Often, that means changing up the methods. For example, we can use it when looking for different things. But to do that, the <a href=\"https:\/\/www.sisinternational.com\/fr\/solutions\/ai-etudes-de-marche-et-conseil-en-strategie\/ressources-humaines-automatisation-de-la-gestion-des-talents-conseil-en-intelligence-artificielle\/\" title=\"Automatisation des ressources humaines et de la gestion des talents et conseil en IA\"  data-wpil-monitor-id=\"9202\">management of those resources<\/a> needs to be competent. The project itself needs good decision-making. And that\u2019s where decision science comes in. It is a multifaceted and comprehensive approach to management that allows it to produce valuable solutions to complex problems. Decision science market research helps company owners understand the supply scale. It also tells them the kinds of producers they should contact for business deals. In addition, it allows firms to know if a particular change in a product is worth it. And we\u2019ve only scratched the surface of what a business can do with Decision Science. That little bit of management expertise can make a difference in a <a href=\"https:\/\/www.sisinternational.com\/fr\/couverture\/les-ameriques\/etude-de-marche-dans-les-caraibes\/societe-de-conseil-en-gestion-des-caraibes\/\" title=\"Soci\u00e9t\u00e9 carib\u00e9enne de conseil en gestion\"  data-wpil-monitor-id=\"9207\">company\u2019s<\/a> success.<\/p>\n\n\n\n<h2 class=\"wp-block-heading\">Titres de poste cl\u00e9s<\/h2>\n\n\n\n<p>Les emplois notables comprennent\u00a0:<\/p>\n\n\n\n<ul class=\"wp-block-list\">\n<li>Analystes d&#039;\u00e9tudes de march\u00e9<\/li>\n\n\n\n<li>Analystes de donn\u00e9es<\/li>\n\n\n\n<li>Analystes comportementaux<\/li>\n\n\n\n<li>Statisticiens<\/li>\n\n\n\n<li>Administrateurs de donn\u00e9es<\/li>\n\n\n\n<li>Techniciens de bases de donn\u00e9es<\/li>\n<\/ul>\n\n\n\n<h2 class=\"wp-block-heading\">Why Businesses Need Decision Science Market Research<\/h2>\n\n\n\n<p>Many businesses go bust because they were in some way unprepared. They didn\u2019t consider risk factors and fell victim to one of the <a href=\"https:\/\/www.sisinternational.com\/fr\/facteurs-cles-de-succes-dans-les-etudes-de-marche-automobile\/\" title=\"Facteurs cl\u00e9s de succ\u00e8s dans les \u00e9tudes de march\u00e9 automobile\"  data-wpil-monitor-id=\"9206\">market\u2019s<\/a> many traps. Companies can set themselves apart with their decision-making. These decisions are not only about the <a href=\"https:\/\/www.sisinternational.com\/fr\/solutions\/conseil-en-tourisme-de-voyage-et-en-hotellerie\/etude-de-marche-dune-entreprise-de-guides-touristiques\/\" title=\"\u00c9tude de march\u00e9 sur les soci\u00e9t\u00e9s de guides touristiques\"  data-wpil-monitor-id=\"9200\">market but for the company<\/a> itself. It\u2019s one thing to set out and make moves in response to market data, but it\u2019s another to be able to as a company to carry them out. Decision Science is helpful for its ability to be beneficial on small and large scales. Decision Science uses a varied and in-depth approach to solving problems. This feature allows it to come up with intelligent solutions. That\u2019s why it\u2019s so valuable.<\/p>\n\n\n\n<h2 class=\"wp-block-heading\">Facteurs cl\u00e9s de succ\u00e8s<\/h2>\n\n\n\n<p>Decision Science and Market Research both involve using large amounts of data. It\u2019s essential to keep that data safe. In the modern-day, we have moved beyond the need for physical files. We now store data and move toward digital archiving. Digital files have an obvious advantage since they\u2019re compact. They can also store more data than traditional ones. They still have limitations. Like physical files, contact with water in any way can damage them. That is a problem in large server rooms that need considerable electricity. So, make sure to prevent that. Additionally, a company should invest in cloud storage in the case of a disaster because any significant problem with the database can put its <a href=\"https:\/\/www.sisinternational.com\/fr\/competence\/cv-dexperience\/cv-dexperience-dans-les-industries-chimiques-et-energetiques\/\" title=\"Soci\u00e9t\u00e9 d\u2019\u00e9tudes de march\u00e9 sur la chimie et l\u2019\u00e9nergie\"  data-wpil-monitor-id=\"9204\">recherche<\/a> far back.<\/p>\n\n\n\n<p>Decision Science has been around in some form or fashion for a long time. Yet it was only in the modern day that there has been a heavy emphasis on computation. And in particular, machine learning and AI. So, there is now a need for expert technicians and professionals to handle these new systems well. Thus, a key advantage to any business using Decision Science is to have a good IT team.<\/p>\n\n\n\n<h2 class=\"wp-block-heading\">\u00c0 propos des \u00e9tudes de march\u00e9 sur la science d\u00e9cisionnelle<\/h2>\n\n\n\n<p>Decision Science Market Research is a very complex approach to market research, but it is that way because its potential is vast. Expert management and leadership are a boon to any company. Decision Science is essential to that process. It <a href=\"https:\/\/www.sisinternational.com\/fr\/solutions\/conseil-en-strategie\/conseil-en-strategie-detude-de-marche-sur-laide-a-la-vente\/\" title=\"Etude de march\u00e9 et conseil en strat\u00e9gie sur l&#039;aide \u00e0 la vente\"  data-wpil-monitor-id=\"9203\">enables you to handle research<\/a> most effectively. Focus groups, interviews, and <a href=\"https:\/\/www.sisinternational.com\/fr\/solutions\/solutions-de-recherche-qualitative-et-quantitative\/etude-de-marche\/\" title=\"\u00c9tude de march\u00e9 par sondage\"  data-wpil-monitor-id=\"9201\">surveys are critical to your research\u2019s<\/a> success. Good qualitative and quantitative data are also necessary. These data tools make sure you look at things from all angles. Making sure your plan of attack is wide and varied ensures that you have no blind spots that others can exploit. All this is only going to boost your business to higher heights.<\/p>\n\n\n\n<p><\/p>","protected":false},"excerpt":{"rendered":"<p>La science de la d\u00e9cision offre une r\u00e9solution de probl\u00e8mes flexible qui profite aux d\u00e9fis \u00e0 petite et \u00e0 grande \u00e9chelle. Il g\u00e9n\u00e8re des solutions intelligentes.<\/p>","protected":false},"author":1,"featured_media":62520,"parent":14514,"menu_order":110,"comment_status":"closed","ping_status":"closed","template":"","meta":{"footnotes":""},"class_list":["post-40131","page","type-page","status-publish","has-post-thumbnail"],"_links":{"self":[{"href":"https:\/\/www.sisinternational.com\/fr\/wp-json\/wp\/v2\/pages\/40131","targetHints":{"allow":["GET"]}}],"collection":[{"href":"https:\/\/www.sisinternational.com\/fr\/wp-json\/wp\/v2\/pages"}],"about":[{"href":"https:\/\/www.sisinternational.com\/fr\/wp-json\/wp\/v2\/types\/page"}],"author":[{"embeddable":true,"href":"https:\/\/www.sisinternational.com\/fr\/wp-json\/wp\/v2\/users\/1"}],"replies":[{"embeddable":true,"href":"https:\/\/www.sisinternational.com\/fr\/wp-json\/wp\/v2\/comments?post=40131"}],"version-history":[{"count":5,"href":"https:\/\/www.sisinternational.com\/fr\/wp-json\/wp\/v2\/pages\/40131\/revisions"}],"predecessor-version":[{"id":81538,"href":"https:\/\/www.sisinternational.com\/fr\/wp-json\/wp\/v2\/pages\/40131\/revisions\/81538"}],"up":[{"embeddable":true,"href":"https:\/\/www.sisinternational.com\/fr\/wp-json\/wp\/v2\/pages\/14514"}],"wp:featuredmedia":[{"embeddable":true,"href":"https:\/\/www.sisinternational.com\/fr\/wp-json\/wp\/v2\/media\/62520"}],"wp:attachment":[{"href":"https:\/\/www.sisinternational.com\/fr\/wp-json\/wp\/v2\/media?parent=40131"}],"curies":[{"name":"wp","href":"https:\/\/api.w.org\/{rel}","templated":true}]}}