{"id":40129,"date":"2022-04-16T17:41:18","date_gmt":"2022-04-16T17:41:18","guid":{"rendered":"https:\/\/www.sisinternational.com\/?page_id=40129"},"modified":"2025-09-25T00:21:58","modified_gmt":"2025-09-25T04:21:58","slug":"etude-de-marche-sur-le-changement-climatique","status":"publish","type":"page","link":"https:\/\/www.sisinternational.com\/fr\/competence\/etude-de-marche-sur-le-changement-climatique\/","title":{"rendered":"\u00c9tude de march\u00e9 sur le changement climatique"},"content":{"rendered":"<h1 class=\"wp-block-heading\">\u00c9tude de march\u00e9 sur le changement climatique<\/h1>\n\n\n\n<figure class=\"gb-block-image gb-block-image-a6ac0bb1\"><img loading=\"lazy\" decoding=\"async\" width=\"1456\" height=\"816\" class=\"gb-image gb-image-a6ac0bb1\" src=\"https:\/\/www.sisinternational.com\/wp-content\/uploads\/2025\/08\/Climate-change-2.jpg\" alt=\"\u00c9tudes de march\u00e9 et strat\u00e9gie internationales SIS\" title=\"Climate change (2)\" srcset=\"https:\/\/www.sisinternational.com\/wp-content\/uploads\/2025\/08\/Climate-change-2.jpg 1456w, https:\/\/www.sisinternational.com\/wp-content\/uploads\/2025\/08\/Climate-change-2-300x168.jpg 300w, https:\/\/www.sisinternational.com\/wp-content\/uploads\/2025\/08\/Climate-change-2-1024x574.jpg 1024w, https:\/\/www.sisinternational.com\/wp-content\/uploads\/2025\/08\/Climate-change-2-768x430.jpg 768w, https:\/\/www.sisinternational.com\/wp-content\/uploads\/2025\/08\/Climate-change-2-18x10.jpg 18w\" sizes=\"auto, (max-width: 1456px) 100vw, 1456px\"><\/figure>\n\n\n\n<p><\/p>\n\n\n\n<p>Climate change is the long-term change in temperatures and weather patterns. Another definition is that it denotes a change in global or regional climate patterns. These changes can be natural, but human activities have been the leading cause of climate change. Most of the Climate Change we experience today is due to burning fossil fuels, which produce heat-trapping gases.<\/p>\n\n\n\n<p>Cette d\u00e9finition montre que depuis les ann\u00e9es 1800 jusqu\u2019\u00e0 nos jours, le climat a chang\u00e9, et nous sommes s\u00fbrs d\u2019en \u00eatre la cause. De plus, notre vie quotidienne implique de nombreux facteurs qui provoquent le changement climatique. Nous abattons des for\u00eats et br\u00fblons des combustibles fossiles. Ces activit\u00e9s influencent \u00e9galement la temp\u00e9rature de la Terre. Ils ajoutent alors de grandes quantit\u00e9s de gaz \u00e0 effet de serre \u00e0 ceux d\u00e9j\u00e0 pr\u00e9sents dans l\u2019atmosph\u00e8re. Les r\u00e9sultats sont l\u2019effet de serre et le r\u00e9chauffement climatique.<\/p>\n\n\n\n<h2 class=\"wp-block-heading\">Pourquoi le changement climatique est-il important ?<\/h2>\n\n\n\n<p>Comprendre la fa\u00e7on dont le climat change est tr\u00e8s important. Une telle compr\u00e9hension nous donne un moyen de pr\u00e9parer l\u2019avenir. La connaissance des changements nous permet de pr\u00e9dire des \u00e9l\u00e9ments tels que la quantit\u00e9 de pluie que pourrait apporter le prochain hiver. M\u00eame dans quelle mesure le niveau de la mer augmentera en raison de la hausse des temp\u00e9ratures de la mer.<\/p>\n\n\n\n<p>For people everywhere, knowing about the climate is essential. It affects farmers\u2019 crop cycles, which in turn impact food supply. Hence knowing the upcoming weather will help with better planning of events.<\/p>\n\n\n\n<h2 class=\"wp-block-heading\">Titres de poste cl\u00e9s<\/h2>\n\n\n\n<p>Le changement climatique entra\u00eene de nombreux emplois. Plus l\u2019atmosph\u00e8re change, plus les emplois voient le jour. Certains postes d\u00e9j\u00e0 en place sont\u00a0:<\/p>\n\n\n\n<ul class=\"wp-block-list\">\n<li>Avocat en environnement<\/li>\n\n\n\n<li>Climatologues<\/li>\n\n\n\n<li>G\u00e9oscientifiques<\/li>\n\n\n\n<li>Scientifique en \u00e9nergies renouvelables<\/li>\n\n\n\n<li>Ing\u00e9nieur automobile propre<\/li>\n\n\n\n<li>Consultant en d\u00e9veloppement durable<\/li>\n\n\n\n<li>Hydrologue<\/li>\n<\/ul>\n\n\n\n<p>Les temp\u00e9ratures \u00e9lev\u00e9es peuvent affecter la capacit\u00e9 des travailleurs \u00e0 accomplir leur travail. Il en va de m\u00eame pour la pollution de l\u2019air, qui \u00e0 son tour peut limiter les heures de travail.<\/p>\n\n\n\n<h2 class=\"wp-block-heading\">Why Businesses Need Climate Change<\/h2>\n\n\n\n<p>Companies have found many benefits and use them to their advantage. Moreover, they find addressing matters that affect the climate and working around these problems. For example, greenhouse gas targets have helped save money. They improve energy and work efficiency. They also reduce production costs, and product sales have gotten better.<\/p>\n\n\n\n<p>En agissant d\u00e8s maintenant, les entreprises peuvent r\u00e9duire les nombreux risques li\u00e9s au changement climatique. Agir maintenant constitue \u00e9galement un meilleur moyen de survivre et de prosp\u00e9rer. Les nouvelles opportunit\u00e9s apporteront un avenir plus fantastique et plus vert.<\/p>\n\n\n\n<h2 class=\"wp-block-heading\">Facteurs cl\u00e9s de succ\u00e8s<\/h2>\n\n\n\n<p>L\u2019un des facteurs essentiels de r\u00e9ussite en mati\u00e8re de changement climatique est l\u2019adaptation d\u00e8s le d\u00e9part. Par exemple, les agriculteurs de certaines r\u00e9gions peuvent b\u00e9n\u00e9ficier de rendements plus \u00e9lev\u00e9s gr\u00e2ce \u00e0 la chaleur du d\u00e9but du printemps. Les saisons chaudes plus longues sont excellentes pour la croissance des cultures. Des \u00e9tudes ont m\u00eame montr\u00e9 que certaines plantes poussent mieux en pr\u00e9sence de davantage de dioxyde de carbone. Ils semblent \u00e9galement plus tol\u00e9rants aux s\u00e9cheresses.<\/p>\n\n\n\n<p>Un autre avantage serait l&#039;exp\u00e9dition. Le passage du Nord-Ouest reste ouvert plus longtemps. Ainsi, \u00e0 court terme, le changement climatique impacte positivement le commerce.<\/p>\n\n\n\n<p>Les gens ont \u00e9galement modifi\u00e9 certaines choses dans leur vie quotidienne pour pr\u00e9venir le changement climatique. Par exemple, ils ont am\u00e9lior\u00e9 l\u2019efficacit\u00e9 \u00e9nerg\u00e9tique et les d\u00e9placements. Ils ont \u00e9galement augment\u00e9 l\u2019\u00e9nergie \u00e9olienne et solaire et utilisent davantage de biocarburants issus de d\u00e9chets organiques. Une autre mesure de pr\u00e9vention est la protection des for\u00eats. Le changement climatique a fait prendre conscience \u00e0 chacun de l\u2019importance de ralentir le r\u00e9chauffement de la Terre. Les gens mettent donc en \u0153uvre ces mesures autant que possible. L&#039;efficacit\u00e9 \u00e9nerg\u00e9tique et les \u00e9conomies d&#039;\u00e9nergie sont devenues une pratique quotidienne.<\/p>\n\n\n\n<h2 class=\"wp-block-heading\">\u00c0 propos des \u00e9tudes de march\u00e9 sur le changement climatique<\/h2>\n\n\n\n<p>La plupart des gens consid\u00e8rent le changement climatique comme une mauvaise chose, mais cela va dans les deux sens. M\u00eame si le r\u00e9chauffement de la Terre est une mauvaise chose, les entreprises peuvent prendre certaines mesures. Ensemble, nous pouvons pr\u00e9venir et m\u00eame am\u00e9liorer les conditions de vie. Nous pouvons d\u00e9velopper des moyens plus efficaces d\u2019accomplir notre vie quotidienne sans augmenter la quantit\u00e9 de gaz dans l\u2019air. Ce faisant, les entreprises ont plus de chances de p\u00e9renniser.<\/p>\n\n\n\n<p>Do you need help finding how your company will thrive under these conditions? Our company is here. We form focus groups that do strategic, qualitative, and quantitative research. We always aim for complete <a href=\"https:\/\/www.sisinternational.com\/fr\/financial-services-consulting\/financial-services-customer-satisfaction\/\" title=\"Financial Services Customer Satisfaction\"  data-wpil-monitor-id=\"8086\">satisfaction for our customers<\/a>. Contact us today; you\u2019ll be happy you did!<\/p>\n\n\n\n<p><\/p>","protected":false},"excerpt":{"rendered":"<p>Les \u00e9tudes de march\u00e9 sur le changement climatique aident les entreprises \u00e0 \u00e9conomiser de l\u2019argent, \u00e0 am\u00e9liorer leur efficacit\u00e9 et \u00e0 augmenter leurs ventes tout en r\u00e9duisant leur empreinte carbone.<\/p>","protected":false},"author":1,"featured_media":64050,"parent":14514,"menu_order":109,"comment_status":"closed","ping_status":"closed","template":"","meta":{"footnotes":""},"class_list":["post-40129","page","type-page","status-publish","has-post-thumbnail"],"_links":{"self":[{"href":"https:\/\/www.sisinternational.com\/fr\/wp-json\/wp\/v2\/pages\/40129","targetHints":{"allow":["GET"]}}],"collection":[{"href":"https:\/\/www.sisinternational.com\/fr\/wp-json\/wp\/v2\/pages"}],"about":[{"href":"https:\/\/www.sisinternational.com\/fr\/wp-json\/wp\/v2\/types\/page"}],"author":[{"embeddable":true,"href":"https:\/\/www.sisinternational.com\/fr\/wp-json\/wp\/v2\/users\/1"}],"replies":[{"embeddable":true,"href":"https:\/\/www.sisinternational.com\/fr\/wp-json\/wp\/v2\/comments?post=40129"}],"version-history":[{"count":4,"href":"https:\/\/www.sisinternational.com\/fr\/wp-json\/wp\/v2\/pages\/40129\/revisions"}],"predecessor-version":[{"id":81361,"href":"https:\/\/www.sisinternational.com\/fr\/wp-json\/wp\/v2\/pages\/40129\/revisions\/81361"}],"up":[{"embeddable":true,"href":"https:\/\/www.sisinternational.com\/fr\/wp-json\/wp\/v2\/pages\/14514"}],"wp:featuredmedia":[{"embeddable":true,"href":"https:\/\/www.sisinternational.com\/fr\/wp-json\/wp\/v2\/media\/64050"}],"wp:attachment":[{"href":"https:\/\/www.sisinternational.com\/fr\/wp-json\/wp\/v2\/media?parent=40129"}],"curies":[{"name":"wp","href":"https:\/\/api.w.org\/{rel}","templated":true}]}}