{"id":40037,"date":"2022-03-30T04:08:20","date_gmt":"2022-03-30T04:08:20","guid":{"rendered":"https:\/\/www.sisinternational.com\/?page_id=40037"},"modified":"2026-01-25T18:49:02","modified_gmt":"2026-01-25T23:49:02","slug":"etude-de-marche-aux-iles-mariannes","status":"publish","type":"page","link":"https:\/\/www.sisinternational.com\/fr\/couverture\/etude-de-marche-en-asie\/etude-de-marche-aux-iles-mariannes\/","title":{"rendered":"Etude de march\u00e9 aux \u00celes Mariannes"},"content":{"rendered":"<h1 class=\"wp-block-heading\">Etude de march\u00e9 aux \u00celes Mariannes<\/h1>\n\n\n\n<p><\/p>\n\n\n\n<figure class=\"gb-block-image gb-block-image-08fa674c\"><img loading=\"lazy\" decoding=\"async\" width=\"1456\" height=\"816\" class=\"gb-image gb-image-08fa674c\" src=\"https:\/\/www.sisinternational.com\/wp-content\/uploads\/2025\/09\/Mariana-Islands-2.jpg\" alt=\"\u00c9tudes de march\u00e9 et strat\u00e9gie internationales SIS\" title=\"Mariana Islands (2)\" srcset=\"https:\/\/www.sisinternational.com\/wp-content\/uploads\/2025\/09\/Mariana-Islands-2.jpg 1456w, https:\/\/www.sisinternational.com\/wp-content\/uploads\/2025\/09\/Mariana-Islands-2-300x168.jpg 300w, https:\/\/www.sisinternational.com\/wp-content\/uploads\/2025\/09\/Mariana-Islands-2-1024x574.jpg 1024w, https:\/\/www.sisinternational.com\/wp-content\/uploads\/2025\/09\/Mariana-Islands-2-768x430.jpg 768w, https:\/\/www.sisinternational.com\/wp-content\/uploads\/2025\/09\/Mariana-Islands-2-18x10.jpg 18w\" sizes=\"auto, (max-width: 1456px) 100vw, 1456px\"><\/figure>\n\n\n\n<p><\/p>\n\n\n\n<hr class=\"wp-block-separator has-alpha-channel-opacity is-style-dots\"\/>\n\n\n\n<p>Les \u00eeles Mariannes sont une cha\u00eene d&#039;\u00eeles en forme de croissant compos\u00e9e de quinze pics volcaniques endormis dans l&#039;ouest du Pacifique Nord. Les gens parlent plusieurs langues maternelles, mais la plupart parlent anglais. Les Asiatiques constituent le groupe ethnique le plus r\u00e9pandu dans les \u00eeles, mais les autochtones hawa\u00efens sont \u00e9galement tr\u00e8s pr\u00e9sents.<\/p>\n\n\n\n<p>Un autre point cl\u00e9 est qu\u2019il s\u2019agit d\u2019un territoire am\u00e9ricain. La plupart des gens sont chr\u00e9tiens, mais certains pratiquent \u00e9galement le bouddhisme. Les religions populaires sont pr\u00e9sentes sur les \u00eeles. La monnaie est le dollar am\u00e9ricain (USD).<\/p>\n\n\n\n<h2 class=\"wp-block-heading\">Industries cl\u00e9s<\/h2>\n\n\n\n<p>Le tourisme est la principale industrie. Rota et Saipan sont des centres touristiques majeurs proposant des h\u00f4tels de luxe. La plupart des touristes viennent du Japon et des \u00c9tats-Unis.<\/p>\n\n\n\n<p>De nombreuses personnes gagnent un revenu suppl\u00e9mentaire en cultivant du taro, du fruit \u00e0 pain, de l&#039;igname et d&#039;autres cultures.<\/p>\n\n\n\n<p>People come from all over the world to invest in the islands, which have expanded the production of clothing and accessories. The garment industry is now a large part of the Northern Marianas economy.<\/p>\n\n\n\n<h2 class=\"wp-block-heading\">Quartiers<\/h2>\n\n\n\n<p>Saipan, la plus grande \u00eele, se trouve au nord. Il abrite le village de Susupe, o\u00f9 se trouve le bureau principal du pouvoir judiciaire du gouvernement. Les deux autres succursales se trouvent \u00e0 Capitol Hill Village.<\/p>\n\n\n\n<p>Tinian est une autre \u00eele importante. Elle abrite la ville de Tinian, l&#039;une des quatre principales villes des \u00eeles du nord. Le plus grand village de Tinian est San Jose.<\/p>\n\n\n\n<p>Also known as the \u201cFriendly Island,\u201d Rota lies south of this group of islands. In early Spanish records, \u201cZarpana\u201d was its name. Rota derives from a Spaniard who may have named the island after the city of Rota in Spain.<\/p>\n\n\n\n<p>Saipan, Tinian et Rota sont toutes pav\u00e9es, mais les transports publics sont quasiment inexistants. Au lieu de cela, des navettes desservent les grandes villes. Les \u00eeles utilisent le transport a\u00e9rien, mais plusieurs cargos transportent du fret entre elles. Saipan est le plus grand port, suivi de Tinian et Rota. Saipan poss\u00e8de un a\u00e9roport international, tandis que Rota et Tinian ont de petits a\u00e9roports.<\/p>\n\n\n\n<h2 class=\"wp-block-heading\">Les tendances<\/h2>\n\n\n\n<p>La population des \u00eeles a augment\u00e9 par rapport aux ann\u00e9es pr\u00e9c\u00e9dentes. De plus, de plus en plus de personnes se connectent \u00e0 Internet et utilisent les r\u00e9seaux sociaux. Twitter et Facebook sont deux des principales applications de r\u00e9seaux sociaux utilis\u00e9es, et les gens utilisent \u00e9galement Pinterest, Instagram et LinkedIn. Il existe \u00e9galement plusieurs connexions mobiles.<\/p>\n\n\n\n<h2 class=\"wp-block-heading\">Avantages et atouts sur le march\u00e9<\/h2>\n\n\n\n<p>Dans tous les secteurs de l\u2019\u00e9conomie maritime, le tourisme et les loisirs sont de loin les principaux employeurs.<\/p>\n\n\n\n<p>Deuxi\u00e8mement, les \u00eeles prot\u00e8gent les lois am\u00e9ricaines, y compris celles li\u00e9es au syst\u00e8me judiciaire am\u00e9ricain. Ils reconnaissent \u00e9galement les droits d&#039;auteur, les marques d\u00e9pos\u00e9es, les brevets et la propri\u00e9t\u00e9 intellectuelle.<\/p>\n\n\n\n<p>Le fait que le dollar am\u00e9ricain soit la monnaie officielle constitue un autre avantage. Il n&#039;y a aucune restriction sur le retour des b\u00e9n\u00e9fices ou du capital vers votre pays d&#039;origine.<\/p>\n\n\n\n<h2 class=\"wp-block-heading\">Raisons de d\u00e9velopper votre entreprise aux \u00eeles Mariannes<\/h2>\n\n\n\n<p>First, the <a href=\"https:\/\/www.sisinternational.com\/fr\/couverture\/les-ameriques\/etude-de-marche-dans-les-caraibes\/etude-de-marche-iles-vierges-americaines\/\" title=\"Etude de march\u00e9 aux \u00celes Vierges am\u00e9ricaines\"  data-wpil-monitor-id=\"5185\">islands are close to major Asian markets<\/a>.<\/p>\n\n\n\n<p>Il existe \u00e9galement de nombreux avantages fiscaux. Par exemple, les personnes qui travaillent sur les \u00eeles n\u2019ont pas \u00e0 payer d\u2019imp\u00f4t sur le revenu.<\/p>\n\n\n\n<p>La troisi\u00e8me raison concerne les visas. Les touristes du Japon et de la Cor\u00e9e du Sud b\u00e9n\u00e9ficient d\u2019un traitement complet sans visa.<\/p>\n\n\n\n<p>Un autre avantage r\u00e9side dans les ports hors taxes am\u00e9ricains des \u00eeles.<\/p>\n\n\n\n<p>Enfin, il existe \u00e9galement un avantage pour les entreprises agr\u00e9\u00e9es dans les \u00eeles. Ces soci\u00e9t\u00e9s sont exempt\u00e9es de la loi am\u00e9ricaine sur la documentation des navires.<\/p>\n\n\n\n<h2 class=\"wp-block-heading\"><strong>\u00c0 propos de SIS International<\/strong><\/h2>\n\n\n\n<p><a href=\"https:\/\/www.sisinternational.com\/fr\/\"><span style=\"font-weight: 400;\">SIS International<\/span><\/a><span style=\"font-weight: 400;\"> propose des recherches quantitatives, qualitatives et strat\u00e9giques. Nous fournissons des donn\u00e9es, des outils, des strat\u00e9gies, des rapports et des informations pour la prise de d\u00e9cision. Nous menons \u00e9galement des entretiens, des enqu\u00eates, des groupes de discussion et d\u2019autres m\u00e9thodes et approches d\u2019\u00e9tudes de march\u00e9.<\/span><a href=\"https:\/\/www.sisinternational.com\/fr\/a-propos-de-la-recherche-internationale-sis\/contact-sis-international-market-research\/\"><span style=\"font-weight: 400;\"> Contactez nous<\/span><\/a><span style=\"font-weight: 400;\"> pour votre prochain projet d&#039;\u00e9tude de march\u00e9.<\/span><\/p>\n\n\n\n<p><\/p>","protected":false},"excerpt":{"rendered":"<p>SIS International Research fournit des \u00e9tudes de march\u00e9 qualitatives, quantitatives et strat\u00e9giques dans les \u00eeles Mariannes.<\/p>","protected":false},"author":1,"featured_media":65705,"parent":14508,"menu_order":55,"comment_status":"closed","ping_status":"closed","template":"","meta":{"footnotes":""},"class_list":["post-40037","page","type-page","status-publish","has-post-thumbnail"],"_links":{"self":[{"href":"https:\/\/www.sisinternational.com\/fr\/wp-json\/wp\/v2\/pages\/40037","targetHints":{"allow":["GET"]}}],"collection":[{"href":"https:\/\/www.sisinternational.com\/fr\/wp-json\/wp\/v2\/pages"}],"about":[{"href":"https:\/\/www.sisinternational.com\/fr\/wp-json\/wp\/v2\/types\/page"}],"author":[{"embeddable":true,"href":"https:\/\/www.sisinternational.com\/fr\/wp-json\/wp\/v2\/users\/1"}],"replies":[{"embeddable":true,"href":"https:\/\/www.sisinternational.com\/fr\/wp-json\/wp\/v2\/comments?post=40037"}],"version-history":[{"count":6,"href":"https:\/\/www.sisinternational.com\/fr\/wp-json\/wp\/v2\/pages\/40037\/revisions"}],"predecessor-version":[{"id":79045,"href":"https:\/\/www.sisinternational.com\/fr\/wp-json\/wp\/v2\/pages\/40037\/revisions\/79045"}],"up":[{"embeddable":true,"href":"https:\/\/www.sisinternational.com\/fr\/wp-json\/wp\/v2\/pages\/14508"}],"wp:featuredmedia":[{"embeddable":true,"href":"https:\/\/www.sisinternational.com\/fr\/wp-json\/wp\/v2\/media\/65705"}],"wp:attachment":[{"href":"https:\/\/www.sisinternational.com\/fr\/wp-json\/wp\/v2\/media?parent=40037"}],"curies":[{"name":"wp","href":"https:\/\/api.w.org\/{rel}","templated":true}]}}