{"id":40035,"date":"2022-03-30T03:38:16","date_gmt":"2022-03-30T03:38:16","guid":{"rendered":"https:\/\/www.sisinternational.com\/?page_id=40035"},"modified":"2026-01-25T19:39:09","modified_gmt":"2026-01-26T00:39:09","slug":"etude-de-marche-sur-lile-norfolk","status":"publish","type":"page","link":"https:\/\/www.sisinternational.com\/fr\/couverture\/etude-de-marche-en-asie\/etude-de-marche-sur-lile-norfolk\/","title":{"rendered":"Etude de march\u00e9 sur l&#039;\u00cele Norfolk"},"content":{"rendered":"<h1 class=\"wp-block-heading\">Etude de march\u00e9 sur l&#039;\u00cele Norfolk<\/h1>\n\n\n\n<p><\/p>\n\n\n\n<figure class=\"gb-block-image gb-block-image-cb2d77ba\"><img loading=\"lazy\" decoding=\"async\" width=\"1456\" height=\"816\" class=\"gb-image gb-image-cb2d77ba\" src=\"https:\/\/www.sisinternational.com\/wp-content\/uploads\/2025\/09\/Norfolk-Island-3.jpg\" alt=\"\u00c9tudes de march\u00e9 et strat\u00e9gie internationales SIS\" title=\"Norfolk Island (3)\" srcset=\"https:\/\/www.sisinternational.com\/wp-content\/uploads\/2025\/09\/Norfolk-Island-3.jpg 1456w, https:\/\/www.sisinternational.com\/wp-content\/uploads\/2025\/09\/Norfolk-Island-3-300x168.jpg 300w, https:\/\/www.sisinternational.com\/wp-content\/uploads\/2025\/09\/Norfolk-Island-3-1024x574.jpg 1024w, https:\/\/www.sisinternational.com\/wp-content\/uploads\/2025\/09\/Norfolk-Island-3-768x430.jpg 768w, https:\/\/www.sisinternational.com\/wp-content\/uploads\/2025\/09\/Norfolk-Island-3-18x10.jpg 18w\" sizes=\"auto, (max-width: 1456px) 100vw, 1456px\"><\/figure>\n\n\n\n<p><\/p>\n\n\n\n<hr class=\"wp-block-separator has-alpha-channel-opacity is-style-dots\"\/>\n\n\n\n<p>Vous \u00eates-vous d\u00e9j\u00e0 demand\u00e9 comment les entreprises prosp\u00e8rent sur des march\u00e9s isol\u00e9s et uniques comme l&#039;\u00eele Norfolk ? Les \u00e9tudes de march\u00e9 sur l&#039;\u00eele Norfolk sont la cl\u00e9 pour comprendre le paysage commercial unique de cette petite r\u00e9gion, mais strat\u00e9giquement importante.<\/p>\n\n\n\n<h2 class=\"wp-block-heading\">Qu&#039;est-ce qu&#039;une \u00e9tude de march\u00e9 \u00e0 Norfolk Island ?<\/h2>\n\n\n\n<p>Les \u00e9tudes de march\u00e9 sur l&#039;\u00eele Norfolk analysent les informations sur les conditions du march\u00e9 local, les pr\u00e9f\u00e9rences des consommateurs et les tendances du secteur. Mener une \u00e9tude de march\u00e9 ici signifie se pencher sur divers aspects, tels que les pr\u00e9f\u00e9rences des r\u00e9sidents locaux, les changements saisonniers dans le comportement des consommateurs et les d\u00e9fis auxquels les entreprises sont confront\u00e9es en raison de l&#039;\u00e9loignement g\u00e9ographique de l&#039;\u00eele.<\/p>\n\n\n\n<p>Ce <a href=\"https:\/\/www.sisinternational.com\/fr\/couverture\/les-ameriques\/etude-de-marche-dans-les-caraibes\/etude-de-marche-aux-iles-turques-et-caiques\/\" title=\"Etude de march\u00e9 aux \u00celes Turques et Ca\u00efques\"  data-wpil-monitor-id=\"3542\">\u00e9tude de march\u00e9<\/a> solves a number of issues specific to Norfolk Island, such as understanding the fluctuating demand due to tourism, managing logistical hurdles, and identifying niche opportunities for products and services that meet local needs.<\/p>\n\n\n\n<h2 class=\"wp-block-heading\">Pourquoi les entreprises ont-elles besoin d\u2019\u00e9tudes de march\u00e9 \u00e0 Norfolk Island\u00a0?<\/h2>\n\n\n\n<p>Businesses need <a href=\"https:\/\/www.sisinternational.com\/fr\/couverture\/leurope-%ef%83%97\/etude-de-marche-aux-iles-feroe\/\" title=\"Etude de march\u00e9 aux \u00celes F\u00e9ro\u00e9\"  data-wpil-monitor-id=\"3741\">market research in Norfolk Island<\/a> to navigate the specific challenges and opportunities this region presents. Norfolk <a href=\"https:\/\/www.sisinternational.com\/fr\/couverture\/les-ameriques\/etude-de-marche-dans-les-caraibes\/etude-de-marche-iles-vierges-britanniques\/\" title=\"Etude de march\u00e9 aux \u00celes Vierges britanniques\"  data-wpil-monitor-id=\"5851\">Island&#8217;s unique market<\/a> conditions\u2014such as a limited but dynamic consumer base, fluctuating tourism demand, and logistical complexities\u2014require businesses to have deep, locally informed insights to succeed. Market research provides the data necessary to develop strategies tailored to these regional nuances.<\/p>\n\n\n\n<p>Il est essentiel de comprendre le comportement des consommateurs sur ce petit march\u00e9. Par exemple, les entreprises doivent comprendre les changements saisonniers qui ont un impact sur la demande, qui est largement influenc\u00e9e par le tourisme. De plus, l&#039;\u00eele Norfolk \u00e9tant situ\u00e9e \u00e0 une certaine distance, la gestion de la logistique et de la cha\u00eene d&#039;approvisionnement peut s&#039;av\u00e9rer plus difficile. Les \u00e9tudes de march\u00e9 aident les entreprises \u00e0 anticiper ces obstacles et \u00e0 prendre des d\u00e9cisions \u00e9clair\u00e9es en mati\u00e8re d&#039;approvisionnement, de prix et de distribution. Gr\u00e2ce \u00e0 des informations fiables sur le march\u00e9, les entreprises peuvent maximiser leurs chances de r\u00e9ussite sur un march\u00e9 unique et parfois impr\u00e9visible comme celui de l&#039;\u00eele Norfolk.<\/p>\n\n\n\n<h3 class=\"wp-block-heading\">Notre analyse actuelle du march\u00e9 et nos recommandations<\/h3>\n\n\n\n<p>Chez SIS International, nous pensons que ce march\u00e9 offre des opportunit\u00e9s prometteuses, notamment dans des domaines de niche tels que l\u2019\u00e9cotourisme, les produits artisanaux et les services locaux sp\u00e9cialis\u00e9s.<\/p>\n\n\n\n<p>Nous recommandons aux entreprises de se concentrer sur l&#039;\u00e9tablissement de relations solides avec la communaut\u00e9 locale et d&#039;adapter leurs offres pour s&#039;aligner sur les valeurs culturelles de l&#039;\u00eele. En raison de la d\u00e9pendance de l&#039;\u00eele Norfolk au tourisme, les entreprises doivent d\u00e9velopper des strat\u00e9gies qui ciblent les fluctuations saisonni\u00e8res et tirent parti des p\u00e9riodes de pointe du tourisme pour augmenter leurs revenus. En outre, nous consid\u00e9rons qu&#039;il est important pour les entreprises de planifier les d\u00e9fis logistiques, tels que les retards d&#039;exp\u00e9dition, en \u00e9tablissant des cha\u00eenes d&#039;approvisionnement fiables et en s&#039;associant \u00e0 des distributeurs locaux.<\/p>\n\n\n\n<h2 class=\"wp-block-heading\">About Norfolk Island<\/h2>\n\n\n\n<p>L&#039;\u00eele Norfolk est un territoire ext\u00e9rieur de l&#039;Australie. C&#039;est une \u00eele du Pacifique situ\u00e9e entre la Nouvelle-Z\u00e9lande et la Nouvelle-Cal\u00e9donie. Le territoire de l&#039;\u00eele Norfolk (son nom officiel) se compose de trois \u00eeles : l&#039;\u00eele Lord Howe, l&#039;\u00eele Phillip et l&#039;\u00eele Nepean.<\/p>\n\n\n\n<p>Les habitants parlent anglais et norfuk. Les habitants de l&#039;\u00eele Norfolk sont le groupe ethnique le plus r\u00e9pandu dans les \u00eeles. Les Anglais des \u00eeles Pitcairn et les N\u00e9o-Z\u00e9landais sont d&#039;autres groupes ethniques. Ces \u00eeles abritent \u00e9galement des colons \u00e9cossais, irlandais et fidjiens. De plus, la plupart des habitants de l&#039;\u00eele pratiquent la religion chr\u00e9tienne. La monnaie est le dollar australien (AUD).<\/p>\n\n\n\n<h2 class=\"wp-block-heading\">Quartiers<\/h2>\n\n\n\n<figure class=\"gb-block-image gb-block-image-80fa65f4\"><img loading=\"lazy\" decoding=\"async\" width=\"1456\" height=\"816\" class=\"gb-image gb-image-80fa65f4\" src=\"https:\/\/www.sisinternational.com\/wp-content\/uploads\/2025\/09\/Norfolk-Island-1.jpg\" alt=\"\u00c9tudes de march\u00e9 et strat\u00e9gie internationales SIS\" title=\"Norfolk Island (1)\" srcset=\"https:\/\/www.sisinternational.com\/wp-content\/uploads\/2025\/09\/Norfolk-Island-1.jpg 1456w, https:\/\/www.sisinternational.com\/wp-content\/uploads\/2025\/09\/Norfolk-Island-1-300x168.jpg 300w, https:\/\/www.sisinternational.com\/wp-content\/uploads\/2025\/09\/Norfolk-Island-1-1024x574.jpg 1024w, https:\/\/www.sisinternational.com\/wp-content\/uploads\/2025\/09\/Norfolk-Island-1-768x430.jpg 768w, https:\/\/www.sisinternational.com\/wp-content\/uploads\/2025\/09\/Norfolk-Island-1-18x10.jpg 18w\" sizes=\"auto, (max-width: 1456px) 100vw, 1456px\"><\/figure>\n\n\n\n<p><\/p>\n\n\n\n<p>Kingston est le centre d\u00e9cisionnel de l&#039;\u00eele Norfolk. C&#039;est donc la capitale de l&#039;\u00eele et le si\u00e8ge du conseil r\u00e9gional de l&#039;\u00eele Norfolk. De plus, Kingston est la deuxi\u00e8me plus ancienne colonie d&#039;Australie. Il a vu le jour environ un mois apr\u00e8s la fondation de Sydney. Il fait partie de la zone historique de Kingston et Arthur&#039;s Vale, un site du patrimoine mondial.<\/p>\n\n\n\n<p>Burnt Pine est la ville principale et le centre commercial de l&#039;\u00eele. Le seul acc\u00e8s routier de l&#039;\u00eele passe par le centre-ville. Alors, faut-il aller d&#039;un bout \u00e0 l&#039;autre de l&#039;\u00eele ? Alors il faut passer par Burnt Pine.<\/p>\n\n\n\n<h2 class=\"wp-block-heading\">Les tendances<\/h2>\n\n\n\n<p>Le nombre de personnes vivant sur l\u2019\u00eele Norfolk reste le m\u00eame que les ann\u00e9es pr\u00e9c\u00e9dentes. Pourtant, le nombre de personnes se connectant \u00e0 Internet a augment\u00e9. Les prestataires ont \u00e9galement constat\u00e9 une augmentation du nombre de personnes utilisant les m\u00e9dias sociaux. Les principales applications de m\u00e9dias sociaux utilis\u00e9es sont Facebook, Instagram et LinkedIn. Il existe \u00e9galement davantage de connexions mobiles.<\/p>\n\n\n\n<h2 class=\"wp-block-heading\">Industries cl\u00e9s et principaux acteurs de l&#039;\u00eele Norfolk<\/h2>\n\n\n\n<p>L&#039;\u00e9conomie de l&#039;\u00eele Norfolk repose principalement sur le tourisme, l&#039;agriculture et la fabrication \u00e0 petite \u00e9chelle. L&#039;industrie du tourisme est l&#039;un des contributeurs les plus importants, attirant des visiteurs int\u00e9ress\u00e9s par sa beaut\u00e9 pittoresque, sa riche histoire et sa culture dynamique. Les principaux acteurs de cette industrie sont le Norfolk Island Travel Centre et Baunti Escapes, qui jouent tous deux un r\u00f4le majeur dans l&#039;organisation de circuits, la promotion du patrimoine local et la fourniture d&#039;exp\u00e9riences uniques et personnalis\u00e9es aux voyageurs. En outre, le secteur du tourisme b\u00e9n\u00e9ficie de plusieurs h\u00e9bergements de charme, de guides locaux et d&#039;\u00e9v\u00e9nements culturels qui contribuent \u00e0 mettre en valeur le caract\u00e8re distinctif de l&#039;\u00eele.<\/p>\n\n\n\n<p>Dans le secteur agricole, la Norfolk Island Growers Co-operative est le chef de file en mati\u00e8re d&#039;approvisionnement en produits frais, de promotion de la durabilit\u00e9 et de soutien \u00e0 la s\u00e9curit\u00e9 alimentaire de l&#039;\u00eele. Le secteur manufacturier, bien que limit\u00e9, se concentre sur les produits artisanaux et l&#039;artisanat local. Des entreprises locales telles que The Hilli Goat produisent des produits laitiers et des fromages artisanaux, mettant en valeur la qualit\u00e9 et le caract\u00e8re unique des offres locales de l&#039;\u00eele Norfolk. Ces industries et entreprises cl\u00e9s illustrent l&#039;adaptabilit\u00e9 et la r\u00e9silience de l&#039;environnement commercial de l&#039;\u00eele Norfolk.<\/p>\n\n\n\n<h2 class=\"wp-block-heading\">Avantages et atouts sur le march\u00e9<\/h2>\n\n\n\n<ol class=\"wp-block-list\">\n<li>L&#039;\u00eele Norfolk est aujourd&#039;hui autonome et prosp\u00e8re, m\u00eame si le gouvernement australien a fait quelques demandes d&#039;aide. Les habitants de l&#039;\u00eele sont travailleurs et ont une forte \u00e9thique du travail.<\/li>\n\n\n\n<li>Certains insulaires ont une solide capacit\u00e9 d&#039;improvisation et de d\u00e9brouillardise. Ils trouvent \u00e9galement des solutions, sont pratiques et font preuve de souplesse.<\/li>\n\n\n\n<li>Il existe un produit touristique mature et r\u00e9put\u00e9.<\/li>\n\n\n\n<li>Elle r\u00e9invente d\u00e9sormais sa propre activit\u00e9 pour l\u2019avenir.<\/li>\n\n\n\n<li>Les habitants de l\u2019\u00eele Norfolk sont tr\u00e8s g\u00e9n\u00e9reux et prennent soin les uns des autres.<\/li>\n<\/ol>\n\n\n\n<h3 class=\"wp-block-heading\">Industries cl\u00e9s et principaux acteurs de l&#039;\u00eele Norfolk<\/h3>\n\n\n\n<p>L&#039;\u00e9conomie de l&#039;\u00eele Norfolk repose principalement sur le tourisme, l&#039;agriculture et la fabrication \u00e0 petite \u00e9chelle. L&#039;industrie du tourisme est l&#039;un des contributeurs les plus importants, attirant des visiteurs int\u00e9ress\u00e9s par sa beaut\u00e9 pittoresque, sa riche histoire et sa culture dynamique. Les principaux acteurs de cette industrie sont le Norfolk Island Travel Centre et Baunti Escapes, qui jouent tous deux un r\u00f4le majeur dans l&#039;organisation de circuits, la promotion du patrimoine local et la fourniture d&#039;exp\u00e9riences uniques et personnalis\u00e9es aux voyageurs. En outre, le secteur du tourisme b\u00e9n\u00e9ficie de plusieurs h\u00e9bergements de charme, de guides locaux et d&#039;\u00e9v\u00e9nements culturels qui contribuent \u00e0 mettre en valeur le caract\u00e8re distinctif de l&#039;\u00eele.<\/p>\n\n\n\n<p>Dans le secteur agricole, la Norfolk Island Growers Co-operative est le chef de file en mati\u00e8re d&#039;approvisionnement en produits frais, de promotion de la durabilit\u00e9 et de soutien \u00e0 la s\u00e9curit\u00e9 alimentaire de l&#039;\u00eele. Le secteur manufacturier, bien que limit\u00e9, se concentre sur les produits artisanaux et l&#039;artisanat local. Des entreprises locales telles que The Hilli Goat produisent des produits laitiers et des fromages artisanaux, mettant en valeur la qualit\u00e9 et le caract\u00e8re unique des offres locales de l&#039;\u00eele Norfolk. Ces industries et entreprises cl\u00e9s illustrent l&#039;adaptabilit\u00e9 et la r\u00e9silience de l&#039;environnement commercial de l&#039;\u00eele Norfolk.<\/p>\n\n\n\n<h2 class=\"wp-block-heading\">Opportunit\u00e9s sur l&#039;\u00eele Norfolk<\/h2>\n\n\n\n<p>L&#039;environnement commercial de l&#039;\u00eele Norfolk pr\u00e9sente plusieurs opportunit\u00e9s qui peuvent \u00eatre exploit\u00e9es par les entreprises qui cherchent \u00e0 se d\u00e9velopper sur ce march\u00e9 unique. Vous trouverez ci-dessous quelques opportunit\u00e9s cl\u00e9s pour les entreprises :<\/p>\n\n\n\n<p><\/p>\n\n\n\n<ul class=\"wp-block-list\">\n<li><strong>Croissance du tourisme<\/strong>:L\u2019\u00eele Norfolk poss\u00e8de une industrie touristique bien \u00e9tablie avec un potentiel de croissance dans l\u2019\u00e9cotourisme et les visites du patrimoine culturel.<\/li>\n\n\n\n<li><strong>Produits agricoles de niche<\/strong>:Il existe un int\u00e9r\u00eat croissant pour les produits biologiques et locaux, ce qui offre des opportunit\u00e9s aux entreprises agricoles.<\/li>\n\n\n\n<li><strong>Produits artisanaux<\/strong>:La demande locale de produits artisanaux, notamment d\u2019objets artisanaux et de produits alimentaires sp\u00e9cialis\u00e9s, offre un march\u00e9 unique aux fabricants \u00e0 petite \u00e9chelle.<\/li>\n\n\n\n<li><strong>Travail \u00e0 distance et nomades num\u00e9riques<\/strong>:Avec l\u2019essor du travail \u00e0 distance, l\u2019\u00eele Norfolk pourrait attirer les nomades num\u00e9riques, cr\u00e9ant des opportunit\u00e9s dans l\u2019h\u00f4tellerie et les espaces de coworking.<\/li>\n\n\n\n<li><strong>Pratiques durables<\/strong>:On assiste \u00e0 un essor croissant en faveur de la durabilit\u00e9, offrant des opportunit\u00e9s aux entreprises vertes et aux services respectueux de l\u2019environnement.<\/li>\n\n\n\n<li><strong>Expansion du commerce de d\u00e9tail local<\/strong>:Les d\u00e9taillants qui proposent des produits ou des services uniques qui s\u2019adressent \u00e0 la fois aux r\u00e9sidents et aux touristes ont une marge de croissance.<\/li>\n\n\n\n<li><strong>Collaborations avec des fournisseurs locaux<\/strong>:Le partenariat avec des fournisseurs locaux peut aider \u00e0 att\u00e9nuer les d\u00e9fis logistiques et \u00e0 cr\u00e9er des cha\u00eenes d\u2019approvisionnement plus efficaces.<\/li>\n<\/ul>\n\n\n\n<h2 class=\"wp-block-heading\">Raisons de d\u00e9velopper votre entreprise sur l\u2019\u00eele Norfolk<\/h2>\n\n\n\n<ol class=\"wp-block-list\">\n<li>Il y a une croissance dans l\u2019\u00e9conomie.<\/li>\n\n\n\n<li>Il existe des options de financement pour diverses entreprises.<\/li>\n\n\n\n<li>L&#039;\u00c9tat dispose d&#039;une bonne planification et d&#039;un bon investissement.<\/li>\n\n\n\n<li>L\u2019\u00c9tat cherche \u00e0 privatiser les services publics pour r\u00e9duire les co\u00fbts. Ce faisant, le secteur priv\u00e9 peut cro\u00eetre sans supprimer d\u2019emplois.<\/li>\n\n\n\n<li>Il existe actuellement un besoin pour une compagnie a\u00e9rienne ext\u00e9rieure.<\/li>\n\n\n\n<li>Le nombre de touristes ne cesse de cro\u00eetre. Cette croissance est due \u00e0 un transport a\u00e9rien fiable et \u00e0 de solides campagnes de marketing.<\/li>\n\n\n\n<li>Il existe un accord commercial avec l&#039;Australie.<\/li>\n\n\n\n<li>Le gouvernement offre une aide aux petites entreprises via du financement, de l&#039;\u00e9ducation et des conseils.<\/li>\n<\/ol>\n\n\n\n<h2 class=\"wp-block-heading\">Comment les \u00e9tudes de march\u00e9 de SIS International \u00e0 Norfolk Island aident les entreprises<\/h2>\n\n\n\n<p><a href=\"https:\/\/www.sisinternational.com\/fr\/couverture\/etude-de-marche-en-asie\/etude-de-marche-aux-iles-mariannes\/\" title=\"Etude de march\u00e9 aux \u00celes Mariannes\"  data-wpil-monitor-id=\"3851\">Market research in Norfolk Island<\/a> helps businesses gain a deep understanding of the local market, identifying challenges and opportunities specific to the region. Below are the key ways in which <a href=\"https:\/\/www.linkedin.com\/company\/sisinternationalresearch\/\" target=\"_blank\" rel=\"noopener\"><span style=\"font-weight: 400;\">SIS International<\/span><\/a> soutient les entreprises :<\/p>\n\n\n\n<ul class=\"wp-block-list\">\n<li><strong>Planification strat\u00e9gique am\u00e9lior\u00e9e<\/strong>: SIS International <a href=\"https:\/\/www.linkedin.com\/pulse\/how-market-research-enables-growth-ruth-stanat-phekf\/\" target=\"_blank\" rel=\"noopener\"><span style=\"font-weight: 400;\">\u00e9tude de march\u00e9<\/span><\/a> \u00e0 Norfolk Island, aide les entreprises \u00e0 d\u00e9velopper des strat\u00e9gies \u00e9clair\u00e9es par des donn\u00e9es pr\u00e9cises sp\u00e9cifiques aux conditions uniques de l&#039;\u00eele Norfolk.<\/li>\n\n\n\n<li><strong>Augmentation des revenus<\/strong>: By understanding customer preferences and market dynamics, our <a href=\"https:\/\/www.sisinternational.com\/fr\/couverture\/les-ameriques\/etude-de-marche-dans-les-caraibes\/etude-de-marche-iles-vierges-americaines\/\" title=\"Etude de march\u00e9 aux \u00celes Vierges am\u00e9ricaines\" data-wpil-monitor-id=\"5176\">market research in Norfolk Island<\/a> enables businesses to identify key revenue opportunities.<\/li>\n\n\n\n<li><strong>R\u00e9duction de risque<\/strong>: <a href=\"https:\/\/twitter.com\/SISIntlResearch\" target=\"_blank\" rel=\"noopener\"><span style=\"font-weight: 400;\">SIS<\/span><\/a> aide les entreprises \u00e0 anticiper les d\u00e9fis, tels que les complexit\u00e9s logistiques, r\u00e9duisant ainsi les risques potentiels.<\/li>\n\n\n\n<li><strong>Efficacit\u00e9 marketing am\u00e9lior\u00e9e<\/strong>:Nos connaissances guident les efforts marketing, garantissant que les entreprises ciblent les bons publics et optimisent leur message.<\/li>\n\n\n\n<li><strong>Croissance et innovation acc\u00e9l\u00e9r\u00e9es<\/strong>:Nous fournissons des donn\u00e9es qui stimulent l\u2019innovation, aidant les entreprises \u00e0 s\u2019adapter et \u00e0 se d\u00e9velopper sur ce march\u00e9 unique.<\/li>\n\n\n\n<li><strong>Un retour sur investissement boost\u00e9<\/strong>: SIS <a href=\"https:\/\/www.sisinternational.com\/fr\/couverture\/etude-de-marche-en-afrique\/etude-de-marche-a-maurice-afrique\/\" title=\"Market Research in Mauritius \u2014 Island off Africa&#8217;s East Coast\" data-wpil-monitor-id=\"5299\">market research in Norfolk Island<\/a> supports businesses in making data-driven decisions that lead to better resource allocation and higher returns on investment.<\/li>\n\n\n\n<li><strong>Adaptation au march\u00e9<\/strong>: Notre <a href=\"https:\/\/www.sisinternational.com\/fr\/couverture\/etude-de-marche-en-asie\/etude-de-marche-aux-iles-cook\/\" title=\"\u00c9tude de march\u00e9 aux \u00celes Cook\" data-wpil-monitor-id=\"5732\">market research in Norfolk Island<\/a> helps companies adapt their products and services to align with local preferences, improving acceptance and satisfaction.<\/li>\n\n\n\n<li><strong>Analyse de la concurrence<\/strong>:Nous fournissons des informations sur le paysage concurrentiel, permettant aux entreprises de se positionner efficacement et de capitaliser sur les lacunes du march\u00e9.<\/li>\n\n\n\n<li><strong>Connaissance du client<\/strong>:Comprendre les besoins et les comportements des clients de l\u2019\u00eele Norfolk aide les entreprises \u00e0 adapter leurs offres et leurs strat\u00e9gies marketing pour un meilleur engagement.<\/li>\n\n\n\n<li><strong>Optimisation de la cha\u00eene d&#039;approvisionnement<\/strong>:SIS aide les entreprises \u00e0 identifier les partenariats locaux et \u00e0 optimiser les op\u00e9rations de la cha\u00eene d&#039;approvisionnement pour surmonter efficacement les d\u00e9fis logistiques.<\/li>\n<\/ul>\n\n\n\n<h2 class=\"wp-block-heading\"><strong>\u00c0 propos de SIS International<\/strong><\/h2>\n\n\n\n<p><a href=\"https:\/\/www.sisinternational.com\/fr\/\"><span style=\"font-weight: 400;\">SIS International<\/span><\/a><span style=\"font-weight: 400;\"> propose des recherches quantitatives, qualitatives et strat\u00e9giques. Nous fournissons des donn\u00e9es, des outils, des strat\u00e9gies, des rapports et des informations pour la prise de d\u00e9cision. Nous menons \u00e9galement des entretiens, des enqu\u00eates, des groupes de discussion et d\u2019autres m\u00e9thodes et approches d\u2019\u00e9tudes de march\u00e9.<\/span><a href=\"https:\/\/www.sisinternational.com\/fr\/a-propos-de-la-recherche-internationale-sis\/contact-sis-international-market-research\/\"><span style=\"font-weight: 400;\"> Contactez nous<\/span><\/a><span style=\"font-weight: 400;\"> pour votre prochain projet d&#039;\u00e9tude de march\u00e9.<\/span><\/p>\n\n\n\n<p><\/p>","protected":false},"excerpt":{"rendered":"<p>SIS International Research propose des \u00e9tudes de march\u00e9 qualitatives, quantitatives et strat\u00e9giques sur l&#039;\u00eele Norfolk.<\/p>","protected":false},"author":1,"featured_media":65578,"parent":14508,"menu_order":54,"comment_status":"closed","ping_status":"closed","template":"","meta":{"footnotes":""},"class_list":["post-40035","page","type-page","status-publish","has-post-thumbnail"],"_links":{"self":[{"href":"https:\/\/www.sisinternational.com\/fr\/wp-json\/wp\/v2\/pages\/40035","targetHints":{"allow":["GET"]}}],"collection":[{"href":"https:\/\/www.sisinternational.com\/fr\/wp-json\/wp\/v2\/pages"}],"about":[{"href":"https:\/\/www.sisinternational.com\/fr\/wp-json\/wp\/v2\/types\/page"}],"author":[{"embeddable":true,"href":"https:\/\/www.sisinternational.com\/fr\/wp-json\/wp\/v2\/users\/1"}],"replies":[{"embeddable":true,"href":"https:\/\/www.sisinternational.com\/fr\/wp-json\/wp\/v2\/comments?post=40035"}],"version-history":[{"count":13,"href":"https:\/\/www.sisinternational.com\/fr\/wp-json\/wp\/v2\/pages\/40035\/revisions"}],"predecessor-version":[{"id":79534,"href":"https:\/\/www.sisinternational.com\/fr\/wp-json\/wp\/v2\/pages\/40035\/revisions\/79534"}],"up":[{"embeddable":true,"href":"https:\/\/www.sisinternational.com\/fr\/wp-json\/wp\/v2\/pages\/14508"}],"wp:featuredmedia":[{"embeddable":true,"href":"https:\/\/www.sisinternational.com\/fr\/wp-json\/wp\/v2\/media\/65578"}],"wp:attachment":[{"href":"https:\/\/www.sisinternational.com\/fr\/wp-json\/wp\/v2\/media?parent=40035"}],"curies":[{"name":"wp","href":"https:\/\/api.w.org\/{rel}","templated":true}]}}