{"id":40002,"date":"2022-03-24T17:39:31","date_gmt":"2022-03-24T17:39:31","guid":{"rendered":"https:\/\/www.sisinternational.com\/?page_id=40002"},"modified":"2025-09-24T21:51:02","modified_gmt":"2025-09-25T01:51:02","slug":"etude-de-marche-wallis-futuna","status":"publish","type":"page","link":"https:\/\/www.sisinternational.com\/fr\/couverture\/etude-de-marche-en-asie\/etude-de-marche-wallis-futuna\/","title":{"rendered":"Etude de march\u00e9 \u00e0 Wallis et Futuna"},"content":{"rendered":"<h1 class=\"wp-block-heading p1\"><span class=\"s1\">Etude de march\u00e9 \u00e0 Wallis et Futuna<\/span><\/h1>\n\n\n\n<figure class=\"gb-block-image gb-block-image-64b8e892\"><img loading=\"lazy\" decoding=\"async\" width=\"1456\" height=\"816\" class=\"gb-image gb-image-64b8e892\" src=\"https:\/\/www.sisinternational.com\/wp-content\/uploads\/2025\/09\/Wallis-and-Futuna-2.jpg\" alt=\"\u00c9tudes de march\u00e9 et strat\u00e9gie internationales SIS\" title=\"Wallis and Futuna (2)\" srcset=\"https:\/\/www.sisinternational.com\/wp-content\/uploads\/2025\/09\/Wallis-and-Futuna-2.jpg 1456w, https:\/\/www.sisinternational.com\/wp-content\/uploads\/2025\/09\/Wallis-and-Futuna-2-300x168.jpg 300w, https:\/\/www.sisinternational.com\/wp-content\/uploads\/2025\/09\/Wallis-and-Futuna-2-1024x574.jpg 1024w, https:\/\/www.sisinternational.com\/wp-content\/uploads\/2025\/09\/Wallis-and-Futuna-2-768x430.jpg 768w, https:\/\/www.sisinternational.com\/wp-content\/uploads\/2025\/09\/Wallis-and-Futuna-2-18x10.jpg 18w\" sizes=\"auto, (max-width: 1456px) 100vw, 1456px\"><\/figure>\n\n\n\n<p><\/p>\n\n\n\n<p class=\"p2\">Wallis et Futuna est un archipel de magnifiques \u00eeles francophones situ\u00e9es dans l&#039;oc\u00e9an Pacifique Sud, entre Fidji, Tuvalu, Samoa, Tonga et Tokelau. Il existe deux groupes d&#039;\u00eeles Wallis : les \u00eeles Uvea et Horne. Un autre nom pour ces \u00eeles est \u00ab Le c\u0153ur de l&#039;oc\u00e9an \u00bb, et le tourisme de masse ne les a pas chang\u00e9es. Les gens restent fid\u00e8les \u00e0 leur culture.<\/p>\n\n\n\n<p class=\"p2\">Les habitants ont commenc\u00e9 \u00e0 appeler Uvea \u00ab Wallis \u00bb, du nom de son fondateur, venu d\u2019Europe au XVIIIe si\u00e8cle. Les noms des \u00eeles sont \u00e9galement tr\u00e8s similaires \u00e0 ceux de nombreuses autres \u00eeles, c\u2019est pourquoi ils sont souvent confondus. La superficie totale du territoire est de 137 km\u00b2. L\u2019\u00eele principale est un peu plus d\u00e9velopp\u00e9e que Futuna. L\u2019administration fran\u00e7aise est situ\u00e9e sur Uvea.<\/p>\n\n\n\n<p class=\"p2\">Uvea est une \u00eele volcanique basse dot\u00e9e d&#039;une barri\u00e8re de corail avec 20 criques ouvertes entourant l&#039;\u00eele. Le r\u00e9cif poss\u00e8de une ouverture qui permet le passage des bateaux pour rejoindre l&#039;\u00eele. Une zone de p\u00eache se situe entre le r\u00e9cif et l&#039;\u00eele.<\/p>\n\n\n\n<h2 class=\"wp-block-heading p3\">Quartiers<\/h2>\n\n\n\n<p class=\"p2\">Les \u00eeles abritent 36 villages et la capitale, Mata&#039;utu. Les autres villages sont Kaleveleve, Mala&#039;etoli et Gamua.<\/p>\n\n\n\n<p class=\"p2\">Kaleveleve poss\u00e8de l&#039;h\u00f4pital des \u00eeles. Cet \u00e9tablissement de neuf lits offre les premiers soins \u00e0 la population locale. Un soutien suppl\u00e9mentaire comprend les soins dentaires, les soins de sant\u00e9 maternelle et infantile et d&#039;autres services m\u00e9dicaux.<\/p>\n\n\n\n<h2 class=\"wp-block-heading p3\">Industries cl\u00e9s<\/h2>\n\n\n\n<p class=\"p2\">Wallis et Futuna comptent de nombreuses industries diff\u00e9rentes. Les principaux sont le coprah, l\u2019artisanat, la p\u00eache et le bois. De plus, la majorit\u00e9 de la population pratique une agriculture de subsistance. Ils cultivent des ignames, du taro, des bananes et d\u2019autres cultures vivri\u00e8res, qu\u2019ils exp\u00e9dient vers le continent en petites portions. Des pays comme la Nouvelle-Cal\u00e9donie, l&#039;Italie et le Japon sont les principaux importateurs.<\/p>\n\n\n\n<h2 class=\"wp-block-heading p3\">Les tendances<\/h2>\n\n\n\n<p class=\"p2\">Wallis et Futuna d\u00e9pendent de l&#039;agriculture de subsistance. Environ quatre cinqui\u00e8mes de la population pratiquent l&#039;agriculture de subsistance et \u00e9l\u00e8vent du b\u00e9tail (principalement des porcs).<\/p>\n\n\n\n<p class=\"p2\">L\u2019id\u00e9e de vendre les r\u00e9coltes produites va \u00e0 l\u2019encontre des croyances traditionnelles. Alors ils \u00e9changent ces r\u00e9coltes au lieu de les vendre. De m\u00eame, les gens donnent du poisson aux membres de leur famille, \u00e0 leurs amis et \u00e0 leurs voisins. Ils capturent ces poissons dans la zone r\u00e9cifale environnante et rarement en haute mer.<\/p>\n\n\n\n<h2 class=\"wp-block-heading p3\">Base de consommateurs<\/h2>\n\n\n\n<p class=\"p2\">Les habitants de Wallis et Futuna sont amicaux. Ils privil\u00e9gient g\u00e9n\u00e9ralement le troc plut\u00f4t que la vente. Les revenus proviennent de l&#039;aide du gouvernement fran\u00e7ais et de la p\u00eache. Les habitants tirent \u00e9galement des revenus de petites exportations telles que l&#039;arbre \u00e0 pain, l&#039;igname et le taro.<\/p>\n\n\n\n<p class=\"p2\">En dehors de cela, les autochtones d\u00e9pensent de l&#039;argent pour des biens import\u00e9s de France et d&#039;Australie. Ces articles comprennent des produits alimentaires, de l&#039;\u00e9lectronique, des v\u00e9hicules et des fournitures de construction et de travaux publics, qui sont tous des besoins essentiels des r\u00e9sidents.<\/p>\n\n\n\n<h2 class=\"wp-block-heading p3\">Raisons de cr\u00e9er une entreprise \u00e0 Wallis et Futuna<\/h2>\n\n\n\n<p class=\"p2\"><a href=\"https:\/\/www.sisinternational.com\/fr\/creer-une-entreprise-en-turquie\/\" title=\"Cr\u00e9er une entreprise en Turquie\"  data-wpil-monitor-id=\"10178\">Setting up a business<\/a> in a foreign country has plenty of advantages. Likewise, it may be hard to <a href=\"https:\/\/www.sisinternational.com\/fr\/publications\/etude-de-marche-sur-les-entreprises-evolutives-7-facons-de-creer-une-entreprise-evolutive\/\" title=\"\u00c9tude de march\u00e9 sur les entreprises \u00e9volutives\u00a0: 7 fa\u00e7ons de cr\u00e9er une entreprise \u00e9volutive\"  data-wpil-monitor-id=\"10173\">build a business<\/a> in your own country due to unlikely conditions. Most countries offer location benefits, ranging from natural resources to favorable laws. In Wallis and Futuna, these <a href=\"https:\/\/www.sisinternational.com\/fr\/solutions\/legal-market-research\/law-firm-growth-strategies\/\" title=\"Law Firm Growth Strategies\"  data-wpil-monitor-id=\"10175\">laws allow growth<\/a>.<\/p>\n\n\n\n<p class=\"p2\">Voici quelques raisons de d\u00e9marrer une entreprise \u00e0 Wallis et Futuna :<\/p>\n\n\n\n<ul class=\"wp-block-list ul1\">\n<li>Excellent <a href=\"https:\/\/www.sisinternational.com\/fr\/solutions\/ai-etudes-de-marche-et-conseil-en-strategie\/ressources-humaines-automatisation-de-la-gestion-des-talents-conseil-en-intelligence-artificielle\/\" title=\"Automatisation des ressources humaines et de la gestion des talents et conseil en IA\"  data-wpil-monitor-id=\"10171\">human assets and resources<\/a><\/li>\n\n\n\n<li>Une fiscalit\u00e9 avantageuse<\/li>\n\n\n\n<li>Potentiel g\u00e9ographique et de ressources naturelles \u00e9lev\u00e9<\/li>\n\n\n\n<li>Cadre de vie formidable (et authentique)<\/li>\n<\/ul>\n\n\n\n<p class=\"p2\">Cette terre fran\u00e7aise est la plus \u00e9loign\u00e9e du continent. Les \u00eeles ont donc une \u00e9conomie l\u00e9g\u00e8rement diff\u00e9rente des autres. Un autre point cl\u00e9 est qu&#039;elles sont relativement pauvres et ne tirent que peu de b\u00e9n\u00e9fices de leurs exportations.<\/p>\n\n\n\n<h2 class=\"wp-block-heading p3\">\u00c0 propos des \u00e9tudes de march\u00e9 \u00e0 Wallis et Futuna<\/h2>\n\n\n\n<p class=\"p2\">Cr\u00e9er sa propre entreprise peut \u00eatre difficile et constituer une \u00e9tape importante. Notre entreprise est toujours l\u00e0 et pr\u00eate \u00e0 vous aider. En fait, nous avons des groupes de discussion pour tout secteur d&#039;activit\u00e9 que vous souhaitez. De plus, nous effectuons des recherches qualitatives, quantitatives et strat\u00e9giques. Nous consacrons beaucoup de temps \u00e0 am\u00e9liorer la nature de toute entreprise qui sollicite notre aide. Notre entreprise n&#039;a jamais manqu\u00e9 d&#039;apporter d&#039;excellents r\u00e9sultats \u00e0 nos clients. Au final, ils repartent toujours satisfaits. Nous aidons \u00e9galement \u00e0 la r\u00e9alisation d&#039;enqu\u00eates et d&#039;entretiens.<\/p>\n\n\n\n<p class=\"p4\">Nous sommes heureux de vous aider, vous et votre entreprise.<\/p>\n\n\n\n<h2 class=\"wp-block-heading\"><strong>\u00c0 propos de SIS International<\/strong><\/h2>\n\n\n\n<p><a href=\"https:\/\/www.sisinternational.com\/fr\/\"><span style=\"font-weight: 400;\">SIS International<\/span><\/a><span style=\"font-weight: 400;\"> offers Quantitative, Qualitative, and Strategy Research. We provide data, tools, strategies, reports, and insights for decision-making. We also conduct interviews, surveys, focus groups, and other <a href=\"https:\/\/www.sisinternational.com\/fr\/quantitative-market-research-methods-and-techniques\/\" title=\"Quantitative Market Research Methods and Techniques\"  data-wpil-monitor-id=\"10170\">Market Research methods<\/a> and approaches.<\/span><a href=\"https:\/\/www.sisinternational.com\/fr\/a-propos-de-la-recherche-internationale-sis\/contact-sis-international-market-research\/\"><span style=\"font-weight: 400;\"> Contactez nous<\/span><\/a><span style=\"font-weight: 400;\"> pour votre prochain projet d&#039;\u00e9tude de march\u00e9.<\/span><\/p>\n\n\n\n<p><\/p>","protected":false},"excerpt":{"rendered":"<p>SIS International Research propose des \u00e9tudes de march\u00e9 qualitatives, quantitatives et strat\u00e9giques \u00e0 Wallis et Futuna.<\/p>","protected":false},"author":1,"featured_media":65821,"parent":14508,"menu_order":53,"comment_status":"closed","ping_status":"closed","template":"","meta":{"footnotes":""},"class_list":["post-40002","page","type-page","status-publish","has-post-thumbnail"],"_links":{"self":[{"href":"https:\/\/www.sisinternational.com\/fr\/wp-json\/wp\/v2\/pages\/40002","targetHints":{"allow":["GET"]}}],"collection":[{"href":"https:\/\/www.sisinternational.com\/fr\/wp-json\/wp\/v2\/pages"}],"about":[{"href":"https:\/\/www.sisinternational.com\/fr\/wp-json\/wp\/v2\/types\/page"}],"author":[{"embeddable":true,"href":"https:\/\/www.sisinternational.com\/fr\/wp-json\/wp\/v2\/users\/1"}],"replies":[{"embeddable":true,"href":"https:\/\/www.sisinternational.com\/fr\/wp-json\/wp\/v2\/comments?post=40002"}],"version-history":[{"count":6,"href":"https:\/\/www.sisinternational.com\/fr\/wp-json\/wp\/v2\/pages\/40002\/revisions"}],"predecessor-version":[{"id":81683,"href":"https:\/\/www.sisinternational.com\/fr\/wp-json\/wp\/v2\/pages\/40002\/revisions\/81683"}],"up":[{"embeddable":true,"href":"https:\/\/www.sisinternational.com\/fr\/wp-json\/wp\/v2\/pages\/14508"}],"wp:featuredmedia":[{"embeddable":true,"href":"https:\/\/www.sisinternational.com\/fr\/wp-json\/wp\/v2\/media\/65821"}],"wp:attachment":[{"href":"https:\/\/www.sisinternational.com\/fr\/wp-json\/wp\/v2\/media?parent=40002"}],"curies":[{"name":"wp","href":"https:\/\/api.w.org\/{rel}","templated":true}]}}