{"id":39951,"date":"2022-03-12T01:05:15","date_gmt":"2022-03-12T01:05:15","guid":{"rendered":"https:\/\/www.sisinternational.com\/?page_id=39951"},"modified":"2026-01-25T16:48:56","modified_gmt":"2026-01-25T21:48:56","slug":"les-iles-marshall","status":"publish","type":"page","link":"https:\/\/www.sisinternational.com\/fr\/couverture\/etude-de-marche-en-asie\/les-iles-marshall\/","title":{"rendered":"Etude de march\u00e9 aux \u00celes Marshall"},"content":{"rendered":"<h1 class=\"wp-block-heading\">Etude de march\u00e9 aux \u00celes Marshall<\/h1>\n\n\n\n<p><\/p>\n\n\n\n<figure class=\"gb-block-image gb-block-image-55c86367\"><img loading=\"lazy\" decoding=\"async\" width=\"1456\" height=\"816\" class=\"gb-image gb-image-55c86367\" src=\"https:\/\/www.sisinternational.com\/wp-content\/uploads\/2025\/09\/Marshall-Islands-1.jpg\" alt=\"\u00c9tudes de march\u00e9 et strat\u00e9gie internationales SIS\" title=\"Marshall Islands (1)\" srcset=\"https:\/\/www.sisinternational.com\/wp-content\/uploads\/2025\/09\/Marshall-Islands-1.jpg 1456w, https:\/\/www.sisinternational.com\/wp-content\/uploads\/2025\/09\/Marshall-Islands-1-300x168.jpg 300w, https:\/\/www.sisinternational.com\/wp-content\/uploads\/2025\/09\/Marshall-Islands-1-1024x574.jpg 1024w, https:\/\/www.sisinternational.com\/wp-content\/uploads\/2025\/09\/Marshall-Islands-1-768x430.jpg 768w, https:\/\/www.sisinternational.com\/wp-content\/uploads\/2025\/09\/Marshall-Islands-1-18x10.jpg 18w\" sizes=\"auto, (max-width: 1456px) 100vw, 1456px\"><\/figure>\n\n\n\n<p><\/p>\n\n\n\n<hr class=\"wp-block-separator has-alpha-channel-opacity is-style-dots\"\/>\n\n\n\n<p>Les \u00eeles Marshall, en Oc\u00e9anie, sont un pays d&#039;atolls dispers\u00e9s et d&#039;\u00eeles isol\u00e9es. Ce pays comprend plus de 1 200 \u00eeles et \u00eelots. Presque tout le monde parle anglais, mais la langue principale est le marshallais. Les \u00eeles sont tropicales et les temp\u00e9ratures ne d\u00e9passent jamais 100 degr\u00e9s.<\/p>\n\n\n\n<p><\/p>\n\n\n\n<div class=\"wp-block-columns has-global-color-9-color has-text-color has-background has-link-color wp-elements-44d3607034bf8845b0a2b3878191c102 is-layout-flex wp-container-core-columns-is-layout-9d6595d7 wp-block-columns-is-layout-flex\" style=\"background-color:#f7f9fa6e\">\n<div class=\"wp-block-column is-layout-flow wp-block-column-is-layout-flow\" style=\"flex-basis:18%\"><\/div>\n\n\n\n<div class=\"wp-block-column is-vertically-aligned-center is-layout-flow wp-block-column-is-layout-flow\" style=\"flex-basis:71.28%\">\n<div class=\"wp-block-rank-math-toc-block aligncenter has-global-color-9-color has-text-color has-link-color wp-elements-45fe82da9dd14dd821162937aa22c133\" style=\"font-size:16px\" id=\"rank-math-toc\"><h2><br><strong>T<\/strong>able of Contents<\/h2><nav><ul><li class=\"\"><a href=\"#what-is-market-research-in-the-marshall-islands\">Qu&#039;est-ce que l&#039;\u00e9tude de march\u00e9 aux \u00celes Marshall\u00a0?<\/a><\/li><li class=\"\"><a href=\"#key-industries\">Industries cl\u00e9s<\/a><\/li><li class=\"\"><a href=\"#neighborhoods\">Quartiers<\/a><\/li><li class=\"\"><a href=\"#trends\">Les tendances<\/a><\/li><li class=\"\"><a href=\"#benefits-and-strengths-of-the-marshall-islands\">Avantages et atouts des \u00celes Marshall<\/a><\/li><li class=\"\"><a href=\"#consumer-base\">Base de consommateurs<\/a><\/li><li class=\"\"><a href=\"#reasons-to-grow-your-business-in-the-marshall-islands\">Raisons de d\u00e9velopper votre entreprise aux \u00celes Marshall.<\/a><\/li><li class=\"\"><a href=\"#about-sis-international\">\u00c0 propos de SIS International<\/a><\/li><\/ul><\/nav><\/div>\n<\/div>\n<\/div>\n\n\n\n<p><\/p>\n\n\n\n<h2 class=\"wp-block-heading\" id=\"what-is-market-research-in-the-marshall-islands\">Qu&#039;est-ce que l&#039;\u00e9tude de march\u00e9 aux \u00celes Marshall\u00a0?<\/h2>\n\n\n\n<p><a href=\"https:\/\/www.sisinternational.com\/fr\/couverture\/les-ameriques\/etude-de-marche-dans-les-caraibes\/etude-de-marche-aux-iles-turques-et-caiques\/\" title=\"Etude de march\u00e9 aux \u00celes Turques et Ca\u00efques\"  data-wpil-monitor-id=\"3547\">Market research in the Marshall Islands<\/a> aims to understand the economic and cultural characteristics of this Pacific island nation. The economy is heavily reliant on imports and external aid, which influences market dynamics.<\/p>\n\n\n\n<p><strong>Aspects cl\u00e9s :<\/strong><\/p>\n\n\n\n<ul class=\"wp-block-list\">\n<li><strong>Contexte \u00e9conomique :<\/strong> La petite \u00e9conomie des \u00celes Marshall repose principalement sur l\u2019agriculture de subsistance, la p\u00eache et le tourisme, et d\u00e9pend largement de l\u2019aide \u00e9trang\u00e8re et des transferts de fonds des migrants.<\/li>\n\n\n\n<li><strong>M\u00e9thodologies\u00a0:<\/strong> Les m\u00e9thodes de recherche qualitative telles que les entretiens et l\u2019engagement communautaire sont souvent utilis\u00e9es pour recueillir des informations sur les besoins et les pr\u00e9f\u00e9rences des consommateurs.<\/li>\n\n\n\n<li><strong>D\u00e9fis:<\/strong> The islands&#8217; isolation and limited resources can hinder <a href=\"https:\/\/www.sisinternational.com\/fr\/couverture\/leurope-%ef%83%97\/etude-de-marche-aux-iles-feroe\/\" title=\"Etude de march\u00e9 aux \u00celes F\u00e9ro\u00e9\"  data-wpil-monitor-id=\"3754\">market<\/a> research, requiring innovative approaches to data collection.<\/li>\n\n\n\n<li><strong>Avantages:<\/strong> Les \u00e9tudes de march\u00e9 aident les entreprises \u00e0 identifier les opportunit\u00e9s sur les march\u00e9s locaux et \u00e0 comprendre le comportement des consommateurs, facilitant ainsi la prise de d\u00e9cision \u00e9clair\u00e9e et les strat\u00e9gies de marketing cibl\u00e9es.<\/li>\n<\/ul>\n\n\n\n<h2 class=\"wp-block-heading\" id=\"key-industries\">Industries cl\u00e9s<\/h2>\n\n\n\n<h3 class=\"wp-block-heading\">Transformation du thon<\/h3>\n\n\n\n<p>La p\u00eache est devenue l&#039;un des meilleurs leviers du RMI. Les entreprises de p\u00eache \u00e9trang\u00e8res dominent le march\u00e9. Ainsi, le pays ne re\u00e7oit qu\u2019une fraction de la valeur du poisson p\u00each\u00e9 sur ses c\u00f4tes. Pourtant, les \u00eeles ont g\u00e9n\u00e9r\u00e9 des revenus gr\u00e2ce \u00e0 l\u2019industrie de la p\u00eache. La ville de Majuro fait partie des plus grands ports d\u2019exp\u00e9dition de thon au monde.<\/p>\n\n\n\n<h3 class=\"wp-block-heading\">Agriculture<\/h3>\n\n\n\n<p>Bien qu\u2019elle ne soit pas aussi importante que le secteur de la p\u00eache, l\u2019agriculture a \u00e9galement soutenu le pays. Son produit mon\u00e9taire est le coprah (noix de coco s\u00e9ch\u00e9e).<\/p>\n\n\n\n<h3 class=\"wp-block-heading\">Artisanat<\/h3>\n\n\n\n<p>Les \u00celes Marshall ont l&#039;habitude de produire des objets tiss\u00e9s complexes \u00e0 partir de mat\u00e9riaux naturels locaux. Les touristes affluent vers les boutiques d\u2019artisanat pour ces souvenirs uniques.<\/p>\n\n\n\n<h2 class=\"wp-block-heading\" id=\"neighborhoods\">Quartiers<\/h2>\n\n\n\n<p><\/p>\n\n\n\n<figure class=\"gb-block-image gb-block-image-c0a91c7a\"><img loading=\"lazy\" decoding=\"async\" width=\"1456\" height=\"816\" class=\"gb-image gb-image-c0a91c7a\" src=\"https:\/\/www.sisinternational.com\/wp-content\/uploads\/2025\/09\/Marshall-Islands-3.jpg\" alt=\"\u00c9tudes de march\u00e9 et strat\u00e9gie internationales SIS\" title=\"Marshall Islands (3)\" srcset=\"https:\/\/www.sisinternational.com\/wp-content\/uploads\/2025\/09\/Marshall-Islands-3.jpg 1456w, https:\/\/www.sisinternational.com\/wp-content\/uploads\/2025\/09\/Marshall-Islands-3-300x168.jpg 300w, https:\/\/www.sisinternational.com\/wp-content\/uploads\/2025\/09\/Marshall-Islands-3-1024x574.jpg 1024w, https:\/\/www.sisinternational.com\/wp-content\/uploads\/2025\/09\/Marshall-Islands-3-768x430.jpg 768w, https:\/\/www.sisinternational.com\/wp-content\/uploads\/2025\/09\/Marshall-Islands-3-18x10.jpg 18w\" sizes=\"auto, (max-width: 1456px) 100vw, 1456px\"><\/figure>\n\n\n\n<p><\/p>\n\n\n\n<h3 class=\"wp-block-heading\">Majuro<\/h3>\n\n\n\n<p>La capitale et la plus grande ville des \u00celes Marshall est Majuro. C&#039;est aussi le plus grand atoll corallien. La ville, r\u00e9partie sur 64 \u00eelots, abrite de magnifiques coraux, des esp\u00e8ces de poissons exotiques et des \u00e9paves de la Seconde Guerre mondiale. Ce paradis des plongeurs, fond\u00e9 en 1884, poss\u00e8de \u00e9galement un grand port et un a\u00e9roport international. De plus, il abrite de magnifiques coraux, des esp\u00e8ces de poissons exotiques et des \u00e9paves de la Premi\u00e8re Guerre mondiale.<\/p>\n\n\n\n<h3 class=\"wp-block-heading\">\u00c9beye<\/h3>\n\n\n\n<p>Ebeye, d&#039;une superficie d&#039;environ 80 acres, est l&#039;une des 97 \u00eeles qui composent l&#039;atoll de Kwajalein. Kwajalein est l&#039;un des plus grands atolls coralliens du monde. Ebeye compte un peu plus de 1500 habitants. Plus de la moiti\u00e9 des habitants ont moins de 18 ans.<\/p>\n\n\n\n<h3 class=\"wp-block-heading\">Arnon<\/h3>\n\n\n\n<p>Arno, \u00e0 45 minutes en bateau de Majuro, est l&#039;un des atolls les plus peupl\u00e9s des \u00eeles Marshall. Ses sites comprennent des plages de sable et une vie marine abondante. L&#039;\u00eele poss\u00e8de trois lagons, que les Marshallais utilisent pour la plong\u00e9e sous-marine, la p\u00eache en haute mer et la natation. Le lagon n&#039;est pas une attraction touristique, mais il offre beaucoup \u00e0 voir.<\/p>\n\n\n\n<h2 class=\"wp-block-heading\" id=\"trends\">Les tendances<\/h2>\n\n\n\n<p>La mont\u00e9e du niveau de la mer est une tendance plus grave dans cet atoll. Cette crise imminente menace plus de la moiti\u00e9 des structures de la capitale, Majuro. Une \u00e9tude de la Banque mondiale pr\u00e9voit \u00e9galement que la majeure partie de Majuro sera sujette aux inondations en raison du changement climatique. Cette \u00e9tude fournit des pr\u00e9visions visuelles alarmantes et propose des options d&#039;adaptation pour aider les \u00eeles \u00e0 faire face \u00e0 ce probl\u00e8me.<\/p>\n\n\n\n<h2 class=\"wp-block-heading\" id=\"benefits-and-strengths-of-the-marshall-islands\">Avantages et atouts des \u00celes Marshall<\/h2>\n\n\n\n<p>L\u2019un des principaux atouts du march\u00e9 des \u00celes Marshall r\u00e9side dans ses exportateurs. Les \u00c9tats-Unis et les \u00celes Marshall ont une association libre (le Pacte), qui fournit \u00e0 la nation insulaire des d\u00e9fenses et une aide financi\u00e8re des \u00c9tats-Unis. Cette aide repr\u00e9sente \u00e9galement les deux tiers du budget total des \u00celes Marshall. Les \u00c9tats-Unis proposent cela pour avoir les droits exclusifs d\u2019exploitation de bases militaires dans les \u00celes Marshall.<\/p>\n\n\n\n<p>Les \u00c9tats-Unis et l\u2019Australie sont des partenaires commerciaux des \u00eeles Marshall. Un programme d\u2019aide bilat\u00e9rale australien a permis de fournir de l\u2019eau et des installations sanitaires \u00e0 Ebeye. Les possibilit\u00e9s d\u2019emploi pour les femmes et les filles se sont \u00e9galement accrues. Un autre avantage est le programme de bourses australiennes, qui permet d\u2019obtenir des bourses pour des universit\u00e9s s\u00e9lectionn\u00e9es dans la r\u00e9gion Pacifique.<\/p>\n\n\n\n<h2 class=\"wp-block-heading\" id=\"consumer-base\">Base de consommateurs<\/h2>\n\n\n\n<p>Les \u00celes Marshall ont une base de consommateurs apparemment neutre. La population du pays ne d\u00e9passe pas 60 000 habitants. Les citoyens ont donc tendance \u00e0 interagir souvent avec les m\u00eames entreprises. Certains ne font affaire avec aucune d&#039;entre elles et vivent en milieu rural. La pauvret\u00e9 est \u00e9galement une pr\u00e9occupation majeure dans les \u00eeles. Avec la mont\u00e9e du niveau de la mer et la faible qualit\u00e9 de vie, de nombreux habitants migrent vers les \u00c9tats-Unis en qu\u00eate d&#039;un avenir meilleur.<\/p>\n\n\n\n<h2 class=\"wp-block-heading\" id=\"reasons-to-grow-your-business-in-the-marshall-islands\">Raisons de d\u00e9velopper votre entreprise aux \u00celes Marshall.<\/h2>\n\n\n\n<p>Le gouvernement des \u00celes Marshall souhaite accro\u00eetre les investissements \u00e9trangers. Pourtant, il n&#039;a pas pris les mesures n\u00e9cessaires pour mettre en \u0153uvre un tel plan. L&#039;absence de droits fonciers freine le d\u00e9veloppement \u00e9conomique du pays. Les non-autochtones ne peuvent pas acheter de terres, mais seulement les louer selon des pratiques traditionnelles. La propri\u00e9t\u00e9 fonci\u00e8re d\u00e9pend de la lign\u00e9e familiale et de la classe sociale.<\/p>\n\n\n\n<p>La loi sur les licences d&#039;investissement \u00e9tranger (amendement) restreint \u00e9galement les investissements \u00e9trangers. Il n&#039;est pas facile d&#039;investir dans le commerce de d\u00e9tail et les services. Heureusement, cette loi n&#039;est pas coh\u00e9rente. Elle permet \u00e0 certains investisseurs \u00e9trangers de former des partenariats avec des entreprises locales des \u00celes Marshall.<\/p>\n\n\n\n<p>Il n\u2019existe pas non plus de site Internet permettant d\u2019enregistrer une nouvelle entreprise aux \u00celes Marshall. L\u2019investisseur doit effectuer toutes ces d\u00e9marches en personne et il n\u2019y a aucune garantie que la proposition soit accept\u00e9e.<\/p>\n\n\n\n<p>Pourtant, il existe de nombreuses raisons d\u2019ouvrir une entreprise aux \u00celes Marshall. C&#039;est un \u00c9tat librement associ\u00e9 aux \u00c9tats-Unis. Ainsi, les entreprises peuvent op\u00e9rer dans un pays souverain tout en conservant certains avantages comme une monnaie bas\u00e9e aux \u00c9tats-Unis et des accords commerciaux favorables. Les \u00celes Marshall offrent d&#039;autres avantages, tels que la stabilit\u00e9 politique, des incitations fiscales et un large bassin de travailleurs.<\/p>\n\n\n\n<h2 class=\"wp-block-heading\" id=\"about-sis-international\"><strong>\u00c0 propos de SIS International<\/strong><\/h2>\n\n\n\n<p><a href=\"https:\/\/www.sisinternational.com\/fr\/\"><span style=\"font-weight: 400;\">SIS International<\/span><\/a><span style=\"font-weight: 400;\"> propose des recherches quantitatives, qualitatives et strat\u00e9giques. Nous fournissons des donn\u00e9es, des outils, des strat\u00e9gies, des rapports et des informations pour la prise de d\u00e9cision. Nous menons \u00e9galement des entretiens, des enqu\u00eates, des groupes de discussion et d\u2019autres m\u00e9thodes et approches d\u2019\u00e9tudes de march\u00e9.<\/span><a href=\"https:\/\/www.sisinternational.com\/fr\/a-propos-de-la-recherche-internationale-sis\/contact-sis-international-market-research\/\"><span style=\"font-weight: 400;\"> Contactez nous<\/span><\/a><span style=\"font-weight: 400;\"> pour votre prochain projet d&#039;\u00e9tude de march\u00e9.<\/span><\/p>\n\n\n\n<p><\/p>","protected":false},"excerpt":{"rendered":"<p>Market Research in the Marshall Islands The Marshall Islands in Oceania are a country of scattered atolls and remote islands. This country comprises more than 1,200 islands and islets. Almost everyone speaks English, but the primary language is Marshallese. The islands are tropical, and the temperatures never exceed 100 degrees. What Is Market Research in &#8230; <a title=\"Etude de march\u00e9 aux \u00celes Marshall\" class=\"read-more\" href=\"https:\/\/www.sisinternational.com\/fr\/couverture\/etude-de-marche-en-asie\/les-iles-marshall\/\" aria-label=\"En savoir plus sur Market Research in the Marshall Islands\">Lire plus<\/a><\/p>","protected":false},"author":1,"featured_media":65712,"parent":14508,"menu_order":45,"comment_status":"closed","ping_status":"closed","template":"","meta":{"footnotes":""},"class_list":["post-39951","page","type-page","status-publish","has-post-thumbnail"],"_links":{"self":[{"href":"https:\/\/www.sisinternational.com\/fr\/wp-json\/wp\/v2\/pages\/39951","targetHints":{"allow":["GET"]}}],"collection":[{"href":"https:\/\/www.sisinternational.com\/fr\/wp-json\/wp\/v2\/pages"}],"about":[{"href":"https:\/\/www.sisinternational.com\/fr\/wp-json\/wp\/v2\/types\/page"}],"author":[{"embeddable":true,"href":"https:\/\/www.sisinternational.com\/fr\/wp-json\/wp\/v2\/users\/1"}],"replies":[{"embeddable":true,"href":"https:\/\/www.sisinternational.com\/fr\/wp-json\/wp\/v2\/comments?post=39951"}],"version-history":[{"count":7,"href":"https:\/\/www.sisinternational.com\/fr\/wp-json\/wp\/v2\/pages\/39951\/revisions"}],"predecessor-version":[{"id":77947,"href":"https:\/\/www.sisinternational.com\/fr\/wp-json\/wp\/v2\/pages\/39951\/revisions\/77947"}],"up":[{"embeddable":true,"href":"https:\/\/www.sisinternational.com\/fr\/wp-json\/wp\/v2\/pages\/14508"}],"wp:featuredmedia":[{"embeddable":true,"href":"https:\/\/www.sisinternational.com\/fr\/wp-json\/wp\/v2\/media\/65712"}],"wp:attachment":[{"href":"https:\/\/www.sisinternational.com\/fr\/wp-json\/wp\/v2\/media?parent=39951"}],"curies":[{"name":"wp","href":"https:\/\/api.w.org\/{rel}","templated":true}]}}