{"id":39909,"date":"2022-02-28T23:57:24","date_gmt":"2022-02-28T23:57:24","guid":{"rendered":"https:\/\/www.sisinternational.com\/?page_id=39909"},"modified":"2026-01-25T16:48:52","modified_gmt":"2026-01-25T21:48:52","slug":"etude-de-marche-petrochimique","status":"publish","type":"page","link":"https:\/\/www.sisinternational.com\/fr\/competence\/etude-de-marche-petrochimique\/","title":{"rendered":"\u00c9tude de march\u00e9 p\u00e9trochimique"},"content":{"rendered":"<h1 class=\"wp-block-heading\">\u00c9tude de march\u00e9 p\u00e9trochimique<\/h1>\n\n\n\n<figure class=\"gb-block-image gb-block-image-b9db8642\"><img loading=\"lazy\" decoding=\"async\" width=\"1456\" height=\"816\" class=\"gb-image gb-image-b9db8642\" src=\"https:\/\/www.sisinternational.com\/wp-content\/uploads\/2025\/08\/Oit-petroleum-petrochemical-4.jpg\" alt=\"\u00c9tudes de march\u00e9 et strat\u00e9gie internationales SIS\" title=\"Oit petroleum petrochemical (4)\" srcset=\"https:\/\/www.sisinternational.com\/wp-content\/uploads\/2025\/08\/Oit-petroleum-petrochemical-4.jpg 1456w, https:\/\/www.sisinternational.com\/wp-content\/uploads\/2025\/08\/Oit-petroleum-petrochemical-4-300x168.jpg 300w, https:\/\/www.sisinternational.com\/wp-content\/uploads\/2025\/08\/Oit-petroleum-petrochemical-4-1024x574.jpg 1024w, https:\/\/www.sisinternational.com\/wp-content\/uploads\/2025\/08\/Oit-petroleum-petrochemical-4-768x430.jpg 768w, https:\/\/www.sisinternational.com\/wp-content\/uploads\/2025\/08\/Oit-petroleum-petrochemical-4-18x10.jpg 18w\" sizes=\"auto, (max-width: 1456px) 100vw, 1456px\"><\/figure>\n\n\n\n<p><\/p>\n\n\n\n<h2 class=\"wp-block-heading\">Que sont les produits p\u00e9trochimiques ?<\/h2>\n\n\n\n<p>Les produits p\u00e9trochimiques constituent un vaste groupe de produits chimiques d\u00e9riv\u00e9s du p\u00e9trole et du gaz naturel. Nous les utilisons \u00e0 plusieurs fins chimiques. En fait, ils sont tr\u00e8s importants dans la vie quotidienne moderne. Ils sont au c\u0153ur de nombreuses industries, notamment\u00a0:<\/p>\n\n\n\n<ul class=\"wp-block-list\">\n<li>Plastiques<\/li>\n\n\n\n<li>Produits de beaut\u00e9<\/li>\n\n\n\n<li>Textiles<\/li>\n\n\n\n<li>Emballage<\/li>\n\n\n\n<li>Articles de toilette<\/li>\n<\/ul>\n\n\n\n<h2 class=\"wp-block-heading\">Pourquoi les \u00e9tudes de march\u00e9 p\u00e9trochimiques sont-elles importantes ?<\/h2>\n\n\n\n<p>La demande de plusieurs industries d\u2019utilisation finale a suivi une tendance \u00e0 la hausse. Ces secteurs comprennent le b\u00e2timent et la construction, l&#039;a\u00e9rospatiale, l&#039;alimentation et les boissons et la sant\u00e9. Ainsi, le march\u00e9 a connu une forte croissance au cours des derni\u00e8res d\u00e9cennies. Pourtant, nombreux sont ceux qui ont exprim\u00e9 leur inqui\u00e9tude quant \u00e0 l\u2019impact des plastiques. Ainsi, la demande de plastiques dans plusieurs secteurs cl\u00e9s a diminu\u00e9. Ainsi, la croissance du march\u00e9 devrait bient\u00f4t ralentir.<\/p>\n\n\n\n<p>Les \u00e9tudes de march\u00e9 sont essentielles pour que les entreprises puissent d\u00e9tecter de telles tendances. Par exemple, les march\u00e9s \u00e9mergents connaissent une augmentation du nombre d\u2019entreprises p\u00e9trochimiques. Les pr\u00e9visionnistes du march\u00e9 s\u2019attendent \u00e0 ce que cette tendance se poursuive. Le fait est que ces donn\u00e9es sont d\u2019une aide consid\u00e9rable pour les entreprises existantes et futures du secteur. Et les \u00e9tudes de march\u00e9 sont le meilleur moyen d\u2019obtenir de telles donn\u00e9es.<\/p>\n\n\n\n<h2 class=\"wp-block-heading\">Pourquoi les entreprises ont besoin d&#039;\u00e9tudes de march\u00e9<\/h2>\n\n\n\n<p>Une entreprise doit se commercialiser pour r\u00e9ussir. Comme nous l\u2019avons vu, les \u00e9tudes de march\u00e9 collectent des donn\u00e9es pour en savoir plus sur les consommateurs cibles. Les entreprises l&#039;utilisent pour savoir o\u00f9 vivent ces consommateurs, comment ils ach\u00e8tent, quelle est leur fourchette de revenus. Une telle recherche propulse les entreprises vers le succ\u00e8s de plusieurs mani\u00e8res. Il apporte les r\u00e9ponses n\u00e9cessaires pour prendre les d\u00e9cisions qui les feront avancer. L\u2019\u00e9tude de march\u00e9 est un \u00e9l\u00e9ment essentiel de toute strat\u00e9gie commerciale, qu\u2019elle soit grande ou petite, B2B ou B2C, nouvelle ou ancienne.<\/p>\n\n\n\n<p>R\u00e9aliser r\u00e9guli\u00e8rement des \u00e9tudes de march\u00e9 est essentiel pour suivre les tendances r\u00e9centes. Cela aide \u00e9galement les entreprises \u00e0 \u00eatre comp\u00e9titives. Ils peuvent identifier de nouveaux clients et en apprendre davantage sur ceux existants. Cela les aide \u00e9galement \u00e0 fixer des objectifs r\u00e9alisables pour leur entreprise et \u00e0 d\u00e9velopper de nouvelles strat\u00e9gies efficaces, leur permettant de r\u00e9soudre leurs plus grands d\u00e9fis de march\u00e9. Gr\u00e2ce aux \u00e9tudes de march\u00e9, ces entreprises disposent des outils n\u00e9cessaires pour envisager leur expansion. Ils voient \u00e9galement comment ils peuvent \u00e9largir leur offre de produits.<\/p>\n\n\n\n<h2 class=\"wp-block-heading\">Titres de poste cl\u00e9s<\/h2>\n\n\n\n<p>Cette industrie reste un acteur crucial du mix \u00e9nerg\u00e9tique. Les employeurs investissent dans du nouveau personnel, notamment\u00a0:<\/p>\n\n\n\n<ul class=\"wp-block-list\">\n<li>Ing\u00e9nieurs de proc\u00e9d\u00e9s<\/li>\n\n\n\n<li>Ing\u00e9nieurs\/sp\u00e9cialistes CVC<\/li>\n\n\n\n<li>Ing\u00e9nieurs en \u00e9quipement rotatif<\/li>\n<\/ul>\n\n\n\n<h2 class=\"wp-block-heading\">Facteurs cl\u00e9s de succ\u00e8s<\/h2>\n\n\n\n<p>L&#039;emplacement \u00e9tait autrefois crucial pour le succ\u00e8s dans cette industrie. Mais la demande a ralenti dans les \u00e9conomies \u00e9mergentes et les mati\u00e8res premi\u00e8res sont devenues moins abondantes. Il est donc probable que les entreprises devront adopter une approche disciplin\u00e9e en mati\u00e8re d\u2019expansion. Les acteurs du secteur devront \u00e9galement redoubler d\u2019efforts en mati\u00e8re de strat\u00e9gie. Ils devront produire davantage sur les projets \u00e0 grande \u00e9chelle de l\u2019industrie. L\u2019une des m\u00e9thodes qui aideront est l\u2019analyse num\u00e9rique et avanc\u00e9e pour am\u00e9liorer la production.<\/p>\n\n\n\n<h2 class=\"wp-block-heading\">\u00c0 propos des \u00e9tudes de march\u00e9 p\u00e9trochimiques<\/h2>\n\n\n\n<p>Les \u00e9tudes de march\u00e9 peuvent appara\u00eetre comme une perspective intimidante pour le propri\u00e9taire d&#039;entreprise qui manque de temps. Pourtant, la recherche qualitative et quantitative ont leurs atouts. Lorsqu\u2019ils sont utilis\u00e9s ensemble, ils fournissent de pr\u00e9cieux r\u00e9sultats en m\u00e9thodes mixtes. Ces r\u00e9sultats aident les acteurs du secteur \u00e0 comprendre les besoins de leurs clients cibles. Cela les aide \u00e9galement \u00e0 \u00e9valuer la qualit\u00e9 de leurs concurrents. Lorsque ces entreprises int\u00e8grent la recherche strat\u00e9gique, cela rem\u00e9die \u00e0 leurs faiblesses. Ainsi, ils \u00e9vitent les d\u00e9rapages qui pourraient entra\u00eener la faillite de l\u2019entreprise.<\/p>\n\n\n\n<p>Les chercheurs disposent de plusieurs outils pour faire face \u00e0 cette industrie. Ils peuvent utiliser des groupes de discussion pour recueillir les id\u00e9es, les opinions et les croyances des gens. Cet outil de recherche aide les entreprises lorsqu&#039;elles d\u00e9veloppent de nouveaux produits. Les enqu\u00eates et les entretiens sont \u00e9galement b\u00e9n\u00e9fiques. Une fois que l\u2019entreprise a rassembl\u00e9 les donn\u00e9es pertinentes, elle peut peaufiner ses produits. De cette mani\u00e8re, ils s\u2019assurent de r\u00e9pondre aux besoins des clients cibles.<\/p>\n\n\n\n<h2 class=\"wp-block-heading\">Demande d\u2019\u00e9tudes de march\u00e9 p\u00e9trochimiques<\/h2>\n\n\n\n<figure class=\"gb-block-image gb-block-image-6fa72726\"><img loading=\"lazy\" decoding=\"async\" width=\"1456\" height=\"816\" class=\"gb-image gb-image-6fa72726\" src=\"https:\/\/www.sisinternational.com\/wp-content\/uploads\/2025\/08\/Oit-petroleum-petrochemical-9.jpg\" alt=\"\u00c9tudes de march\u00e9 et strat\u00e9gie internationales SIS\" title=\"Oit petroleum petrochemical (9)\" srcset=\"https:\/\/www.sisinternational.com\/wp-content\/uploads\/2025\/08\/Oit-petroleum-petrochemical-9.jpg 1456w, https:\/\/www.sisinternational.com\/wp-content\/uploads\/2025\/08\/Oit-petroleum-petrochemical-9-300x168.jpg 300w, https:\/\/www.sisinternational.com\/wp-content\/uploads\/2025\/08\/Oit-petroleum-petrochemical-9-1024x574.jpg 1024w, https:\/\/www.sisinternational.com\/wp-content\/uploads\/2025\/08\/Oit-petroleum-petrochemical-9-768x430.jpg 768w, https:\/\/www.sisinternational.com\/wp-content\/uploads\/2025\/08\/Oit-petroleum-petrochemical-9-18x10.jpg 18w\" sizes=\"auto, (max-width: 1456px) 100vw, 1456px\"><\/figure>\n\n\n\n<p><\/p>\n\n\n\n<p>Les produits p\u00e9trochimiques sont des produits chimiques d\u00e9riv\u00e9s du p\u00e9trole et du gaz naturel et sont des composants de bon nombre des produits les plus populaires au monde. Les produits p\u00e9trochimiques comprennent l&#039;\u00e9thyl\u00e8ne, le propyl\u00e8ne, les butyl\u00e8nes, le benz\u00e8ne, le tolu\u00e8ne et les xyl\u00e8nes.<\/p>\n\n\n\n<p>La croissance croissante de la demande de produits p\u00e9trochimiques et de leurs d\u00e9riv\u00e9s est tir\u00e9e par la croissance de la consommation des m\u00e9nages, des produits de soins personnels, des emballages et des mat\u00e9riaux de construction.<\/p>\n\n\n\n<p>La demande p\u00e9trochimique mondiale continue de cro\u00eetre. Cela peut \u00eatre attribu\u00e9 \u00e0 l\u2019augmentation de la consommation des m\u00e9nages, des produits de soins personnels, des emballages et des mat\u00e9riaux de construction.<\/p>\n\n\n\n<p>Il existe quelques moteurs de croissance et de demande du secteur\u00a0:<\/p>\n\n\n\n<ul class=\"wp-block-list\">\n<li><strong>La consommation des m\u00e9nages<\/strong>: Le doublement du nombre de m\u00e9nages poss\u00e9dant au moins une voiture a contribu\u00e9 de mani\u00e8re significative \u00e0 l&#039;augmentation de la consommation d&#039;essence. En outre, les v\u00e9hicules \u00e9lectriques et d\u2019autres nouvelles technologies pourraient augmenter la consommation de diesel au fil du temps.<\/li>\n\n\n\n<li><strong>Produits de soins personnels<\/strong>: Il existe une demande croissante de produits de soin de la peau, ce qui peut stimuler la demande de produits p\u00e9trochimiques. Dans le m\u00eame temps, les donn\u00e9es ont mis en \u00e9vidence la pr\u00e9f\u00e9rence des baby-boomers pour les produits grand public plus traditionnels plut\u00f4t que pour ceux contenant des ingr\u00e9dients d&#039;origine animale.<\/li>\n<\/ul>\n\n\n\n<p>Il existe de nouvelles opportunit\u00e9s tant pour les nouveaux entrants sur ce march\u00e9 que pour les entreprises \u00e9tablies qui cherchent \u00e0 \u00e9tendre leurs op\u00e9rations sur de nouveaux march\u00e9s g\u00e9ographiques o\u00f9 elles peuvent r\u00e9pondre \u00e0 la demande.<\/p>\n\n\n\n<h2 class=\"wp-block-heading\">D\u00e9cideurs p\u00e9trochimiques<\/h2>\n\n\n\n<p>Une \u00e9tude de march\u00e9 p\u00e9trochimique peut \u00eatre r\u00e9alis\u00e9e sous forme d\u2019entretiens avec les parties prenantes suivantes :<\/p>\n\n\n\n<ul class=\"wp-block-list\">\n<li>Ing\u00e9nieurs de contr\u00f4le<\/li>\n\n\n\n<li>Analystes des politiques<\/li>\n\n\n\n<li>Responsables de la sant\u00e9 et de la s\u00e9curit\u00e9 de l&#039;environnement<\/li>\n\n\n\n<li>Responsables Export<\/li>\n\n\n\n<li>Consultants en p\u00e9trochimie<\/li>\n\n\n\n<li>Experts en la mati\u00e8re<\/li>\n\n\n\n<li>Experts en raffinerie<\/li>\n\n\n\n<li>Ventes de turbomachines<\/li>\n\n\n\n<li>Responsable S\u00e9curit\u00e9 P\u00e9trochimique<\/li>\n\n\n\n<li>Ing\u00e9nieurs en optimisation des processus<\/li>\n\n\n\n<li>Ing\u00e9nieurs assurance qualit\u00e9<\/li>\n\n\n\n<li>Responsables du trading p\u00e9trochimique<\/li>\n\n\n\n<li>Responsables des op\u00e9rations p\u00e9troli\u00e8res et p\u00e9trochimiques<\/li>\n\n\n\n<li>Ing\u00e9nieurs de conception<\/li>\n\n\n\n<li>Techniciens en instruments et m\u00e9trologie<\/li>\n\n\n\n<li>Ing\u00e9nieur chimiste<\/li>\n\n\n\n<li>Ing\u00e9nieurs en automatisation<\/li>\n\n\n\n<li>Ing\u00e9nieurs techniques<\/li>\n\n\n\n<li>Gestionnaires d&#039;\u00e9quipements et d&#039;installations<\/li>\n\n\n\n<li>Directeurs d&#039;usine<\/li>\n<\/ul>\n\n\n\n<h2 class=\"wp-block-heading\">Tendances de l&#039;industrie<\/h2>\n\n\n\n<p>Les principales tendances du secteur comprennent la pression concurrentielle pour am\u00e9liorer l\u2019efficacit\u00e9 op\u00e9rationnelle, r\u00e9duire les co\u00fbts des mati\u00e8res premi\u00e8res et les efforts de durabilit\u00e9.<br>The petrochemical industry is one of the most competitive industries in the world, with companies competing on a global scale. The sector experiences high levels of overcapacity and weak demand growth, resulting in a decline in its share price over the past few years. In addition to this, there are also increasing concerns about environmental protection around production sites, as well as energy conservation efforts made by governments to reduce carbon emissions.<\/p>\n\n\n\n<h2 class=\"wp-block-heading\">\u00c0 propos de l&#039;industrie p\u00e9trochimique du Moyen-Orient<\/h2>\n\n\n\n<p>Le <a href=\"https:\/\/www.sisinternational.com\/fr\/etude-de-marche-au-moyen-orient\/\" title=\"Etude de march\u00e9 au Moyen-Orient\"  data-wpil-monitor-id=\"2931\">Moyen-Orient<\/a> is one of the fastest-growing petrochemical markets in the world. The region produces one-third of the world&#8217;s polyethylene, which is used in everything from packaging to consumer goods.<\/p>\n\n\n\n<p>The rise of the Middle East\u2019s demand for petrochemical products involves a number of factors. This includes increasing disposable income levels across various countries such as Saudi Arabia and the United Arab Emirates (UAE). Also, the growing urbanization levels across these regions are noticeably significant. In fact, consumers\u2019 spending on cosmetics and toiletries snatched a large portion of this trend.<\/p>\n\n\n\n<p>La r\u00e9gion du Moyen-Orient est en pleine transition. Outre l\u2019abondance de son p\u00e9trole, ses faibles co\u00fbts de main-d\u2019\u0153uvre et ses r\u00e9gimes fiscaux favorables ont permis aux installations de production locales de fonctionner de mani\u00e8re rentable.<\/p>\n\n\n\n<h3 class=\"wp-block-heading\">La part du Moyen-Orient dans le secteur p\u00e9trochimique devrait augmenter consid\u00e9rablement.<\/h3>\n\n\n\n<p>M\u00eame si l&#039;essentiel de la croissance des principaux produits p\u00e9trochimiques proviendra des \u00e9conomies \u00e9mergentes telles que l&#039;Inde et la Chine, une croissance rapide de la demande p\u00e9trochimique au Moyen-Orient est attendue au cours des cinq prochaines ann\u00e9es.<\/p>\n\n\n\n<h3 class=\"wp-block-heading\">L&#039;Arabie saoudite est un leader mondial dans la production d&#039;\u00e9thyl\u00e8ne et pr\u00e9voit d&#039;augmenter sa capacit\u00e9 de production d&#039;\u00e9thyl\u00e8ne dans les ann\u00e9es \u00e0 venir.<\/h3>\n\n\n\n<p>L&#039;Arabie saoudite est actuellement le plus grand producteur mondial d&#039;\u00e9thyl\u00e8ne. Alors que les consommateurs continuent de demander de plus en plus de polym\u00e8res pour leurs produits, l&#039;Arabie saoudite pr\u00e9voit d&#039;augmenter consid\u00e9rablement sa capacit\u00e9 de production gr\u00e2ce \u00e0 des projets conjoints avec plusieurs grands producteurs p\u00e9trochimiques internationaux. Ces investissements devraient attirer d\u2019autres acteurs de la cha\u00eene de valeur des polym\u00e8res, tels que les transformateurs et les fabricants d\u2019emballages.<br>Cela signifierait que l\u2019Arabie Saoudite deviendrait l\u2019un des plus grands exportateurs d\u2019\u00e9thyl\u00e8ne, utilis\u00e9 dans la fabrication du poly\u00e9thyl\u00e8ne (le plastique le plus largement utilis\u00e9 avec une large gamme d\u2019applications allant de l\u2019emballage aux biens de consommation).<\/p>\n\n\n\n<h2 class=\"wp-block-heading\">\u00c0 propos de l\u2019\u00e9tude de march\u00e9 sur le poly\u00e9thyl\u00e8ne<\/h2>\n\n\n\n<p>Polyethylene is an important material in the petrochemical industry. It plays a key role in manufacturing different types of chemicals, from plastics and paints to lubricants and sealants. The demand for this product has increased significantly because it can be produced at a lower cost than other materials such as petroleum-based ones or natural gas-based ones.<\/p>\n\n\n\n<p>This rise in demand for polyethylene has led many countries around world, including Saudi Arabia to invest heavily in their own production facilities. This does not only meet the domestic needs, but also exports them abroad where a huge potential market awaits just outside our borders.<\/p>\n\n\n\n<h2 class=\"wp-block-heading\">\u00c0 propos des \u00e9tudes de march\u00e9 p\u00e9trochimiques<\/h2>\n\n\n\n<p>Petrochemicals affect many aspects of daily life. Market Research uncovers the data, insights, tools and strategies to be competitive in this strategically important industry. SIS provide Market Research worldwide especially in important economies in the industry such as Saudi Arabia, the <a href=\"https:\/\/www.sisinternational.com\/fr\/perspectives-economiques-du-qatar\/\" title=\"Perspectives \u00e9conomiques et \u00e9tudes de march\u00e9 du Qatar\"  data-wpil-monitor-id=\"3567\">Middle East and other markets<\/a>. We provide Qualitative <a href=\"https:\/\/www.sisinternational.com\/fr\/couverture\/les-ameriques\/etude-de-marche-en-amerique-latine\/etude-de-marche-en-guyane-francaise\/\" title=\"Etude de march\u00e9 en Guyane fran\u00e7aise\"  data-wpil-monitor-id=\"3739\">\u00c9tude de march\u00e9<\/a>, Quantitative Market Research, Market Entry Consulting and Strategy Research. Contact us for your next Petrochemical Market Research project.<\/p>\n\n\n\n<p><\/p>","protected":false},"excerpt":{"rendered":"<p>Plusieurs secteurs, tels que le b\u00e2timent et la construction, l&#039;a\u00e9rospatiale, l&#039;alimentation et les boissons et la sant\u00e9, ont stimul\u00e9 la demande de produits p\u00e9trochimiques.<\/p>","protected":false},"author":1,"featured_media":64288,"parent":14514,"menu_order":104,"comment_status":"closed","ping_status":"closed","template":"","meta":{"footnotes":""},"class_list":["post-39909","page","type-page","status-publish","has-post-thumbnail"],"_links":{"self":[{"href":"https:\/\/www.sisinternational.com\/fr\/wp-json\/wp\/v2\/pages\/39909","targetHints":{"allow":["GET"]}}],"collection":[{"href":"https:\/\/www.sisinternational.com\/fr\/wp-json\/wp\/v2\/pages"}],"about":[{"href":"https:\/\/www.sisinternational.com\/fr\/wp-json\/wp\/v2\/types\/page"}],"author":[{"embeddable":true,"href":"https:\/\/www.sisinternational.com\/fr\/wp-json\/wp\/v2\/users\/1"}],"replies":[{"embeddable":true,"href":"https:\/\/www.sisinternational.com\/fr\/wp-json\/wp\/v2\/comments?post=39909"}],"version-history":[{"count":6,"href":"https:\/\/www.sisinternational.com\/fr\/wp-json\/wp\/v2\/pages\/39909\/revisions"}],"predecessor-version":[{"id":77938,"href":"https:\/\/www.sisinternational.com\/fr\/wp-json\/wp\/v2\/pages\/39909\/revisions\/77938"}],"up":[{"embeddable":true,"href":"https:\/\/www.sisinternational.com\/fr\/wp-json\/wp\/v2\/pages\/14514"}],"wp:featuredmedia":[{"embeddable":true,"href":"https:\/\/www.sisinternational.com\/fr\/wp-json\/wp\/v2\/media\/64288"}],"wp:attachment":[{"href":"https:\/\/www.sisinternational.com\/fr\/wp-json\/wp\/v2\/media?parent=39909"}],"curies":[{"name":"wp","href":"https:\/\/api.w.org\/{rel}","templated":true}]}}