{"id":39905,"date":"2022-02-28T20:04:59","date_gmt":"2022-02-28T20:04:59","guid":{"rendered":"https:\/\/www.sisinternational.com\/?page_id=39905"},"modified":"2025-09-23T20:23:17","modified_gmt":"2025-09-24T00:23:17","slug":"etude-de-marche-tonga","status":"publish","type":"page","link":"https:\/\/www.sisinternational.com\/fr\/couverture\/etude-de-marche-en-asie\/etude-de-marche-tonga\/","title":{"rendered":"\u00c9tude de march\u00e9 aux Tonga"},"content":{"rendered":"<h1 class=\"wp-block-heading\">\u00c9tude de march\u00e9 aux Tonga<\/h1>\n\n\n\n<figure class=\"gb-block-image gb-block-image-13d00d65\"><img loading=\"lazy\" decoding=\"async\" width=\"1456\" height=\"816\" class=\"gb-image gb-image-13d00d65\" src=\"https:\/\/www.sisinternational.com\/wp-content\/uploads\/2025\/09\/Tonga-2.jpg\" srcset=\"https:\/\/www.sisinternational.com\/wp-content\/uploads\/2025\/09\/Tonga-2.jpg 1456w, https:\/\/www.sisinternational.com\/wp-content\/uploads\/2025\/09\/Tonga-2-300x168.jpg 300w, https:\/\/www.sisinternational.com\/wp-content\/uploads\/2025\/09\/Tonga-2-1024x574.jpg 1024w, https:\/\/www.sisinternational.com\/wp-content\/uploads\/2025\/09\/Tonga-2-768x430.jpg 768w, https:\/\/www.sisinternational.com\/wp-content\/uploads\/2025\/09\/Tonga-2-18x10.jpg 18w\" sizes=\"auto, (max-width: 1456px) 100vw, 1456px\" alt=\"\u00c9tudes de march\u00e9 et strat\u00e9gie internationales SIS\"><\/figure>\n\n\n\n<p><\/p>\n\n\n\n<hr class=\"wp-block-separator has-alpha-channel-opacity is-style-dots\"\/>\n\n\n\n<p>How can businesses truly understand the Tongan market and its unique consumer needs? For companies looking to expand into Tonga, conducting thorough market research in Tonga is essential. With a small but diverse population, varying cultural influences, and a growing interest in international products \u2212 and without proper research, businesses may miss out on key insights that could determine their success.<\/p>\n\n\n\n<h2 class=\"wp-block-heading\">What Is Market Research in Tonga?<\/h2>\n\n\n\n<p>Market research in Tonga analyzes the Tongan market to help businesses make informed decisions, understanding consumer behavior, industry trends, and competitive landscapes is crucial for businesses looking to enter or expand in the Tongan market.<\/p>\n\n\n\n<p>For example, <a href=\"https:\/\/www.linkedin.com\/pulse\/how-market-research-enables-growth-ruth-stanat-phekf\/\" target=\"_blank\" rel=\"noopener\"><span style=\"font-weight: 400;\">\u00c9tude de march\u00e9<\/span><\/a> in Tonga helps businesses identify key factors such as purchasing habits, product preferences, and the impact of cultural values on consumer choices. Tourism is a significant part of Tonga&#8217;s economy, so understanding the demands of both locals and international visitors is crucial.&nbsp;<\/p>\n\n\n\n<h2 class=\"wp-block-heading\">Why Do Businesses Need Market Research in Tonga?<\/h2>\n\n\n\n<p>Businesses looking to succeed in Tonga need market research in Tonga to navigate the region\u2019s unique economic and cultural landscape. Tonga&#8217;s small population, combined with its reliance on specific industries such as agriculture, fisheries, and tourism, presents distinct challenges for businesses that are unfamiliar with the local market. Without a clear understanding of these dynamics, businesses may struggle to target consumers or adapt their offerings to local needs effectively.<\/p>\n\n\n\n<p>That&#8217;s why market research in Tonga is essential for understanding consumer preferences, spending patterns, and regional demands. For instance, the Tongan economy is heavily influenced by remittances from overseas workers, which affects purchasing power and consumer behavior. Additionally, understanding the role of tradition and community in buying decisions is critical to developing marketing strategies that resonate with local consumers. With insights gained from comprehensive market research, businesses can develop targeted approaches that help them align with the needs of Tongan consumers and succeed in this unique market.<\/p>\n\n\n\n<h2 class=\"wp-block-heading\">Industries cl\u00e9s<\/h2>\n\n\n\n<p>L&#039;agriculture est un \u00e9l\u00e9ment vital de l&#039;\u00e9conomie des Tonga, car elle est \u00e0 la fois une source d&#039;emplois et de liquidit\u00e9s \u00e9trang\u00e8res. L&#039;agriculture est une pratique courante dans les zones rurales du pays. Les noix de coco, les haricots, le caf\u00e9 et le taro sont des cultures destin\u00e9es au march\u00e9 local. Les gens utilisent \u00e9galement ces produits pour leur consommation domestique. En outre, les plantes-racines sont les plus r\u00e9pandues sur les \u00eeles, couvrant environ les deux tiers des terres arables. L&#039;\u00e9levage de b\u00e9tail, comme la volaille et les porcs, est courant aux Tonga. Le nombre de bovins \u00e9lev\u00e9s dans le pays a augment\u00e9, ce qui a entra\u00een\u00e9 une diminution des importations de viande bovine.<\/p>\n\n\n\n<h2 class=\"wp-block-heading\">Quartiers<\/h2>\n\n\n\n<p>Tonga is a country in Oceania. This small island chain in the South Pacific Ocean, known as the Kingdom of Tonga, is northeast of Samoa, west of Vanuatu, and east of Niue. It is also northwest of Fiji and <a href=\"https:\/\/www.sisinternational.com\/fr\/couverture\/etude-de-marche-en-asie\/etude-de-marche-wallis-futuna\/\" title=\"Etude de march\u00e9 \u00e0 Wallis et Futuna\" data-wpil-monitor-id=\"5711\">Wallis and Futuna<\/a> (France) and nearly two-thirds between Hawaii and New Zealand. It\u2019s about 1,100 miles east of Brisbane and about the same distance north of New Zealand\u2019s North Island. Nuku\u2019alofa is Tonga\u2019s largest city and capital.<\/p>\n\n\n\n<p>Les Tonga comprennent 171 \u00eeles, dont seulement 45 sont habitables. L&#039;\u00eele de Tongatapu abrite les deux tiers de la population. Les Fidji, les Samoa et les Samoa am\u00e9ricaines sont toutes proches des Tonga.<\/p>\n\n\n\n<p>Nukualofa, la capitale et le principal port des Tonga, se trouve sur la rive nord de l&#039;\u00eele de Tongatapu, dans le sud-ouest de l&#039;oc\u00e9an Pacifique. Les r\u00e9cifs prot\u00e8gent le port \u00e0 grand tirant d&#039;eau de la ville. Les Tombeaux royaux et la Maison royale (1865-1867), demeure de la famille royale tongane) se trouvent sur le front de mer, au bout du vieux quai. On trouve \u00e9galement l&#039;\u00e9cole de formation des enseignants et l&#039;h\u00f4pital Vaiola, situ\u00e9s dans la ville. Les visiteurs trouveront \u00e9galement une grande \u00e9glise wesleyenne, un studio de radio et, bien s\u00fbr, une place publique. En dehors de la ville se trouve un grand lotissement avec des travaux de menuiserie et le Copra Board.<\/p>\n\n\n\n<h2 class=\"wp-block-heading\">Les tendances<\/h2>\n\n\n\n<p>Le plus grand potentiel d\u2019exportation des entreprises am\u00e9ricaines vers les Tonga concerne les mati\u00e8res premi\u00e8res. Le pays importe \u00e9galement de la volaille, des biens essentiels et des biens d&#039;\u00e9quipement.<\/p>\n\n\n\n<p>Le nombre de touristes visitant les Tonga a augment\u00e9. Pourtant, la loi ne permet pas aux \u00e9trangers de poss\u00e9der des terres aux Tonga. Les co\u00fbts de transport sont \u00e9galement tr\u00e8s \u00e9lev\u00e9s, les entreprises am\u00e9ricaines devraient donc en tenir compte. Il est cependant essentiel de noter que les Tongiens recherchent les articles am\u00e9ricains pour leur excellente qualit\u00e9.<\/p>\n\n\n\n<h2 class=\"wp-block-heading\">Opportunities in Market Research in Tonga<\/h2>\n\n\n\n<figure class=\"gb-block-image gb-block-image-1313b82d\"><img loading=\"lazy\" decoding=\"async\" width=\"1456\" height=\"816\" class=\"gb-image gb-image-1313b82d\" src=\"https:\/\/www.sisinternational.com\/wp-content\/uploads\/2025\/09\/Tonga-1.jpg\" alt=\"\u00c9tudes de march\u00e9 et strat\u00e9gie internationales SIS\" title=\"Tonga (1)\" srcset=\"https:\/\/www.sisinternational.com\/wp-content\/uploads\/2025\/09\/Tonga-1.jpg 1456w, https:\/\/www.sisinternational.com\/wp-content\/uploads\/2025\/09\/Tonga-1-300x168.jpg 300w, https:\/\/www.sisinternational.com\/wp-content\/uploads\/2025\/09\/Tonga-1-1024x574.jpg 1024w, https:\/\/www.sisinternational.com\/wp-content\/uploads\/2025\/09\/Tonga-1-768x430.jpg 768w, https:\/\/www.sisinternational.com\/wp-content\/uploads\/2025\/09\/Tonga-1-18x10.jpg 18w\" sizes=\"auto, (max-width: 1456px) 100vw, 1456px\"><\/figure>\n\n\n\n<p><\/p>\n\n\n\n<p>One of the most significant opportunities lies in the tourism sector, which is a cornerstone of Tonga\u2019s economy. With stunning natural landscapes, rich cultural heritage, and rising interest from international tourists, businesses in hospitality, travel, and related industries can benefit greatly from data-driven insights into tourist preferences and market trends.<\/p>\n\n\n\n<p>Another opportunity identified through market research in Tonga is the increasing demand for imported goods, especially in areas like consumer electronics, packaged foods, and lifestyle products. As Tonga&#8217;s economy evolves and more Tongans have access to disposable income, understanding shifts in consumption patterns can help businesses cater to emerging needs in retail and consumer goods.<\/p>\n\n\n\n<p>In addition, the digital transformation offers opportunities for businesses in telecommunications and e-commerce, especially as more Tongans embrace online shopping and mobile technologies. Market research in Tonga can help businesses understand these emerging trends and develop strategies to harness the potential of these growing sectors.<\/p>\n\n\n\n<h2 class=\"wp-block-heading\">Base de consommateurs<\/h2>\n\n\n\n<p>Les \u00e9tudes de march\u00e9 montrent que le prix joue le r\u00f4le le plus important dans la d\u00e9cision d&#039;achat.<\/p>\n\n\n\n<p>Des recherches plus approfondies r\u00e9v\u00e8lent un contraste saisissant. Les personnes appartenant aux groupes \u00e0 revenus \u00e9lev\u00e9s et faibles ont des habitudes d\u2019achat diff\u00e9rentes. Les Tongiens ach\u00e8tent et utilisent des produits en fonction de leur statut \u00e9conomique et social et de leur acc\u00e8s \u00e0 l\u2019argent liquide. Ils sont \u00e9galement plus dispos\u00e9s \u00e0 acheter des aliments locaux que des aliments import\u00e9s.<\/p>\n\n\n\n<h2 class=\"wp-block-heading\">Raisons de d\u00e9velopper votre entreprise sur le march\u00e9<\/h2>\n\n\n\n<p>En 2010, le pays a sign\u00e9 un plan visant \u00e0 \u00e9tendre sa croissance au cours des cinq prochaines ann\u00e9es. Les progr\u00e8s ult\u00e9rieurs refl\u00e8tent l&#039;\u00e9quilibre politique actuel du pays. Par exemple, le gouvernement a reconstruit le secteur commercial de Nuku&#039;alofa apr\u00e8s que les manifestants l&#039;aient d\u00e9truit.<\/p>\n\n\n\n<p>La corruption politique constitue un obstacle au commerce ext\u00e9rieur. Malgr\u00e9 cela, la Banque mondiale rapporte que les Tonga ont fait de grands progr\u00e8s dans la lutte contre la corruption.<\/p>\n\n\n\n<p>Les Tonga se tournent vers les \u00e9nergies renouvelables avec l\u2019aide de la Nouvelle-Z\u00e9lande. Il vise \u00e0 limiter la d\u00e9pendance aux importations p\u00e9troli\u00e8res.<\/p>\n\n\n\n<h2 class=\"wp-block-heading\">How SIS International\u2019s Market Research in Tonga Helps Businesses<\/h2>\n\n\n\n<p><a href=\"https:\/\/www.linkedin.com\/company\/sisinternationalresearch\/\" target=\"_blank\" rel=\"noopener\"><span style=\"font-weight: 400;\">SIS International<\/span><\/a>&nbsp;delivers tailored market research in Tonga to support businesses in overcoming challenges and tapping into growth opportunities. Our research offers valuable, actionable insights specific to the Tongan market, enabling informed business strategies. Key benefits include:<\/p>\n\n\n\n<ul class=\"wp-block-list\">\n<li><strong>Localized market insights<\/strong>: We provide detailed data on Tonga\u2019s consumer behavior, market trends, and competitive dynamics, helping businesses make well-informed decisions.<\/li>\n\n\n\n<li><strong>Industry expertise<\/strong>: Our research covers various sectors such as tourism, retail, and agriculture, identifying opportunities and growth potential in Tonga\u2019s key industries.<\/li>\n\n\n\n<li><strong>Comprehensive research methods<\/strong>: We use both qualitative and quantitative techniques, including surveys, focus groups, and competitor analysis, to offer a complete view of Tonga\u2019s market landscape.<\/li>\n\n\n\n<li><strong>Cultural alignment<\/strong>: We help businesses understand and integrate local customs, traditions, and consumer preferences into their strategies, ensuring resonance with Tongan consumers.<\/li>\n\n\n\n<li><strong>Navigating logistical and regulatory challenges<\/strong>: Our research assists businesses in managing distribution, supply chain issues, and compliance with Tonga\u2019s regulations, optimizing their market entry and operations.<\/li>\n\n\n\n<li><strong>Sustainable success<\/strong>: By leveraging SIS International\u2019s insights, businesses can create tailored strategies that ensure long-term success and growth in the Tongan market.<\/li>\n<\/ul>\n\n\n\n<h2 class=\"wp-block-heading\"><span style=\"font-weight: 400;\">\u00c0 propos de SIS International<\/span><\/h2>\n\n\n\n<p><a href=\"https:\/\/www.sisinternational.com\/fr\/\"><span style=\"font-weight: 400;\">SIS International<\/span><\/a><span style=\"font-weight: 400;\"> propose des recherches quantitatives, qualitatives et strat\u00e9giques. Nous fournissons des donn\u00e9es, des outils, des strat\u00e9gies, des rapports et des informations pour la prise de d\u00e9cision. Nous menons \u00e9galement des entretiens, des enqu\u00eates, des groupes de discussion et d\u2019autres m\u00e9thodes et approches d\u2019\u00e9tudes de march\u00e9.<\/span><a href=\"https:\/\/www.sisinternational.com\/fr\/a-propos-de-la-recherche-internationale-sis\/contact-sis-international-market-research\/\"><span style=\"font-weight: 400;\"> Contactez nous<\/span><\/a><span style=\"font-weight: 400;\"> pour votre prochain projet d&#039;\u00e9tude de march\u00e9.<\/span><\/p>\n\n\n\n<p><\/p>","protected":false},"excerpt":{"rendered":"<p>Market Research in Tonga How can businesses truly understand the Tongan market and its unique consumer needs? For companies looking to expand into Tonga, conducting thorough market research in Tonga is essential. With a small but diverse population, varying cultural influences, and a growing interest in international products \u2212 and without proper research, businesses may &#8230; <a title=\"\u00c9tude de march\u00e9 aux Tonga\" class=\"read-more\" href=\"https:\/\/www.sisinternational.com\/fr\/couverture\/etude-de-marche-en-asie\/etude-de-marche-tonga\/\" aria-label=\"En savoir plus sur Market Research in Tonga\">Lire plus<\/a><\/p>","protected":false},"author":1,"featured_media":65743,"parent":14508,"menu_order":41,"comment_status":"closed","ping_status":"closed","template":"","meta":{"footnotes":""},"class_list":["post-39905","page","type-page","status-publish","has-post-thumbnail"],"_links":{"self":[{"href":"https:\/\/www.sisinternational.com\/fr\/wp-json\/wp\/v2\/pages\/39905","targetHints":{"allow":["GET"]}}],"collection":[{"href":"https:\/\/www.sisinternational.com\/fr\/wp-json\/wp\/v2\/pages"}],"about":[{"href":"https:\/\/www.sisinternational.com\/fr\/wp-json\/wp\/v2\/types\/page"}],"author":[{"embeddable":true,"href":"https:\/\/www.sisinternational.com\/fr\/wp-json\/wp\/v2\/users\/1"}],"replies":[{"embeddable":true,"href":"https:\/\/www.sisinternational.com\/fr\/wp-json\/wp\/v2\/comments?post=39905"}],"version-history":[{"count":5,"href":"https:\/\/www.sisinternational.com\/fr\/wp-json\/wp\/v2\/pages\/39905\/revisions"}],"predecessor-version":[{"id":79412,"href":"https:\/\/www.sisinternational.com\/fr\/wp-json\/wp\/v2\/pages\/39905\/revisions\/79412"}],"up":[{"embeddable":true,"href":"https:\/\/www.sisinternational.com\/fr\/wp-json\/wp\/v2\/pages\/14508"}],"wp:featuredmedia":[{"embeddable":true,"href":"https:\/\/www.sisinternational.com\/fr\/wp-json\/wp\/v2\/media\/65743"}],"wp:attachment":[{"href":"https:\/\/www.sisinternational.com\/fr\/wp-json\/wp\/v2\/media?parent=39905"}],"curies":[{"name":"wp","href":"https:\/\/api.w.org\/{rel}","templated":true}]}}