{"id":39903,"date":"2022-02-28T20:01:28","date_gmt":"2022-02-28T20:01:28","guid":{"rendered":"https:\/\/www.sisinternational.com\/?page_id=39903"},"modified":"2026-01-25T19:32:56","modified_gmt":"2026-01-26T00:32:56","slug":"etude-de-marche-aux-samoa","status":"publish","type":"page","link":"https:\/\/www.sisinternational.com\/fr\/couverture\/etude-de-marche-en-asie\/etude-de-marche-aux-samoa\/","title":{"rendered":"\u00c9tude de march\u00e9 aux Samoa"},"content":{"rendered":"<h1 class=\"wp-block-heading\">\u00c9tude de march\u00e9 aux Samoa<\/h1>\n\n\n\n<figure class=\"gb-block-image gb-block-image-106664fb\"><img loading=\"lazy\" decoding=\"async\" width=\"1456\" height=\"816\" class=\"gb-image gb-image-106664fb\" src=\"https:\/\/www.sisinternational.com\/wp-content\/uploads\/2025\/09\/Samoa-4.jpg\" alt=\"\u00c9tudes de march\u00e9 et strat\u00e9gie internationales SIS\" title=\"Samoa (4)\" srcset=\"https:\/\/www.sisinternational.com\/wp-content\/uploads\/2025\/09\/Samoa-4.jpg 1456w, https:\/\/www.sisinternational.com\/wp-content\/uploads\/2025\/09\/Samoa-4-300x168.jpg 300w, https:\/\/www.sisinternational.com\/wp-content\/uploads\/2025\/09\/Samoa-4-1024x574.jpg 1024w, https:\/\/www.sisinternational.com\/wp-content\/uploads\/2025\/09\/Samoa-4-768x430.jpg 768w, https:\/\/www.sisinternational.com\/wp-content\/uploads\/2025\/09\/Samoa-4-18x10.jpg 18w\" sizes=\"auto, (max-width: 1456px) 100vw, 1456px\"><\/figure>\n\n\n\n<p><\/p>\n\n\n\n<p>Located in the Pacific Ocean, the nation of Samoa comprises two large islands and four smaller ones. The islands in Samoa are of volcanic origin. They are also unlike other places in the world. For example, the entire country has only one city. Samoa has a relaxed vibe, which is excellent for tourism. But it has other key industries:<\/p>\n\n\n\n<h2 class=\"wp-block-heading\">What Is Market Research in Samoa?<\/h2>\n\n\n\n<p><a href=\"https:\/\/www.sisinternational.com\/fr\/couverture\/etude-de-marche-en-afrique\/etude-de-marche-a-maurice-afrique\/\" title=\"Market Research in Mauritius \u2014 Island off Africa&#8217;s East Coast\"  data-wpil-monitor-id=\"5308\">Market research in Samoa<\/a> studies the economic and cultural context of this small island nation in the South Pacific, where community values and sustainability play a significant role in consumer behavior.<\/p>\n\n\n\n<p><strong>Aspects cl\u00e9s :<\/strong><\/p>\n\n\n\n<ul class=\"wp-block-list\">\n<li><strong>Contexte \u00e9conomique :<\/strong> The Samoan economy relies on agriculture, tourism, and remittances. Understanding the interplay between local traditions and modern consumer habits is crucial.<\/li>\n\n\n\n<li><strong>M\u00e9thodologies\u00a0:<\/strong> Qualitative approaches, including interviews and focus groups, are often utilized to gather insights into consumer preferences and cultural influences.<\/li>\n\n\n\n<li><strong>D\u00e9fis:<\/strong> The small population and geographic isolation can limit the scope of research and data availability.<\/li>\n\n\n\n<li><strong>Avantages:<\/strong> Effective market research helps businesses identify opportunities for sustainable development and understand local consumer needs, allowing them to tailor offerings that resonate with the Samoan population.<\/li>\n<\/ul>\n\n\n\n<h2 class=\"wp-block-heading\">Industries cl\u00e9s<\/h2>\n\n\n\n<p>L&#039;agriculture est une composante essentielle de l&#039;\u00e9conomie samoane. Il contribue \u00e0 la croissance du pays, repr\u00e9sentant les deux tiers de l&#039;ensemble de la main-d&#039;\u0153uvre. L&#039;agriculture fournit \u00e9galement une grande partie des mati\u00e8res premi\u00e8res \u00e0 l&#039;industrie manufacturi\u00e8re du Samoa.<\/p>\n\n\n\n<p>La p\u00eache est essentielle pour les Samoans. Le poisson est une source vitale de nourriture et un produit d\u2019exportation. Environ un quart des m\u00e9nages samoans tirent leurs revenus de cette industrie. Le poisson constitue \u00e9galement un \u00e9l\u00e9ment essentiel du r\u00e9gime alimentaire samoan.<\/p>\n\n\n\n<h2 class=\"wp-block-heading\">Quartiers<\/h2>\n\n\n\n<p>Apia est la capitale (et la seule) ville de la nation des Samoa et se trouve \u00e0 25 miles de l&#039;a\u00e9roport sur la c\u00f4te d&#039;Upolu. Cette ville pittoresque est le centre commercial, gouvernemental et commercial des Samoa. C&#039;est \u00e9galement un endroit id\u00e9al \u00e0 visiter ou \u00e0 s&#039;installer tout en explorant l&#039;\u00eele. M\u00eame si Apia est petite, elle compte une bonne part de restaurants, de clubs, de march\u00e9s et de magasins. Il existe \u00e9galement des attractions culturelles pour divertir et occuper les touristes.<\/p>\n\n\n\n<h2 class=\"wp-block-heading\">Les tendances<\/h2>\n\n\n\n<p>Avec le pouvoir des m\u00e9dias, l\u2019afflux de biens ext\u00e9rieurs devient une fatalit\u00e9 in\u00e9vitable pour les Samoa. Les importations affluent vers le pays \u00e0 mesure que les \u00e9carts commerciaux se sont att\u00e9nu\u00e9s. Les grandes entreprises et m\u00eame les petites entreprises importent des produits \u00e9trangers. Depuis l\u2019adh\u00e9sion du pays \u00e0 l\u2019OMC, les importations de marchandises en provenance de l\u2019\u00e9tranger ont augment\u00e9. Ces changements pourraient apporter au public des habitudes de consommation meilleures et plus s\u00fbres.<\/p>\n\n\n\n<h2 class=\"wp-block-heading\">Avantages et points forts du march\u00e9<\/h2>\n\n\n\n<figure class=\"gb-block-image gb-block-image-359f3e64\"><img loading=\"lazy\" decoding=\"async\" width=\"1456\" height=\"816\" class=\"gb-image gb-image-359f3e64\" src=\"https:\/\/www.sisinternational.com\/wp-content\/uploads\/2025\/09\/Samoa-2.jpg\" alt=\"\u00c9tudes de march\u00e9 et strat\u00e9gie internationales SIS\" title=\"Samoa (2)\" srcset=\"https:\/\/www.sisinternational.com\/wp-content\/uploads\/2025\/09\/Samoa-2.jpg 1456w, https:\/\/www.sisinternational.com\/wp-content\/uploads\/2025\/09\/Samoa-2-300x168.jpg 300w, https:\/\/www.sisinternational.com\/wp-content\/uploads\/2025\/09\/Samoa-2-1024x574.jpg 1024w, https:\/\/www.sisinternational.com\/wp-content\/uploads\/2025\/09\/Samoa-2-768x430.jpg 768w, https:\/\/www.sisinternational.com\/wp-content\/uploads\/2025\/09\/Samoa-2-18x10.jpg 18w\" sizes=\"auto, (max-width: 1456px) 100vw, 1456px\"><\/figure>\n\n\n\n<p><\/p>\n\n\n\n<p>The government of Samoa is trying to stir up foreign and local investment. It offers a stable political system based on strong social and cultural structures and values. Samoa also has a trained, productive, and adaptable workforce that communicates well in English. The economy is well-managed, with low labor costs and a favorable exchange rate. Samoa provides a good investment environment.<\/p>\n\n\n\n<h2 class=\"wp-block-heading\">Base de consommateurs<\/h2>\n\n\n\n<p>La capacit\u00e9 de gagner de l\u2019argent stimule la demande de produits aux Samoa. La capacit\u00e9 des Samoans \u00e0 gagner des places de choix et \u00e0 augmenter le trafic dans les magasins contribue \u00e9galement \u00e0 g\u00e9n\u00e9rer des b\u00e9n\u00e9fices. Les entreprises doivent fournir des produits de haute qualit\u00e9 pour assurer leur place sur le march\u00e9. Les petites entreprises peuvent \u00e9galement constituer une menace pour les plus grandes si elles produisent des articles uniques. Les entreprises offrant un bon service client ont tendance \u00e0 avoir la main gagnante dans leur activit\u00e9.<\/p>\n\n\n\n<h2 class=\"wp-block-heading\">Raison de d\u00e9velopper votre entreprise sur le march\u00e9 samoan<\/h2>\n\n\n\n<p>Les Samoa sont un endroit id\u00e9al pour les investisseurs du monde entier. C&#039;est id\u00e9al pour l&#039;investissement. En effet, le monde sait que ce pays est paisible et que son \u00e9conomie est toujours stable. Les lois samoanes contribuent \u00e9galement \u00e0 cr\u00e9er les meilleures conditions pour les investisseurs du monde entier. De plus, sa situation au c\u0153ur du Pacifique en fait un lien vital pour les continents australien, asiatique et am\u00e9ricain. Les Samoa seront le point chaud id\u00e9al si vous souhaitez \u00e9tendre le march\u00e9 de votre entreprise en Oc\u00e9anie.<\/p>\n\n\n\n<h2 class=\"wp-block-heading\">How SIS International\u2019s Market Research in Samoa Helps Businesses<\/h2>\n\n\n\n<p>SIS International provides expert <a href=\"https:\/\/www.sisinternational.com\/fr\/couverture\/etude-de-marche-en-asie\/etude-de-marche-aux-iles-cook\/\" title=\"\u00c9tude de march\u00e9 aux \u00celes Cook\"  data-wpil-monitor-id=\"5739\">market research in Samoa<\/a> to help businesses navigate the unique opportunities and challenges of this Pacific Island nation. Samoa offers significant potential in tourism, agriculture, and sustainable development, and our market research ensures businesses have the insights needed to succeed. Here are the key benefits of working with SIS in Samoa:<\/p>\n\n\n\n<ul class=\"wp-block-list\">\n<li><strong>Planification strat\u00e9gique am\u00e9lior\u00e9e<\/strong>: Our market research in Samoa delivers crucial insights into local market trends, regulatory requirements, and consumer behaviors, helping businesses develop effective strategies that align with Samoa\u2019s market dynamics.<\/li>\n\n\n\n<li><strong>Augmentation des revenus<\/strong>: By identifying key growth sectors such as eco-tourism, agriculture, and renewable energy, SIS helps businesses optimize their market entry and revenue potential in Samoa\u2019s expanding economy.<\/li>\n\n\n\n<li><strong>R\u00e9duction de risque<\/strong>: Navigating the regulatory environment and understanding local cultural nuances can be challenging. SIS International provides in-depth knowledge of Samoa\u2019s legal and business landscape, minimizing risks for businesses entering this market.<\/li>\n\n\n\n<li><strong>Efficacit\u00e9 marketing am\u00e9lior\u00e9e<\/strong>: With a strong focus on eco-tourism and sustainability, market research in Samoa helps businesses craft targeted marketing strategies that resonate with both local consumers and international tourists.<\/li>\n\n\n\n<li><strong>Croissance et innovation acc\u00e9l\u00e9r\u00e9es<\/strong>: Samoa\u2019s growing sectors, especially in sustainable tourism and agriculture, offer exciting opportunities for businesses. SIS helps companies identify these trends and innovate in line with local market needs.<\/li>\n\n\n\n<li><strong>Un retour sur investissement boost\u00e9<\/strong>: By delivering actionable insights and tailored recommendations, SIS ensures businesses investing in Samoa maximize their return on investment, leading to sustainable and profitable growth.<\/li>\n<\/ul>\n\n\n\n<h2 class=\"wp-block-heading\"><strong>\u00c0 propos de SIS International<\/strong><\/h2>\n\n\n\n<p><a href=\"https:\/\/www.sisinternational.com\/fr\/\"><span style=\"font-weight: 400;\">SIS International<\/span><\/a><span style=\"font-weight: 400;\"> propose des recherches quantitatives, qualitatives et strat\u00e9giques. Nous fournissons des donn\u00e9es, des outils, des strat\u00e9gies, des rapports et des informations pour la prise de d\u00e9cision. Nous menons \u00e9galement des entretiens, des enqu\u00eates, des groupes de discussion et d\u2019autres m\u00e9thodes et approches d\u2019\u00e9tudes de march\u00e9.<\/span><a href=\"https:\/\/www.sisinternational.com\/fr\/a-propos-de-la-recherche-internationale-sis\/contact-sis-international-market-research\/\"><span style=\"font-weight: 400;\"> Contactez nous<\/span><\/a><span style=\"font-weight: 400;\"> pour votre prochain projet d&#039;\u00e9tude de march\u00e9.<\/span><\/p>\n\n\n\n<p><\/p>","protected":false},"excerpt":{"rendered":"<p>Market Research in Samoa Located in the Pacific Ocean, the nation of Samoa comprises two large islands and four smaller ones. The islands in Samoa are of volcanic origin. They are also unlike other places in the world. For example, the entire country has only one city. Samoa has a relaxed vibe, which is excellent &#8230; <a title=\"\u00c9tude de march\u00e9 aux Samoa\" class=\"read-more\" href=\"https:\/\/www.sisinternational.com\/fr\/couverture\/etude-de-marche-en-asie\/etude-de-marche-aux-samoa\/\" aria-label=\"En savoir plus sur Market Research in Samoa\">Lire plus<\/a><\/p>","protected":false},"author":1,"featured_media":65602,"parent":14508,"menu_order":40,"comment_status":"closed","ping_status":"closed","template":"","meta":{"footnotes":""},"class_list":["post-39903","page","type-page","status-publish","has-post-thumbnail"],"_links":{"self":[{"href":"https:\/\/www.sisinternational.com\/fr\/wp-json\/wp\/v2\/pages\/39903","targetHints":{"allow":["GET"]}}],"collection":[{"href":"https:\/\/www.sisinternational.com\/fr\/wp-json\/wp\/v2\/pages"}],"about":[{"href":"https:\/\/www.sisinternational.com\/fr\/wp-json\/wp\/v2\/types\/page"}],"author":[{"embeddable":true,"href":"https:\/\/www.sisinternational.com\/fr\/wp-json\/wp\/v2\/users\/1"}],"replies":[{"embeddable":true,"href":"https:\/\/www.sisinternational.com\/fr\/wp-json\/wp\/v2\/comments?post=39903"}],"version-history":[{"count":7,"href":"https:\/\/www.sisinternational.com\/fr\/wp-json\/wp\/v2\/pages\/39903\/revisions"}],"predecessor-version":[{"id":79430,"href":"https:\/\/www.sisinternational.com\/fr\/wp-json\/wp\/v2\/pages\/39903\/revisions\/79430"}],"up":[{"embeddable":true,"href":"https:\/\/www.sisinternational.com\/fr\/wp-json\/wp\/v2\/pages\/14508"}],"wp:featuredmedia":[{"embeddable":true,"href":"https:\/\/www.sisinternational.com\/fr\/wp-json\/wp\/v2\/media\/65602"}],"wp:attachment":[{"href":"https:\/\/www.sisinternational.com\/fr\/wp-json\/wp\/v2\/media?parent=39903"}],"curies":[{"name":"wp","href":"https:\/\/api.w.org\/{rel}","templated":true}]}}