{"id":39901,"date":"2022-02-28T19:49:43","date_gmt":"2022-02-28T19:49:43","guid":{"rendered":"https:\/\/www.sisinternational.com\/?page_id=39901"},"modified":"2025-09-23T20:35:18","modified_gmt":"2025-09-24T00:35:18","slug":"etudes-de-marche-aux-palaos","status":"publish","type":"page","link":"https:\/\/www.sisinternational.com\/fr\/couverture\/etude-de-marche-en-asie\/etudes-de-marche-aux-palaos\/","title":{"rendered":"Etude de march\u00e9 aux Palaos"},"content":{"rendered":"<h1 class=\"wp-block-heading\">Etude de march\u00e9 aux Palaos<\/h1>\n\n\n\n<figure class=\"gb-block-image gb-block-image-9cfc2484\"><img loading=\"lazy\" decoding=\"async\" width=\"1456\" height=\"816\" class=\"gb-image gb-image-9cfc2484\" src=\"https:\/\/www.sisinternational.com\/wp-content\/uploads\/2025\/09\/Palau-4.jpg\" alt=\"\u00c9tudes de march\u00e9 et strat\u00e9gie internationales SIS\" title=\"Palau (4)\" srcset=\"https:\/\/www.sisinternational.com\/wp-content\/uploads\/2025\/09\/Palau-4.jpg 1456w, https:\/\/www.sisinternational.com\/wp-content\/uploads\/2025\/09\/Palau-4-300x168.jpg 300w, https:\/\/www.sisinternational.com\/wp-content\/uploads\/2025\/09\/Palau-4-1024x574.jpg 1024w, https:\/\/www.sisinternational.com\/wp-content\/uploads\/2025\/09\/Palau-4-768x430.jpg 768w, https:\/\/www.sisinternational.com\/wp-content\/uploads\/2025\/09\/Palau-4-18x10.jpg 18w\" sizes=\"auto, (max-width: 1456px) 100vw, 1456px\"><\/figure>\n\n\n\n<p><\/p>\n\n\n\n<h3 class=\"wp-block-heading\">Gr\u00e2ce \u00e0 des \u00e9tudes de march\u00e9 approfondies, les entreprises peuvent se positionner avantageusement et prendre des d\u00e9cisions fond\u00e9es sur des donn\u00e9es.<\/h3>\n\n\n\n<p>Le march\u00e9 sp\u00e9cifique de Palau pr\u00e9sente \u00e0 la fois des opportunit\u00e9s et des d\u00e9fis pour les entreprises. C&#039;est pourquoi les \u00e9tudes de march\u00e9 \u00e0 Palau sont essentielles pour comprendre le comportement des consommateurs, le paysage r\u00e9glementaire et l&#039;environnement \u00e9conomique qui fa\u00e7onnent cette r\u00e9gion unique.<\/p>\n\n\n\n<h2 class=\"wp-block-heading\">Qu&#039;est-ce que l&#039;\u00e9tude de march\u00e9 \u00e0 Palau ?<\/h2>\n\n\n\n<p>Market research in Palau analyzes specific information about the local market&#8217;s needs, consumer behaviors, and industry trends. So, <a href=\"https:\/\/www.sisinternational.com\/fr\/how-to-conduct-effective-quantitative-market-research\/\" title=\"How to Conduct Effective Quantitative Market Research\"  data-wpil-monitor-id=\"10308\">conducting market research<\/a> here involves examining different elements such as consumer preferences, tourism-driven market shifts, and challenges presented by the island&#8217;s geographical remoteness. It addresses issues like fluctuating demand, identifying key <a href=\"https:\/\/www.sisinternational.com\/fr\/solutions\/conseil-en-strategie\/recherche-dopportunites-de-marche\/\" title=\"Recherche d&#039;opportunit\u00e9s de march\u00e9\"  data-wpil-monitor-id=\"10313\">opportunities in niche markets<\/a>, and dealing with logistical difficulties. Market research in Palau is essential for identifying these factors and making informed, strategic decisions.<\/p>\n\n\n\n<h2 class=\"wp-block-heading\">Pourquoi les entreprises ont-elles besoin d\u2019\u00e9tudes de march\u00e9 \u00e0 Palau\u00a0?<\/h2>\n\n\n\n<p>Businesses need market research in Palau to understand the market&#8217;s specific opportunities and challenges. With Palau&#8217;s limited consumer base, fluctuating tourism demand, and logistical complexities, <a href=\"https:\/\/www.sisinternational.com\/fr\/etude-de-cas-sis-sur-les-informations-en-magasin-dans-le-monde-entier\/\" title=\"Informations sur les acheteurs en magasin \u2014 \u00c9tude de cas d&#039;\u00e9tude de march\u00e9\"  data-wpil-monitor-id=\"10310\">market research helps provide insights<\/a> into local conditions and guides businesses to make data-driven decisions.<\/p>\n\n\n\n<p>Par exemple, il est essentiel de comprendre la saisonnalit\u00e9 du tourisme et son impact sur la demande des consommateurs pour r\u00e9ussir \u00e0 Palau. De plus, en raison de l&#039;\u00e9loignement de l&#039;\u00eele, les probl\u00e8mes de cha\u00eene d&#039;approvisionnement sont souvent difficiles. Les \u00e9tudes de march\u00e9 permettent d&#039;anticiper ces obstacles et de garantir que les entreprises peuvent adapter efficacement leurs strat\u00e9gies d&#039;approvisionnement, de tarification et de distribution. En d\u00e9veloppant une compr\u00e9hension nuanc\u00e9e du march\u00e9, les entreprises peuvent tirer le meilleur parti des opportunit\u00e9s uniques qui s&#039;offrent \u00e0 elles.<\/p>\n\n\n\n<h2 class=\"wp-block-heading\">Notre analyse actuelle du march\u00e9 et nos recommandations<\/h2>\n\n\n\n<p>\u00c0 <a href=\"https:\/\/www.linkedin.com\/company\/sisinternationalresearch\/\" target=\"_blank\" rel=\"noopener\"><span style=\"font-weight: 400;\">SIS International<\/span><\/a>, nous pensons que Palau pr\u00e9sente des opportunit\u00e9s uniques, notamment dans des domaines tels que le tourisme durable, les produits locaux de niche et les services respectueux de l&#039;environnement.<\/p>\n\n\n\n<p>Nous recommandons aux entreprises de se concentrer sur l\u2019\u00e9tablissement de relations solides avec la communaut\u00e9 locale tout en mettant l\u2019accent sur les pratiques respectueuses de l\u2019environnement, qui sont essentielles \u00e0 la r\u00e9ussite \u00e0 Palau. Le tourisme reste un moteur essentiel et les entreprises doivent adapter leurs offres pour s\u2019aligner sur les valeurs culturelles et environnementales de Palau. En outre, nous consid\u00e9rons qu\u2019il est important de relever les d\u00e9fis logistiques, tels que les retards d\u2019exp\u00e9dition, en \u00e9tablissant des partenariats avec des fournisseurs locaux et en optimisant les cha\u00eenes d\u2019approvisionnement.<\/p>\n\n\n\n<h2 class=\"wp-block-heading\">Industries cl\u00e9s et principaux acteurs \u00e0 Palau<\/h2>\n\n\n\n<figure class=\"gb-block-image gb-block-image-f4fe4052\"><img loading=\"lazy\" decoding=\"async\" width=\"1456\" height=\"816\" class=\"gb-image gb-image-f4fe4052\" src=\"https:\/\/www.sisinternational.com\/wp-content\/uploads\/2025\/09\/Palau-2.jpg\" alt=\"\u00c9tudes de march\u00e9 et strat\u00e9gie internationales SIS\" title=\"Palau (2)\" srcset=\"https:\/\/www.sisinternational.com\/wp-content\/uploads\/2025\/09\/Palau-2.jpg 1456w, https:\/\/www.sisinternational.com\/wp-content\/uploads\/2025\/09\/Palau-2-300x168.jpg 300w, https:\/\/www.sisinternational.com\/wp-content\/uploads\/2025\/09\/Palau-2-1024x574.jpg 1024w, https:\/\/www.sisinternational.com\/wp-content\/uploads\/2025\/09\/Palau-2-768x430.jpg 768w, https:\/\/www.sisinternational.com\/wp-content\/uploads\/2025\/09\/Palau-2-18x10.jpg 18w\" sizes=\"auto, (max-width: 1456px) 100vw, 1456px\"><\/figure>\n\n\n\n<p><\/p>\n\n\n\n<p>L&#039;\u00e9conomie de Palau repose en grande partie sur le tourisme, la p\u00eache et l&#039;agriculture \u00e0 petite \u00e9chelle. Le tourisme joue un r\u00f4le majeur dans l&#039;\u00e9conomie de Palau, attirant les voyageurs int\u00e9ress\u00e9s par les magnifiques environnements marins et le patrimoine culturel de l&#039;\u00eele. Les principaux acteurs de ce secteur sont Palau Pacific Resort et Sam&#039;s Tours, qui contribuent de mani\u00e8re significative \u00e0 l&#039;infrastructure touristique en proposant des h\u00e9bergements et des exp\u00e9riences guid\u00e9es uniques.<\/p>\n\n\n\n<p>L&#039;industrie de la p\u00eache contribue \u00e9galement de mani\u00e8re significative \u00e0 l&#039;\u00e9conomie des Palaos. Elle met l&#039;accent sur des pratiques de p\u00eache durables pour pr\u00e9server la biodiversit\u00e9 marine. Les coop\u00e9ratives et entreprises locales, telles que la Palau Conservation Society, encouragent la p\u00eache responsable et les efforts de conservation. En outre, l&#039;agriculture \u00e0 petite \u00e9chelle fournit des produits cultiv\u00e9s localement qui contribuent \u00e0 la s\u00e9curit\u00e9 alimentaire des Palaos. Ces industries refl\u00e8tent l&#039;engagement des Palaos en faveur de la durabilit\u00e9 environnementale et de la r\u00e9silience \u00e9conomique.<\/p>\n\n\n\n<h2 class=\"wp-block-heading\">Les tendances<\/h2>\n\n\n\n<p>L&#039;histoire des Palaos montre des mouvements de population et des implantations dans des pays comme Guam. Des Palaosiens ont \u00e9galement \u00e9migr\u00e9 vers Hawa\u00ef et la c\u00f4te ouest des \u00c9tats-Unis. De m\u00eame, des immigrants sont entr\u00e9s dans la R\u00e9publique des Palaos \u00e0 la recherche d&#039;un emploi. La plupart de ces immigrants sont des ressortissants philippins. Les \u00e9trangers repr\u00e9sentent pr\u00e8s d&#039;un quart de la population.<\/p>\n\n\n\n<p>La plupart des colons vivent dans les zones urbaines. Ainsi, ils sont plus proches des activit\u00e9s.<\/p>\n\n\n\n<p>La proximit\u00e9 de l&#039;Asie permet aux Palaos de b\u00e9n\u00e9ficier des principales routes commerciales. Le pays poss\u00e8de une \u00e9conomie active de type \u00ab mangez ce que vous cultivez \u00bb, produisant et exportant des aliments cultiv\u00e9s aux Palaos. Il est donc moins d\u00e9pendant des produits import\u00e9s.<\/p>\n\n\n\n<h2 class=\"wp-block-heading\">Points forts du march\u00e9<\/h2>\n\n\n\n<p>Les Palaos per\u00e7oivent \u00e9galement des paiements pour l&#039;octroi de licences \u00e0 des bateaux de p\u00eache \u00e9trangers. Cette pratique se traduit par un revenu par habitant \u00e9lev\u00e9 et un niveau de vie \u00e9lev\u00e9. Plus de la moiti\u00e9 de la population des Palaos travaille, ce qui explique le faible taux de ch\u00f4mage du pays.<\/p>\n\n\n\n<p>Le gouvernement est stable et le pays conserve des liens \u00e9troits avec les \u00c9tats-Unis. Un autre atout du march\u00e9 est son faible syst\u00e8me fiscal. Les Palaos b\u00e9n\u00e9ficient \u00e9galement d&#039;un bon r\u00e9seau de communication et d&#039;un r\u00e9seau routier de classe mondiale.<\/p>\n\n\n\n<h2 class=\"wp-block-heading\">Opportunit\u00e9s \u00e0 Palau<\/h2>\n\n\n\n<p>L&#039;environnement du march\u00e9 de Palau offre de nombreuses opportunit\u00e9s de croissance et d&#039;expansion. Vous trouverez ci-dessous quelques opportunit\u00e9s cl\u00e9s pour les entreprises :<\/p>\n\n\n<div class=\"wp-block-image\">\n<figure class=\"aligncenter\"><img loading=\"lazy\" decoding=\"async\" width=\"1024\" height=\"562\" src=\"https:\/\/www.sisinternational.com\/wp-content\/uploads\/2024\/10\/palau-1024x562.png\" alt=\"\u00c9tude de march\u00e9 \u00e0 Palau\" class=\"wp-image-53500\" srcset=\"https:\/\/www.sisinternational.com\/wp-content\/uploads\/2024\/10\/palau-1024x562.png 1024w, https:\/\/www.sisinternational.com\/wp-content\/uploads\/2024\/10\/palau-300x165.png 300w, https:\/\/www.sisinternational.com\/wp-content\/uploads\/2024\/10\/palau-768x422.png 768w, https:\/\/www.sisinternational.com\/wp-content\/uploads\/2024\/10\/palau-1536x843.png 1536w, https:\/\/www.sisinternational.com\/wp-content\/uploads\/2024\/10\/palau-18x10.png 18w, https:\/\/www.sisinternational.com\/wp-content\/uploads\/2024\/10\/palau.png 1632w\" sizes=\"auto, (max-width: 1024px) 100vw, 1024px\" \/><\/figure>\n<\/div>\n\n\n<p><\/p>\n\n\n\n<ul class=\"wp-block-list\">\n<li><strong>Tourisme durable<\/strong>:L\u2019\u00e9cotourisme et les voyages d\u2019aventure ont un potentiel de croissance et attirent les touristes qui appr\u00e9cient la durabilit\u00e9.<\/li>\n\n\n\n<li><strong>Produits agricoles de niche<\/strong>:L\u2019int\u00e9r\u00eat croissant pour les produits biologiques cultiv\u00e9s localement offre des opportunit\u00e9s aux entreprises agricoles.<\/li>\n\n\n\n<li><strong>Initiatives de conservation marine<\/strong>:Les entreprises ax\u00e9es sur la p\u00eache durable et la conservation marine peuvent prosp\u00e9rer compte tenu des priorit\u00e9s environnementales de Palau.<\/li>\n\n\n\n<li><strong>Travail \u00e0 distance et nomades num\u00e9riques<\/strong>:La beaut\u00e9 naturelle de Palau attire les travailleurs \u00e0 distance, cr\u00e9ant des opportunit\u00e9s d&#039;hospitalit\u00e9 et d&#039;h\u00e9bergement propices au travail.<\/li>\n\n\n\n<li><strong>Tourisme du patrimoine culturel<\/strong>:Mettre l\u2019accent sur le patrimoine culturel de Palau peut attirer les visiteurs int\u00e9ress\u00e9s par des exp\u00e9riences de voyage immersives.<\/li>\n\n\n\n<li><strong>Produits artisanaux locaux<\/strong>:La demande d\u2019objets artisanaux et de produits sp\u00e9cialis\u00e9s augmente, cr\u00e9ant des opportunit\u00e9s pour les fabricants locaux.<\/li>\n\n\n\n<li><strong>Technologie verte<\/strong>: <a href=\"https:\/\/www.sisinternational.com\/fr\/solutions\/recherche-de-conseil-en-strategie-fintech\/etude-de-marche-sur-les-technologies-dinvestissement\/\" title=\"\u00c9tude de march\u00e9 sur les technologies d\u2019investissement\" data-wpil-monitor-id=\"10314\">Investments in renewable energy and sustainable technology<\/a> are encouraged to support Palau&#8217;s environmental commitments.<\/li>\n<\/ul>\n\n\n\n<h2 class=\"wp-block-heading\">Base de consommateurs<\/h2>\n\n\n\n<p>Les \u00c9tats-Unis, l&#039;UE, Hong Kong et le Japon sont les plus grands utilisateurs de produits marins des Palaos. Les Palaosiens pr\u00e9f\u00e8rent d\u00e9penser en produits locaux plut\u00f4t qu\u2019en produits \u00e9trangers.<\/p>\n\n\n\n<h2 class=\"wp-block-heading\">Raisons de d\u00e9velopper votre entreprise aux Palaos<\/h2>\n\n\n\n<p>Si vous souhaitez investir et d\u00e9velopper votre entreprise aux Palaos, il existe de nombreuses raisons pour lesquelles vous devriez le faire :<\/p>\n\n\n\n<ol class=\"wp-block-list\">\n<li>Acc\u00e8s facile aux terrains pour le d\u00e9veloppement<\/li>\n\n\n\n<li>Un niveau de vie \u00e9lev\u00e9<\/li>\n\n\n\n<li>Ma\u00eetrise de deux langues\u00a0: anglais et palaosien<\/li>\n\n\n\n<li>Infrastructure et syst\u00e8me de transport modernes<\/li>\n\n\n\n<li>De nombreuses attractions touristiques, il soutiendra donc les h\u00f4tels et les visites<\/li>\n<\/ol>\n\n\n\n<p>Palau a n\u00e9anmoins un inconv\u00e9nient : il a la r\u00e9putation d\u2019\u00eatre un refuge pour les activit\u00e9s de blanchiment d\u2019argent, mais des lois plus strictes ont r\u00e9cemment mis un terme \u00e0 ces activit\u00e9s.<\/p>\n\n\n\n<h2 class=\"wp-block-heading\">Comment les \u00e9tudes de march\u00e9 de SIS International \u00e0 Palau aident les entreprises<\/h2>\n\n\n\n<p>Les \u00e9tudes de march\u00e9 \u00e0 Palau fournissent aux entreprises des informations essentielles pour comprendre et s&#039;orienter sur le march\u00e9 local. SIS International aide les entreprises dans plusieurs domaines cl\u00e9s :<\/p>\n\n\n\n<ul class=\"wp-block-list\">\n<li><strong>Planification strat\u00e9gique am\u00e9lior\u00e9e<\/strong>: SIS International <a href=\"https:\/\/www.linkedin.com\/pulse\/how-market-research-enables-growth-ruth-stanat-phekf\/\" target=\"_blank\" rel=\"noopener\"><span style=\"font-weight: 400;\">\u00e9tude de march\u00e9<\/span><\/a> aide les entreprises \u00e0 d\u00e9velopper des strat\u00e9gies bas\u00e9es sur les donn\u00e9es sp\u00e9cifiques aux conditions de march\u00e9 uniques de Palau.<\/li>\n\n\n\n<li><strong>Augmentation des revenus<\/strong>: Our research provides <a href=\"https:\/\/www.sisinternational.com\/fr\/global-beverage-market\/\" title=\"Global Beverage Market: Market Dynamics, Growth Projections &amp; Consumer Insights\" data-wpil-monitor-id=\"10312\">insights into customer preferences and local market<\/a> dynamics, allowing companies to identify key revenue-generating opportunities.<\/li>\n\n\n\n<li><strong>R\u00e9duction de risque<\/strong>: <a href=\"https:\/\/www.sisinternational.com\/fr\/le-tresor-de-donnees-des-reseaux-sociaux-pour-les-chercheurs-en-marketing\/\" title=\"\u00c9tude de march\u00e9 sur les r\u00e9seaux sociaux\u00a0: opportunit\u00e9s et d\u00e9fis\" data-wpil-monitor-id=\"10311\">Market research from SIS anticipates challenges<\/a>, reducing risks related to logistical and market complexities.<\/li>\n\n\n\n<li><strong>Efficacit\u00e9 marketing am\u00e9lior\u00e9e<\/strong>:Nos connaissances aident les entreprises \u00e0 optimiser leurs campagnes marketing, en ciblant les bons publics avec des messages efficaces.<\/li>\n\n\n\n<li><strong>Croissance et innovation acc\u00e9l\u00e9r\u00e9es<\/strong>:Nous fournissons des donn\u00e9es qui stimulent l&#039;innovation, permettant aux entreprises de s&#039;adapter et de se d\u00e9velopper sur le march\u00e9 de Palau.<\/li>\n\n\n\n<li><strong>Un retour sur investissement boost\u00e9<\/strong>: <a href=\"https:\/\/www.sisinternational.com\/fr\/solutions\/solutions-de-branding-et-de-recherche-client\/etude-de-marche-sur-les-tests-de-produits\/degustation-de-plats-internationaux-de-sis\/\" title=\"Qu&#039;est-ce qui fait de SIS International Research le meilleur cabinet d&#039;\u00e9tudes de march\u00e9 pour les tests de go\u00fbt des aliments \u00e0 New York ?\" data-wpil-monitor-id=\"10309\">SIS market research<\/a> helps companies allocate resources more effectively, ensuring higher returns on investment.<\/li>\n\n\n\n<li><strong>Adaptation au march\u00e9<\/strong>:Nos recherches aident les entreprises \u00e0 aligner leurs produits et services sur les pr\u00e9f\u00e9rences culturelles et des consommateurs locaux.<\/li>\n\n\n\n<li><strong>Analyse de la concurrence<\/strong>:Nous fournissons des informations sur le paysage concurrentiel, aidant les entreprises \u00e0 se positionner efficacement sur le march\u00e9.<\/li>\n\n\n\n<li><strong>Connaissance du client<\/strong>:Il est essentiel de comprendre le comportement des consommateurs locaux et nos recherches aident les entreprises \u00e0 adapter leurs produits et services pour r\u00e9pondre \u00e0 ces besoins.<\/li>\n\n\n\n<li><strong>Optimisation de la cha\u00eene d&#039;approvisionnement<\/strong>:Le SIS aide \u00e0 identifier les partenariats locaux et \u00e0 am\u00e9liorer la logistique de la cha\u00eene d\u2019approvisionnement, ce qui est essentiel pour surmonter les d\u00e9fis de l\u2019\u00e9loignement de Palau.<\/li>\n<\/ul>\n\n\n\n<h2 class=\"wp-block-heading\"><strong>\u00c0 propos de SIS International<\/strong><\/h2>\n\n\n\n<p><a href=\"https:\/\/www.sisinternational.com\/fr\/\"><span style=\"font-weight: 400;\">SIS International<\/span><\/a><span style=\"font-weight: 400;\"> offers Quantitative, Qualitative, and Strategy Research. We provide data, tools, strategies, reports, and insights for decision-making. We also conduct interviews, surveys, focus groups, and other <a href=\"https:\/\/www.sisinternational.com\/fr\/quantitative-market-research-methods-and-techniques\/\" title=\"Quantitative Market Research Methods and Techniques\" data-wpil-monitor-id=\"10307\">Market Research methods<\/a> and approaches.<\/span><a href=\"https:\/\/www.sisinternational.com\/fr\/a-propos-de-la-recherche-internationale-sis\/contact-sis-international-market-research\/\"><span style=\"font-weight: 400;\"> Contactez nous<\/span><\/a><span style=\"font-weight: 400;\"> pour votre prochain projet d&#039;\u00e9tude de march\u00e9.<\/span><\/p>\n\n\n\n<p><\/p>","protected":false},"excerpt":{"rendered":"<p>Market Research in Palau With in-depth market research, businesses can position themselves advantageously and make data-driven decisions. Palau&#8217;s distinct market presents both opportunities and challenges for businesses. That&#8217;s why market research in Palau is crucial for understanding the consumer behavior, regulatory landscape, and economic environment that shape this unique region. What Is Market Research in &#8230; <a title=\"Etude de march\u00e9 aux Palaos\" class=\"read-more\" href=\"https:\/\/www.sisinternational.com\/fr\/couverture\/etude-de-marche-en-asie\/etudes-de-marche-aux-palaos\/\" aria-label=\"En savoir plus sur Market Research in Palau\">Lire plus<\/a><\/p>","protected":false},"author":1,"featured_media":65586,"parent":14508,"menu_order":39,"comment_status":"closed","ping_status":"closed","template":"","meta":{"footnotes":""},"class_list":["post-39901","page","type-page","status-publish","has-post-thumbnail"],"_links":{"self":[{"href":"https:\/\/www.sisinternational.com\/fr\/wp-json\/wp\/v2\/pages\/39901","targetHints":{"allow":["GET"]}}],"collection":[{"href":"https:\/\/www.sisinternational.com\/fr\/wp-json\/wp\/v2\/pages"}],"about":[{"href":"https:\/\/www.sisinternational.com\/fr\/wp-json\/wp\/v2\/types\/page"}],"author":[{"embeddable":true,"href":"https:\/\/www.sisinternational.com\/fr\/wp-json\/wp\/v2\/users\/1"}],"replies":[{"embeddable":true,"href":"https:\/\/www.sisinternational.com\/fr\/wp-json\/wp\/v2\/comments?post=39901"}],"version-history":[{"count":5,"href":"https:\/\/www.sisinternational.com\/fr\/wp-json\/wp\/v2\/pages\/39901\/revisions"}],"predecessor-version":[{"id":81700,"href":"https:\/\/www.sisinternational.com\/fr\/wp-json\/wp\/v2\/pages\/39901\/revisions\/81700"}],"up":[{"embeddable":true,"href":"https:\/\/www.sisinternational.com\/fr\/wp-json\/wp\/v2\/pages\/14508"}],"wp:featuredmedia":[{"embeddable":true,"href":"https:\/\/www.sisinternational.com\/fr\/wp-json\/wp\/v2\/media\/65586"}],"wp:attachment":[{"href":"https:\/\/www.sisinternational.com\/fr\/wp-json\/wp\/v2\/media?parent=39901"}],"curies":[{"name":"wp","href":"https:\/\/api.w.org\/{rel}","templated":true}]}}