{"id":39890,"date":"2022-02-28T18:44:10","date_gmt":"2022-02-28T18:44:10","guid":{"rendered":"https:\/\/www.sisinternational.com\/?page_id=39890"},"modified":"2026-03-12T11:36:24","modified_gmt":"2026-03-12T15:36:24","slug":"etude-de-marche-sur-le-design-industriel","status":"publish","type":"page","link":"https:\/\/www.sisinternational.com\/fr\/competence\/etude-de-marche-industriel\/etude-de-marche-sur-le-design-industriel\/","title":{"rendered":"\u00c9tude de march\u00e9 sur le design industriel"},"content":{"rendered":"<h1 class=\"wp-block-heading\">\u00c9tude de march\u00e9 sur le design industriel<\/h1>\n\n\n\n<figure class=\"gb-block-image gb-block-image-0dacd377\"><img loading=\"lazy\" decoding=\"async\" width=\"1456\" height=\"816\" class=\"gb-image gb-image-0dacd377\" src=\"https:\/\/www.sisinternational.com\/wp-content\/uploads\/2025\/08\/Industrial-design-4.jpg\" alt=\"\u00c9tudes de march\u00e9 et strat\u00e9gie internationales SIS\" title=\"Industrial design (4)\" srcset=\"https:\/\/www.sisinternational.com\/wp-content\/uploads\/2025\/08\/Industrial-design-4.jpg 1456w, https:\/\/www.sisinternational.com\/wp-content\/uploads\/2025\/08\/Industrial-design-4-300x168.jpg 300w, https:\/\/www.sisinternational.com\/wp-content\/uploads\/2025\/08\/Industrial-design-4-1024x574.jpg 1024w, https:\/\/www.sisinternational.com\/wp-content\/uploads\/2025\/08\/Industrial-design-4-768x430.jpg 768w, https:\/\/www.sisinternational.com\/wp-content\/uploads\/2025\/08\/Industrial-design-4-18x10.jpg 18w\" sizes=\"auto, (max-width: 1456px) 100vw, 1456px\"><\/figure>\n\n\n\n<p><\/p>\n\n\n\n<h2 class=\"wp-block-heading\">Qu&#039;est-ce que c&#039;est?<\/h2>\n\n\n\n<p>Le design industriel est un processus cr\u00e9atif. Les entreprises l&#039;utilisent pour trouver de nouvelles solutions pour r\u00e9soudre les probl\u00e8mes. Ce processus implique la conception de produits et de services utilis\u00e9s dans notre vie quotidienne. Les concepteurs dans ce domaine se concentrent sur trois caract\u00e9ristiques principales, dont la premi\u00e8re est l&#039;apparence du produit. Un autre est son bon fonctionnement. Le dernier point est la facilit\u00e9 de production.<\/p>\n\n\n\n<p>Le processus de conception est diff\u00e9rent du processus de production r\u00e9el. C&#039;est diff\u00e9rent parce que les concepteurs se concentrent sur l&#039;optimisation de la conception du produit final. Ainsi, ils peuvent obtenir de bons commentaires des clients.<\/p>\n\n\n\n<h2 class=\"wp-block-heading\">Pourquoi c&#039;est important?<\/h2>\n\n\n\n<p>Chaque objet que nous utilisons est le r\u00e9sultat d\u2019un processus de conception. Il s&#039;agit notamment d&#039;objets trouv\u00e9s dans notre maison, notre bureau, notre \u00e9cole ou nos espaces publics. Le design industriel cherche \u00e0 am\u00e9liorer notre vie quotidienne avec des solutions cr\u00e9atives prenant la forme de produits utilisables. C\u2019est donc un \u00e9l\u00e9ment cl\u00e9 pour les entreprises qui fabriquent des produits physiques.<\/p>\n\n\n\n<p>Industrie <a href=\"https:\/\/www.sisinternational.com\/fr\/le-role-du-developpement-de-processus-et-de-systemes-dans-la-reussite-organisationnelle\/\" title=\"\u00c9tude de march\u00e9 sur la conception organisationnelle\"  data-wpil-monitor-id=\"2932\">design market research<\/a> is essential for many reasons. It allows the designers to maximize product sales. They can do so while using only a tiny amount of material. In this way, they use fewer resources to produce their goods. Also, this advanced design process helps ensure products are safe for use. With this research, a company can save money during the early stages as it develops a product. Hence, a company will last longer due to lower expenses.<\/p>\n\n\n\n<h2 class=\"wp-block-heading\">Titres de poste cl\u00e9s<\/h2>\n\n\n\n<p>Un designer industriel aide \u00e0 d\u00e9velopper des produits. Ils aident \u00e0 \u00e9tablir le langage de conception d\u2019un produit. En outre, ils d\u00e9finissent la marque et l\u2019identit\u00e9 du produit.<\/p>\n\n\n\n<p>Les professionnels de ce domaine peuvent relever de nombreux titres de poste. Les trois principaux parcours professionnels sont :<\/p>\n\n\n\n<ul class=\"wp-block-list\">\n<li>Designer interne dans une entreprise<\/li>\n\n\n\n<li>Designer ind\u00e9pendant \/ Propri\u00e9taire d&#039;un studio de design<\/li>\n\n\n\n<li>Propri\u00e9taire\/PDG\u00a0: dans ce cas, ils cr\u00e9ent un produit et forment une entreprise<\/li>\n<\/ul>\n\n\n\n<h2 class=\"wp-block-heading\">Pourquoi les entreprises ont besoin d\u2019une \u00e9tude de march\u00e9 sur le design industriel<\/h2>\n\n\n\n<p>Les \u00e9tudes de march\u00e9 permettent aux entreprises de mieux conna\u00eetre leurs clients. En fait, gr\u00e2ce \u00e0 ces connaissances, une entreprise peut concevoir un produit adapt\u00e9 aux besoins sp\u00e9cifiques de son client. Ainsi, les produits cr\u00e9\u00e9s resteront pertinents par rapport au march\u00e9.<\/p>\n\n\n\n<p>Une \u00e9tude de march\u00e9 ad\u00e9quate permet d\u2019\u00e9viter la p\u00e9riode \u00ab d\u2019essais et d\u2019erreurs \u00bb. Cette p\u00e9riode survient lorsque de nouveaux produits arrivent sur le march\u00e9. Ainsi, un produit fonctionnera bien une fois arriv\u00e9 sur le march\u00e9.<\/p>\n\n\n\n<p>De plus, cette recherche permet aux entreprises de faire de la publicit\u00e9 intelligemment. Ils peuvent investir dans des publicit\u00e9s cibl\u00e9es. Ainsi, ils peuvent conserver les ressources.<\/p>\n\n\n\n<p>Most products have rivals in the market. Good <a href=\"https:\/\/www.sisinternational.com\/fr\/competence\/les-industries\/etude-de-marche-pour-une-entreprise-de-design\/\" title=\"\u00c9tude de march\u00e9 des entreprises de conception\"  data-wpil-monitor-id=\"5596\">market research helps inform design<\/a>. Thus, a business can gain more market share.<\/p>\n\n\n\n<h2 class=\"wp-block-heading\">Facteurs cl\u00e9s de succ\u00e8s<\/h2>\n\n\n\n<p>Les designers doivent remplir de nombreuses conditions pour assurer le succ\u00e8s de leurs produits. Ils doivent \u00e9galement comprendre les besoins de leurs utilisateurs. Le design industriel peut raconter une histoire. Il est \u00e9galement essentiel de pr\u00e9dire comment une personne r\u00e9agira \u00e0 quelque chose. Ainsi, le concepteur peut savoir si un produit sera populaire. Une entreprise doit s\u2019assurer qu\u2019elle remplit ces conditions pour assurer son succ\u00e8s.<\/p>\n\n\n\n<h2 class=\"wp-block-heading\">\u00c0 propos des \u00e9tudes de march\u00e9 sur le design industriel<\/h2>\n\n\n\n<p>Il est toujours vital de faire une \u00e9tude de march\u00e9. C\u2019est aussi essentiel en science et en technologie que dans tout autre domaine. Pour le design industriel, les \u00e9tudes de march\u00e9 aident les entreprises \u00e0 conna\u00eetre leurs clients. Gr\u00e2ce \u00e0 la recherche, ils peuvent apprendre des faits cl\u00e9s sur l\u2019endroit o\u00f9 vit un client. Les chercheurs peuvent \u00e9galement en apprendre davantage sur leurs habitudes de d\u00e9penses. De cette fa\u00e7on, une entreprise peut atteindre le client avec son produit. Atteindre le client est crucial pour garantir le succ\u00e8s du produit.<\/p>\n\n\n\n<p>Les entreprises peuvent utiliser des recherches quantitatives, qualitatives et strat\u00e9giques pour mener des recherches pertinentes. En outre, les m\u00e9thodes de recherche peuvent prendre la forme d\u2019entretiens, d\u2019enqu\u00eates ou de groupes de discussion.<\/p>\n\n\n\n<p>For industrial design, this research can help businesses develop innovative solutions. Companies can determine the best way to <a href=\"https:\/\/www.sisinternational.com\/fr\/competence\/les-industries\/etude-de-marche-sur-lindustrie-de-la-photographie\/\" title=\"\u00c9tude de march\u00e9 sur l\u2019industrie de la photographie\"  data-wpil-monitor-id=\"3212\">market these solutions through this research<\/a>.<\/p>\n\n\n\n<p><\/p>","protected":false},"excerpt":{"rendered":"<p>Le design industriel est un processus cr\u00e9atif qui consiste \u00e0 concevoir des produits et des services destin\u00e9s \u00e0 un usage quotidien, utilis\u00e9s par les entreprises pour r\u00e9soudre des probl\u00e8mes.<\/p>","protected":false},"author":1,"featured_media":63537,"parent":14181,"menu_order":103,"comment_status":"closed","ping_status":"closed","template":"","meta":{"footnotes":""},"class_list":["post-39890","page","type-page","status-publish","has-post-thumbnail"],"_links":{"self":[{"href":"https:\/\/www.sisinternational.com\/fr\/wp-json\/wp\/v2\/pages\/39890","targetHints":{"allow":["GET"]}}],"collection":[{"href":"https:\/\/www.sisinternational.com\/fr\/wp-json\/wp\/v2\/pages"}],"about":[{"href":"https:\/\/www.sisinternational.com\/fr\/wp-json\/wp\/v2\/types\/page"}],"author":[{"embeddable":true,"href":"https:\/\/www.sisinternational.com\/fr\/wp-json\/wp\/v2\/users\/1"}],"replies":[{"embeddable":true,"href":"https:\/\/www.sisinternational.com\/fr\/wp-json\/wp\/v2\/comments?post=39890"}],"version-history":[{"count":6,"href":"https:\/\/www.sisinternational.com\/fr\/wp-json\/wp\/v2\/pages\/39890\/revisions"}],"predecessor-version":[{"id":79328,"href":"https:\/\/www.sisinternational.com\/fr\/wp-json\/wp\/v2\/pages\/39890\/revisions\/79328"}],"up":[{"embeddable":true,"href":"https:\/\/www.sisinternational.com\/fr\/wp-json\/wp\/v2\/pages\/14181"}],"wp:featuredmedia":[{"embeddable":true,"href":"https:\/\/www.sisinternational.com\/fr\/wp-json\/wp\/v2\/media\/63537"}],"wp:attachment":[{"href":"https:\/\/www.sisinternational.com\/fr\/wp-json\/wp\/v2\/media?parent=39890"}],"curies":[{"name":"wp","href":"https:\/\/api.w.org\/{rel}","templated":true}]}}