{"id":39823,"date":"2022-01-28T18:58:16","date_gmt":"2022-01-28T18:58:16","guid":{"rendered":"https:\/\/www.sisinternational.com\/?page_id=39823"},"modified":"2026-01-25T18:34:52","modified_gmt":"2026-01-25T23:34:52","slug":"etude-de-marche-sur-les-technologies-de-leau","status":"publish","type":"page","link":"https:\/\/www.sisinternational.com\/fr\/competence\/etude-de-marche-sur-les-technologies-de-leau\/","title":{"rendered":"\u00c9tude de march\u00e9 sur les technologies de l\u2019eau"},"content":{"rendered":"<h1 class=\"wp-block-heading\">\u00c9tude de march\u00e9 sur les technologies de l\u2019eau<\/h1>\n\n\n\n<figure class=\"gb-block-image gb-block-image-a9891a6d\"><img loading=\"lazy\" decoding=\"async\" width=\"1456\" height=\"816\" class=\"gb-image gb-image-a9891a6d\" src=\"https:\/\/www.sisinternational.com\/wp-content\/uploads\/2025\/08\/Water-27.jpg\" alt=\"\u00c9tudes de march\u00e9 et strat\u00e9gie internationales SIS\" title=\"Water (27)\" srcset=\"https:\/\/www.sisinternational.com\/wp-content\/uploads\/2025\/08\/Water-27.jpg 1456w, https:\/\/www.sisinternational.com\/wp-content\/uploads\/2025\/08\/Water-27-300x168.jpg 300w, https:\/\/www.sisinternational.com\/wp-content\/uploads\/2025\/08\/Water-27-1024x574.jpg 1024w, https:\/\/www.sisinternational.com\/wp-content\/uploads\/2025\/08\/Water-27-768x430.jpg 768w, https:\/\/www.sisinternational.com\/wp-content\/uploads\/2025\/08\/Water-27-18x10.jpg 18w\" sizes=\"auto, (max-width: 1456px) 100vw, 1456px\"><\/figure>\n\n\n\n<p><\/p>\n\n\n\n<hr class=\"wp-block-separator has-alpha-channel-opacity is-style-dots\"\/>\n\n\n\n<h2 class=\"wp-block-heading\">Qu\u2019est-ce que l\u2019\u00e9tude de march\u00e9 sur les technologies de l\u2019eau ?<\/h2>\n\n\n\n<p>L\u2019\u00e9tude de march\u00e9 sur les technologies de l\u2019eau est un processus assez nouveau. Gr\u00e2ce \u00e0 ce processus, les prestataires de services offrent aux gens des services d\u2019eau de qualit\u00e9 sup\u00e9rieure. Depuis des ann\u00e9es, nous disons que \u00ab l\u2019eau, c\u2019est la vie \u00bb. Ce dicton est tout \u00e0 fait exact puisque les humains, les plantes et les animaux ne peuvent se passer d\u2019eau. Ainsi, le prestataire de services doit purifier l\u2019eau avant de l\u2019acheminer vers les m\u00e9nages.<\/p>\n\n\n\n<h2 class=\"wp-block-heading\">Pourquoi l\u2019\u00e9tude de march\u00e9 sur les technologies de l\u2019eau est-elle importante ?<\/h2>\n\n\n\n<p>Water <a href=\"https:\/\/www.sisinternational.com\/fr\/competence\/les-industries\/technologie-medicale-etude-de-marche-sur-les-technologies-medicales\/\" title=\"\u00c9tude de march\u00e9 sur la technologie m\u00e9dicale (Med Tech)\"  data-wpil-monitor-id=\"3766\">Tech Market Research<\/a> helps service providers put measures to avoid significant health risks. It removes pollutants from drinking water. These pollutants can cause severe and sometimes deadly illnesses. Water Techs must apply these measures in our dams and reservoirs, and, once installed, they can inspect the water. Also, they can treat and <a href=\"https:\/\/www.sisinternational.com\/fr\/solutions\/solutions-edtech-de-technologie-educative\/systemes-de-gestion-de-lapprentissage-etude-de-marche-lms\/\" title=\"\u00c9tude de march\u00e9 sur les syst\u00e8mes de gestion de l\u2019apprentissage (LMS)\"  data-wpil-monitor-id=\"10290\">manage filter systems<\/a>.<\/p>\n\n\n\n<p>De plus, les mesures appliqu\u00e9es aident les Water Techs \u00e0 filtrer les eaux us\u00e9es des usines. \u00c0 cela s\u2019ajoute la possibilit\u00e9 pour les prestataires de services de stocker l\u2019eau. Il leur est alors possible de donner de l\u2019eau potable aux gens en toute s\u00e9curit\u00e9. Ainsi, les Water Techs doivent conna\u00eetre l\u2019importance des syst\u00e8mes. Ils peuvent alors garantir que les gens ont acc\u00e8s \u00e0 suffisamment d\u2019eau propre pour leur usage quotidien.<\/p>\n\n\n\n<h3 class=\"wp-block-heading\">Titres de poste cl\u00e9s<\/h3>\n\n\n\n<p>\u00b7 Technicien en eau<\/p>\n\n\n\n<p>\u00b7 Op\u00e9rateur de r\u00e9cup\u00e9ration des ressources en eau (traitement des eaux us\u00e9es)<\/p>\n\n\n\n<p>\u00b7 Op\u00e9rateur de traitement d&#039;eau potable<\/p>\n\n\n\n<p>\u00b7 Op\u00e9rateur de distribution d&#039;eau<\/p>\n\n\n\n<p>\u00b7 Technicien de laboratoire<\/p>\n\n\n\n<h2 class=\"wp-block-heading\">Pourquoi les entreprises ont besoin d\u2019une \u00e9tude de march\u00e9 sur les technologies de l\u2019eau<\/h2>\n\n\n\n<p>Businesses need <a href=\"https:\/\/www.sisinternational.com\/fr\/competence\/les-industries\/etude-de-marche-sur-leau-en-bouteille\/\" title=\"\u00c9tude de march\u00e9 sur l\u2019eau en bouteille\"  data-wpil-monitor-id=\"4963\">\u00c9tude de march\u00e9 sur les technologies de l\u2019eau<\/a> now more than ever. Around the globe, the amount of water consumed by people continues to increase. Yet, in some countries, water is scarce. In other countries, the population continues to grow, leading to an increase in water demand. That\u2019s where the term \u201csmart water management\u201d comes in. Many countries have considered using this approach.<\/p>\n\n\n\n<p>Jusqu\u2019\u00e0 pr\u00e9sent, ce nouveau syst\u00e8me a aid\u00e9 de nombreuses entreprises. Cela leur permet d\u2019adopter une approche proactive pour r\u00e9duire le gaspillage d\u2019eau. De nombreuses entreprises utilisent \u00e9galement ce syst\u00e8me pour parvenir \u00e0 une utilisation efficace de l\u2019\u00e9nergie. La \u00ab gestion intelligente de l&#039;eau \u00bb utilise des compteurs d&#039;eau, des capteurs et des solutions.<\/p>\n\n\n\n<p>Today, bill payment is easier for many people in lesser developed countries. Before, they had to go into the service company to pay their bills. But, in the early 2020s, service providers relooked that system. They had to subscribe to ways where <a href=\"https:\/\/www.sisinternational.com\/fr\/strategie-marketing-complete-pour-une-societe-americaine-de-finances-personnelles-en-ligne\/\" title=\"Strat\u00e9gie marketing compl\u00e8te pour une soci\u00e9t\u00e9 am\u00e9ricaine de finances personnelles en ligne\"  data-wpil-monitor-id=\"10293\">persons could pay their bills online<\/a>. Without a doubt, it worked out for the greater good as it reduced the long lines and the cluster of people.<\/p>\n\n\n\n<h2 class=\"wp-block-heading\">Facteurs cl\u00e9s de succ\u00e8s<\/h2>\n\n\n\n<p>Les r\u00e9gions d\u00e9velopp\u00e9es du monde sont pionni\u00e8res en mati\u00e8re de traitement des eaux us\u00e9es. Autrefois, de nombreuses entreprises installaient un syst\u00e8me de traitement manuel de l\u2019eau. Ce syst\u00e8me est tomb\u00e9 en panne au fil du temps alors que la demande en eau continue d&#039;augmenter. Il est donc co\u00fbteux de continuer \u00e0 r\u00e9parer ces structures obsol\u00e8tes.<\/p>\n\n\n\n<h3 class=\"wp-block-heading\">Le bon c\u00f4t\u00e9 des choses, c\u2019est que nous sommes d\u00e9sormais au sommet de l\u2019\u00e8re technologique. Les entreprises devaient donc :<\/h3>\n\n\n\n<ul class=\"wp-block-list\">\n<li>Rechercher des moyens d&#039;am\u00e9liorer leurs services aux personnes<\/li>\n\n\n\n<li>Adopter des moyens efficaces de g\u00e9rer l\u2019approvisionnement en eau<\/li>\n\n\n\n<li>Recherche d&#039;id\u00e9es pour r\u00e9duire le co\u00fbt \u00e9lev\u00e9 de la maintenance<\/li>\n<\/ul>\n\n\n\n<p>Likewise, many governments aim to use \u201csmart water management\u201d methods. These methods <a href=\"https:\/\/www.sisinternational.com\/fr\/competence\/les-industries\/etude-de-marche-en-quincaillerie\/\" title=\"\u00c9tude de march\u00e9 sur les quincailleries et la r\u00e9novation domiciliaire\"  data-wpil-monitor-id=\"10292\">improve their marketing<\/a>. They are confident that these methods will foster economic growth in their countries.<\/p>\n\n\n\n<h2 class=\"wp-block-heading\">\u00c0 propos de l\u2019\u00e9tude de march\u00e9 sur les technologies de l\u2019eau<\/h2>\n\n\n\n<p>L&#039;\u00e9conomie et le syst\u00e8me de sant\u00e9 d&#039;un pays ne peuvent prosp\u00e9rer sans un syst\u00e8me d&#039;approvisionnement en eau ad\u00e9quat. Sur cette base, l\u2019absence d\u2019un syst\u00e8me d\u2019eau potable entra\u00eenera les probl\u00e8mes suivants\u00a0: \u2013<\/p>\n\n\n\n<ul class=\"wp-block-list\">\n<li>De graves risques pour la sant\u00e9<\/li>\n\n\n\n<li>S\u00e9cheresse et famine<\/li>\n\n\n\n<li>D\u00e9sordre dans le secteur du tourisme<\/li>\n\n\n\n<li>Un terrain fertile pour la pauvret\u00e9 et la maladie<\/li>\n<\/ul>\n\n\n\n<p>We can solve this problem as we provide <a href=\"https:\/\/www.sisinternational.com\/fr\/how-to-design-effective-surveys-for-quantitative-research\/\" title=\"How to Design Effective Surveys for Quantitative Research\"  data-wpil-monitor-id=\"10291\">Recherche quantitative et qualitative<\/a> services. We also offer Surveys, Interviews, Focus Groups, and Strategy Research. Our tools work well. Contact us now for more info!<\/p>\n\n\n\n<p><\/p>","protected":false},"excerpt":{"rendered":"<p>L&#039;eau est essentielle au maintien de la vie, mais dans de nombreux pays, l&#039;eau douce est rare et contamin\u00e9e. Dans les pays d\u00e9velopp\u00e9s, les gouvernements et les entreprises ont lanc\u00e9 des solutions de \u00ab gestion intelligente de l\u2019eau \u00bb et des syst\u00e8mes de traitement des eaux us\u00e9es.<\/p>","protected":false},"author":1,"featured_media":63550,"parent":14514,"menu_order":101,"comment_status":"closed","ping_status":"closed","template":"","meta":{"footnotes":""},"class_list":["post-39823","page","type-page","status-publish","has-post-thumbnail"],"_links":{"self":[{"href":"https:\/\/www.sisinternational.com\/fr\/wp-json\/wp\/v2\/pages\/39823","targetHints":{"allow":["GET"]}}],"collection":[{"href":"https:\/\/www.sisinternational.com\/fr\/wp-json\/wp\/v2\/pages"}],"about":[{"href":"https:\/\/www.sisinternational.com\/fr\/wp-json\/wp\/v2\/types\/page"}],"author":[{"embeddable":true,"href":"https:\/\/www.sisinternational.com\/fr\/wp-json\/wp\/v2\/users\/1"}],"replies":[{"embeddable":true,"href":"https:\/\/www.sisinternational.com\/fr\/wp-json\/wp\/v2\/comments?post=39823"}],"version-history":[{"count":5,"href":"https:\/\/www.sisinternational.com\/fr\/wp-json\/wp\/v2\/pages\/39823\/revisions"}],"predecessor-version":[{"id":81697,"href":"https:\/\/www.sisinternational.com\/fr\/wp-json\/wp\/v2\/pages\/39823\/revisions\/81697"}],"up":[{"embeddable":true,"href":"https:\/\/www.sisinternational.com\/fr\/wp-json\/wp\/v2\/pages\/14514"}],"wp:featuredmedia":[{"embeddable":true,"href":"https:\/\/www.sisinternational.com\/fr\/wp-json\/wp\/v2\/media\/63550"}],"wp:attachment":[{"href":"https:\/\/www.sisinternational.com\/fr\/wp-json\/wp\/v2\/media?parent=39823"}],"curies":[{"name":"wp","href":"https:\/\/api.w.org\/{rel}","templated":true}]}}