{"id":39800,"date":"2022-01-28T18:55:27","date_gmt":"2022-01-28T18:55:27","guid":{"rendered":"https:\/\/www.sisinternational.com\/?page_id=39800"},"modified":"2025-11-15T23:12:01","modified_gmt":"2025-11-16T04:12:01","slug":"etude-de-marche-sur-les-technologies-agricoles","status":"publish","type":"page","link":"https:\/\/www.sisinternational.com\/fr\/competence\/etude-de-marche-sur-les-technologies-agricoles\/","title":{"rendered":"\u00c9tude de march\u00e9 agrotechnologique"},"content":{"rendered":"<h1 class=\"wp-block-heading p1\"><span class=\"s1\">\u00c9tude de march\u00e9 agrotechnologique<\/span><\/h1>\n\n\n\n<figure class=\"gb-block-image gb-block-image-e7b82a22\"><img loading=\"lazy\" decoding=\"async\" width=\"1456\" height=\"816\" class=\"gb-image gb-image-e7b82a22\" src=\"https:\/\/www.sisinternational.com\/wp-content\/uploads\/2025\/08\/Agriculture-1.jpg\" alt=\"\u00c9tudes de march\u00e9 et strat\u00e9gie internationales SIS\" title=\"Agriculture (1)\" srcset=\"https:\/\/www.sisinternational.com\/wp-content\/uploads\/2025\/08\/Agriculture-1.jpg 1456w, https:\/\/www.sisinternational.com\/wp-content\/uploads\/2025\/08\/Agriculture-1-300x168.jpg 300w, https:\/\/www.sisinternational.com\/wp-content\/uploads\/2025\/08\/Agriculture-1-1024x574.jpg 1024w, https:\/\/www.sisinternational.com\/wp-content\/uploads\/2025\/08\/Agriculture-1-768x430.jpg 768w, https:\/\/www.sisinternational.com\/wp-content\/uploads\/2025\/08\/Agriculture-1-18x10.jpg 18w\" sizes=\"auto, (max-width: 1456px) 100vw, 1456px\"><\/figure>\n\n\n\n<p><\/p>\n\n\n\n<hr class=\"wp-block-separator has-alpha-channel-opacity is-style-dots\"\/>\n\n\n\n<h2 class=\"wp-block-heading p3\">Qu\u2019est-ce qu\u2019Agritech ?<\/h2>\n\n\n\n<p class=\"p4\">Tous les humains ont besoin de nourriture. La production alimentaire doit donc \u00eatre constante et suffisante pour approvisionner tout le monde. Les ressources sont bien entendu limit\u00e9es. Pour cette raison, les agriculteurs doivent d\u00e9velopper des m\u00e9thodes pour garantir qu\u2019ils produisent suffisamment de nourriture. Les processus doivent \u00e9galement \u00eatre efficaces, s\u00fbrs et limiter les d\u00e9chets. L&#039;Agritech, ou technologie agricole, utilise la technologie pour d\u00e9velopper le domaine de la gestion des terres. Il apporte une am\u00e9lioration dans de nombreux domaines de ce domaine. Par exemple, cela aide \u00e0 pr\u00e9parer les terres pour l\u2019agriculture, \u00e0 utiliser des engrais et m\u00eame \u00e0 l\u2019aquaculture. Les agriculteurs doivent am\u00e9liorer bon nombre des anciennes m\u00e9thodes, et Agritech portera l\u2019industrie vers l\u2019avenir.<\/p>\n\n\n\n<h3 class=\"wp-block-heading p3\">Pourquoi l&#039;Agritech est-elle importante ?<\/h3>\n\n\n\n<p class=\"p4\">Produire de la nourriture est vital. Tout le monde sur Terre a besoin de manger ! Le nombre de personnes vivant sur la plan\u00e8te continue de cro\u00eetre et chaque personne a besoin de nourriture.<span class=\"Apple-converted-space\">&nbsp;<\/span><\/p>\n\n\n\n<p class=\"p4\">Pourtant, les choses doivent changer. Pourquoi? Parce que les agriculteurs ne peuvent pas continuer \u00e0 utiliser bon nombre des m\u00e9thodes agricoles utilis\u00e9es actuellement. Certains sont m\u00eame nuisibles. Agritech apporte des r\u00e9ponses \u00e0 bon nombre de ces probl\u00e8mes auxquels nous sommes confront\u00e9s aujourd\u2019hui. Il vise \u00e9galement \u00e0 pr\u00e9venir les probl\u00e8mes alimentaires auxquels nous pourrions \u00eatre confront\u00e9s \u00e0 l\u2019avenir. Ainsi, pour prendre soin de l\u2019environnement et de nos semblables, nous avons besoin d\u2019Agritech.<\/p>\n\n\n\n<h2 class=\"wp-block-heading p3\">Titres de poste cl\u00e9s<\/h2>\n\n\n\n<figure class=\"gb-block-image gb-block-image-30b76141\"><img loading=\"lazy\" decoding=\"async\" width=\"1456\" height=\"816\" class=\"gb-image gb-image-30b76141\" src=\"https:\/\/www.sisinternational.com\/wp-content\/uploads\/2025\/08\/Agriculture-3.jpg\" alt=\"\u00c9tudes de march\u00e9 et strat\u00e9gie internationales SIS\" title=\"Agriculture (3)\" srcset=\"https:\/\/www.sisinternational.com\/wp-content\/uploads\/2025\/08\/Agriculture-3.jpg 1456w, https:\/\/www.sisinternational.com\/wp-content\/uploads\/2025\/08\/Agriculture-3-300x168.jpg 300w, https:\/\/www.sisinternational.com\/wp-content\/uploads\/2025\/08\/Agriculture-3-1024x574.jpg 1024w, https:\/\/www.sisinternational.com\/wp-content\/uploads\/2025\/08\/Agriculture-3-768x430.jpg 768w, https:\/\/www.sisinternational.com\/wp-content\/uploads\/2025\/08\/Agriculture-3-18x10.jpg 18w\" sizes=\"auto, (max-width: 1456px) 100vw, 1456px\"><\/figure>\n\n\n\n<p><\/p>\n\n\n\n<p class=\"p4\">De nombreux cheminements de carri\u00e8re se rejoignent dans Agritech. Une formation en agriculture et en agriculture est n\u00e9cessaire pour certains r\u00f4les. Mais bien d\u2019autres peuvent faire appel \u00e0 des comp\u00e9tences dans les domaines STEM ou en affaires. \u00c0 mesure que le domaine se d\u00e9veloppe, de nombreux autres titres de poste appara\u00eetront. Certains des titres de poste cl\u00e9s sont\u00a0:<\/p>\n\n\n\n<ul class=\"wp-block-list\">\n<li>Exploitant agricole<\/li>\n\n\n\n<li>Op\u00e9rateur Agritech<\/li>\n\n\n\n<li>Sp\u00e9cialiste de l&#039;agrotechnologie<\/li>\n\n\n\n<li>Chef de projet<\/li>\n\n\n\n<li>Analyste de recherche<\/li>\n\n\n\n<li>Consultant en innovation agrotechnologique<\/li>\n\n\n\n<li>Consultante Ventes\/Marketing<\/li>\n\n\n\n<li>Agronome<\/li>\n\n\n\n<li>Sp\u00e9cialiste de produit<\/li>\n<\/ul>\n\n\n\n<h2 class=\"wp-block-heading p3\">Pourquoi les entreprises ont besoin d\u2019une \u00e9tude de march\u00e9 Agritech<\/h2>\n\n\n\n<p class=\"p4\">L\u2019application uniforme de pesticides, d\u2019engrais et d\u2019eau dans les champs est l\u2019ancienne norme. Cette norme peut nuire aux cultures et \u00e0 l\u2019environnement. Au lieu de cela, avec Agritech, les agriculteurs peuvent cibler des portions de terre. Ils peuvent \u00e9galement utiliser les plus petites quantit\u00e9s n\u00e9cessaires. Ils peuvent m\u00eame donner des traitements diff\u00e9rents \u00e0 chaque plante. Les entreprises agricoles ont besoin d\u2019Agritech car :<\/p>\n\n\n\n<ol class=\"wp-block-list ol1\">\n<li>Augmente la production<\/li>\n\n\n\n<li>R\u00e9duit l\u2019impact sur les \u00e9cosyst\u00e8mes naturels<\/li>\n\n\n\n<li>R\u00e9duit les prix des denr\u00e9es alimentaires gr\u00e2ce \u00e0 la diminution de l\u2019utilisation de pesticides, d\u2019engrais et d\u2019eau<\/li>\n\n\n\n<li>Augmente la s\u00e9curit\u00e9 des travailleurs<\/li>\n\n\n\n<li>R\u00e9duit le ruissellement de produits chimiques dans les eaux souterraines et les rivi\u00e8res<\/li>\n<\/ol>\n\n\n\n<p><\/p>\n\n\n\n<!DOCTYPE html>\n<html lang=\"en\">\n<head>\n    <meta charset=\"UTF-8\">\n    <meta name=\"viewport\" content=\"width=device-width, initial-scale=1.0\">\n    <title>AI Blog Banner<\/title>\n    <style>\n        * {\n            margin: 0;\n            padding: 0;\n            box-sizing: border-box;\n        }\n\n        .banner {\n            position: relative;\n            width: 100%;\n            height: 350px;\n            overflow: hidden;\n            display: flex;\n            align-items: center;\n            justify-content: center;\n            font-family: 'Arial', sans-serif;\n            border-radius: 25px;\n        }\n\n        .animated-background {\n            position: absolute;\n            top: 0;\n            left: 0;\n            width: 100%;\n            height: 100%;\n            background: linear-gradient(45deg, #003f6b, #2d5a7b, #003f6b, #2d5a7b);\n            background-size: 400% 400%;\n            animation: gradientMove 8s ease-in-out infinite;\n        }\n\n        .ai-pattern {\n            position: absolute;\n            top: 0;\n            left: 0;\n            width: 100%;\n            height: 100%;\n            opacity: 0.1;\n            background-image: \n                radial-gradient(circle at 20% 20%, rgba(255,255,255,0.3) 2px, transparent 2px),\n                radial-gradient(circle at 80% 80%, rgba(255,255,255,0.2) 1px, transparent 1px),\n                radial-gradient(circle at 40% 60%, rgba(255,255,255,0.15) 1.5px, transparent 1.5px),\n                radial-gradient(circle at 60% 20%, rgba(255,255,255,0.25) 1px, transparent 1px),\n                radial-gradient(circle at 80% 40%, rgba(255,255,255,0.2) 2px, transparent 2px);\n            background-size: 100px 100px, 150px 150px, 80px 80px, 120px 120px, 90px 90px;\n            animation: patternFloat 12s linear infinite;\n        }\n\n        .neural-network {\n            position: absolute;\n            top: 0;\n            left: 0;\n            width: 100%;\n            height: 100%;\n            opacity: 0.08;\n        }\n\n        .neural-line {\n            position: absolute;\n            height: 1px;\n            background: linear-gradient(90deg, transparent, rgba(255,255,255,0.5), transparent);\n            animation: neuralPulse 6s ease-in-out infinite;\n        }\n\n        .neural-line:nth-child(1) {\n            top: 30%;\n            left: 0;\n            width: 60%;\n            animation-delay: 0s;\n        }\n\n        .neural-line:nth-child(2) {\n            top: 50%;\n            right: 0;\n            width: 70%;\n            animation-delay: 2s;\n        }\n\n        .neural-line:nth-child(3) {\n            top: 70%;\n            left: 20%;\n            width: 50%;\n            animation-delay: 4s;\n        }\n\n        .content {\n            position: relative;\n            z-index: 10;\n            text-align: center;\n            color: white !important;\n            max-width: 800px;\n            padding: 30px;\n        }\n\n        .content * {\n            color: white !important;\n        }\n\n        .cta-text {\n            font-size: 1.9rem;\n            font-weight: 700;\n            margin-bottom: 15px;\n            color: white !important;\n            background: linear-gradient(90deg, rgba(255,255,255,0.6), rgba(255,255,255,1), rgba(230,230,230,1), rgba(255,255,255,1), rgba(240,240,240,0.8), rgba(255,255,255,0.6));\n            background-size: 200% 100%;\n            -webkit-background-clip: text;\n            -webkit-text-fill-color: transparent;\n            background-clip: text;\n            animation: shineEffect 10s ease-in-out infinite;\n            line-height: 1.3;\n        }\n\n        .cta-subheading {\n            font-size: 1rem;\n            font-weight: 400;\n            margin-bottom: 25px;\n            color: white !important;\n            line-height: 1.6;\n            opacity: 0.95;\n        }\n\n        .cta-button {\n            background: linear-gradient(135deg, #8a6b0f, #bd9013, #d4a519);\n            border: 2px solid #8a6b0f;\n            color: white !important;\n            padding: 18px 40px;\n            font-size: 1.2rem;\n            font-weight: 600;\n            border-radius: 50px;\n            cursor: pointer;\n            transition: all 0.3s ease;\n            text-decoration: none;\n            display: inline-block;\n            position: relative;\n            overflow: hidden;\n        }\n\n        .cta-button::before {\n            content: '';\n            position: absolute;\n            top: 0;\n            left: -100%;\n            width: 100%;\n            height: 100%;\n            background: linear-gradient(90deg, \n                transparent 0%, \n                rgba(255, 255, 255, 0.3) 25%,\n                rgba(255, 255, 255, 0.6) 50%,\n                rgba(255, 255, 255, 0.3) 75%,\n                transparent 100%);\n            animation: shine 3s ease-in-out infinite;\n        }\n\n        .cta-button:hover {\n            transform: translateY(-3px);\n            box-shadow: 0 10px 25px rgba(0,0,0,0.2);\n            border-color: #bd9013;\n            background: linear-gradient(135deg, #bd9013, #d4a519, #e6b61f);\n        }\n\n        .floating-elements {\n            position: absolute;\n            top: 0;\n            left: 0;\n            width: 100%;\n            height: 100%;\n            pointer-events: none;\n        }\n\n        .floating-circle {\n            position: absolute;\n            border-radius: 50%;\n            background: rgba(255,255,255,0.1);\n            animation: float 8s ease-in-out infinite;\n        }\n\n        .floating-circle:nth-child(1) {\n            width: 80px;\n            height: 80px;\n            top: 20%;\n            left: 10%;\n            animation-delay: 0s;\n        }\n\n        .floating-circle:nth-child(2) {\n            width: 60px;\n            height: 60px;\n            top: 60%;\n            right: 15%;\n            animation-delay: 3s;\n        }\n\n        .floating-circle:nth-child(3) {\n            width: 40px;\n            height: 40px;\n            top: 80%;\n            left: 80%;\n            animation-delay: 6s;\n        }\n\n        .floating-circle:nth-child(4) {\n            width: 70px;\n            height: 70px;\n            top: 10%;\n            right: 20%;\n            animation-delay: 1.5s;\n        }\n\n        .floating-circle:nth-child(5) {\n            width: 50px;\n            height: 50px;\n            top: 75%;\n            left: 30%;\n            animation-delay: 4.5s;\n        }\n\n        @keyframes gradientMove {\n            0% { background-position: 0% 50%; }\n            25% { background-position: 100% 50%; }\n            50% { background-position: 100% 100%; }\n            75% { background-position: 0% 100%; }\n            100% { background-position: 0% 50%; }\n        }\n\n        @keyframes patternFloat {\n            0% { transform: translateX(0) translateY(0); }\n            33% { transform: translateX(30px) translateY(-20px); }\n            66% { transform: translateX(-20px) translateY(10px); }\n            100% { transform: translateX(0) translateY(0); }\n        }\n\n        @keyframes neuralPulse {\n            0%, 100% { opacity: 0.08; }\n            50% { opacity: 0.2; }\n        }\n\n        @keyframes shineEffect {\n            0% { background-position: 200% 0; }\n            100% { background-position: -200% 0; }\n        }\n\n        @keyframes shine {\n            0% {\n                left: -100%;\n            }\n            20%, 100% {\n                left: 100%;\n            }\n        }\n\n        @keyframes float {\n            0%, 100% { transform: translateY(0px) rotate(0deg); }\n            33% { transform: translateY(-30px) rotate(120deg); }\n            66% { transform: translateY(15px) rotate(240deg); }\n        }\n\n        @media (max-width: 768px) {\n            .banner {\n                height: 320px;\n                padding: 30px 0;\n            }\n            \n            .content {\n                padding: 40px 20px;\n            }\n            \n            .cta-text {\n                font-size: 1.3rem;\n                margin-bottom: 12px;\n            }\n            \n            .cta-subheading {\n                font-size: 0.85rem;\n                margin-bottom: 20px;\n            }\n            \n            .cta-button {\n                padding: 14px 28px;\n                font-size: 0.95rem;\n            }\n        }\n    <\/style>\n<\/head>\n<body>\n    <div class=\"banner\">\n        <div class=\"animated-background\"><\/div>\n        \n        <div class=\"ai-pattern\"><\/div>\n        \n        <div class=\"neural-network\">\n            <div class=\"neural-line\"><\/div>\n            <div class=\"neural-line\"><\/div>\n            <div class=\"neural-line\"><\/div>\n        <\/div>\n        \n        <div class=\"floating-elements\">\n            <div class=\"floating-circle\"><\/div>\n            <div class=\"floating-circle\"><\/div>\n            <div class=\"floating-circle\"><\/div>\n            <div class=\"floating-circle\"><\/div>\n            <div class=\"floating-circle\"><\/div>\n        <\/div>\n        \n        <div class=\"content\">\n            <div class=\"cta-text\">Ready to explore the insights that drive smarter decisions?<\/div>\n            <div class=\"cta-subheading\">Contact our Research experts today.<\/div>\n            <a href=\"mailto:Research@sisinternational.com\" class=\"cta-button\">Contact us now!<\/a>\n        <\/div>\n    <\/div>\n<\/body>\n<\/html>\n\n\n\n<p><\/p>\n\n\n\n<h3 class=\"wp-block-heading p3\">Facteurs cl\u00e9s de succ\u00e8s<\/h3>\n\n\n\n<p class=\"p4\">Farmers need to keep a few things in mind to succeed in the Agritech field. For example, they need to be creative. Thus, coming up with good ideas that fix problems is the name of the game. Research is a big part of Agritech. If done well, one\u2019s business can thrive. Creating sensible solutions requires in-depth research. One needs to understand the problems and what is currently in demand. One also needs to narrow down the best way to meet these needs. Good marketing is essential to getting your products out there. Staying abreast with current issues in land management would enable one to keep a step ahead of the rest. Therefore, making efficient and safe systems will help one\u2019s business succeed.<\/p>\n\n\n\n<h2 class=\"wp-block-heading p3\">\u00c0 propos des \u00e9tudes de march\u00e9 Agritech<\/h2>\n\n\n\n<figure class=\"gb-block-image gb-block-image-6d89d68c\"><img loading=\"lazy\" decoding=\"async\" width=\"1456\" height=\"816\" class=\"gb-image gb-image-6d89d68c\" src=\"https:\/\/www.sisinternational.com\/wp-content\/uploads\/2025\/08\/Agriculture-9.jpg\" alt=\"\u00c9tudes de march\u00e9 et strat\u00e9gie internationales SIS\" title=\"Agriculture (9)\" srcset=\"https:\/\/www.sisinternational.com\/wp-content\/uploads\/2025\/08\/Agriculture-9.jpg 1456w, https:\/\/www.sisinternational.com\/wp-content\/uploads\/2025\/08\/Agriculture-9-300x168.jpg 300w, https:\/\/www.sisinternational.com\/wp-content\/uploads\/2025\/08\/Agriculture-9-1024x574.jpg 1024w, https:\/\/www.sisinternational.com\/wp-content\/uploads\/2025\/08\/Agriculture-9-768x430.jpg 768w, https:\/\/www.sisinternational.com\/wp-content\/uploads\/2025\/08\/Agriculture-9-18x10.jpg 18w\" sizes=\"auto, (max-width: 1456px) 100vw, 1456px\"><\/figure>\n\n\n\n<p><\/p>\n\n\n\n<p class=\"p5\">Le domaine de l\u2019Agritech se d\u00e9veloppe rapidement. Il reste n\u00e9anmoins beaucoup de place pour une croissance beaucoup plus importante. La recherche est le moteur de ce domaine. Les nouvelles id\u00e9es n\u00e9cessitent des recherches. Ce n\u2019est qu\u2019alors que les produits pourront \u00e9galement conna\u00eetre du succ\u00e8s. Pour cette raison, de nombreux types de recherche existent dans ce domaine. Les exemples incluent la recherche quantitative, qualitative et strat\u00e9gique. Les chercheurs utilisent \u00e9galement des entretiens, des enqu\u00eates, des groupes de discussion et des exp\u00e9riences.<\/p>\n\n\n<h2>Notre emplacement \u00e0 New York<\/h2>\n<p><!-- \/wp:post-content --> <!-- wp:html --> <iframe loading=\"lazy\" src=\"https:\/\/www.google.com\/maps\/embed?pb=!1m18!1m12!1m3!1d3022.976188376966!2d-73.99130312499956!3d40.740549471389315!2m3!1f0!2f0!3f0!3m2!1i1024!2i768!4f13.1!3m3!1m2!1s0x89c259a15798c731%3A0xd695d09bdd495f25!2s11%20E%2022nd%20St%20FL%202%2C%20New%20York%2C%20NY%2010010%2C%20USA!5e0!3m2!1sen!2spe!4v1726171763526!5m2!1sen!2spe\" width=\"600\" height=\"450\" allowfullscreen=\"allowfullscreen\" data-mce-fragment=\"1\"><\/iframe> <!-- \/wp:html --> <!-- wp:paragraph --><\/p>\n<h3 class=\"wp-block-heading\">11 E 22nd Street, \u00e9tage 2, New York, NY 10010 T\u00e9l. : +1(212) 505-6805<\/h3>\n<hr \/>\n<h2><span style=\"font-weight: 400;\">\u00c0 propos de SIS International<\/span><\/h2>\n<p><a href=\"https:\/\/www.sisinternational.com\/fr\/\"><span style=\"font-weight: 400;\">SIS International<\/span><\/a><span style=\"font-weight: 400;\"> propose des recherches quantitatives, qualitatives et strat\u00e9giques. Nous fournissons des donn\u00e9es, des outils, des strat\u00e9gies, des rapports et des informations pour la prise de d\u00e9cision. Nous menons \u00e9galement des entretiens, des enqu\u00eates, des groupes de discussion et d\u2019autres m\u00e9thodes et approches d\u2019\u00e9tudes de march\u00e9.<\/span><a href=\"https:\/\/www.sisinternational.com\/fr\/a-propos-de-la-recherche-internationale-sis\/contact-sis-international-market-research\/\"><span style=\"font-weight: 400;\"> Contactez nous<\/span><\/a><span style=\"font-weight: 400;\"> pour votre prochain projet d&#039;\u00e9tude de march\u00e9.<\/span><\/p>\n<p>\u00a0<\/p>","protected":false},"excerpt":{"rendered":"<p>En am\u00e9liorant ou en abandonnant les m\u00e9thodes agricoles anciennes et nocives gr\u00e2ce \u00e0 Agritech, les agriculteurs propulseront l&#039;industrie vers un avenir propre et durable.<\/p>","protected":false},"author":1,"featured_media":63125,"parent":14514,"menu_order":98,"comment_status":"closed","ping_status":"closed","template":"","meta":{"footnotes":""},"class_list":["post-39800","page","type-page","status-publish","has-post-thumbnail"],"_links":{"self":[{"href":"https:\/\/www.sisinternational.com\/fr\/wp-json\/wp\/v2\/pages\/39800","targetHints":{"allow":["GET"]}}],"collection":[{"href":"https:\/\/www.sisinternational.com\/fr\/wp-json\/wp\/v2\/pages"}],"about":[{"href":"https:\/\/www.sisinternational.com\/fr\/wp-json\/wp\/v2\/types\/page"}],"author":[{"embeddable":true,"href":"https:\/\/www.sisinternational.com\/fr\/wp-json\/wp\/v2\/users\/1"}],"replies":[{"embeddable":true,"href":"https:\/\/www.sisinternational.com\/fr\/wp-json\/wp\/v2\/comments?post=39800"}],"version-history":[{"count":7,"href":"https:\/\/www.sisinternational.com\/fr\/wp-json\/wp\/v2\/pages\/39800\/revisions"}],"predecessor-version":[{"id":73432,"href":"https:\/\/www.sisinternational.com\/fr\/wp-json\/wp\/v2\/pages\/39800\/revisions\/73432"}],"up":[{"embeddable":true,"href":"https:\/\/www.sisinternational.com\/fr\/wp-json\/wp\/v2\/pages\/14514"}],"wp:featuredmedia":[{"embeddable":true,"href":"https:\/\/www.sisinternational.com\/fr\/wp-json\/wp\/v2\/media\/63125"}],"wp:attachment":[{"href":"https:\/\/www.sisinternational.com\/fr\/wp-json\/wp\/v2\/media?parent=39800"}],"curies":[{"name":"wp","href":"https:\/\/api.w.org\/{rel}","templated":true}]}}