{"id":39794,"date":"2022-01-28T18:56:04","date_gmt":"2022-01-28T18:56:04","guid":{"rendered":"https:\/\/www.sisinternational.com\/?page_id=39794"},"modified":"2025-11-15T22:14:05","modified_gmt":"2025-11-16T03:14:05","slug":"etude-de-marche-des-telecommunications-5g","status":"publish","type":"page","link":"https:\/\/www.sisinternational.com\/fr\/competence\/etude-de-marche-des-telecommunications-5g\/","title":{"rendered":"\u00c9tude de march\u00e9 sur les t\u00e9l\u00e9communications 5G"},"content":{"rendered":"<h1 class=\"wp-block-heading p1\"><span class=\"s1\">\u00c9tude de march\u00e9 sur les t\u00e9l\u00e9communications 5G&nbsp;<\/span><\/h1>\n\n\n\n<figure class=\"gb-block-image gb-block-image-22716e63\"><img loading=\"lazy\" decoding=\"async\" width=\"1456\" height=\"816\" class=\"gb-image gb-image-22716e63\" src=\"https:\/\/www.sisinternational.com\/wp-content\/uploads\/2025\/08\/Smarrtphone-5g-9.jpg\" alt=\"\u00c9tudes de march\u00e9 et strat\u00e9gie internationales SIS\" title=\"Smarrtphone 5g (9)\" srcset=\"https:\/\/www.sisinternational.com\/wp-content\/uploads\/2025\/08\/Smarrtphone-5g-9.jpg 1456w, https:\/\/www.sisinternational.com\/wp-content\/uploads\/2025\/08\/Smarrtphone-5g-9-300x168.jpg 300w, https:\/\/www.sisinternational.com\/wp-content\/uploads\/2025\/08\/Smarrtphone-5g-9-1024x574.jpg 1024w, https:\/\/www.sisinternational.com\/wp-content\/uploads\/2025\/08\/Smarrtphone-5g-9-768x430.jpg 768w, https:\/\/www.sisinternational.com\/wp-content\/uploads\/2025\/08\/Smarrtphone-5g-9-18x10.jpg 18w\" sizes=\"auto, (max-width: 1456px) 100vw, 1456px\"><\/figure>\n\n\n\n<p><\/p>\n\n\n\n<hr class=\"wp-block-separator has-alpha-channel-opacity is-style-dots\"\/>\n\n\n\n<div class=\"wp-block-columns has-global-color-9-color has-text-color has-background has-link-color wp-elements-06975558e3f4da300783ba6552db7779 is-layout-flex wp-container-core-columns-is-layout-9d6595d7 wp-block-columns-is-layout-flex\" style=\"background-color:#f7f9fa6e\">\n<div class=\"wp-block-column is-layout-flow wp-block-column-is-layout-flow\" style=\"flex-basis:18%\"><\/div>\n\n\n\n<div class=\"wp-block-column is-vertically-aligned-center is-layout-flow wp-block-column-is-layout-flow\" style=\"flex-basis:71.28%\">\n<div class=\"wp-block-rank-math-toc-block aligncenter has-global-color-9-color has-text-color has-link-color wp-elements-b637a5e81bda8aee12c8331db63e542a\" style=\"font-size:16px\" id=\"rank-math-toc\"><h2><br><strong>T<\/strong>able of Contents<\/h2><nav><ul><li class=\"\"><a href=\"#what-is-5-g-telecommunications\">Qu\u2019est-ce que les t\u00e9l\u00e9communications 5G ?<\/a><\/li><li class=\"\"><a href=\"#key-job-titles\">Titres de poste cl\u00e9s<\/a><\/li><li class=\"\"><a href=\"#why-do-businesses-need-5-g-telecommunications\">Pourquoi les entreprises ont-elles besoin des t\u00e9l\u00e9communications 5G ?<\/a><\/li><li class=\"\"><a href=\"#key-success-factors\">Facteurs cl\u00e9s de succ\u00e8s<\/a><\/li><li class=\"\"><a href=\"#about-5-g-telecommunications-market-research\">\u00c0 propos de l\u2019\u00e9tude de march\u00e9 sur les t\u00e9l\u00e9communications 5G<\/a><\/li><\/ul><\/nav><\/div>\n<\/div>\n<\/div>\n\n\n\n<p><\/p>\n\n\n\n<h2 class=\"wp-block-heading\" id=\"what-is-5-g-telecommunications\">Qu\u2019est-ce que les t\u00e9l\u00e9communications 5G ?<\/h2>\n\n\n\n<p class=\"p3\">5G is the fifth generation mobile network for broadband cellular service. It is the wireless standard that follows 4 G. 5G enables a new and improved type of network that connects everyone and everything. So, it links devices, objects, and machines. 5G is much more complex in comparison to the previous ones. It has extra competence to enable superior user insight. It deploys new models and distributes new services.<\/p>\n\n\n\n<h3 class=\"wp-block-heading\">Pourquoi c&#039;est important?<\/h3>\n\n\n\n<p class=\"p3\">La 5G est essentielle car elle a tout ce qu\u2019il faut pour prendre en charge des millions d\u2019appareils \u00e0 une vitesse vertigineuse. C\u2019est \u00e9galement crucial parce qu\u2019il a le pouvoir de remodeler la vie des gens dans le monde entier.<span class=\"Apple-converted-space\">\u00a0<\/span><\/p>\n\n\n\n<p class=\"p3\">De plus, c\u2019est \u00e9norme en termes de s\u00fbret\u00e9, de sant\u00e9 et de s\u00e9curit\u00e9. La 5G am\u00e9liore les services qui prot\u00e9geront effectivement ses utilisateurs. Il existe par exemple des villes intelligentes o\u00f9 la 5G est install\u00e9e dans les lieux publics. Ils proposent des services de chirurgie \u00e0 distance avec un temps de r\u00e9ponse instantan\u00e9.<\/p>\n\n\n\n<p class=\"p3\">Enfin, la 5G \u00e9tend la port\u00e9e du haut d\u00e9bit mobile. La 5G a augment\u00e9 la vitesse et la bande passante par rapport aux g\u00e9n\u00e9rations pr\u00e9c\u00e9dentes. En cons\u00e9quence, il peut connecter les gens bien plus loin que ne le permettent les r\u00e9seaux actuels. Il am\u00e9liore \u00e9galement les aspects de la r\u00e9alit\u00e9 3D, virtuelle et augment\u00e9e.<\/p>\n\n\n\n<h2 class=\"wp-block-heading\" id=\"key-job-titles\">Titres de poste cl\u00e9s<\/h2>\n\n\n\n<ul class=\"wp-block-list ul1\">\n<li>D\u00e9veloppeur d&#039;applications<\/li>\n\n\n\n<li>Analyste de s\u00e9curit\u00e9<\/li>\n\n\n\n<li>Concepteur\/Planificateur de tour<\/li>\n\n\n\n<li>Constructeur de tour<\/li>\n\n\n\n<li>Installateur de tour<\/li>\n\n\n\n<li>Planificateur RF<\/li>\n\n\n\n<li>Chef de projet d\u00e9ploiement<\/li>\n\n\n\n<li>Coordinateur de projet de d\u00e9ploiement<\/li>\n<\/ul>\n\n\n\n<h2 class=\"wp-block-heading p2\" id=\"why-do-businesses-need-5-g-telecommunications\">Pourquoi les entreprises ont-elles besoin des t\u00e9l\u00e9communications 5G ?<\/h2>\n\n\n\n<figure class=\"gb-block-image gb-block-image-b8ec23a0\"><img loading=\"lazy\" decoding=\"async\" width=\"1456\" height=\"816\" class=\"gb-image gb-image-b8ec23a0\" src=\"https:\/\/www.sisinternational.com\/wp-content\/uploads\/2025\/08\/Smarrtphone-5g-1.jpg\" alt=\"\u00c9tudes de march\u00e9 et strat\u00e9gie internationales SIS\" title=\"Smarrtphone 5g (1)\" srcset=\"https:\/\/www.sisinternational.com\/wp-content\/uploads\/2025\/08\/Smarrtphone-5g-1.jpg 1456w, https:\/\/www.sisinternational.com\/wp-content\/uploads\/2025\/08\/Smarrtphone-5g-1-300x168.jpg 300w, https:\/\/www.sisinternational.com\/wp-content\/uploads\/2025\/08\/Smarrtphone-5g-1-1024x574.jpg 1024w, https:\/\/www.sisinternational.com\/wp-content\/uploads\/2025\/08\/Smarrtphone-5g-1-768x430.jpg 768w, https:\/\/www.sisinternational.com\/wp-content\/uploads\/2025\/08\/Smarrtphone-5g-1-18x10.jpg 18w\" sizes=\"auto, (max-width: 1456px) 100vw, 1456px\"><\/figure>\n\n\n\n<p><\/p>\n\n\n\n<h3 class=\"wp-block-heading p3\">\u00c0 mesure que le monde se d\u00e9veloppe, les entreprises doivent rester en contact avec les nouveaux d\u00e9veloppements. La 5G pr\u00e9sente de nombreux avantages pour les entreprises. Par exemple:<\/h3>\n\n\n\n<ul class=\"wp-block-list ul1\">\n<li>The best-known benefit of 5G is its connection speed. The total amount of data that companies transfer is increasing. These transfers occur every hour, minute, and second. As a result, with 5G speeds, firms can handle large amounts of data transfer. It also runs with fewer problems than previous networks.<\/li>\n\n\n\n<li>La 5G peut prendre en charge un million d\u2019appareils connect\u00e9s par 0,38 miles carr\u00e9s. Pour cette raison, le r\u00e9seau peut h\u00e9berger un grand nombre d\u2019appareils. Tous ces appareils, une fois connect\u00e9s, peuvent m\u00eame effectuer des transferts de donn\u00e9es simultan\u00e9s. F\u00e9licitations pour la bande de spectre plus large du r\u00e9seau 5G\u00a0!<\/li>\n\n\n\n<li>5G has a lower latency. Latency is the time between when a network sends a data packet and when the user receives it. For example, a surgeon will rely on LTE to perform remote surgery in the healthcare sector. So, it\u2019s easy to see that this gap matters. It won\u2019t do for the surgeon\u2019s movements to be lagging and affected by network latency. That being the case, 5G improves the working and safety by lowering latency. In short, 5G supports different practices with reduced latency.<\/li>\n<\/ul>\n\n\n\n<p><\/p>\n\n\n\n<!DOCTYPE html>\n<html lang=\"en\">\n<head>\n    <meta charset=\"UTF-8\">\n    <meta name=\"viewport\" content=\"width=device-width, initial-scale=1.0\">\n    <title>AI Blog Banner<\/title>\n    <style>\n        * {\n            margin: 0;\n            padding: 0;\n            box-sizing: border-box;\n        }\n\n        .banner {\n            position: relative;\n            width: 100%;\n            height: 350px;\n            overflow: hidden;\n            display: flex;\n            align-items: center;\n            justify-content: center;\n            font-family: 'Arial', sans-serif;\n            border-radius: 25px;\n        }\n\n        .animated-background {\n            position: absolute;\n            top: 0;\n            left: 0;\n            width: 100%;\n            height: 100%;\n            background: linear-gradient(45deg, #003f6b, #2d5a7b, #003f6b, #2d5a7b);\n            background-size: 400% 400%;\n            animation: gradientMove 8s ease-in-out infinite;\n        }\n\n        .ai-pattern {\n            position: absolute;\n            top: 0;\n            left: 0;\n            width: 100%;\n            height: 100%;\n            opacity: 0.1;\n            background-image: \n                radial-gradient(circle at 20% 20%, rgba(255,255,255,0.3) 2px, transparent 2px),\n                radial-gradient(circle at 80% 80%, rgba(255,255,255,0.2) 1px, transparent 1px),\n                radial-gradient(circle at 40% 60%, rgba(255,255,255,0.15) 1.5px, transparent 1.5px),\n                radial-gradient(circle at 60% 20%, rgba(255,255,255,0.25) 1px, transparent 1px),\n                radial-gradient(circle at 80% 40%, rgba(255,255,255,0.2) 2px, transparent 2px);\n            background-size: 100px 100px, 150px 150px, 80px 80px, 120px 120px, 90px 90px;\n            animation: patternFloat 12s linear infinite;\n        }\n\n        .neural-network {\n            position: absolute;\n            top: 0;\n            left: 0;\n            width: 100%;\n            height: 100%;\n            opacity: 0.08;\n        }\n\n        .neural-line {\n            position: absolute;\n            height: 1px;\n            background: linear-gradient(90deg, transparent, rgba(255,255,255,0.5), transparent);\n            animation: neuralPulse 6s ease-in-out infinite;\n        }\n\n        .neural-line:nth-child(1) {\n            top: 30%;\n            left: 0;\n            width: 60%;\n            animation-delay: 0s;\n        }\n\n        .neural-line:nth-child(2) {\n            top: 50%;\n            right: 0;\n            width: 70%;\n            animation-delay: 2s;\n        }\n\n        .neural-line:nth-child(3) {\n            top: 70%;\n            left: 20%;\n            width: 50%;\n            animation-delay: 4s;\n        }\n\n        .content {\n            position: relative;\n            z-index: 10;\n            text-align: center;\n            color: white !important;\n            max-width: 800px;\n            padding: 30px;\n        }\n\n        .content * {\n            color: white !important;\n        }\n\n        .cta-text {\n            font-size: 1.9rem;\n            font-weight: 700;\n            margin-bottom: 15px;\n            color: white !important;\n            background: linear-gradient(90deg, rgba(255,255,255,0.6), rgba(255,255,255,1), rgba(230,230,230,1), rgba(255,255,255,1), rgba(240,240,240,0.8), rgba(255,255,255,0.6));\n            background-size: 200% 100%;\n            -webkit-background-clip: text;\n            -webkit-text-fill-color: transparent;\n            background-clip: text;\n            animation: shineEffect 10s ease-in-out infinite;\n            line-height: 1.3;\n        }\n\n        .cta-subheading {\n            font-size: 1rem;\n            font-weight: 400;\n            margin-bottom: 25px;\n            color: white !important;\n            line-height: 1.6;\n            opacity: 0.95;\n        }\n\n        .cta-button {\n            background: linear-gradient(135deg, #8a6b0f, #bd9013, #d4a519);\n            border: 2px solid #8a6b0f;\n            color: white !important;\n            padding: 18px 40px;\n            font-size: 1.2rem;\n            font-weight: 600;\n            border-radius: 50px;\n            cursor: pointer;\n            transition: all 0.3s ease;\n            text-decoration: none;\n            display: inline-block;\n            position: relative;\n            overflow: hidden;\n        }\n\n        .cta-button::before {\n            content: '';\n            position: absolute;\n            top: 0;\n            left: -100%;\n            width: 100%;\n            height: 100%;\n            background: linear-gradient(90deg, \n                transparent 0%, \n                rgba(255, 255, 255, 0.3) 25%,\n                rgba(255, 255, 255, 0.6) 50%,\n                rgba(255, 255, 255, 0.3) 75%,\n                transparent 100%);\n            animation: shine 3s ease-in-out infinite;\n        }\n\n        .cta-button:hover {\n            transform: translateY(-3px);\n            box-shadow: 0 10px 25px rgba(0,0,0,0.2);\n            border-color: #bd9013;\n            background: linear-gradient(135deg, #bd9013, #d4a519, #e6b61f);\n        }\n\n        .floating-elements {\n            position: absolute;\n            top: 0;\n            left: 0;\n            width: 100%;\n            height: 100%;\n            pointer-events: none;\n        }\n\n        .floating-circle {\n            position: absolute;\n            border-radius: 50%;\n            background: rgba(255,255,255,0.1);\n            animation: float 8s ease-in-out infinite;\n        }\n\n        .floating-circle:nth-child(1) {\n            width: 80px;\n            height: 80px;\n            top: 20%;\n            left: 10%;\n            animation-delay: 0s;\n        }\n\n        .floating-circle:nth-child(2) {\n            width: 60px;\n            height: 60px;\n            top: 60%;\n            right: 15%;\n            animation-delay: 3s;\n        }\n\n        .floating-circle:nth-child(3) {\n            width: 40px;\n            height: 40px;\n            top: 80%;\n            left: 80%;\n            animation-delay: 6s;\n        }\n\n        .floating-circle:nth-child(4) {\n            width: 70px;\n            height: 70px;\n            top: 10%;\n            right: 20%;\n            animation-delay: 1.5s;\n        }\n\n        .floating-circle:nth-child(5) {\n            width: 50px;\n            height: 50px;\n            top: 75%;\n            left: 30%;\n            animation-delay: 4.5s;\n        }\n\n        @keyframes gradientMove {\n            0% { background-position: 0% 50%; }\n            25% { background-position: 100% 50%; }\n            50% { background-position: 100% 100%; }\n            75% { background-position: 0% 100%; }\n            100% { background-position: 0% 50%; }\n        }\n\n        @keyframes patternFloat {\n            0% { transform: translateX(0) translateY(0); }\n            33% { transform: translateX(30px) translateY(-20px); }\n            66% { transform: translateX(-20px) translateY(10px); }\n            100% { transform: translateX(0) translateY(0); }\n        }\n\n        @keyframes neuralPulse {\n            0%, 100% { opacity: 0.08; }\n            50% { opacity: 0.2; }\n        }\n\n        @keyframes shineEffect {\n            0% { background-position: 200% 0; }\n            100% { background-position: -200% 0; }\n        }\n\n        @keyframes shine {\n            0% {\n                left: -100%;\n            }\n            20%, 100% {\n                left: 100%;\n            }\n        }\n\n        @keyframes float {\n            0%, 100% { transform: translateY(0px) rotate(0deg); }\n            33% { transform: translateY(-30px) rotate(120deg); }\n            66% { transform: translateY(15px) rotate(240deg); }\n        }\n\n        @media (max-width: 768px) {\n            .banner {\n                height: 320px;\n                padding: 30px 0;\n            }\n            \n            .content {\n                padding: 40px 20px;\n            }\n            \n            .cta-text {\n                font-size: 1.3rem;\n                margin-bottom: 12px;\n            }\n            \n            .cta-subheading {\n                font-size: 0.85rem;\n                margin-bottom: 20px;\n            }\n            \n            .cta-button {\n                padding: 14px 28px;\n                font-size: 0.95rem;\n            }\n        }\n    <\/style>\n<\/head>\n<body>\n    <div class=\"banner\">\n        <div class=\"animated-background\"><\/div>\n        \n        <div class=\"ai-pattern\"><\/div>\n        \n        <div class=\"neural-network\">\n            <div class=\"neural-line\"><\/div>\n            <div class=\"neural-line\"><\/div>\n            <div class=\"neural-line\"><\/div>\n        <\/div>\n        \n        <div class=\"floating-elements\">\n            <div class=\"floating-circle\"><\/div>\n            <div class=\"floating-circle\"><\/div>\n            <div class=\"floating-circle\"><\/div>\n            <div class=\"floating-circle\"><\/div>\n            <div class=\"floating-circle\"><\/div>\n        <\/div>\n        \n        <div class=\"content\">\n            <div class=\"cta-text\">Ready to explore the insights that drive smarter decisions?<\/div>\n            <div class=\"cta-subheading\">Contact our Research experts today.<\/div>\n            <a href=\"mailto:Research@sisinternational.com\" class=\"cta-button\">Contact us now!<\/a>\n        <\/div>\n    <\/div>\n<\/body>\n<\/html>\n\n\n\n<p><\/p>\n\n\n\n<h2 class=\"wp-block-heading\" id=\"key-success-factors\">Facteurs cl\u00e9s de succ\u00e8s<\/h2>\n\n\n\n<h3 class=\"wp-block-heading p3\">Plusieurs facteurs de succ\u00e8s d\u00e9coulent du r\u00e9seau 5G.<\/h3>\n\n\n\n<figure class=\"gb-block-image gb-block-image-f42b8e32\"><img loading=\"lazy\" decoding=\"async\" width=\"1456\" height=\"816\" class=\"gb-image gb-image-f42b8e32\" src=\"https:\/\/www.sisinternational.com\/wp-content\/uploads\/2025\/08\/Smarrtphone-5g-4.jpg\" alt=\"\u00c9tudes de march\u00e9 et strat\u00e9gie internationales SIS\" title=\"Smarrtphone 5g (4)\" srcset=\"https:\/\/www.sisinternational.com\/wp-content\/uploads\/2025\/08\/Smarrtphone-5g-4.jpg 1456w, https:\/\/www.sisinternational.com\/wp-content\/uploads\/2025\/08\/Smarrtphone-5g-4-300x168.jpg 300w, https:\/\/www.sisinternational.com\/wp-content\/uploads\/2025\/08\/Smarrtphone-5g-4-1024x574.jpg 1024w, https:\/\/www.sisinternational.com\/wp-content\/uploads\/2025\/08\/Smarrtphone-5g-4-768x430.jpg 768w, https:\/\/www.sisinternational.com\/wp-content\/uploads\/2025\/08\/Smarrtphone-5g-4-18x10.jpg 18w\" sizes=\"auto, (max-width: 1456px) 100vw, 1456px\"><\/figure>\n\n\n\n<ul class=\"wp-block-list\">\n<li>Disponibilit\u00e9 du spectre. Le spectre constitue la base des services sans fil mobiles et, par cons\u00e9quent, des r\u00e9seaux 5G. Les fournisseurs ont besoin d&#039;un m\u00e9lange de spectres de bandes basses, moyennes et hautes.<\/li>\n\n\n\n<li>R\u00e9seau. La 5G joue un r\u00f4le majeur dans l\u2019obtention d\u2019un niveau \u00e9lev\u00e9 d\u2019informations sur le sans fil. Essentiellement, cela augmentera le nombre d\u2019abonn\u00e9s actifs \u00e0 la 5G par habitant.<\/li>\n\n\n\n<li>Talent. La 5G a cr\u00e9\u00e9 des appels \u00e0 des types de talents nouveaux et diff\u00e9rents. Les entreprises devront analyser, g\u00e9rer et prot\u00e9ger d\u2019\u00e9normes quantit\u00e9s de donn\u00e9es. Les entreprises qui ne disposent pas du personnel n\u00e9cessaire pour effectuer le travail risquent de payer un prix \u00e9lev\u00e9 \u00e0 mesure qu&#039;elles deviennent moins comp\u00e9titives. Pire encore, ils peuvent devenir obsol\u00e8tes.<\/li>\n<\/ul>\n\n\n\n<h2 class=\"wp-block-heading\" id=\"about-5-g-telecommunications-market-research\">\u00c0 propos de l\u2019\u00e9tude de march\u00e9 sur les t\u00e9l\u00e9communications 5G<\/h2>\n\n\n\n<p class=\"p4\">Envisagez-vous d\u2019ajouter la 5G \u00e0 votre entreprise ? SIS International propose des recherches quantitatives, qualitatives et strat\u00e9giques. Nous utilisons des entretiens, des groupes de discussion et des enqu\u00eates. Nous travaillons avec de nombreuses entreprises, y compris des startups, et nous pouvons vous aider \u00e0 ajouter la 5G \u00e0 votre entreprise.<\/p>\n\n\n<h2>Notre emplacement \u00e0 New York<\/h2>\n<p><!-- \/wp:post-content --> <!-- wp:html --> <iframe loading=\"lazy\" src=\"https:\/\/www.google.com\/maps\/embed?pb=!1m18!1m12!1m3!1d3022.976188376966!2d-73.99130312499956!3d40.740549471389315!2m3!1f0!2f0!3f0!3m2!1i1024!2i768!4f13.1!3m3!1m2!1s0x89c259a15798c731%3A0xd695d09bdd495f25!2s11%20E%2022nd%20St%20FL%202%2C%20New%20York%2C%20NY%2010010%2C%20USA!5e0!3m2!1sen!2spe!4v1726171763526!5m2!1sen!2spe\" width=\"600\" height=\"450\" allowfullscreen=\"allowfullscreen\" data-mce-fragment=\"1\"><\/iframe> <!-- \/wp:html --> <!-- wp:paragraph --><\/p>\n<h3 class=\"wp-block-heading\">11 E 22nd Street, \u00e9tage 2, New York, NY 10010 T\u00e9l. : +1(212) 505-6805<\/h3>\n<hr \/>\n<h2><span style=\"font-weight: 400;\">\u00c0 propos de SIS International<\/span><\/h2>\n<p><a href=\"https:\/\/www.sisinternational.com\/fr\/\"><span style=\"font-weight: 400;\">SIS International<\/span><\/a><span style=\"font-weight: 400;\"> propose des recherches quantitatives, qualitatives et strat\u00e9giques. Nous fournissons des donn\u00e9es, des outils, des strat\u00e9gies, des rapports et des informations pour la prise de d\u00e9cision. Nous menons \u00e9galement des entretiens, des enqu\u00eates, des groupes de discussion et d\u2019autres m\u00e9thodes et approches d\u2019\u00e9tudes de march\u00e9.<\/span><a href=\"https:\/\/www.sisinternational.com\/fr\/a-propos-de-la-recherche-internationale-sis\/contact-sis-international-market-research\/\"><span style=\"font-weight: 400;\"> Contactez nous<\/span><\/a><span style=\"font-weight: 400;\"> pour votre prochain projet d&#039;\u00e9tude de march\u00e9.<\/span><\/p>\n<p><!-- wp:heading --><\/p>\n<h2 id=\"about-sis-international\" class=\"wp-block-heading\">\u00a0<\/h2>\n<p><!-- wp:paragraph --><\/p>\n<p><!-- \/wp:paragraph --><!-- \/wp:heading --><\/p>","protected":false},"excerpt":{"rendered":"<p>\u00c0 mesure que le monde se d\u00e9veloppe, les industries doivent se tenir au courant des nouveaux d\u00e9veloppements technologiques. La 5G offre de nombreux avantages aux entreprises pour leur croissance et leur profit.<\/p>","protected":false},"author":1,"featured_media":63117,"parent":14514,"menu_order":99,"comment_status":"closed","ping_status":"closed","template":"","meta":{"footnotes":""},"class_list":["post-39794","page","type-page","status-publish","has-post-thumbnail"],"_links":{"self":[{"href":"https:\/\/www.sisinternational.com\/fr\/wp-json\/wp\/v2\/pages\/39794","targetHints":{"allow":["GET"]}}],"collection":[{"href":"https:\/\/www.sisinternational.com\/fr\/wp-json\/wp\/v2\/pages"}],"about":[{"href":"https:\/\/www.sisinternational.com\/fr\/wp-json\/wp\/v2\/types\/page"}],"author":[{"embeddable":true,"href":"https:\/\/www.sisinternational.com\/fr\/wp-json\/wp\/v2\/users\/1"}],"replies":[{"embeddable":true,"href":"https:\/\/www.sisinternational.com\/fr\/wp-json\/wp\/v2\/comments?post=39794"}],"version-history":[{"count":10,"href":"https:\/\/www.sisinternational.com\/fr\/wp-json\/wp\/v2\/pages\/39794\/revisions"}],"predecessor-version":[{"id":73359,"href":"https:\/\/www.sisinternational.com\/fr\/wp-json\/wp\/v2\/pages\/39794\/revisions\/73359"}],"up":[{"embeddable":true,"href":"https:\/\/www.sisinternational.com\/fr\/wp-json\/wp\/v2\/pages\/14514"}],"wp:featuredmedia":[{"embeddable":true,"href":"https:\/\/www.sisinternational.com\/fr\/wp-json\/wp\/v2\/media\/63117"}],"wp:attachment":[{"href":"https:\/\/www.sisinternational.com\/fr\/wp-json\/wp\/v2\/media?parent=39794"}],"curies":[{"name":"wp","href":"https:\/\/api.w.org\/{rel}","templated":true}]}}