{"id":39745,"date":"2022-01-26T20:54:07","date_gmt":"2022-01-26T20:54:07","guid":{"rendered":"https:\/\/www.sisinternational.com\/?page_id=39745"},"modified":"2025-09-23T22:06:51","modified_gmt":"2025-09-24T02:06:51","slug":"etude-de-marche-en-analyse-multivariee","status":"publish","type":"page","link":"https:\/\/www.sisinternational.com\/fr\/competence\/etude-de-marche-en-analyse-multivariee\/","title":{"rendered":"\u00c9tude de march\u00e9 sur l\u2019analyse multivari\u00e9e"},"content":{"rendered":"<h1 class=\"wp-block-heading p1\"><span class=\"s1\">\u00c9tude de march\u00e9 sur l\u2019analyse multivari\u00e9e<\/span><\/h1>\n\n\n\n<figure class=\"gb-block-image gb-block-image-92735762\"><img loading=\"lazy\" decoding=\"async\" width=\"1456\" height=\"816\" class=\"gb-image gb-image-92735762\" src=\"https:\/\/www.sisinternational.com\/wp-content\/uploads\/2025\/08\/Strategy-consulting-10.jpg\" alt=\"\u00c9tudes de march\u00e9 et strat\u00e9gie internationales SIS\" title=\"Strategy consulting (10)\" srcset=\"https:\/\/www.sisinternational.com\/wp-content\/uploads\/2025\/08\/Strategy-consulting-10.jpg 1456w, https:\/\/www.sisinternational.com\/wp-content\/uploads\/2025\/08\/Strategy-consulting-10-300x168.jpg 300w, https:\/\/www.sisinternational.com\/wp-content\/uploads\/2025\/08\/Strategy-consulting-10-1024x574.jpg 1024w, https:\/\/www.sisinternational.com\/wp-content\/uploads\/2025\/08\/Strategy-consulting-10-768x430.jpg 768w, https:\/\/www.sisinternational.com\/wp-content\/uploads\/2025\/08\/Strategy-consulting-10-18x10.jpg 18w\" sizes=\"auto, (max-width: 1456px) 100vw, 1456px\"><\/figure>\n\n\n\n<p><\/p>\n\n\n\n<hr class=\"wp-block-separator has-alpha-channel-opacity is-style-dots\"\/>\n\n\n\n<p class=\"p2\">L&#039;analyse multivari\u00e9e \u00e9tudie plus de deux variables pour trouver des liens possibles entre elles. Cela aide les sp\u00e9cialistes du marketing \u00e0 comprendre diff\u00e9rents r\u00e9sultats. Il relie \u00e9galement chacune des diff\u00e9rentes formes de recherche.<\/p>\n\n\n\n<p class=\"p2\">Utiliser l\u2019analyse pour r\u00e9soudre un probl\u00e8me peut impliquer plusieurs types d\u2019analyse multivari\u00e9e. Cela peut \u00e9galement impliquer d&#039;autres \u00e9tudes pour voir la relation entre les variables et comment elles sont li\u00e9es au probl\u00e8me.<\/p>\n\n\n\n<p class=\"p2\">This form of <a href=\"https:\/\/www.sisinternational.com\/fr\/sis-application-of-quantitative-data-analytics-to-sensory-testing\/\" title=\"SIS Application of Quantitative Data Analytics to Sensory Testing\"  data-wpil-monitor-id=\"7974\">testing studies more hard data<\/a> sets than any other analysis could manage. Researchers tend to use software to do this type of <a href=\"https:\/\/www.sisinternational.com\/fr\/journee-mondiale-de-lautisme\/\" title=\"\u00c9tudes de recherche sur le march\u00e9 de l\u2019autisme\"  data-wpil-monitor-id=\"7976\">\u00e9tude<\/a> as it dealing with so much data by hand can be a bit much.<\/p>\n\n\n\n<p class=\"p2\">Cette \u00e9tude peut parfois \u00eatre difficile et \u00e9galement difficile \u00e0 r\u00e9soudre. Pourtant, tout d\u00e9pend de ce qu\u2019une personne recherche. Cette difficult\u00e9 pose parfois probl\u00e8me et ralentit la progression. Ce r\u00e9sultat peut signifier que les r\u00e9sultats n&#039;ont aucune signification en raison d&#039;erreurs.<\/p>\n\n\n\n<h2 class=\"wp-block-heading p3\">Pourquoi l\u2019analyse multivari\u00e9e est-elle importante ?<\/h2>\n\n\n\n<p class=\"p2\">L\u2019analyse est critique et utile. Son principal avantage est qu\u2019il g\u00e8re plusieurs ensembles de variables, de probl\u00e8mes et d\u2019autres donn\u00e9es. En retour, cela permet de tirer des conclusions plus pr\u00e9cises. Ces solutions sont plus r\u00e9alistes et correctes pour prendre de meilleures d\u00e9cisions. L&#039;\u00e9tude permet de tester toutes les variables ensemble, plut\u00f4t que plusieurs r\u00e9ponses.<\/p>\n\n\n\n<p class=\"p2\">Apart from that, multivariate testing is a necessary part of biostatistics. It is a valued part of public health. That is because <a href=\"https:\/\/www.sisinternational.com\/fr\/quest-ce-que-les-relations-publiques\/\" title=\"Relations publiques et \u00e9tudes de march\u00e9\"  data-wpil-monitor-id=\"7975\">public health research<\/a> has been expanding. It is also attracting more attention. Furthermore, when people use this method, they can help explain complex problems in simple ways.<\/p>\n\n\n\n<h2 class=\"wp-block-heading p3\">Titres de poste cl\u00e9s<\/h2>\n\n\n\n<h3 class=\"wp-block-heading p2\">Voici quelques emplois qui utilisent l&#039;analyse multivari\u00e9e\u00a0:<\/h3>\n\n\n\n<ul class=\"wp-block-list ul1\">\n<li>Analyste i-Gaming<\/li>\n\n\n\n<li>Scientifiques des donn\u00e9es<\/li>\n\n\n\n<li>Analyste de la criminalit\u00e9<\/li>\n\n\n\n<li>Associ\u00e9 de recherche<\/li>\n\n\n\n<li>Analyste exp\u00e9rience client<\/li>\n<\/ul>\n\n\n\n<h2 class=\"wp-block-heading p3\">Pourquoi les entreprises ont-elles besoin d\u2019une analyse multivari\u00e9e\u00a0?<\/h2>\n\n\n\n<p class=\"p2\">This study measures many variables and how they relate to each other. This method can help in all areas of a business. By using the correct data, a business can do many things. Also, it tests several sets at once, which saves <a href=\"https:\/\/www.sisinternational.com\/fr\/solutions\/solutions-de-branding-et-de-recherche-client\/etude-de-marche-sur-les-tests-de-produits\/societe-detudes-de-marche-de-premier-plan-en-matiere-dutilisabilite\/\" title=\"Usability testing Company\"  data-wpil-monitor-id=\"7971\">companies much time compared to testing<\/a> single or only two at a time. This method finds answers to problems with more than two values.<\/p>\n\n\n\n<p class=\"p2\">Ce sont les experts qui r\u00e9digent les r\u00e8gles de l\u2019\u00e9tude. Pendant ce temps, les propri\u00e9taires, les directeurs commerciaux, les directeurs marketing et les investisseurs sont les clients. Le syst\u00e8me est similaire \u00e0 celui d\u2019un fournisseur et d\u2019un client.<\/p>\n\n\n\n<h3 class=\"wp-block-heading p3\">Facteurs cl\u00e9s de succ\u00e8s<\/h3>\n\n\n\n<p class=\"p2\">Comme mentionn\u00e9 pr\u00e9c\u00e9demment, le principal avantage de cette analyse est qu\u2019elle traite plusieurs facteurs \u00e0 la fois. Cela peut donner \u00e0 votre entreprise une meilleure compr\u00e9hension des variables. Aide \u00e9galement \u00e0 donner des conclusions appropri\u00e9es. Pourtant, cela pr\u00e9sente bien plus d\u2019avantages. Lorsqu\u2019elle est bien effectu\u00e9e, cette analyse ne peut pas annuler la n\u00e9cessit\u00e9 de r\u00e9aliser deux tests, un \u00e0 la fois, avec le m\u00eame objectif. Au lieu de cela, les tests se d\u00e9roulent sur des p\u00e9riodes plus courtes. De plus, l\u2019utilisation d\u2019un logiciel rend les choses beaucoup plus faciles.<\/p>\n\n\n\n<h2 class=\"wp-block-heading p3\">\u00c0 propos des \u00e9tudes de march\u00e9 sur l\u2019analyse multivari\u00e9e<\/h2>\n\n\n\n<p class=\"p4\">Using the multivariate <a href=\"https:\/\/www.sisinternational.com\/fr\/solutions\/recherche-de-conseil-en-strategie-fintech\/etude-de-marche-analyse-couts-avantages\/\" title=\"\u00c9tude de march\u00e9 sur l\u2019analyse co\u00fbts-avantages\"  data-wpil-monitor-id=\"7970\">analysis can benefit<\/a> businesses in many ways. One of the main benefits is gains in profit. If your company is willing to use these methods, our business is here to help. We arrange focus groups to assist in this and other areas as well. We also conduct strategic, quantitative, and qualitative research in all areas. The <a href=\"https:\/\/www.sisinternational.com\/fr\/solutions\/etude-de-marche-en-groupe-de-discussion\/\" title=\"\u00c9tude de march\u00e9 par groupe de discussion\"  data-wpil-monitor-id=\"7973\">groups do all the research<\/a> needed to give the best results. With the help of our team, we can help improve the choices you make in the company to increase profits. Get in touch with us. Let\u2019s start building your business today. <a href=\"https:\/\/www.sisinternational.com\/fr\/predictive-analytics\/\" title=\"Predictive Analytics: Your Crystal Ball for Business Success\"  data-wpil-monitor-id=\"7972\">Success will be in your business&#8217;s<\/a> future.<\/p>\n\n\n\n<p><\/p>","protected":false},"excerpt":{"rendered":"<p>Analyse multivari\u00e9e Market Research g\u00e8re plusieurs ensembles de variables, de probl\u00e8mes et d\u2019autres donn\u00e9es. Cela aide \u00e0 prendre une d\u00e9termination plus pr\u00e9cise. L\u2019utilisation de l\u2019analyse multivari\u00e9e profite aux entreprises, notamment avec des gains de b\u00e9n\u00e9fices.<\/p>","protected":false},"author":1,"featured_media":62536,"parent":14514,"menu_order":94,"comment_status":"closed","ping_status":"closed","template":"","meta":{"footnotes":""},"class_list":["post-39745","page","type-page","status-publish","has-post-thumbnail"],"_links":{"self":[{"href":"https:\/\/www.sisinternational.com\/fr\/wp-json\/wp\/v2\/pages\/39745","targetHints":{"allow":["GET"]}}],"collection":[{"href":"https:\/\/www.sisinternational.com\/fr\/wp-json\/wp\/v2\/pages"}],"about":[{"href":"https:\/\/www.sisinternational.com\/fr\/wp-json\/wp\/v2\/types\/page"}],"author":[{"embeddable":true,"href":"https:\/\/www.sisinternational.com\/fr\/wp-json\/wp\/v2\/users\/1"}],"replies":[{"embeddable":true,"href":"https:\/\/www.sisinternational.com\/fr\/wp-json\/wp\/v2\/comments?post=39745"}],"version-history":[{"count":4,"href":"https:\/\/www.sisinternational.com\/fr\/wp-json\/wp\/v2\/pages\/39745\/revisions"}],"predecessor-version":[{"id":81344,"href":"https:\/\/www.sisinternational.com\/fr\/wp-json\/wp\/v2\/pages\/39745\/revisions\/81344"}],"up":[{"embeddable":true,"href":"https:\/\/www.sisinternational.com\/fr\/wp-json\/wp\/v2\/pages\/14514"}],"wp:featuredmedia":[{"embeddable":true,"href":"https:\/\/www.sisinternational.com\/fr\/wp-json\/wp\/v2\/media\/62536"}],"wp:attachment":[{"href":"https:\/\/www.sisinternational.com\/fr\/wp-json\/wp\/v2\/media?parent=39745"}],"curies":[{"name":"wp","href":"https:\/\/api.w.org\/{rel}","templated":true}]}}