{"id":39741,"date":"2022-01-26T20:54:58","date_gmt":"2022-01-26T20:54:58","guid":{"rendered":"https:\/\/www.sisinternational.com\/?page_id=39741"},"modified":"2026-01-25T19:37:07","modified_gmt":"2026-01-26T00:37:07","slug":"etude-de-marche-sur-les-tests-monadiques","status":"publish","type":"page","link":"https:\/\/www.sisinternational.com\/fr\/competence\/etude-de-marche-sur-les-tests-monadiques\/","title":{"rendered":"\u00c9tude de march\u00e9 sur les tests monadiques"},"content":{"rendered":"<h1 class=\"wp-block-heading\">\u00c9tude de march\u00e9 sur les tests monadiques<\/h1>\n\n\n\n<figure class=\"gb-block-image gb-block-image-3dd5f693\"><img loading=\"lazy\" decoding=\"async\" width=\"1456\" height=\"816\" class=\"gb-image gb-image-3dd5f693\" src=\"https:\/\/www.sisinternational.com\/wp-content\/uploads\/2025\/09\/Research-9.jpg\" alt=\"\u00c9tudes de march\u00e9 et strat\u00e9gie internationales SIS\" title=\"Research (9)\" srcset=\"https:\/\/www.sisinternational.com\/wp-content\/uploads\/2025\/09\/Research-9.jpg 1456w, https:\/\/www.sisinternational.com\/wp-content\/uploads\/2025\/09\/Research-9-300x168.jpg 300w, https:\/\/www.sisinternational.com\/wp-content\/uploads\/2025\/09\/Research-9-1024x574.jpg 1024w, https:\/\/www.sisinternational.com\/wp-content\/uploads\/2025\/09\/Research-9-768x430.jpg 768w, https:\/\/www.sisinternational.com\/wp-content\/uploads\/2025\/09\/Research-9-18x10.jpg 18w\" sizes=\"auto, (max-width: 1456px) 100vw, 1456px\"><\/figure>\n\n\n\n<p><\/p>\n\n\n\n<hr class=\"wp-block-separator has-alpha-channel-opacity is-style-dots\"\/>\n\n\n\n<h2 class=\"wp-block-heading\">Qu\u2019est-ce que l\u2019\u00e9tude de march\u00e9 sur les tests monadiques ?<\/h2>\n\n\n\n<p class=\"p3\">Monadic Testing is a method of consumer testing. With this method, the respondent rates one thing by itself. In essence, it\u2019s done in isolation, separate from the influence of other choices. It is unlike comparison testing, which uses many options and respondents. Monadic Testing is suitable for <a href=\"https:\/\/www.sisinternational.com\/fr\/solutions\/solutions-de-branding-et-de-recherche-client\/etude-de-marche-sur-les-tests-de-produits\/new-product-concept-testing-methods\/\" title=\"New Product Concept Testing Methods\"  data-wpil-monitor-id=\"8633\">concept<\/a> testing and packing research. Areas like this need specific information that can grab a new customer\u2019s attention. Why? Because they represent the brand itself in a way. In most cases, a monadic test operates like this:<\/p>\n\n\n\n<div class=\"table-1\">\n<table width=\"100%\">\n<thead>\n<tr>\n<th align=\"left\">Groupe 1<\/th>\n<th align=\"left\">Groupe 2<\/th>\n<th align=\"left\">Groupe 3<\/th>\n<\/tr>\n<\/thead>\n<tbody>\n<tr>\n<td align=\"left\">Id\u00e9e 1<\/td>\n<td align=\"left\">Id\u00e9e 2<\/td>\n<td align=\"left\">Produit actuel<\/td>\n<\/tr>\n<\/tbody>\n<\/table>\n<\/div>\n\n\n\n<p class=\"p1\"><strong>La figure 1.0 montre un test monadique<\/strong><\/p>\n\n\n\n<p class=\"p3\">Dans la figure 1.0, le chercheur donne \u00e0 chaque groupe une id\u00e9e et pose des questions pour voir ce qu&#039;ils pensent de cette id\u00e9e. Un groupe t\u00e9moin sert \u00e9galement de r\u00e9f\u00e9rence pour mesurer les changements. Puis, lorsqu\u2019il fait le test, le chercheur collecte les r\u00e9sultats et les analyse. Dans ce test, les gens n&#039;ont pas \u00e0 comparer eux-m\u00eames les produits\/id\u00e9es\/conceptions. Ils n\u2019ont qu\u2019\u00e0 se concentrer sur ce qui se trouve juste devant eux. Ainsi, leurs choix ne sont pas influenc\u00e9s par les autres produits disponibles.<\/p>\n\n\n\n<h2 class=\"wp-block-heading p2\"><b>Pourquoi l\u2019\u00e9tude de march\u00e9 sur les tests monadiques est-elle importante ?<\/b><\/h2>\n\n\n\n<p class=\"p3\">The main advantage of the monadic test is that it can realistically measure the appeal of a product or service. In other words, it gets an accurate opinion of the potential customers. Even better, it does so without outside influences. Monadic tests are essential to get a more realistic view of <a href=\"https:\/\/www.sisinternational.com\/fr\/competence\/les-industries\/etude-de-marche-sur-les-boissons-alimentaires-et-la-voix-du-client\/\" title=\"\u00c9tude de march\u00e9 sur la voix du client dans le secteur des aliments et des boissons\"  data-wpil-monitor-id=\"8634\">customers\u2019 choices in the market<\/a>. In contrast, a comparison test usually provides information that lacks context. Thus, it is less valuable. When doing market research, getting the most accurate information is crucial.<\/p>\n\n\n\n<p class=\"p3\">To summarize, the better the info, the better the insights. And the better the insights, the better the predictions. <a href=\"https:\/\/www.sisinternational.com\/fr\/competence\/les-industries\/directeur-de-linformation-cio-etudes-de-marche\/\" title=\"\u00c9tude de march\u00e9 du directeur de l\u2019information (CIO)\"  data-wpil-monitor-id=\"8632\">Market research seeks to produce accurate information<\/a> with practical application. And you can\u2019t do that if your methods lack depth.<\/p>\n\n\n\n<h2 class=\"wp-block-heading p2\"><b>Titres de poste cl\u00e9s<\/b><\/h2>\n\n\n\n<h3 class=\"wp-block-heading p3\">Certains emplois notables incluent :<\/h3>\n\n\n\n<ul class=\"wp-block-list ul1\">\n<li>Analyste de march\u00e9<\/li>\n\n\n\n<li>Analyste de recherche de donn\u00e9es<\/li>\n\n\n\n<li>Analyste produit<\/li>\n<\/ul>\n\n\n\n<h2 class=\"wp-block-heading p2\"><b>Pourquoi les entreprises ont besoin d\u2019une \u00e9tude de march\u00e9 sur les tests monadiques<\/b><\/h2>\n\n\n\n<p class=\"p3\">One of the main things to note when running a business is efficiency. You have to make sure you\u2019re getting the most bang for your buck. You have to look at it spending-wise and consider the time and effort spent on your new projects. <a href=\"https:\/\/www.sisinternational.com\/fr\/competence\/les-industries\/etude-de-marche-monadique-ou-sequentielle\/\" title=\"\u00c9tude de march\u00e9 monadique ou s\u00e9quentielle\"  data-wpil-monitor-id=\"5815\">Monadic Testing<\/a> is an excellent way of getting more in-depth and valuable info for your market research. Furthermore, monadic tests need fewer people to run, saving time and money.<\/p>\n\n\n\n<h3 class=\"wp-block-heading p2\"><b>Facteurs cl\u00e9s de succ\u00e8s<\/b><\/h3>\n\n\n\n<p class=\"p3\">M\u00eame si avoir une touche humaine est toujours important, ne pas utiliser les nouveaux outils \u00e0 notre disposition serait un gaspillage. Les algorithmes vous permettent d&#039;ex\u00e9cuter des milliers d&#039;ensembles de donn\u00e9es. Ils r\u00e9duisent de plusieurs mois votre temps de recherche. Essentiellement, une approche davantage bas\u00e9e sur les logiciels acc\u00e9l\u00e8re les \u00e9tudes de march\u00e9.<\/p>\n\n\n\n<p class=\"p3\">So, one solution is to use other <a href=\"https:\/\/www.sisinternational.com\/fr\/etudes-de-cas\/\" title=\"\u00c9tudes de cas\"  data-wpil-monitor-id=\"8629\">market research studies<\/a> and learn from them. Many businesses use <a href=\"https:\/\/www.sisinternational.com\/fr\/solutions\/test-de-gout\/etude-de-marche-sur-les-tests-de-gout-monadiques\/\" title=\"\u00c9tude de march\u00e9 sur les tests de go\u00fbt monadiques\"  data-wpil-monitor-id=\"8630\">monadic market research<\/a> to help fine-tune their operations. Some of this information is available online and is easy to access. While it\u2019s best to do your <a href=\"https:\/\/www.sisinternational.com\/fr\/competence\/les-industries\/etude-de-marche-sur-les-donnees-de-formation\/\" title=\"\u00c9tude de march\u00e9 sur les donn\u00e9es de formation\"  data-wpil-monitor-id=\"8631\">market research for the kind of data<\/a> most relevant to your needs, it doesn\u2019t hurt to read up.<\/p>\n\n\n\n<p class=\"p3\">It is worth noting that people\u2019s choices can influence results. So, for Monadic Testing, researchers show them different scenarios. For example, a person who starts the <a href=\"https:\/\/www.sisinternational.com\/fr\/solutions\/solutions-de-branding-et-de-recherche-client\/etude-de-marche-sur-les-tests-de-produits\/\" title=\"\u00c9tude de march\u00e9 sur les tests de produits\"  data-wpil-monitor-id=\"8635\">test with a product<\/a> design they like may give the ones that come after a lower score. If the <a href=\"https:\/\/www.sisinternational.com\/fr\/solutions\/solutions-de-recherche-qualitative-et-quantitative\/societes-de-conception-detudes-de-marche\/\" title=\"Soci\u00e9t\u00e9 de recherche en conception\"  data-wpil-monitor-id=\"8636\">researcher only showed people each design<\/a> without prior knowledge, that wouldn\u2019t happen. They would give a more accurate representation of a new consumer. So, it\u2019s essential to make a note of that.<\/p>\n\n\n\n<h2 class=\"wp-block-heading p2\"><b>\u00c0 propos de l\u2019\u00e9tude de march\u00e9 sur les tests monadiques<\/b><\/h2>\n\n\n\n<p class=\"p4\">Les chercheurs utilisent les tests monadiques dans les \u00e9tudes de tarification. Ils utilisent \u00e0 la fois des recherches qualitatives et quantitatives dans leurs tests. Il est \u00e9galement bon d&#039;augmenter votre ensemble de donn\u00e9es en incorporant des groupes de discussion et des enqu\u00eates. Les entretiens sont un autre excellent outil \u00e0 int\u00e9grer dans votre processus. Ceux-ci peuvent \u00e9galement aider \u00e0 combler les vides et \u00e0 fournir de meilleures \u00ab informations \u00bb.<\/p>\n\n\n\n<p><\/p>","protected":false},"excerpt":{"rendered":"<p> Les tests monadiques conviennent aux tests de concepts et \u00e0 la recherche sur l&#039;emballage. Les tests monadiques sont un moyen id\u00e9al pour votre entreprise d&#039;obtenir des informations plus approfondies et pratiques pour votre \u00e9tude de march\u00e9 et d&#039;am\u00e9liorer vos op\u00e9rations. <\/p>","protected":false},"author":1,"featured_media":69505,"parent":14514,"menu_order":95,"comment_status":"closed","ping_status":"closed","template":"","meta":{"footnotes":""},"class_list":["post-39741","page","type-page","status-publish","has-post-thumbnail"],"_links":{"self":[{"href":"https:\/\/www.sisinternational.com\/fr\/wp-json\/wp\/v2\/pages\/39741","targetHints":{"allow":["GET"]}}],"collection":[{"href":"https:\/\/www.sisinternational.com\/fr\/wp-json\/wp\/v2\/pages"}],"about":[{"href":"https:\/\/www.sisinternational.com\/fr\/wp-json\/wp\/v2\/types\/page"}],"author":[{"embeddable":true,"href":"https:\/\/www.sisinternational.com\/fr\/wp-json\/wp\/v2\/users\/1"}],"replies":[{"embeddable":true,"href":"https:\/\/www.sisinternational.com\/fr\/wp-json\/wp\/v2\/comments?post=39741"}],"version-history":[{"count":5,"href":"https:\/\/www.sisinternational.com\/fr\/wp-json\/wp\/v2\/pages\/39741\/revisions"}],"predecessor-version":[{"id":81447,"href":"https:\/\/www.sisinternational.com\/fr\/wp-json\/wp\/v2\/pages\/39741\/revisions\/81447"}],"up":[{"embeddable":true,"href":"https:\/\/www.sisinternational.com\/fr\/wp-json\/wp\/v2\/pages\/14514"}],"wp:featuredmedia":[{"embeddable":true,"href":"https:\/\/www.sisinternational.com\/fr\/wp-json\/wp\/v2\/media\/69505"}],"wp:attachment":[{"href":"https:\/\/www.sisinternational.com\/fr\/wp-json\/wp\/v2\/media?parent=39741"}],"curies":[{"name":"wp","href":"https:\/\/api.w.org\/{rel}","templated":true}]}}