{"id":39736,"date":"2022-01-26T20:57:21","date_gmt":"2022-01-26T20:57:21","guid":{"rendered":"https:\/\/www.sisinternational.com\/?page_id=39736"},"modified":"2025-09-23T22:33:34","modified_gmt":"2025-09-24T02:33:34","slug":"etude-de-marche-botanique","status":"publish","type":"page","link":"https:\/\/www.sisinternational.com\/fr\/competence\/etude-de-marche-botanique\/","title":{"rendered":"\u00c9tude de march\u00e9 sur la botanique"},"content":{"rendered":"<h1 class=\"wp-block-heading p1\"><span class=\"s1\">\u00c9tude de march\u00e9 sur la botanique<\/span><\/h1>\n\n\n\n<figure class=\"gb-block-image gb-block-image-b86c8209\"><img loading=\"lazy\" decoding=\"async\" width=\"1456\" height=\"816\" class=\"gb-image gb-image-b86c8209\" src=\"https:\/\/www.sisinternational.com\/wp-content\/uploads\/2025\/09\/Botany-3.jpg\" alt=\"\u00c9tudes de march\u00e9 et strat\u00e9gie internationales SIS\" title=\"Botany (3)\" srcset=\"https:\/\/www.sisinternational.com\/wp-content\/uploads\/2025\/09\/Botany-3.jpg 1456w, https:\/\/www.sisinternational.com\/wp-content\/uploads\/2025\/09\/Botany-3-300x168.jpg 300w, https:\/\/www.sisinternational.com\/wp-content\/uploads\/2025\/09\/Botany-3-1024x574.jpg 1024w, https:\/\/www.sisinternational.com\/wp-content\/uploads\/2025\/09\/Botany-3-768x430.jpg 768w, https:\/\/www.sisinternational.com\/wp-content\/uploads\/2025\/09\/Botany-3-18x10.jpg 18w\" sizes=\"auto, (max-width: 1456px) 100vw, 1456px\"><\/figure>\n\n\n\n<p><\/p>\n\n\n\n<hr class=\"wp-block-separator has-alpha-channel-opacity is-style-dots\"\/>\n\n\n\n<p>&nbsp;<\/p>\n\n\n\n<h2 class=\"wp-block-heading p3\">Qu\u2019est-ce que la botanique ?<\/h2>\n\n\n\n<p class=\"p4\">Les plantes sont partout autour de nous. Nous savons tous qu\u2019ils sont essentiels. Ils nous fournissent de la nourriture et de l&#039;oxyg\u00e8ne. Ils contribuent m\u00eame \u00e0 la lutte contre le changement climatique. En raison de leur importance, plus nous en savons sur les plantes, mieux c\u2019est. En termes simples, la botanique est la science des plantes. Il s\u2019agit d\u2019acqu\u00e9rir des connaissances sur la fa\u00e7on dont les plantes font ce qu\u2019elles font. Il explique m\u00eame comment certaines choses peuvent \u00eatre am\u00e9lior\u00e9es pour la plantation et les sous-produits v\u00e9g\u00e9taux. La botanique inclut \u00e9galement la g\u00e9n\u00e9tique et la mani\u00e8re dont ce domaine \u00e9mergent peut aider \u00e0 r\u00e9soudre certains des probl\u00e8mes auxquels nous sommes confront\u00e9s. Par exemple, certaines plantes peuvent \u00eatre sujettes \u00e0 des maladies emb\u00eatantes. La botanique trouverait alors un moyen de modifier les cultures pour r\u00e9sister \u00e0 ces maladies.<\/p>\n\n\n\n<h2 class=\"wp-block-heading\">Pourquoi la botanique est-elle importante ?<\/h2>\n\n\n\n<p class=\"p4\">L\u2019ensemble du r\u00e8gne animal d\u00e9pend des plantes pour vivre et, dans certains cas, elles constituent leur seule source de nourriture et d\u2019abri. De toute fa\u00e7on, les plantes fournissent plus que de la nourriture. Les humains utilisent les plantes pour construire des maisons et m\u00eame pour entretenir les lignes \u00e9lectriques. De nombreux m\u00e9dicaments vitaux proviennent de toutes les parties de diff\u00e9rentes plantes. Nous utilisons m\u00eame les plantes \u00e0 des fins esth\u00e9tiques et th\u00e9rapeutiques. Bien s\u00fbr, nous ne pouvons pas oublier leur r\u00f4le crucial dans l\u2019apport d\u2019oxyg\u00e8ne et l\u2019\u00e9limination du dioxyde de carbone. L\u2019\u00e9tude des plantes est vaste et indispensable. De ce fait, la botanique peut affecter toutes les industries et m\u00eame la vie quotidienne.<\/p>\n\n\n\n<h2 class=\"wp-block-heading p3\">Titres de poste cl\u00e9s<\/h2>\n\n\n\n<p class=\"p5\">La botanique ayant un tr\u00e8s large \u00e9ventail d\u2019utilisations, des personnes d\u2019horizons divers peuvent trouver un emploi dans ce domaine. La botanique, l&#039;\u00e9cologie, la chimie sont quelques domaines connexes. Certains autres domaines incluent les math\u00e9matiques, la physique et la recherche.<\/p>\n\n\n\n<h3 class=\"wp-block-heading p5\">Les principaux titres de poste comprennent\u00a0:<\/h3>\n\n\n\n<ul class=\"wp-block-list\">\n<li>Biologistes de la faune<\/li>\n\n\n\n<li>Scientifiques des sols et des plantes<\/li>\n\n\n\n<li>Botanistes<\/li>\n\n\n\n<li>\u00c9cologistes v\u00e9g\u00e9taux<\/li>\n\n\n\n<li>Taxonomistes<\/li>\n\n\n\n<li>Conservateurs<\/li>\n\n\n\n<li>Techniciens de recherche<\/li>\n<\/ul>\n\n\n\n<h2 class=\"wp-block-heading p3\">Pourquoi les entreprises ont besoin de botanique<\/h2>\n\n\n\n<p class=\"p4\">We have already agreed that plants, and by extension botany, affects many industries. Hence, many different businesses need botany. For example, the <a href=\"https:\/\/www.sisinternational.com\/fr\/competence\/les-industries\/etude-de-marche-sur-les-ingredients-des-boissons-alimentaires\/\" title=\"\u00c9tude de march\u00e9 sur les ingr\u00e9dients alimentaires et de boissons\"  data-wpil-monitor-id=\"7955\">food industry benefits by finding new ingredients<\/a>, flavors, and preservatives. The construction industry can find better processes to make some materials more durable. Also, the medical industry can discover new properties of traditional and non-traditional plants. Even agriculture can benefit. It pays for agricultural experts to learn more about better care for some plants. Though we have touched on many industries here, there are many more ways that botany can apply to each one. There are even a lot more industries that botany can impact for the better.<\/p>\n\n\n\n<h3 class=\"wp-block-heading p3\">Facteurs cl\u00e9s de succ\u00e8s<\/h3>\n\n\n\n<p class=\"p4\"><a href=\"https:\/\/www.sisinternational.com\/fr\/top-5-benefits-of-qualitative-market-research-for-businesses\/\" title=\"Top 5 Benefits of Qualitative Market Research for Businesses\"  data-wpil-monitor-id=\"7957\">Businesses can tap into the benefits<\/a> of applying botany to their current industry. Or they can even enter the <a href=\"https:\/\/www.sisinternational.com\/fr\/solutions\/solutions-de-recherche-qualitative-et-quantitative\/etude-de-marche-sur-les-services-sur-le-terrain\/\" title=\"\u00c9tude de march\u00e9 sur les services sur le terrain\"  data-wpil-monitor-id=\"7956\">field of botany research<\/a> in and of itself. <a href=\"https:\/\/www.sisinternational.com\/fr\/competence\/les-industries\/etude-de-marche-automobile\/etude-de-consommation-automobile-pour-les-vehicules-electriques\/\" title=\"Pourquoi les \u00e9tudes de consommation sur le secteur automobile sont si vitales aujourd&#039;hui avec l&#039;avenir des v\u00e9hicules \u00e9lectriques\"  data-wpil-monitor-id=\"7958\">Research is vital<\/a> no matter how you use it to benefit your business. Plants need lots of scientific research. So companies need to understand the what\u2019s, how\u2019s, and why\u2019s. Only then will they be able to provide solutions for the existing problems. Knowing the <a href=\"https:\/\/www.sisinternational.com\/fr\/couverture\/les-ameriques\/couverture-des-etats-unis\/etude-de-marche-a-key-west-en-floride\/\" title=\"\u00c9tude de march\u00e9 \u00e0 Key West, Floride\"  data-wpil-monitor-id=\"7953\">market and its needs are also key<\/a> to guiding your company. With research comes new ideas. Being open-minded to creating things outside of the box is also something to consider. Non-traditional ways may be what your company needs to succeed using botany.<\/p>\n\n\n\n<h2 class=\"wp-block-heading p3\">\u00c0 propos de la botanique<\/h2>\n\n\n\n<p class=\"p6\">Botany is very important to human and animal life. The field thrives on new data and discoveries. Due to this, research is vital when it comes to botany. You can use a wide range of research types to do this. These <a href=\"https:\/\/www.sisinternational.com\/fr\/how-to-design-effective-surveys-for-quantitative-research\/\" title=\"How to Design Effective Surveys for Quantitative Research\"  data-wpil-monitor-id=\"7948\">research types include quantitative<\/a>, qualitative, and strategy research. The <a href=\"https:\/\/www.sisinternational.com\/fr\/quantitative-market-research-methods-and-techniques\/\" title=\"Quantitative Market Research Methods and Techniques\"  data-wpil-monitor-id=\"7951\">methods used to carry out such research<\/a> are, for example, interviews and surveys. You can also use focus groups and experiments.<\/p>\n\n\n\n<p><\/p>","protected":false},"excerpt":{"rendered":"<p>La botanique est la science des plantes et le domaine est ouvert \u00e0 un tr\u00e8s grand nombre d\u2019entreprises et d\u2019industries. <\/p>","protected":false},"author":1,"featured_media":69922,"parent":14514,"menu_order":96,"comment_status":"closed","ping_status":"closed","template":"","meta":{"footnotes":""},"class_list":["post-39736","page","type-page","status-publish","has-post-thumbnail"],"_links":{"self":[{"href":"https:\/\/www.sisinternational.com\/fr\/wp-json\/wp\/v2\/pages\/39736","targetHints":{"allow":["GET"]}}],"collection":[{"href":"https:\/\/www.sisinternational.com\/fr\/wp-json\/wp\/v2\/pages"}],"about":[{"href":"https:\/\/www.sisinternational.com\/fr\/wp-json\/wp\/v2\/types\/page"}],"author":[{"embeddable":true,"href":"https:\/\/www.sisinternational.com\/fr\/wp-json\/wp\/v2\/users\/1"}],"replies":[{"embeddable":true,"href":"https:\/\/www.sisinternational.com\/fr\/wp-json\/wp\/v2\/comments?post=39736"}],"version-history":[{"count":4,"href":"https:\/\/www.sisinternational.com\/fr\/wp-json\/wp\/v2\/pages\/39736\/revisions"}],"predecessor-version":[{"id":81340,"href":"https:\/\/www.sisinternational.com\/fr\/wp-json\/wp\/v2\/pages\/39736\/revisions\/81340"}],"up":[{"embeddable":true,"href":"https:\/\/www.sisinternational.com\/fr\/wp-json\/wp\/v2\/pages\/14514"}],"wp:featuredmedia":[{"embeddable":true,"href":"https:\/\/www.sisinternational.com\/fr\/wp-json\/wp\/v2\/media\/69922"}],"wp:attachment":[{"href":"https:\/\/www.sisinternational.com\/fr\/wp-json\/wp\/v2\/media?parent=39736"}],"curies":[{"name":"wp","href":"https:\/\/api.w.org\/{rel}","templated":true}]}}