{"id":39699,"date":"2022-01-19T04:28:16","date_gmt":"2022-01-19T04:28:16","guid":{"rendered":"https:\/\/www.sisinternational.com\/?page_id=39699"},"modified":"2025-09-23T22:31:30","modified_gmt":"2025-09-24T02:31:30","slug":"etude-de-marche-sur-la-genetique","status":"publish","type":"page","link":"https:\/\/www.sisinternational.com\/fr\/solutions\/innovation\/etude-de-marche-sur-la-genetique\/","title":{"rendered":"\u00c9tude de march\u00e9 sur la g\u00e9n\u00e9tique"},"content":{"rendered":"<h1 class=\"wp-block-heading\">\u00c9tude de march\u00e9 sur la g\u00e9n\u00e9tique<\/h1>\n\n\n\n<figure class=\"gb-block-image gb-block-image-1d9e735c\"><img loading=\"lazy\" decoding=\"async\" width=\"1456\" height=\"816\" class=\"gb-image gb-image-1d9e735c\" src=\"https:\/\/www.sisinternational.com\/wp-content\/uploads\/2025\/09\/DNA-Genetics-27.jpg\" alt=\"\u00c9tudes de march\u00e9 et strat\u00e9gie internationales SIS\" title=\"DNA Genetics (27)\" srcset=\"https:\/\/www.sisinternational.com\/wp-content\/uploads\/2025\/09\/DNA-Genetics-27.jpg 1456w, https:\/\/www.sisinternational.com\/wp-content\/uploads\/2025\/09\/DNA-Genetics-27-300x168.jpg 300w, https:\/\/www.sisinternational.com\/wp-content\/uploads\/2025\/09\/DNA-Genetics-27-1024x574.jpg 1024w, https:\/\/www.sisinternational.com\/wp-content\/uploads\/2025\/09\/DNA-Genetics-27-768x430.jpg 768w, https:\/\/www.sisinternational.com\/wp-content\/uploads\/2025\/09\/DNA-Genetics-27-18x10.jpg 18w\" sizes=\"auto, (max-width: 1456px) 100vw, 1456px\"><\/figure>\n\n\n\n<p><\/p>\n\n\n\n<h2 class=\"wp-block-heading\">Qu\u2019est-ce que la g\u00e9n\u00e9tique ?<\/h2>\n\n\n\n<p>La g\u00e9n\u00e9tique est un domaine de la biologie qui \u00e9tudie toutes les formes de vie. Cela comprend l\u2019ADN, la fa\u00e7on dont les g\u00e8nes se forment et comment les plantes et les animaux h\u00e9ritent de ces g\u00e8nes. Il examine comment les organismes transmettent les g\u00e8nes et les traits d\u2019une g\u00e9n\u00e9ration \u00e0 l\u2019autre. Les donn\u00e9es v\u00e9hicul\u00e9es par les g\u00e8nes affectent la sant\u00e9 et l&#039;apparence d&#039;une personne. Cela affecte m\u00eame la personnalit\u00e9 !<\/p>\n\n\n\n<h2 class=\"wp-block-heading\">Pourquoi la g\u00e9n\u00e9tique est-elle importante ?<\/h2>\n\n\n\n<p>La g\u00e9n\u00e9tique joue un r\u00f4le essentiel dans la pr\u00e9vention des causes de certains troubles. Pour d\u00e9velopper le meilleur traitement pour chaque maladie, les m\u00e9decins doivent disposer des informations correctes. En outre, environ la moiti\u00e9 de la population mondiale risque de d\u00e9velopper des maladies chroniques. Par exemple, le cancer, le diab\u00e8te et les probl\u00e8mes cardiaques constituent de gros probl\u00e8mes. La g\u00e9n\u00e9tique peut donner un aper\u00e7u des risques de contracter une maladie. En savoir plus peut aider \u00e0 \u00e9viter de contracter la maladie. Cela peut \u00e9galement rem\u00e9dier \u00e0 la cause profonde afin que les g\u00e9n\u00e9rations futures ne la contractent pas. La g\u00e9n\u00e9tique ouvre de nombreuses portes aux possibilit\u00e9s et peut \u00e9galement contribuer \u00e0 la croissance de chaque esp\u00e8ce.<\/p>\n\n\n\n<h2 class=\"wp-block-heading\">Titres de poste cl\u00e9s<\/h2>\n\n\n\n<figure class=\"gb-block-image gb-block-image-40fe0f21\"><img loading=\"lazy\" decoding=\"async\" width=\"1456\" height=\"816\" class=\"gb-image gb-image-40fe0f21\" src=\"https:\/\/www.sisinternational.com\/wp-content\/uploads\/2025\/09\/DNA-Genetics-16.jpg\" alt=\"\u00c9tudes de march\u00e9 et strat\u00e9gie internationales SIS\" title=\"DNA Genetics (16)\" srcset=\"https:\/\/www.sisinternational.com\/wp-content\/uploads\/2025\/09\/DNA-Genetics-16.jpg 1456w, https:\/\/www.sisinternational.com\/wp-content\/uploads\/2025\/09\/DNA-Genetics-16-300x168.jpg 300w, https:\/\/www.sisinternational.com\/wp-content\/uploads\/2025\/09\/DNA-Genetics-16-1024x574.jpg 1024w, https:\/\/www.sisinternational.com\/wp-content\/uploads\/2025\/09\/DNA-Genetics-16-768x430.jpg 768w, https:\/\/www.sisinternational.com\/wp-content\/uploads\/2025\/09\/DNA-Genetics-16-18x10.jpg 18w\" sizes=\"auto, (max-width: 1456px) 100vw, 1456px\"><\/figure>\n\n\n\n<p><\/p>\n\n\n\n<h3 class=\"wp-block-heading\">G\u00e9n\u00e9ticien Clinique<\/h3>\n\n\n\n<p>Un g\u00e9n\u00e9ticien clinicien aide \u00e0 effectuer les tests de laboratoire appropri\u00e9s sur les g\u00e8nes. Ils conseillent \u00e9galement les patients qui risquent de d\u00e9velopper des probl\u00e8mes de sant\u00e9 en raison de leur constitution g\u00e9n\u00e9tique.<\/p>\n\n\n\n<h3 class=\"wp-block-heading\">Conseiller en g\u00e9n\u00e9tique<\/h3>\n\n\n\n<p>Ces conseillers guident les patients vers de bons choix concernant leur sant\u00e9 g\u00e9n\u00e9tique. Leurs domaines d&#039;\u00e9tudes comprennent les sciences fondamentales ainsi que la g\u00e9n\u00e9tique m\u00e9dicale. Ainsi, ils peuvent parler aux clients sur un ensemble diversifi\u00e9 d\u2019indicateurs g\u00e9n\u00e9tiques.<\/p>\n\n\n\n<h3 class=\"wp-block-heading\">S\u00e9lectionneur de plantes<\/h3>\n\n\n\n<p>Les s\u00e9lectionneurs de plantes visent \u00e0 d\u00e9velopper de bons caract\u00e8res chez les plantes. Par exemple, ils s\u00e9lectionnent des plantes qui r\u00e9sistent aux maladies et \u00e0 la s\u00e9cheresse. Un \u00e9leveur peut rarement se concentrer sur un seul attribut. Au lieu de cela, ils doivent \u00e9valuer de nombreux traits qui rendent la plante plus utile.<\/p>\n\n\n\n<h2 class=\"wp-block-heading\">Pourquoi les entreprises ont-elles besoin d\u2019\u00e9tudes de march\u00e9 sur la g\u00e9n\u00e9tique ?<\/h2>\n\n\n\n<p>Le <a href=\"https:\/\/www.sisinternational.com\/fr\/solutions\/solutions-de-recherche-qualitative-et-quantitative\/etude-de-marche-sur-les-services-sur-le-terrain\/\" title=\"\u00c9tude de march\u00e9 sur les services sur le terrain\"  data-wpil-monitor-id=\"7969\">field of genetic research<\/a> has seen constant growth. It helped in the development of better plants, for instance, food crops such as corn, rice, and wheat. Geneticists are also able to harness better quality seeds. Another benefit is investing in the cross-breeding of plants for better quality produce. These plants help treat various kinds of diseases. Geneticists use these plants to place genes into individual cells. This type of therapy helps treat some forms of cancer. It replaces harmful mutant alleles with essential cells.<\/p>\n\n\n\n<h2 class=\"wp-block-heading\">Facteurs de r\u00e9ussite importants<\/h2>\n\n\n\n<p>Dans la nature, tous les organismes sont encore en \u00e9volution. L&#039;herbe en plein champ est une population naturelle. Il en va de m\u00eame pour les loups dans une for\u00eat et m\u00eame pour les bact\u00e9ries pr\u00e9sentes dans le corps humain. Chacune de ces populations poss\u00e8de au moins quelques-uns de ses g\u00e8nes.<\/p>\n\n\n\n<p>These populations will never reach some final state of perfection. Their <a href=\"https:\/\/www.sisinternational.com\/fr\/global-beverage-market\/\" title=\"Global Beverage Market: Market Dynamics, Growth Projections &amp; Consumer Insights\"  data-wpil-monitor-id=\"7968\">growth is dynamic<\/a> and their genetic makeup will change over generations. The changes are subtle. For instance, there may be a shift in the number of genes for black instead of grey fur in a wolf pack. Sometimes this kind of change happens because of a natural process. Or, it comes from new members moving into the population. Or it can be from random events\u2014the organic process\u2019s \u201cluck of the draw.\u201d<\/p>\n\n\n\n<p>Vous trouverez ci-dessous quelques-uns des facteurs critiques qui influencent l\u2019\u00e9quilibre et les changements g\u00e9n\u00e9tiques\u00a0:<\/p>\n\n\n\n<ul class=\"wp-block-list\">\n<li>Mutations<\/li>\n\n\n\n<li>Accouplement al\u00e9atoire<\/li>\n\n\n\n<li>D\u00e9rive g\u00e9n\u00e9tique<\/li>\n\n\n\n<li>Flux g\u00e9n\u00e9tique<\/li>\n\n\n\n<li>S\u00e9lection naturelle<\/li>\n<\/ul>\n\n\n\n<h2 class=\"wp-block-heading\">\u00c0 propos des \u00e9tudes de march\u00e9 sur la g\u00e9n\u00e9tique<\/h2>\n\n\n\n<p><a href=\"https:\/\/www.sisinternational.com\/fr\/contacter-sis-etude-de-marche-internationale\/\" title=\"Contactez-nous\"  data-wpil-monitor-id=\"7964\">Recherche internationale SIS<\/a> carries out surveys to collect data on what customers think. We also do focus groups and live interviews. These <a href=\"https:\/\/www.sisinternational.com\/fr\/quantitative-market-research-methods-and-techniques\/\" title=\"Quantitative Market Research Methods and Techniques\"  data-wpil-monitor-id=\"7965\">market research methods<\/a> are excellent for gathering in-depth insights. Focus groups also reveal customers\u2019 actual opinions and points of view.<\/p>\n\n\n\n<p>Qualitatif <a href=\"https:\/\/www.sisinternational.com\/fr\/publications\/comportement-de-lacheteur-apres-le-nouveau-consommateur-du-coronavirus\/\" title=\"Comportement des acheteurs apr\u00e8s le coronavirus \u2013 \u00c9tude de march\u00e9 de consommation\"  data-wpil-monitor-id=\"7966\">research helps us to understand consumer behavior<\/a> in the field of genetics. It also identifies who the customers are and their reasons for buying. Quantitative analysis, in contrast, gives us impartial data about customers\u2019 buying habits. With our strategy research, we help <a href=\"https:\/\/www.sisinternational.com\/fr\/competence\/les-industries\/solutions-detudes-de-marche-dans-le-domaine-de-la-sante\/\" title=\"Soci\u00e9t\u00e9 d&#039;\u00e9tudes de march\u00e9 dans le domaine de la sant\u00e9\"  data-wpil-monitor-id=\"7967\">firms and researchers<\/a> save money and ensure business success.<\/p>\n\n\n\n<p><\/p>","protected":false},"excerpt":{"rendered":"<p>\u00c9tude de march\u00e9 sur la g\u00e9n\u00e9tique Qu\u2019est-ce que la g\u00e9n\u00e9tique ? La g\u00e9n\u00e9tique est un domaine de la biologie qui \u00e9tudie toutes les formes de vie. Cela comprend l\u2019ADN, la fa\u00e7on dont les g\u00e8nes se forment et comment les plantes et les animaux h\u00e9ritent de ces g\u00e8nes. Il examine comment les organismes transmettent les g\u00e8nes et les traits d\u2019une g\u00e9n\u00e9ration \u00e0 l\u2019autre. Les donn\u00e9es port\u00e9es par les g\u00e8nes affectent la sant\u00e9 et\u2026 <a title=\"\u00c9tude de march\u00e9 sur la g\u00e9n\u00e9tique\" class=\"read-more\" href=\"https:\/\/www.sisinternational.com\/fr\/solutions\/innovation\/etude-de-marche-sur-la-genetique\/\" aria-label=\"En savoir plus sur Genetics Market Research\">Lire plus<\/a><\/p>","protected":false},"author":1,"featured_media":69918,"parent":14459,"menu_order":9,"comment_status":"closed","ping_status":"closed","template":"","meta":{"footnotes":""},"class_list":["post-39699","page","type-page","status-publish","has-post-thumbnail"],"_links":{"self":[{"href":"https:\/\/www.sisinternational.com\/fr\/wp-json\/wp\/v2\/pages\/39699","targetHints":{"allow":["GET"]}}],"collection":[{"href":"https:\/\/www.sisinternational.com\/fr\/wp-json\/wp\/v2\/pages"}],"about":[{"href":"https:\/\/www.sisinternational.com\/fr\/wp-json\/wp\/v2\/types\/page"}],"author":[{"embeddable":true,"href":"https:\/\/www.sisinternational.com\/fr\/wp-json\/wp\/v2\/users\/1"}],"replies":[{"embeddable":true,"href":"https:\/\/www.sisinternational.com\/fr\/wp-json\/wp\/v2\/comments?post=39699"}],"version-history":[{"count":3,"href":"https:\/\/www.sisinternational.com\/fr\/wp-json\/wp\/v2\/pages\/39699\/revisions"}],"predecessor-version":[{"id":81343,"href":"https:\/\/www.sisinternational.com\/fr\/wp-json\/wp\/v2\/pages\/39699\/revisions\/81343"}],"up":[{"embeddable":true,"href":"https:\/\/www.sisinternational.com\/fr\/wp-json\/wp\/v2\/pages\/14459"}],"wp:featuredmedia":[{"embeddable":true,"href":"https:\/\/www.sisinternational.com\/fr\/wp-json\/wp\/v2\/media\/69918"}],"wp:attachment":[{"href":"https:\/\/www.sisinternational.com\/fr\/wp-json\/wp\/v2\/media?parent=39699"}],"curies":[{"name":"wp","href":"https:\/\/api.w.org\/{rel}","templated":true}]}}