{"id":39697,"date":"2022-01-18T15:54:41","date_gmt":"2022-01-18T15:54:41","guid":{"rendered":"https:\/\/www.sisinternational.com\/?page_id=39697"},"modified":"2025-09-23T22:16:12","modified_gmt":"2025-09-24T02:16:12","slug":"etude-de-marche-sur-la-logistique-tierce","status":"publish","type":"page","link":"https:\/\/www.sisinternational.com\/fr\/competence\/etude-de-marche-sur-la-logistique-tierce\/","title":{"rendered":"\u00c9tude de march\u00e9 sur la logistique tierce"},"content":{"rendered":"<h1 class=\"wp-block-heading\">\u00c9tude de march\u00e9 sur la logistique tierce<\/h1>\n\n\n\n<figure class=\"gb-block-image gb-block-image-0bf0614a\"><img loading=\"lazy\" decoding=\"async\" width=\"1456\" height=\"816\" class=\"gb-image gb-image-0bf0614a\" src=\"https:\/\/www.sisinternational.com\/wp-content\/uploads\/2025\/08\/Logisticv-6.jpg\" srcset=\"https:\/\/www.sisinternational.com\/wp-content\/uploads\/2025\/08\/Logisticv-6.jpg 1456w, https:\/\/www.sisinternational.com\/wp-content\/uploads\/2025\/08\/Logisticv-6-300x168.jpg 300w, https:\/\/www.sisinternational.com\/wp-content\/uploads\/2025\/08\/Logisticv-6-1024x574.jpg 1024w, https:\/\/www.sisinternational.com\/wp-content\/uploads\/2025\/08\/Logisticv-6-768x430.jpg 768w, https:\/\/www.sisinternational.com\/wp-content\/uploads\/2025\/08\/Logisticv-6-18x10.jpg 18w\" sizes=\"auto, (max-width: 1456px) 100vw, 1456px\" alt=\"\u00c9tudes de march\u00e9 et strat\u00e9gie internationales SIS\"><\/figure>\n\n\n\n<hr class=\"wp-block-separator has-alpha-channel-opacity is-style-dots\"\/>\n\n\n\n<p><\/p>\n\n\n\n<h2 class=\"wp-block-heading\">Qu\u2019est-ce que la logistique tierce ?<\/h2>\n\n\n\n<p>La logistique tierce (3PL) est une m\u00e9thode que les entreprises utilisent dans leur processus d&#039;exp\u00e9dition pour r\u00e9pondre \u00e0 la demande des consommateurs. L&#039;entreprise engage une autre entreprise pour exp\u00e9dier ses produits aux clients dans le cadre de ce processus. La logistique tierce peut \u00e9galement prendre en charge tout ou partie du processus d&#039;exp\u00e9dition d&#039;une entreprise. Les services couverts par 3PL comprennent\u00a0:<\/p>\n\n\n\n<ul class=\"wp-block-list\">\n<li>Transport<\/li>\n\n\n\n<li>Entreposage<\/li>\n\n\n\n<li>Approvisionnement<\/li>\n\n\n\n<li>Suivi des exp\u00e9ditions<\/li>\n<\/ul>\n\n\n\n<p>Un processus typique de logistique tierce comprend les \u00e9tapes ci-dessous\u00a0:<\/p>\n\n\n\n<ol class=\"wp-block-list\">\n<li>Le fournisseur 3PL obtient les marchandises aupr\u00e8s de l\u2019entreprise qui l\u2019a lou\u00e9. Ce stock va \u00e0 son entrep\u00f4t. \u00c0 ce stade, un membre du personnel s\u2019occupe de l\u2019envoi.<\/li>\n\n\n\n<li>Le client passe une commande sur le site eCommerce de l&#039;entreprise. L\u2019entreprise transmet \u00e0 son tour cette commande \u00e0 son fournisseur 3PL. Ce processus peut \u00eatre automatique ou manuel.<\/li>\n\n\n\n<li>Un membre de l&#039;\u00e9quipe dans l&#039;entrep\u00f4t re\u00e7oit une liste pour r\u00e9cup\u00e9rer les articles command\u00e9s.<\/li>\n\n\n\n<li>Le fournisseur imprime l&#039;\u00e9tiquette d&#039;exp\u00e9dition. Il peut \u00e9galement faire appel \u00e0 l\u2019un de ses transporteurs partenaires.<\/li>\n\n\n\n<li>Le transporteur r\u00e9cup\u00e8re le colis aupr\u00e8s du centre 3PL, puis le livre au client.<\/li>\n\n\n\n<li>Le transporteur place les informations de suivi sur le syst\u00e8me 3PL.<\/li>\n<\/ol>\n\n\n\n<h2 class=\"wp-block-heading\">Pourquoi c&#039;est important?<\/h2>\n\n\n\n<p>Using Third-Party Logistics allows <a href=\"https:\/\/www.sisinternational.com\/fr\/solutions\/etude-de-marche-de-consommation\/\" title=\"Consumer Market Research Services for Smarter Business Decisions\"  data-wpil-monitor-id=\"7981\">businesses to improve their services<\/a>. Furthermore, it helps them to be more efficient and productive. 3PL providers also provide extra expertise in some logistic areas. They are customer-focused and adapt to different consumer needs. Besides, a business can reduce the pressure of handling the details of delivering their goods. Using Third-Party Logistics also helps reduce the risk of losing customer products and decreases wait times. It makes customers happy because they can receive their orders much faster. 3PLs are also crucial because they can locate and fill the gaps in a business supply chain.<\/p>\n\n\n\n<h2 class=\"wp-block-heading\">Titres de poste cl\u00e9s<\/h2>\n\n\n\n<p>Les principaux titres d\u2019emploi des personnes travaillant dans le domaine de la logistique tierce sont les suivants\u00a0:<\/p>\n\n\n\n<ul class=\"wp-block-list\">\n<li>Gestionnaire 3PL<\/li>\n\n\n\n<li>Op\u00e9rateur de chariot \u00e9l\u00e9vateur<\/li>\n\n\n\n<li>Sp\u00e9cialiste en logistique<\/li>\n\n\n\n<li>directeur des op\u00e9rations<\/li>\n\n\n\n<li>Analyste logistique<\/li>\n<\/ul>\n\n\n\n<p>Les membres du personnel 3PL constituent la partie exp\u00e9dition, distribution et entrep\u00f4t d\u2019une entreprise. Ainsi, les titres de poste refl\u00e8tent cela.<\/p>\n\n\n\n<h2 class=\"wp-block-heading\">Pourquoi les entreprises ont besoin d\u2019\u00e9tudes de march\u00e9 sur la logistique tierce<\/h2>\n\n\n\n<p>As a business expands, its operations and consumer demand increase. Moreover, this increase can overwhelm some <a href=\"https:\/\/www.sisinternational.com\/fr\/services-de-publicite-multiculturelle-pour-une-compagnie-ferroviaire-bien-connue\/\" title=\"Services de publicit\u00e9 multiculturelle pour une entreprise ferroviaire renomm\u00e9e\"  data-wpil-monitor-id=\"7982\">companies and result in slower service<\/a>. But, with 3PL, another agency makes product distribution easy.<\/p>\n\n\n\n<p>Les fournisseurs 3PL contribuent \u00e9galement \u00e0 faciliter les transitions entre les p\u00e9riodes saisonni\u00e8res et les hauts et les bas du secteur. Ainsi, ils g\u00e8rent les flux de travail pendant les p\u00e9riodes charg\u00e9es.<\/p>\n\n\n\n<p>3PL permet \u00e0 une entreprise d\u2019adapter l\u2019espace et la main-d\u2019\u0153uvre en fonction des stocks actuels.<\/p>\n\n\n\n<h2 class=\"wp-block-heading\">Facteurs cl\u00e9s de succ\u00e8s<\/h2>\n\n\n\n<p>Le <a href=\"https:\/\/www.sisinternational.com\/fr\/facteurs-cles-de-succes-dans-les-etudes-de-marche-automobile\/\" title=\"Facteurs cl\u00e9s de succ\u00e8s dans les \u00e9tudes de march\u00e9 automobile\"  data-wpil-monitor-id=\"7979\">key to success<\/a> lies within strategies used by Third-Party Logistics industry leaders. Some of these factors are as follows:<\/p>\n\n\n\n<ol class=\"wp-block-list\">\n<li>A 3PL <a href=\"https:\/\/www.sisinternational.com\/fr\/analysis-b2b\/\" title=\"What Business Leaders Need to Know Right Now\"  data-wpil-monitor-id=\"7983\">business should know<\/a> who it is and what type of service it provides. It must also be aware of customers who seek the products.<\/li>\n\n\n\n<li>Le fournisseur 3PL doit \u00eatre capable de s\u2019adapter rapidement au changement. L\u2019industrie \u00e9volue constamment. Ainsi, \u00eatre agile est essentiel au succ\u00e8s.<\/li>\n\n\n\n<li>Le fournisseur 3PL doit savoir comment entretenir le personnel de l&#039;entrep\u00f4t.<\/li>\n\n\n\n<li>Un suivi pr\u00e9cis des donn\u00e9es de l\u2019entrep\u00f4t est essentiel.<\/li>\n\n\n\n<li>Mettez r\u00e9guli\u00e8rement \u00e0 jour la technologie 3PL.<\/li>\n<\/ol>\n\n\n\n<h2 class=\"wp-block-heading\">\u00c0 propos des \u00e9tudes de march\u00e9 sur la logistique tierce<\/h2>\n\n\n\n<p>All in all, it is always essential to <a href=\"https:\/\/www.sisinternational.com\/fr\/how-to-conduct-effective-quantitative-market-research\/\" title=\"How to Conduct Effective Quantitative Market Research\"  data-wpil-monitor-id=\"7978\">conduct market research<\/a>. Quantitative, Qualitative, and Strategy Research are helpful for this purpose. Research methods may take the form of Interviews, Surveys, or Focus Groups. For 3PLs, a <a href=\"https:\/\/www.sisinternational.com\/fr\/services-de-publicite-multiculturelle-pour-une-societe-holding-emiratie-et-un-conglomerat-daffaires\/\" title=\"Services de publicit\u00e9 multiculturelle pour une soci\u00e9t\u00e9 holding \u00e9miratie et un conglom\u00e9rat commercial\"  data-wpil-monitor-id=\"7984\">business can use the service<\/a> to analyze the effects on profits. It can also use 3PL to measure whether <a href=\"https:\/\/www.sisinternational.com\/fr\/solutions\/test-de-gout\/test-de-produits-de-consommation-a-new-york\/\" title=\"Tests de produits de consommation \u00e0 New York\"  data-wpil-monitor-id=\"7980\">consumers are happy with a product<\/a>.<\/p>\n\n\n\n<p>Si votre entreprise vend des produits tangibles et a l\u2019intention de maximiser son potentiel de croissance, vous devriez envisager le 3PL. Ce syst\u00e8me est crucial pour ces entreprises, notamment lorsqu&#039;elles se d\u00e9placent entre des saisons charg\u00e9es.<\/p>\n\n\n\n<p><\/p>","protected":false},"excerpt":{"rendered":"<p>Le 3PL est une m\u00e9thode utilis\u00e9e par les entreprises pour exp\u00e9dier des produits aux clients en faisant appel \u00e0 une autre entreprise pour le processus d&#039;exp\u00e9dition.<\/p>","protected":false},"author":1,"featured_media":63705,"parent":14514,"menu_order":93,"comment_status":"closed","ping_status":"closed","template":"","meta":{"footnotes":""},"class_list":["post-39697","page","type-page","status-publish","has-post-thumbnail"],"_links":{"self":[{"href":"https:\/\/www.sisinternational.com\/fr\/wp-json\/wp\/v2\/pages\/39697","targetHints":{"allow":["GET"]}}],"collection":[{"href":"https:\/\/www.sisinternational.com\/fr\/wp-json\/wp\/v2\/pages"}],"about":[{"href":"https:\/\/www.sisinternational.com\/fr\/wp-json\/wp\/v2\/types\/page"}],"author":[{"embeddable":true,"href":"https:\/\/www.sisinternational.com\/fr\/wp-json\/wp\/v2\/users\/1"}],"replies":[{"embeddable":true,"href":"https:\/\/www.sisinternational.com\/fr\/wp-json\/wp\/v2\/comments?post=39697"}],"version-history":[{"count":4,"href":"https:\/\/www.sisinternational.com\/fr\/wp-json\/wp\/v2\/pages\/39697\/revisions"}],"predecessor-version":[{"id":81345,"href":"https:\/\/www.sisinternational.com\/fr\/wp-json\/wp\/v2\/pages\/39697\/revisions\/81345"}],"up":[{"embeddable":true,"href":"https:\/\/www.sisinternational.com\/fr\/wp-json\/wp\/v2\/pages\/14514"}],"wp:featuredmedia":[{"embeddable":true,"href":"https:\/\/www.sisinternational.com\/fr\/wp-json\/wp\/v2\/media\/63705"}],"wp:attachment":[{"href":"https:\/\/www.sisinternational.com\/fr\/wp-json\/wp\/v2\/media?parent=39697"}],"curies":[{"name":"wp","href":"https:\/\/api.w.org\/{rel}","templated":true}]}}