{"id":39690,"date":"2022-01-18T05:11:24","date_gmt":"2022-01-18T05:11:24","guid":{"rendered":"https:\/\/www.sisinternational.com\/?page_id=39690"},"modified":"2025-09-23T22:27:15","modified_gmt":"2025-09-24T02:27:15","slug":"etude-de-marche-sur-lapprentissage-profond-2","status":"publish","type":"page","link":"https:\/\/www.sisinternational.com\/fr\/solutions\/innovation\/etude-de-marche-sur-lapprentissage-profond-2\/","title":{"rendered":"\u00c9tude de march\u00e9 sur l\u2019apprentissage profond"},"content":{"rendered":"<h1 class=\"wp-block-heading\">\u00c9tude de march\u00e9 sur l\u2019apprentissage profond<\/h1>\n\n\n\n<figure class=\"gb-block-image gb-block-image-e95e2686\"><img loading=\"lazy\" decoding=\"async\" width=\"1456\" height=\"816\" class=\"gb-image gb-image-e95e2686\" src=\"https:\/\/www.sisinternational.com\/wp-content\/uploads\/2025\/08\/Deep-learning-machine-learning-42.jpg\" alt=\"\u00c9tudes de march\u00e9 et strat\u00e9gie internationales SIS\" title=\"Deep learning machine learning (42)\" srcset=\"https:\/\/www.sisinternational.com\/wp-content\/uploads\/2025\/08\/Deep-learning-machine-learning-42.jpg 1456w, https:\/\/www.sisinternational.com\/wp-content\/uploads\/2025\/08\/Deep-learning-machine-learning-42-300x168.jpg 300w, https:\/\/www.sisinternational.com\/wp-content\/uploads\/2025\/08\/Deep-learning-machine-learning-42-1024x574.jpg 1024w, https:\/\/www.sisinternational.com\/wp-content\/uploads\/2025\/08\/Deep-learning-machine-learning-42-768x430.jpg 768w, https:\/\/www.sisinternational.com\/wp-content\/uploads\/2025\/08\/Deep-learning-machine-learning-42-18x10.jpg 18w\" sizes=\"auto, (max-width: 1456px) 100vw, 1456px\"><\/figure>\n\n\n\n<p><\/p>\n\n\n\n<h2 class=\"wp-block-heading\">Qu\u2019est-ce que l\u2019apprentissage profond ?<\/h2>\n\n\n\n<p>Le Deep Learning fait partie du Machine Learning. L\u2019objectif du Deep Learning est de rendre l\u2019Intelligence Artificielle plus intelligente. Pour ce faire, il copie la fa\u00e7on dont le cerveau humain apprend. Le cerveau humain poss\u00e8de des r\u00e9seaux de neurones qui nous aident \u00e0 traiter les informations que nous recevons du monde. Dans le Deep Learning, il existe au moins trois couches de r\u00e9seaux de neurones artificiels. Les couches permettent \u00e0 l&#039;ordinateur de traiter plus de donn\u00e9es. L\u2019ordinateur utilise les donn\u00e9es pour \u00ab\u00a0apprendre\u00a0\u00bb \u00e0 partir d\u2019exemples. Ainsi, ils feront de meilleures pr\u00e9dictions, conduisant \u00e0 des r\u00e9sultats plus corrects.<\/p>\n\n\n\n<h2 class=\"wp-block-heading\">Pourquoi le Deep Learning est-il important ?<\/h2>\n\n\n\n<p>Les ordinateurs ont aujourd\u2019hui plus de responsabilit\u00e9s que jamais. \u00c0 l\u2019avenir, leur r\u00f4le dans nos vies augmentera encore davantage. Par exemple, nous faisons confiance aux machines pour cr\u00e9er des horaires pour nous. Egalement, pour alerter les banques en cas de fraude \u00e0 la carte bancaire. Les entreprises fabriquent m\u00eame des voitures autonomes et des machines p\u00e9dagogiques pour op\u00e9rer sur les humains. Il est donc essentiel de disposer d\u2019IA capables d\u2019apprendre des interactions pass\u00e9es et n\u00e9cessitant moins d\u2019intervention humaine.<\/p>\n\n\n\n<h2 class=\"wp-block-heading\">Voici quelques emplois cl\u00e9s dans le Deep Learning<\/h2>\n\n\n\n<ul class=\"wp-block-list\">\n<li>Analyste de recherche<\/li>\n\n\n\n<li>Scientifique des donn\u00e9es<\/li>\n\n\n\n<li>Ing\u00e9nieur de donn\u00e9es<\/li>\n\n\n\n<li>Scientifique appliqu\u00e9<\/li>\n\n\n\n<li>Ing\u00e9nieur logiciel<\/li>\n<\/ul>\n\n\n\n<h2 class=\"wp-block-heading\">Pourquoi les entreprises ont-elles besoin du Deep Learning ?<\/h2>\n\n\n\n<h3 class=\"wp-block-heading\">Prot\u00e8ge contre la fraude<\/h3>\n\n\n\n<p>Many businesses keep essential information <a href=\"https:\/\/www.sisinternational.com\/fr\/competence\/les-industries\/societe-detudes-de-marche-par-panels-en-ligne\/\" title=\"Soci\u00e9t\u00e9 d\u2019\u00e9tudes de march\u00e9 sur les panels en ligne\"  data-wpil-monitor-id=\"7937\">online since it protects company<\/a> and client information. But they are still open to cyber-attacks such as fraud. This fraud might cost the company money. It could also give the company a bad name and cause them to lose clients.<\/p>\n\n\n\n<p>Avec une IA Deep Learning, l\u2019ordinateur remarque une activit\u00e9 inhabituelle. Une fois que l\u2019IA a d\u00e9tect\u00e9 la fraude, elle peut sugg\u00e9rer des moyens d\u2019emp\u00eacher qu\u2019elle ne se reproduise \u00e0 l\u2019avenir.<\/p>\n\n\n\n<h3 class=\"wp-block-heading\">Donne les donn\u00e9es actuelles<\/h3>\n\n\n\n<p>Le <a href=\"https:\/\/www.sisinternational.com\/fr\/solutions\/conseil-en-strategie\/analyse-des-donnees\/\" title=\"Soci\u00e9t\u00e9 d&#039;analyse de donn\u00e9es\"  data-wpil-monitor-id=\"7935\">data that can affect the company<\/a> is fluid. It changes often and fast. Keeping up with these changes helps <a href=\"https:\/\/www.sisinternational.com\/fr\/societe-mondiale-de-recherche-quantitative-de-marche-de-premier-plan\/\" title=\"Soci\u00e9t\u00e9 mondiale de recherche quantitative sur le march\u00e9 de premier plan\"  data-wpil-monitor-id=\"7932\">companies to compete in the global market<\/a>. But, it would be hard to do so without AI. Deep Learning takes data and turns it into useful information for the company. Thus, business owners will use the information to make choices. Of course, these choices should benefit the company.<\/p>\n\n\n\n<h2 class=\"wp-block-heading\">Facteurs cl\u00e9s du succ\u00e8s du Deep Learning<\/h2>\n\n\n\n<h3 class=\"wp-block-heading\">Beaucoup de donn\u00e9es<\/h3>\n\n\n\n<p>Si une entreprise souhaite utiliser une IA pour son site ou son application, elle doit entra\u00eener la machine. Cette \u00ab\u00a0formation\u00a0\u00bb lui apprend \u00e0 remarquer et \u00e0 comprendre les donn\u00e9es qu\u2019il va traiter. Ainsi, si l\u2019entreprise choisit d\u2019utiliser le Deep Learning, les ing\u00e9nieurs doivent utiliser beaucoup de donn\u00e9es.<\/p>\n\n\n\n<p>De plus, l\u2019objectif est de disposer d\u2019une IA efficace qui fonctionne comme le cerveau humain. Ainsi, la machine doit \u00e9galement disposer de donn\u00e9es de haute qualit\u00e9, qu\u2019elle doit annoter. Le processus d&#039;annotation garantit que les donn\u00e9es sont accessibles pour que l&#039;ordinateur puisse les comprendre et les utiliser.<\/p>\n\n\n\n<h3 class=\"wp-block-heading\">Travailler avec le d\u00e9veloppeur<\/h3>\n\n\n\n<p>Bien que l\u2019entreprise ne d\u00e9veloppe pas d\u2019IA, elle l\u2019utilisera tout le temps. Ainsi, ils doivent travailler avec le d\u00e9veloppeur. Si les techniciens travaillent seuls, l\u2019IA risque d\u2019\u00eatre trop complexe. Mais lorsqu\u2019ils travaillent ensemble, ils peuvent d\u00e9cider quels probl\u00e8mes le ML va r\u00e9soudre. Cette collaboration rendra l\u2019IA plus facile \u00e0 utiliser \u00e0 l\u2019avenir.<\/p>\n\n\n\n<h3 class=\"wp-block-heading\">Sois patient<\/h3>\n\n\n\n<p>Construire une IA qui fonctionne comme un cerveau n\u2019est pas facile. Il est peu probable que le processus soit parfait du premier coup. Les entreprises doivent garder \u00e0 l\u2019esprit qu\u2019il existe de nombreux facteurs \u00e0 prendre en compte. Ainsi, ils doivent se d\u00e9brouiller avec les essais et les erreurs. Il faut du temps pour cr\u00e9er le bon syst\u00e8me d\u2019IA.<\/p>\n\n\n\n<h3 class=\"wp-block-heading\">\u00c0 propos de l&#039;apprentissage profond<\/h3>\n\n\n\n<p><a href=\"https:\/\/www.sisinternational.com\/fr\/competence\/les-industries\/societe-detudes-de-marche-pour-groupes-de-discussion-pop-up\/\" title=\"Soci\u00e9t\u00e9 d&#039;\u00e9tudes de march\u00e9 sur les groupes de discussion pop-up\"  data-wpil-monitor-id=\"7931\">Groupes de discussion<\/a> and interviews will help the company decide why they need Deep Learning. <a href=\"https:\/\/www.sisinternational.com\/fr\/solutions\/solutions-de-recherche-qualitative-et-quantitative\/etude-de-marche\/\" title=\"\u00c9tude de march\u00e9 par sondage\"  data-wpil-monitor-id=\"7936\">Surveys are another way to do research<\/a>. The survey will inform consumers of Deep Learning. It will also get their views on this kind of Machine Learning.<\/p>\n\n\n\n<p>It is safe to say that Deep Learning is the future of business. But each company needs to do its homework before choosing to add it. That\u2019s why companies need to do <a href=\"https:\/\/www.sisinternational.com\/fr\/solutions\/solutions-de-recherche-qualitative-et-quantitative\/recherche-qualitative-recrutement\/\" title=\"Recrutement en recherche qualitative\"  data-wpil-monitor-id=\"7933\">Qualitative and Quantitative research<\/a>. Le <a href=\"https:\/\/www.sisinternational.com\/fr\/competence\/cv-dexperience\/recherche-de-marque\/\" title=\"Soci\u00e9t\u00e9 de recherche de marque\"  data-wpil-monitor-id=\"7934\">research will inform the company<\/a> of the best data for machine training.<\/p>\n\n\n\n<p><\/p>","protected":false},"excerpt":{"rendered":"<p>\u00c9tude de march\u00e9 sur le Deep Learning Qu\u2019est-ce que le Deep Learning ? Le Deep Learning fait partie du Machine Learning. L\u2019objectif du Deep Learning est de rendre l\u2019Intelligence Artificielle plus intelligente. Pour ce faire, il copie la fa\u00e7on dont le cerveau humain apprend. Le cerveau humain poss\u00e8de des r\u00e9seaux de neurones qui nous aident \u00e0 traiter les informations que nous recevons du monde. \u2026 <a title=\"\u00c9tude de march\u00e9 sur l\u2019apprentissage profond\" class=\"read-more\" href=\"https:\/\/www.sisinternational.com\/fr\/solutions\/innovation\/etude-de-marche-sur-lapprentissage-profond-2\/\" aria-label=\"En savoir plus sur Deep Learning Market Research\">Lire plus<\/a><\/p>","protected":false},"author":1,"featured_media":64419,"parent":14459,"menu_order":7,"comment_status":"closed","ping_status":"closed","template":"","meta":{"footnotes":""},"class_list":["post-39690","page","type-page","status-publish","has-post-thumbnail"],"_links":{"self":[{"href":"https:\/\/www.sisinternational.com\/fr\/wp-json\/wp\/v2\/pages\/39690","targetHints":{"allow":["GET"]}}],"collection":[{"href":"https:\/\/www.sisinternational.com\/fr\/wp-json\/wp\/v2\/pages"}],"about":[{"href":"https:\/\/www.sisinternational.com\/fr\/wp-json\/wp\/v2\/types\/page"}],"author":[{"embeddable":true,"href":"https:\/\/www.sisinternational.com\/fr\/wp-json\/wp\/v2\/users\/1"}],"replies":[{"embeddable":true,"href":"https:\/\/www.sisinternational.com\/fr\/wp-json\/wp\/v2\/comments?post=39690"}],"version-history":[{"count":3,"href":"https:\/\/www.sisinternational.com\/fr\/wp-json\/wp\/v2\/pages\/39690\/revisions"}],"predecessor-version":[{"id":81339,"href":"https:\/\/www.sisinternational.com\/fr\/wp-json\/wp\/v2\/pages\/39690\/revisions\/81339"}],"up":[{"embeddable":true,"href":"https:\/\/www.sisinternational.com\/fr\/wp-json\/wp\/v2\/pages\/14459"}],"wp:featuredmedia":[{"embeddable":true,"href":"https:\/\/www.sisinternational.com\/fr\/wp-json\/wp\/v2\/media\/64419"}],"wp:attachment":[{"href":"https:\/\/www.sisinternational.com\/fr\/wp-json\/wp\/v2\/media?parent=39690"}],"curies":[{"name":"wp","href":"https:\/\/api.w.org\/{rel}","templated":true}]}}