{"id":39686,"date":"2022-01-18T04:47:09","date_gmt":"2022-01-18T04:47:09","guid":{"rendered":"https:\/\/www.sisinternational.com\/?page_id=39686"},"modified":"2025-09-23T22:36:54","modified_gmt":"2025-09-24T02:36:54","slug":"etude-de-marche-du-metaverse","status":"publish","type":"page","link":"https:\/\/www.sisinternational.com\/fr\/competence\/etude-de-marche-du-metaverse\/","title":{"rendered":"\u00c9tude de march\u00e9 sur le m\u00e9taverse"},"content":{"rendered":"<h1 class=\"wp-block-heading\">\u00c9tude de march\u00e9 sur le m\u00e9taverse<\/h1>\n\n\n\n<figure class=\"gb-block-image gb-block-image-35aa4790\"><img loading=\"lazy\" decoding=\"async\" width=\"1456\" height=\"816\" class=\"gb-image gb-image-35aa4790\" src=\"https:\/\/www.sisinternational.com\/wp-content\/uploads\/2025\/08\/Virtual-reality-metaverse-17.jpg\" alt=\"\u00c9tudes de march\u00e9 et strat\u00e9gie internationales SIS\" title=\"Virtual reality metaverse (17)\" srcset=\"https:\/\/www.sisinternational.com\/wp-content\/uploads\/2025\/08\/Virtual-reality-metaverse-17.jpg 1456w, https:\/\/www.sisinternational.com\/wp-content\/uploads\/2025\/08\/Virtual-reality-metaverse-17-300x168.jpg 300w, https:\/\/www.sisinternational.com\/wp-content\/uploads\/2025\/08\/Virtual-reality-metaverse-17-1024x574.jpg 1024w, https:\/\/www.sisinternational.com\/wp-content\/uploads\/2025\/08\/Virtual-reality-metaverse-17-768x430.jpg 768w, https:\/\/www.sisinternational.com\/wp-content\/uploads\/2025\/08\/Virtual-reality-metaverse-17-18x10.jpg 18w\" sizes=\"auto, (max-width: 1456px) 100vw, 1456px\"><\/figure>\n\n\n\n<p><\/p>\n\n\n\n<h2 class=\"wp-block-heading\">Qu\u2019est-ce que le m\u00e9taverse ?<\/h2>\n\n\n\n<p>Le Metaverse sera un monde num\u00e9rique bas\u00e9 sur le monde physique. Ce sera donc une forme alternative de r\u00e9alit\u00e9. C&#039;est un m\u00e9lange de r\u00e9alit\u00e9 virtuelle (VR) et de r\u00e9alit\u00e9 augment\u00e9e (AR). Une autre caract\u00e9ristique est que les utilisateurs pourront interagir avec leur environnement et avec d\u2019autres personnes gr\u00e2ce \u00e0 la technologie num\u00e9rique. Le Metaverse cr\u00e9era une nouvelle exp\u00e9rience pour les humains. Beaucoup ont peut-\u00eatre entendu le terme \u00ab Metaverse \u00bb apr\u00e8s que Facebook soit devenu public et ait d\u00e9clar\u00e9 qu&#039;il essaierait de le d\u00e9velopper davantage. Le concept Metaverse existait bien avant cela, dans les livres et les films, et on peut le consid\u00e9rer comme un jeu de r\u00e9alit\u00e9 virtuelle plus avanc\u00e9. Le Metaverse combinera de nombreuses fonctions et services en ligne. Il regroupera par exemple les achats en ligne, les paiements, les r\u00e9unions et les jeux. Ce sera une exp\u00e9rience compl\u00e8te.<\/p>\n\n\n\n<h2 class=\"wp-block-heading\">Pourquoi le m\u00e9taverse est-il important ?<\/h2>\n\n\n\n<p>The Metaverse is the direction that tech is heading. So, like it or not, it will soon be a part of our lives. Furthermore, many <a href=\"https:\/\/www.sisinternational.com\/fr\/solutions\/test-de-gout\/product-testing-for-companies\/\" title=\"Product Testing for Companies\"  data-wpil-monitor-id=\"8413\">companies have been going into creating products<\/a> and services for Metaverse use. Other companies have been trying out the benefits that the Metaverse will offer. For instance, one business entity was able to host a virtual gallery and art show. The Metaverse will change how we conduct business and even our everyday lives. Above all, it will create easy ways to connect, socialize and work. Knowing what it is and how to stay ahead of the game is essential in business.<\/p>\n\n\n\n<h2 class=\"wp-block-heading\">Titres de poste cl\u00e9s<\/h2>\n\n\n\n<p>En raison de la vaste nature du Metaverse, un large \u00e9ventail d\u2019emplois doivent y r\u00e9pondre. Elle ouvrira ainsi des postes li\u00e9s \u00e0 sa cr\u00e9ation, aux services qu&#039;elle peut rendre et aux loisirs. Pour l\u2019instant, l\u2019\u00e9ventail de ces titres d\u2019emploi et fonctions ne peut que reposer sur notre imagination. En cons\u00e9quence, ces nouveaux emplois couvriront divers domaines, notamment l&#039;informatique, les affaires et le marketing.<\/p>\n\n\n\n<h2 class=\"wp-block-heading\">Titres de poste\u00a0:<\/h2>\n\n\n\n<ul class=\"wp-block-list\">\n<li>D\u00e9veloppeur de logiciels<\/li>\n\n\n\n<li>Responsable marketing<\/li>\n\n\n\n<li>Conseiller en actifs<\/li>\n\n\n\n<li>Avocat<\/li>\n\n\n\n<li>Designer de jeu<\/li>\n\n\n\n<li>Vid\u00e9aste<\/li>\n\n\n\n<li>Producteur<\/li>\n\n\n\n<li>Producteur de donn\u00e9es<\/li>\n\n\n\n<li>ArtisteConcepteur de personnages<\/li>\n\n\n\n<li>Cr\u00e9ateur de capture de mouvement<\/li>\n\n\n\n<li>G\u00e9olocalisateur<\/li>\n\n\n\n<li>Mappeur spatial<\/li>\n<\/ul>\n\n\n\n<h2 class=\"wp-block-heading\">Pourquoi les entreprises ont besoin du m\u00e9taverse<\/h2>\n\n\n\n<p>The Metaverse will help companies step up their game, allow them to market to a broader audience, and increase innovation. Moreover, it will revamp <a href=\"https:\/\/www.sisinternational.com\/fr\/solutions\/test-de-gout\/services-de-test-de-produits-a-new-york\/\" title=\"Services de test de produits \u00e0 New York\"  data-wpil-monitor-id=\"8414\">products and services<\/a>. It will also make business systems and customer relations work better. Businesses will have the chance to thrive in unique ways. The Metaverse will bring about a lot of notable changes. The companies that adopt it early will benefit most. Businesses need the Metaverse to push a new era and new opportunities.<\/p>\n\n\n\n<h2 class=\"wp-block-heading\">Facteurs cl\u00e9s de succ\u00e8s<\/h2>\n\n\n\n<p>For companies to be successful in the Metaverse, they have to think ahead. Hence creative thinking is essential to take advantage of opportunities. Companies have also to be willing to adapt. Staying hooked on old <a href=\"https:\/\/www.sisinternational.com\/fr\/publications\/etude-de-marche-sur-les-entreprises-evolutives-7-facons-de-creer-une-entreprise-evolutive\/\" title=\"\u00c9tude de march\u00e9 sur les entreprises \u00e9volutives\u00a0: 7 fa\u00e7ons de cr\u00e9er une entreprise \u00e9volutive\"  data-wpil-monitor-id=\"8412\">ways will blind businesses<\/a> from jumping on lucrative trends. The new marketing tactics the Metaverse will afford will also be essential. The virtual reality world will provide many options to get products to new audiences. As a result, using them will skyrocket popularity and, if done well, profits.<\/p>\n\n\n\n<h2 class=\"wp-block-heading\">\u00c0 propos du m\u00e9tavers<\/h2>\n\n\n\n<p>Le Metaverse est plein de potentiel et offrira un nouveau mode de vie. Il y a beaucoup \u00e0 esp\u00e9rer en mati\u00e8re d\u2019affaires. Les d\u00e9veloppeurs y travaillent toujours. Ce vaste concept n\u00e9cessitera beaucoup de travail pour d\u00e9marrer. La recherche quantitative, qualitative et strat\u00e9gique constitue une grande partie de ce travail. Ces m\u00e9thodes permettent une analyse approfondie pour permettre le bon lancement d\u2019une op\u00e9ration d\u2019une telle envergure. De telles recherches prendront tr\u00e8s probablement la forme d\u2019entretiens, de groupes de discussion et d\u2019enqu\u00eates.<\/p>\n\n\n\n<p><\/p>","protected":false},"excerpt":{"rendered":"<p>Le Metaverse est un monde num\u00e9rique bas\u00e9 sur le monde physique. C&#039;est un m\u00e9lange de r\u00e9alit\u00e9 virtuelle (VR) et de r\u00e9alit\u00e9 augment\u00e9e (AR).<\/p>","protected":false},"author":1,"featured_media":64018,"parent":14514,"menu_order":91,"comment_status":"closed","ping_status":"closed","template":"","meta":{"footnotes":""},"class_list":["post-39686","page","type-page","status-publish","has-post-thumbnail"],"_links":{"self":[{"href":"https:\/\/www.sisinternational.com\/fr\/wp-json\/wp\/v2\/pages\/39686","targetHints":{"allow":["GET"]}}],"collection":[{"href":"https:\/\/www.sisinternational.com\/fr\/wp-json\/wp\/v2\/pages"}],"about":[{"href":"https:\/\/www.sisinternational.com\/fr\/wp-json\/wp\/v2\/types\/page"}],"author":[{"embeddable":true,"href":"https:\/\/www.sisinternational.com\/fr\/wp-json\/wp\/v2\/users\/1"}],"replies":[{"embeddable":true,"href":"https:\/\/www.sisinternational.com\/fr\/wp-json\/wp\/v2\/comments?post=39686"}],"version-history":[{"count":4,"href":"https:\/\/www.sisinternational.com\/fr\/wp-json\/wp\/v2\/pages\/39686\/revisions"}],"predecessor-version":[{"id":81411,"href":"https:\/\/www.sisinternational.com\/fr\/wp-json\/wp\/v2\/pages\/39686\/revisions\/81411"}],"up":[{"embeddable":true,"href":"https:\/\/www.sisinternational.com\/fr\/wp-json\/wp\/v2\/pages\/14514"}],"wp:featuredmedia":[{"embeddable":true,"href":"https:\/\/www.sisinternational.com\/fr\/wp-json\/wp\/v2\/media\/64018"}],"wp:attachment":[{"href":"https:\/\/www.sisinternational.com\/fr\/wp-json\/wp\/v2\/media?parent=39686"}],"curies":[{"name":"wp","href":"https:\/\/api.w.org\/{rel}","templated":true}]}}