{"id":39684,"date":"2022-01-18T04:33:24","date_gmt":"2022-01-18T04:33:24","guid":{"rendered":"https:\/\/www.sisinternational.com\/?page_id=39684"},"modified":"2026-01-25T16:48:55","modified_gmt":"2026-01-25T21:48:55","slug":"etude-de-marche-du-gazon","status":"publish","type":"page","link":"https:\/\/www.sisinternational.com\/fr\/solutions\/solutions-de-recherche-qualitative-et-quantitative\/etude-de-marche-du-gazon\/","title":{"rendered":"\u00c9tude de march\u00e9 sur le gazon synth\u00e9tique"},"content":{"rendered":"<h1 class=\"wp-block-heading\">\u00c9tude de march\u00e9 sur le gazon synth\u00e9tique<\/h1>\n\n\n\n<figure class=\"gb-block-image gb-block-image-92f58603\"><img loading=\"lazy\" decoding=\"async\" width=\"1456\" height=\"816\" class=\"gb-image gb-image-92f58603\" src=\"https:\/\/www.sisinternational.com\/wp-content\/uploads\/2025\/09\/Research-18.jpg\" srcset=\"https:\/\/www.sisinternational.com\/wp-content\/uploads\/2025\/09\/Research-18.jpg 1456w, https:\/\/www.sisinternational.com\/wp-content\/uploads\/2025\/09\/Research-18-300x168.jpg 300w, https:\/\/www.sisinternational.com\/wp-content\/uploads\/2025\/09\/Research-18-1024x574.jpg 1024w, https:\/\/www.sisinternational.com\/wp-content\/uploads\/2025\/09\/Research-18-768x430.jpg 768w, https:\/\/www.sisinternational.com\/wp-content\/uploads\/2025\/09\/Research-18-18x10.jpg 18w\" sizes=\"auto, (max-width: 1456px) 100vw, 1456px\" alt=\"\u00c9tudes de march\u00e9 et strat\u00e9gie internationales SIS\"><\/figure>\n\n\n\n<p><\/p>\n\n\n\n<hr class=\"wp-block-separator has-alpha-channel-opacity is-style-dots\"\/>\n\n\n\n<h2 class=\"wp-block-heading\">Qu\u2019est-ce que l\u2019\u00e9tude de march\u00e9 TURF ?<\/h2>\n\n\n\n<p>TURF analysis is a method used in statistical research. It stands for Total Unduplicated Reach and Frequency Analysis, and it allows users to assess market research potential. TURF analysis is possible for many products and services. It uses a ranking system. For example, it may rank a mix of products based on how many people like that blend.<\/p>\n\n\n\n<p>\u00ab\u00a0Reach\u00a0\u00bb (le R dans TURF) d\u00e9crit le nombre de personnes que vous contactez. La \u00ab fr\u00e9quence \u00bb d\u00e9signe la fr\u00e9quence \u00e0 laquelle vous appelez ces personnes.<\/p>\n\n\n\n<p>TURF fournit une m\u00e9thode utilis\u00e9e pour maximiser les ventes de produits. Il utilise un outil algorithmique TURF, qui examine toutes les combinaisons possibles. Les consommateurs doivent r\u00e9pondre \u00e0 une enqu\u00eate \u00e0 choix multiples. L&#039;analyste \u00e9value ensuite les options de r\u00e9ponse de cette enqu\u00eate. En fin de compte, une analyse TURF fournit des choix que l&#039;utilisateur n&#039;a pas pris en compte.<\/p>\n\n\n\n<p>Malgr\u00e9 ses avantages, l\u2019analyse TURF pr\u00e9sente certaines limites. Par exemple, il ne prend pas en compte la valeur des consommateurs. Il n\u2019est donc pas pr\u00e9f\u00e9rable de l\u2019utiliser du point de vue de la valeur des ventes.<\/p>\n\n\n\n<p>Pourquoi l\u2019analyse TURF est-elle importante\u00a0?<\/p>\n\n\n\n<p>TURF est un outil puissant et crucial dans de nombreux contextes commerciaux. Il permet d\u2019optimiser les offres de produits et de services. Cela permet \u00e9galement d\u2019affiner l\u2019efficacit\u00e9 d\u2019une strat\u00e9gie de communication.<\/p>\n\n\n\n<p>Another feature of TURF <a href=\"https:\/\/www.sisinternational.com\/fr\/solutions\/ai-etudes-de-marche-et-conseil-en-strategie\/analyse-detude-de-marche-sur-le-sentiment-ai\/\" title=\"Analyse de l\u2019\u00e9tude de march\u00e9 sur le sentiment d\u2019IA\"  data-wpil-monitor-id=\"10282\">analysis is that it helps researchers<\/a> understand the effect of removing or including a product offering. To add, it makes the most of the market strategy used.<\/p>\n\n\n\n<p>TURF fonctionne mieux que l&#039;utilisation de simples totaux ou pourcentages pour les d\u00e9cisions. Il consid\u00e8re des combinaisons de produits complexes.<\/p>\n\n\n\n<h2 class=\"wp-block-heading\">Titres de poste cl\u00e9s<\/h2>\n\n\n\n<p>En fonction de la nature du TURF, les titres de poste ci-dessous sont les plus pertinents\u00a0:<\/p>\n\n\n\n<p>\u2013 Statisticiens<\/p>\n\n\n\n<p>\u2013 Responsable marketing<\/p>\n\n\n\n<p>- Sp\u00e9cialiste en marketing<\/p>\n\n\n\n<p>- D\u00e9veloppeur de produit<\/p>\n\n\n\n<h2 class=\"wp-block-heading\">Pourquoi les entreprises ont besoin d\u2019une \u00e9tude de march\u00e9 TURF<\/h2>\n\n\n\n<p>This method provides high valued insights to companies. Thus, it is helpful for those who wish to expand product portfolios. Its ability to spot the potential and reach of products is crucial. A TURF analysis can suggest <a href=\"https:\/\/www.sisinternational.com\/fr\/competence\/cv-dexperience\/etude-de-marche-sur-les-produits-de-soins-personnels\/\" title=\"\u00c9tude de march\u00e9 sur les produits de soins personnels\"  data-wpil-monitor-id=\"10280\">products that will further improve market<\/a> reach.<\/p>\n\n\n\n<p>It allows a business to devise an ideal product and <a href=\"https:\/\/www.sisinternational.com\/fr\/solutions\/recherche-de-conseil-en-strategie-fintech\/banque-en-tant-que-service-etude-de-marche-et-conseil-en-strategie\/\" title=\"Banque en tant que service \u00c9tudes de march\u00e9 et conseil en strat\u00e9gie\"  data-wpil-monitor-id=\"10277\">service marketing strategy<\/a>. This strategy is essential for brands.<\/p>\n\n\n\n<p>TURF aide les entreprises \u00e0 trouver\u00a0:<\/p>\n\n\n\n<p>\u2013 Potential market share when <a href=\"https:\/\/www.sisinternational.com\/fr\/solutions\/conseil-en-strategie\/etude-de-marche-sur-le-lancement-dun-nouveau-produit\/\" title=\"Recherche sur le lancement de nouveaux produits\"  data-wpil-monitor-id=\"10281\">launching new products<\/a><\/p>\n\n\n\n<p>\u2013 Gamme de produits optimale qu\u2019une marque peut proposer<\/p>\n\n\n\n<p>\u2013 Quelles fonctionnalit\u00e9s un produit doit avoir<\/p>\n\n\n\n<p>\u2013 Meilleurs composants de message \u00e0 m\u00e9langer pour atteindre les consommateurs<\/p>\n\n\n\n<p><a href=\"https:\/\/www.sisinternational.com\/fr\/publications\/comportement-de-lacheteur-apres-le-nouveau-consommateur-du-coronavirus\/\" title=\"Comportement des acheteurs apr\u00e8s le coronavirus \u2013 \u00c9tude de march\u00e9 de consommation\"  data-wpil-monitor-id=\"10283\">\u2013 Meilleurs canaux pour toucher de nouveaux consommateurs<\/a><\/p>\n\n\n\n<p>\u2013 Arguments de vente cl\u00e9s pour les campagnes<\/p>\n\n\n\n<p>Il est pr\u00e9f\u00e9rable de l&#039;utiliser lorsqu&#039;une entreprise souhaite d\u00e9velopper quelque chose de nouveau ou p\u00e9n\u00e9trer le march\u00e9. De plus, il fournit de bonnes informations aux entreprises disposant d\u2019un budget serr\u00e9. De cette fa\u00e7on, une entreprise peut choisir la meilleure fa\u00e7on de d\u00e9penser son budget marketing.<\/p>\n\n\n\n<h2 class=\"wp-block-heading\">Facteurs cl\u00e9s de succ\u00e8s<\/h2>\n\n\n\n<p>Une analyse TURF repose sur de nombreuses hypoth\u00e8ses qui peuvent limiter sa pr\u00e9cision. Pourtant, on peut compenser cela. Pour ce faire, les questions de l&#039;enqu\u00eate doivent identifier la fr\u00e9quence \u00e0 laquelle le r\u00e9pondant utilise le produit.<\/p>\n\n\n\n<p>Avant de proc\u00e9der \u00e0 l&#039;analyse, l&#039;utilisateur doit fournir des descriptions pr\u00e9cises. Par exemple, il faut d\u00e9finir ce qui constitue une \u00ab\u00a0port\u00e9e\u00a0\u00bb. Une port\u00e9e se produit lorsqu&#039;une personne souhaite au moins un produit dans chaque m\u00e9lange de produits.<\/p>\n\n\n\n<h2 class=\"wp-block-heading\">\u00c0 propos de l\u2019\u00e9tude de march\u00e9 TURF<\/h2>\n\n\n\n<p>Quantitative, qualitative, and strategy <a href=\"https:\/\/www.sisinternational.com\/fr\/competence\/les-industries\/etude-de-marche-sur-la-vaccination\/\" title=\"\u00c9tude de march\u00e9 sur la vaccination\"  data-wpil-monitor-id=\"3751\">research are helpful for market<\/a> research. These methods may take the form of interviews, surveys, or focus groups. TURF Analysis is another tool that aids <a href=\"https:\/\/www.sisinternational.com\/fr\/solutions\/solutions-de-recherche-qualitative-et-quantitative\/etude-de-marche-danalyse-chaid\/\" title=\"CHAID Analyse \u00c9tude de march\u00e9\"  data-wpil-monitor-id=\"10278\">\u00e9tude de march\u00e9<\/a>.<\/p>\n\n\n\n<p>Its ability to predict market trends makes it ideal. It\u2019s also a boon when a <a href=\"https:\/\/www.sisinternational.com\/fr\/publications\/etude-de-marche-sur-les-entreprises-evolutives-7-facons-de-creer-une-entreprise-evolutive\/\" title=\"\u00c9tude de march\u00e9 sur les entreprises \u00e9volutives\u00a0: 7 fa\u00e7ons de cr\u00e9er une entreprise \u00e9volutive\"  data-wpil-monitor-id=\"10284\">business wants to penetrate the market<\/a>. Thus, it is crucial for a company that deals with a product or service.<\/p>\n\n\n\n<p>Analysts can mix <a href=\"https:\/\/www.sisinternational.com\/fr\/solutions\/solutions-de-recherche-qualitative-et-quantitative\/turf-analysis-market-research\/\" title=\"TURF Analysis Market Research\"  data-wpil-monitor-id=\"1527\">TURF with other market research<\/a> strategies. In this way, they can get a complete picture. Thus, the user will have more significant <a href=\"https:\/\/www.sisinternational.com\/fr\/global-beverage-market\/\" title=\"Global Beverage Market: Market Dynamics, Growth Projections &amp; Consumer Insights\"  data-wpil-monitor-id=\"10279\">insights into consumer preference and market<\/a> potential.<\/p>\n\n\n\n<p><\/p>","protected":false},"excerpt":{"rendered":"<p>TURF Market Research What is TURF Market Research? TURF analysis is a method used in statistical research. It stands for Total Unduplicated Reach and Frequency Analysis, and it allows users to assess market research potential. TURF analysis is possible for many products and services. It uses a ranking system. For example, it may rank a &#8230; <a title=\"\u00c9tude de march\u00e9 sur le gazon synth\u00e9tique\" class=\"read-more\" href=\"https:\/\/www.sisinternational.com\/fr\/solutions\/solutions-de-recherche-qualitative-et-quantitative\/etude-de-marche-du-gazon\/\" aria-label=\"En savoir plus sur TURF Market Research\">Lire plus<\/a><\/p>","protected":false},"author":1,"featured_media":69513,"parent":14660,"menu_order":26,"comment_status":"closed","ping_status":"closed","template":"","meta":{"footnotes":""},"class_list":["post-39684","page","type-page","status-publish","has-post-thumbnail"],"_links":{"self":[{"href":"https:\/\/www.sisinternational.com\/fr\/wp-json\/wp\/v2\/pages\/39684","targetHints":{"allow":["GET"]}}],"collection":[{"href":"https:\/\/www.sisinternational.com\/fr\/wp-json\/wp\/v2\/pages"}],"about":[{"href":"https:\/\/www.sisinternational.com\/fr\/wp-json\/wp\/v2\/types\/page"}],"author":[{"embeddable":true,"href":"https:\/\/www.sisinternational.com\/fr\/wp-json\/wp\/v2\/users\/1"}],"replies":[{"embeddable":true,"href":"https:\/\/www.sisinternational.com\/fr\/wp-json\/wp\/v2\/comments?post=39684"}],"version-history":[{"count":5,"href":"https:\/\/www.sisinternational.com\/fr\/wp-json\/wp\/v2\/pages\/39684\/revisions"}],"predecessor-version":[{"id":81695,"href":"https:\/\/www.sisinternational.com\/fr\/wp-json\/wp\/v2\/pages\/39684\/revisions\/81695"}],"up":[{"embeddable":true,"href":"https:\/\/www.sisinternational.com\/fr\/wp-json\/wp\/v2\/pages\/14660"}],"wp:featuredmedia":[{"embeddable":true,"href":"https:\/\/www.sisinternational.com\/fr\/wp-json\/wp\/v2\/media\/69513"}],"wp:attachment":[{"href":"https:\/\/www.sisinternational.com\/fr\/wp-json\/wp\/v2\/media?parent=39684"}],"curies":[{"name":"wp","href":"https:\/\/api.w.org\/{rel}","templated":true}]}}