{"id":39682,"date":"2022-01-18T04:17:17","date_gmt":"2022-01-18T04:17:17","guid":{"rendered":"https:\/\/www.sisinternational.com\/?page_id=39682"},"modified":"2025-11-16T12:27:57","modified_gmt":"2025-11-16T17:27:57","slug":"etude-de-marche-des-architectes","status":"publish","type":"page","link":"https:\/\/www.sisinternational.com\/fr\/competence\/etude-de-marche-des-architectes\/","title":{"rendered":"Etude de march\u00e9 des architectes"},"content":{"rendered":"<h1 class=\"wp-block-heading\">Etude de march\u00e9 des architectes<\/h1>\n\n\n\n<figure class=\"gb-block-image gb-block-image-cbaa89b4\"><img loading=\"lazy\" decoding=\"async\" width=\"1456\" height=\"816\" class=\"gb-image gb-image-cbaa89b4\" src=\"https:\/\/www.sisinternational.com\/wp-content\/uploads\/2025\/08\/Architect-3.jpg\" alt=\"\u00c9tudes de march\u00e9 et strat\u00e9gie internationales SIS\" title=\"Architect (3)\" srcset=\"https:\/\/www.sisinternational.com\/wp-content\/uploads\/2025\/08\/Architect-3.jpg 1456w, https:\/\/www.sisinternational.com\/wp-content\/uploads\/2025\/08\/Architect-3-300x168.jpg 300w, https:\/\/www.sisinternational.com\/wp-content\/uploads\/2025\/08\/Architect-3-1024x574.jpg 1024w, https:\/\/www.sisinternational.com\/wp-content\/uploads\/2025\/08\/Architect-3-768x430.jpg 768w, https:\/\/www.sisinternational.com\/wp-content\/uploads\/2025\/08\/Architect-3-18x10.jpg 18w\" sizes=\"auto, (max-width: 1456px) 100vw, 1456px\"><\/figure>\n\n\n\n<p><\/p>\n\n\n\n<hr class=\"wp-block-separator has-alpha-channel-opacity is-style-dots\"\/>\n\n\n\n<p><\/p>\n\n\n\n<div class=\"wp-block-columns has-global-color-9-color has-text-color has-background has-link-color wp-elements-ea836ca1358d8d92df43ace648dca55a is-layout-flex wp-container-core-columns-is-layout-9d6595d7 wp-block-columns-is-layout-flex\" style=\"background-color:#f7f9fa6e\">\n<div class=\"wp-block-column is-layout-flow wp-block-column-is-layout-flow\" style=\"flex-basis:18%\"><\/div>\n\n\n\n<div class=\"wp-block-column is-vertically-aligned-center is-layout-flow wp-block-column-is-layout-flow\" style=\"flex-basis:71.28%\">\n<div class=\"wp-block-rank-math-toc-block aligncenter has-global-color-9-color has-text-color has-link-color wp-elements-881eb15995ada343bdd9e159bae8e5f2\" style=\"font-size:16px\" id=\"rank-math-toc\"><h2><br><strong>T<\/strong>able of Contents<\/h2><nav><ul><li class=\"\"><a href=\"#what-is-a-design-architect\">Qu\u2019est-ce qu\u2019un architecte concepteur ?<\/a><\/li><li class=\"\"><a href=\"#why-is-a-design-architect-important\">Pourquoi un architecte de conception est-il important ?<\/a><\/li><li class=\"\"><a href=\"#key-job-titles\">Titres de poste cl\u00e9s<\/a><\/li><li class=\"\"><a href=\"#key-success-factors\">Facteurs cl\u00e9s de succ\u00e8s<\/a><\/li><li class=\"\"><a href=\"#why-businesses-need-it\">Pourquoi les entreprises en ont besoin<\/a><\/li><li class=\"\"><a href=\"#about-architect-market-research\">\u00c0 propos des \u00e9tudes de march\u00e9 sur les architectes<\/a><\/li><\/ul><\/nav><\/div>\n<\/div>\n<\/div>\n\n\n\n<p><\/p>\n\n\n\n<h2 class=\"wp-block-heading\" id=\"what-is-a-design-architect\">Qu\u2019est-ce qu\u2019un architecte concepteur ?<\/h2>\n\n\n\n<p>Un architecte de conception correspond \u00e0 l\u2019id\u00e9e que la plupart des gens ont en t\u00eate de ce que fait un architecte. Ces professionnels qualifi\u00e9s cr\u00e9ent la conception d\u2019un projet. Ils prennent les id\u00e9es qui leur sont pr\u00e9sent\u00e9es par leurs clients et les analysent pour donner le r\u00e9sultat souhait\u00e9. Pour ce faire, ils examinent le chantier et les abords de la future structure. Ensuite, ils budg\u00e9tisent les co\u00fbts de l\u2019ensemble du projet. Ces actions garantissent la qualit\u00e9 du travail. Cela aide \u00e9galement les clients \u00e0 tester la qualit\u00e9 de l\u2019architecte.<\/p>\n\n\n\n<h2 class=\"wp-block-heading\" id=\"why-is-a-design-architect-important\">Pourquoi un architecte de conception est-il important ?<\/h2>\n\n\n\n<figure class=\"gb-block-image gb-block-image-3c108e5c\"><img loading=\"lazy\" decoding=\"async\" width=\"1456\" height=\"816\" class=\"gb-image gb-image-3c108e5c\" src=\"https:\/\/www.sisinternational.com\/wp-content\/uploads\/2025\/08\/Architect-5.jpg\" alt=\"\u00c9tudes de march\u00e9 et strat\u00e9gie internationales SIS\" title=\"Architect (5)\" srcset=\"https:\/\/www.sisinternational.com\/wp-content\/uploads\/2025\/08\/Architect-5.jpg 1456w, https:\/\/www.sisinternational.com\/wp-content\/uploads\/2025\/08\/Architect-5-300x168.jpg 300w, https:\/\/www.sisinternational.com\/wp-content\/uploads\/2025\/08\/Architect-5-1024x574.jpg 1024w, https:\/\/www.sisinternational.com\/wp-content\/uploads\/2025\/08\/Architect-5-768x430.jpg 768w, https:\/\/www.sisinternational.com\/wp-content\/uploads\/2025\/08\/Architect-5-18x10.jpg 18w\" sizes=\"auto, (max-width: 1456px) 100vw, 1456px\"><\/figure>\n\n\n\n<p><\/p>\n\n\n\n<p>The title \u201carchitect\u201d is one of the most critical in building construction. They receive training to produce a buildable project. They are also artists who have to create a good plan for their clients.<\/p>\n\n\n\n<p>Un architecte doit ex\u00e9cuter la vision du client avec autant de pr\u00e9cision et de s\u00e9curit\u00e9 que possible. Le b\u00e2timent raconte l\u2019esth\u00e9tique du contenu et des \u00e9v\u00e9nements \u00e0 l\u2019int\u00e9rieur.<\/p>\n\n\n\n<p>La conception de b\u00e2timents est une t\u00e2che tr\u00e8s complexe qui laisse peu de place \u00e0 l\u2019erreur. De plus, elle comporte de nombreuses conditions et restrictions, et cr\u00e9er une copie physique de la vision du client n&#039;est pas la seule t\u00e2che de l&#039;architecte concepteur. Ils doivent \u00e9galement penser \u00e0 toutes les mesures de s\u00e9curit\u00e9 qui vont avec. Ces architectes sont responsables de la s\u00e9curit\u00e9 et de la vie de tous ceux qui utilisent le b\u00e2timent.<\/p>\n\n\n\n<p>Les architectes doivent \u00e9galement poss\u00e9der de solides comp\u00e9tences en r\u00e9solution de probl\u00e8mes. Des probl\u00e8mes peuvent surgir des projets apparemment les plus parfaits. Faire appel \u00e0 un architecte r\u00e9duit les risques de probl\u00e8mes majeurs. Les architectes sont flexibles et peuvent \u00e9galement franchir de tels obstacles. Quel que soit le dilemme, ils peuvent proposer une solution alternative.<\/p>\n\n\n\n<h2 class=\"wp-block-heading\" id=\"key-job-titles\">Titres de poste cl\u00e9s<\/h2>\n\n\n\n<p>Il existe quelques titres d&#039;architecte en dehors de celui d&#039;architecte de conception. Ils sont:<\/p>\n\n\n\n<h3 class=\"wp-block-heading\">Architectes techniques<\/h3>\n\n\n\n<p>Ils aident \u00e0 produire le plan et les dessins de construction. Ils veillent \u00e0 ce que le plan soit r\u00e9alisable et fonctionne bien.<\/p>\n\n\n\n<h3 class=\"wp-block-heading\">Architectes paysagistes<\/h3>\n\n\n\n<p>Ces architectes con\u00e7oivent des espaces ext\u00e9rieurs. Par exemple, ils cr\u00e9ent des parcs, des jardins et les structures qui s&#039;y trouvent. Ils ma\u00eetrisent \u00e9galement la gestion des eaux pluviales.<\/p>\n\n\n\n<h3 class=\"wp-block-heading\">Architectes d&#039;int\u00e9rieur<\/h3>\n\n\n\n<p>Ce sont les architectes intuitifs de la mode. Ils contribuent \u00e0 transformer l\u2019apparence et la sensation de l\u2019int\u00e9rieur d\u2019un b\u00e2timent. L\u2019\u00e9clairage, les mat\u00e9riaux, l\u2019espacement et la couleur sont ce avec quoi ils jouent pour y parvenir.<\/p>\n\n\n\n<h2 class=\"wp-block-heading\" id=\"key-success-factors\">Facteurs cl\u00e9s de succ\u00e8s<\/h2>\n\n\n\n<figure class=\"gb-block-image gb-block-image-17399855\"><img loading=\"lazy\" decoding=\"async\" width=\"1456\" height=\"816\" class=\"gb-image gb-image-17399855\" src=\"https:\/\/www.sisinternational.com\/wp-content\/uploads\/2025\/08\/Architect-2.jpg\" alt=\"\u00c9tudes de march\u00e9 et strat\u00e9gie internationales SIS\" title=\"Architect (2)\" srcset=\"https:\/\/www.sisinternational.com\/wp-content\/uploads\/2025\/08\/Architect-2.jpg 1456w, https:\/\/www.sisinternational.com\/wp-content\/uploads\/2025\/08\/Architect-2-300x168.jpg 300w, https:\/\/www.sisinternational.com\/wp-content\/uploads\/2025\/08\/Architect-2-1024x574.jpg 1024w, https:\/\/www.sisinternational.com\/wp-content\/uploads\/2025\/08\/Architect-2-768x430.jpg 768w, https:\/\/www.sisinternational.com\/wp-content\/uploads\/2025\/08\/Architect-2-18x10.jpg 18w\" sizes=\"auto, (max-width: 1456px) 100vw, 1456px\"><\/figure>\n\n\n\n<p><\/p>\n\n\n\n<p>Les entreprises ont besoin d\u2019architectes complets pour assurer la r\u00e9ussite de leurs projets. De bonnes comp\u00e9tences organisationnelles sont cruciales. Participer \u00e0 de nombreuses r\u00e9unions pour examiner des id\u00e9es demande \u00e9galement beaucoup de patience. Les architectes doivent \u00e9galement avoir un esprit tr\u00e8s cr\u00e9atif pour donner vie aux visuels qu\u2019un client a en t\u00eate. Les comp\u00e9tences en communication des architectes devraient \u00eatre presque parfaites.<\/p>\n\n\n\n<p>Apr\u00e8s la conception, la construction ne peut pas d\u00e9marrer imm\u00e9diatement. Il y a beaucoup de liaisons qui se produisent en premier. L&#039;architecte concepteur doit s&#039;entretenir avec des ouvriers du b\u00e2timent, des avocats, des ing\u00e9nieurs en structure et des repr\u00e9sentants du gouvernement. Montrer le plan ne suffit pas dans ce cas. Une communication efficace garantit que tout le monde est sur la m\u00eame longueur d\u2019onde.<\/p>\n\n\n\n<p>Avoir d\u2019excellentes comp\u00e9tences num\u00e9riques est \u00e9galement crucial. Les architectes ne se contentent pas d&#039;\u00e9laborer un joli plan. Ils doivent calculer les co\u00fbts et savoir quelle part de ce qui va et o\u00f9. Ils doivent \u00e9galement effectuer des mesures pr\u00e9cises pour garantir la beaut\u00e9 et la s\u00e9curit\u00e9 du projet.<\/p>\n\n\n\n<p><\/p>\n\n\n\n<!DOCTYPE html>\n<html lang=\"en\">\n<head>\n    <meta charset=\"UTF-8\">\n    <meta name=\"viewport\" content=\"width=device-width, initial-scale=1.0\">\n    <title>AI Blog Banner<\/title>\n    <style>\n        * {\n            margin: 0;\n            padding: 0;\n            box-sizing: border-box;\n        }\n\n        .banner {\n            position: relative;\n            width: 100%;\n            height: 350px;\n            overflow: hidden;\n            display: flex;\n            align-items: center;\n            justify-content: center;\n            font-family: 'Arial', sans-serif;\n            border-radius: 25px;\n        }\n\n        .animated-background {\n            position: absolute;\n            top: 0;\n            left: 0;\n            width: 100%;\n            height: 100%;\n            background: linear-gradient(45deg, #003f6b, #2d5a7b, #003f6b, #2d5a7b);\n            background-size: 400% 400%;\n            animation: gradientMove 8s ease-in-out infinite;\n        }\n\n        .ai-pattern {\n            position: absolute;\n            top: 0;\n            left: 0;\n            width: 100%;\n            height: 100%;\n            opacity: 0.1;\n            background-image: \n                radial-gradient(circle at 20% 20%, rgba(255,255,255,0.3) 2px, transparent 2px),\n                radial-gradient(circle at 80% 80%, rgba(255,255,255,0.2) 1px, transparent 1px),\n                radial-gradient(circle at 40% 60%, rgba(255,255,255,0.15) 1.5px, transparent 1.5px),\n                radial-gradient(circle at 60% 20%, rgba(255,255,255,0.25) 1px, transparent 1px),\n                radial-gradient(circle at 80% 40%, rgba(255,255,255,0.2) 2px, transparent 2px);\n            background-size: 100px 100px, 150px 150px, 80px 80px, 120px 120px, 90px 90px;\n            animation: patternFloat 12s linear infinite;\n        }\n\n        .neural-network {\n            position: absolute;\n            top: 0;\n            left: 0;\n            width: 100%;\n            height: 100%;\n            opacity: 0.08;\n        }\n\n        .neural-line {\n            position: absolute;\n            height: 1px;\n            background: linear-gradient(90deg, transparent, rgba(255,255,255,0.5), transparent);\n            animation: neuralPulse 6s ease-in-out infinite;\n        }\n\n        .neural-line:nth-child(1) {\n            top: 30%;\n            left: 0;\n            width: 60%;\n            animation-delay: 0s;\n        }\n\n        .neural-line:nth-child(2) {\n            top: 50%;\n            right: 0;\n            width: 70%;\n            animation-delay: 2s;\n        }\n\n        .neural-line:nth-child(3) {\n            top: 70%;\n            left: 20%;\n            width: 50%;\n            animation-delay: 4s;\n        }\n\n        .content {\n            position: relative;\n            z-index: 10;\n            text-align: center;\n            color: white !important;\n            max-width: 800px;\n            padding: 30px;\n        }\n\n        .content * {\n            color: white !important;\n        }\n\n        .cta-text {\n            font-size: 1.9rem;\n            font-weight: 700;\n            margin-bottom: 15px;\n            color: white !important;\n            background: linear-gradient(90deg, rgba(255,255,255,0.6), rgba(255,255,255,1), rgba(230,230,230,1), rgba(255,255,255,1), rgba(240,240,240,0.8), rgba(255,255,255,0.6));\n            background-size: 200% 100%;\n            -webkit-background-clip: text;\n            -webkit-text-fill-color: transparent;\n            background-clip: text;\n            animation: shineEffect 10s ease-in-out infinite;\n            line-height: 1.3;\n        }\n\n        .cta-subheading {\n            font-size: 1rem;\n            font-weight: 400;\n            margin-bottom: 25px;\n            color: white !important;\n            line-height: 1.6;\n            opacity: 0.95;\n        }\n\n        .cta-button {\n            background: linear-gradient(135deg, #8a6b0f, #bd9013, #d4a519);\n            border: 2px solid #8a6b0f;\n            color: white !important;\n            padding: 18px 40px;\n            font-size: 1.2rem;\n            font-weight: 600;\n            border-radius: 50px;\n            cursor: pointer;\n            transition: all 0.3s ease;\n            text-decoration: none;\n            display: inline-block;\n            position: relative;\n            overflow: hidden;\n        }\n\n        .cta-button::before {\n            content: '';\n            position: absolute;\n            top: 0;\n            left: -100%;\n            width: 100%;\n            height: 100%;\n            background: linear-gradient(90deg, \n                transparent 0%, \n                rgba(255, 255, 255, 0.3) 25%,\n                rgba(255, 255, 255, 0.6) 50%,\n                rgba(255, 255, 255, 0.3) 75%,\n                transparent 100%);\n            animation: shine 3s ease-in-out infinite;\n        }\n\n        .cta-button:hover {\n            transform: translateY(-3px);\n            box-shadow: 0 10px 25px rgba(0,0,0,0.2);\n            border-color: #bd9013;\n            background: linear-gradient(135deg, #bd9013, #d4a519, #e6b61f);\n        }\n\n        .floating-elements {\n            position: absolute;\n            top: 0;\n            left: 0;\n            width: 100%;\n            height: 100%;\n            pointer-events: none;\n        }\n\n        .floating-circle {\n            position: absolute;\n            border-radius: 50%;\n            background: rgba(255,255,255,0.1);\n            animation: float 8s ease-in-out infinite;\n        }\n\n        .floating-circle:nth-child(1) {\n            width: 80px;\n            height: 80px;\n            top: 20%;\n            left: 10%;\n            animation-delay: 0s;\n        }\n\n        .floating-circle:nth-child(2) {\n            width: 60px;\n            height: 60px;\n            top: 60%;\n            right: 15%;\n            animation-delay: 3s;\n        }\n\n        .floating-circle:nth-child(3) {\n            width: 40px;\n            height: 40px;\n            top: 80%;\n            left: 80%;\n            animation-delay: 6s;\n        }\n\n        .floating-circle:nth-child(4) {\n            width: 70px;\n            height: 70px;\n            top: 10%;\n            right: 20%;\n            animation-delay: 1.5s;\n        }\n\n        .floating-circle:nth-child(5) {\n            width: 50px;\n            height: 50px;\n            top: 75%;\n            left: 30%;\n            animation-delay: 4.5s;\n        }\n\n        @keyframes gradientMove {\n            0% { background-position: 0% 50%; }\n            25% { background-position: 100% 50%; }\n            50% { background-position: 100% 100%; }\n            75% { background-position: 0% 100%; }\n            100% { background-position: 0% 50%; }\n        }\n\n        @keyframes patternFloat {\n            0% { transform: translateX(0) translateY(0); }\n            33% { transform: translateX(30px) translateY(-20px); }\n            66% { transform: translateX(-20px) translateY(10px); }\n            100% { transform: translateX(0) translateY(0); }\n        }\n\n        @keyframes neuralPulse {\n            0%, 100% { opacity: 0.08; }\n            50% { opacity: 0.2; }\n        }\n\n        @keyframes shineEffect {\n            0% { background-position: 200% 0; }\n            100% { background-position: -200% 0; }\n        }\n\n        @keyframes shine {\n            0% {\n                left: -100%;\n            }\n            20%, 100% {\n                left: 100%;\n            }\n        }\n\n        @keyframes float {\n            0%, 100% { transform: translateY(0px) rotate(0deg); }\n            33% { transform: translateY(-30px) rotate(120deg); }\n            66% { transform: translateY(15px) rotate(240deg); }\n        }\n\n        @media (max-width: 768px) {\n            .banner {\n                height: 320px;\n                padding: 30px 0;\n            }\n            \n            .content {\n                padding: 40px 20px;\n            }\n            \n            .cta-text {\n                font-size: 1.3rem;\n                margin-bottom: 12px;\n            }\n            \n            .cta-subheading {\n                font-size: 0.85rem;\n                margin-bottom: 20px;\n            }\n            \n            .cta-button {\n                padding: 14px 28px;\n                font-size: 0.95rem;\n            }\n        }\n    <\/style>\n<\/head>\n<body>\n    <div class=\"banner\">\n        <div class=\"animated-background\"><\/div>\n        \n        <div class=\"ai-pattern\"><\/div>\n        \n        <div class=\"neural-network\">\n            <div class=\"neural-line\"><\/div>\n            <div class=\"neural-line\"><\/div>\n            <div class=\"neural-line\"><\/div>\n        <\/div>\n        \n        <div class=\"floating-elements\">\n            <div class=\"floating-circle\"><\/div>\n            <div class=\"floating-circle\"><\/div>\n            <div class=\"floating-circle\"><\/div>\n            <div class=\"floating-circle\"><\/div>\n            <div class=\"floating-circle\"><\/div>\n        <\/div>\n        \n        <div class=\"content\">\n            <div class=\"cta-text\">Ready to explore the insights that drive smarter decisions?<\/div>\n            <div class=\"cta-subheading\">Contact our Research experts today.<\/div>\n            <a href=\"mailto:Research@sisinternational.com\" class=\"cta-button\">Contact us now!<\/a>\n        <\/div>\n    <\/div>\n<\/body>\n<\/html>\n\n\n\n<p><\/p>\n\n\n\n<h2 class=\"wp-block-heading\" id=\"why-businesses-need-it\">Pourquoi les entreprises en ont besoin<\/h2>\n\n\n\n<p>All businesses hope for success. One of the ways to achieve success is by having their customers get a good experience in-store. An architect has both practical knowledge and creative skills. They can bring your brick-and-mortar vision to life.<\/p>\n\n\n\n<p>The experience of your customer in and about your store is another crucial factor. It gives an impression of the level your business is on. Interior is essential, but what they see outside is also a deciding factor. The exterior decides their first impression of your business. Architects ensure it is a good one.<\/p>\n\n\n\n<p>Design Architects take the stress of planning and designing. Both first-time and seasoned business owners need help. Design architects give them the help in bringing their dream projects. Yet, this can be very stressful. An architect helps to take that stress off the shoulders of the clients. They will find suitable materials and help budget costs. Whether the project is a small cafe or a grand building, the owners and users must make hundreds of decisions about it. Design architects help clients manage their budget and time. Architects also help clients focus on critical tasks before the doors open to the public.<\/p>\n\n\n\n<h2 class=\"wp-block-heading\" id=\"about-architect-market-research\">\u00c0 propos des \u00e9tudes de march\u00e9 sur les architectes<\/h2>\n\n\n\n<figure class=\"gb-block-image gb-block-image-3438a9a0\"><img loading=\"lazy\" decoding=\"async\" width=\"1456\" height=\"816\" class=\"gb-image gb-image-3438a9a0\" src=\"https:\/\/www.sisinternational.com\/wp-content\/uploads\/2025\/08\/Architect-1.jpg\" alt=\"\u00c9tudes de march\u00e9 et strat\u00e9gie internationales SIS\" title=\"Architect (1)\" srcset=\"https:\/\/www.sisinternational.com\/wp-content\/uploads\/2025\/08\/Architect-1.jpg 1456w, https:\/\/www.sisinternational.com\/wp-content\/uploads\/2025\/08\/Architect-1-300x168.jpg 300w, https:\/\/www.sisinternational.com\/wp-content\/uploads\/2025\/08\/Architect-1-1024x574.jpg 1024w, https:\/\/www.sisinternational.com\/wp-content\/uploads\/2025\/08\/Architect-1-768x430.jpg 768w, https:\/\/www.sisinternational.com\/wp-content\/uploads\/2025\/08\/Architect-1-18x10.jpg 18w\" sizes=\"auto, (max-width: 1456px) 100vw, 1456px\"><\/figure>\n\n\n\n<p><\/p>\n\n\n\n<p>Les architectes doivent mener diverses formes de recherche pour assurer le succ\u00e8s de leurs projets. Avant toute conception, ils devront peut-\u00eatre utiliser des groupes de discussion. Ils peuvent \u00e9galement r\u00e9aliser des entretiens et des enqu\u00eates. Les donn\u00e9es recueillies sont \u00e0 la fois quantitatives et qualitatives. La recherche strat\u00e9gique est \u00e9galement importante dans la phase de construction proprement dite.<\/p>\n\n\n<h2>Notre emplacement \u00e0 New York<\/h2>\n<p><!-- \/wp:post-content --> <!-- wp:html --> <iframe loading=\"lazy\" src=\"https:\/\/www.google.com\/maps\/embed?pb=!1m18!1m12!1m3!1d3022.976188376966!2d-73.99130312499956!3d40.740549471389315!2m3!1f0!2f0!3f0!3m2!1i1024!2i768!4f13.1!3m3!1m2!1s0x89c259a15798c731%3A0xd695d09bdd495f25!2s11%20E%2022nd%20St%20FL%202%2C%20New%20York%2C%20NY%2010010%2C%20USA!5e0!3m2!1sen!2spe!4v1726171763526!5m2!1sen!2spe\" width=\"600\" height=\"450\" allowfullscreen=\"allowfullscreen\" data-mce-fragment=\"1\"><\/iframe> <!-- \/wp:html --> <!-- wp:paragraph --><\/p>\n<h3 class=\"wp-block-heading\">11 E 22nd Street, \u00e9tage 2, New York, NY 10010 T\u00e9l. : +1(212) 505-6805<\/h3>\n<hr \/>\n<h2><span style=\"font-weight: 400;\">\u00c0 propos de SIS International<\/span><\/h2>\n<p><a href=\"https:\/\/www.sisinternational.com\/fr\/\"><span style=\"font-weight: 400;\">SIS International<\/span><\/a><span style=\"font-weight: 400;\"> propose des recherches quantitatives, qualitatives et strat\u00e9giques. Nous fournissons des donn\u00e9es, des outils, des strat\u00e9gies, des rapports et des informations pour la prise de d\u00e9cision. Nous menons \u00e9galement des entretiens, des enqu\u00eates, des groupes de discussion et d\u2019autres m\u00e9thodes et approches d\u2019\u00e9tudes de march\u00e9.<\/span><a href=\"https:\/\/www.sisinternational.com\/fr\/a-propos-de-la-recherche-internationale-sis\/contact-sis-international-market-research\/\"><span style=\"font-weight: 400;\"> Contactez nous<\/span><\/a><span style=\"font-weight: 400;\"> pour votre prochain projet d&#039;\u00e9tude de march\u00e9.<\/span><\/p>","protected":false},"excerpt":{"rendered":"<p>\u00c9tude de march\u00e9 sur les architectes Qu&#039;est-ce qu&#039;un architecte de conception ? Un architecte de conception correspond \u00e0 l\u2019id\u00e9e que la plupart des gens ont en t\u00eate de ce que fait un architecte. Ces professionnels qualifi\u00e9s cr\u00e9ent la conception d\u2019un projet. Ils prennent les id\u00e9es qui leur sont pr\u00e9sent\u00e9es par leurs clients et les analysent pour donner le r\u00e9sultat souhait\u00e9. Pour ce faire, ils\u2026 <a title=\"Etude de march\u00e9 des architectes\" class=\"read-more\" href=\"https:\/\/www.sisinternational.com\/fr\/competence\/etude-de-marche-des-architectes\/\" aria-label=\"En savoir plus sur Architect Market Research\">Lire plus<\/a><\/p>","protected":false},"author":1,"featured_media":64730,"parent":14514,"menu_order":90,"comment_status":"closed","ping_status":"closed","template":"","meta":{"footnotes":""},"class_list":["post-39682","page","type-page","status-publish","has-post-thumbnail"],"_links":{"self":[{"href":"https:\/\/www.sisinternational.com\/fr\/wp-json\/wp\/v2\/pages\/39682","targetHints":{"allow":["GET"]}}],"collection":[{"href":"https:\/\/www.sisinternational.com\/fr\/wp-json\/wp\/v2\/pages"}],"about":[{"href":"https:\/\/www.sisinternational.com\/fr\/wp-json\/wp\/v2\/types\/page"}],"author":[{"embeddable":true,"href":"https:\/\/www.sisinternational.com\/fr\/wp-json\/wp\/v2\/users\/1"}],"replies":[{"embeddable":true,"href":"https:\/\/www.sisinternational.com\/fr\/wp-json\/wp\/v2\/comments?post=39682"}],"version-history":[{"count":7,"href":"https:\/\/www.sisinternational.com\/fr\/wp-json\/wp\/v2\/pages\/39682\/revisions"}],"predecessor-version":[{"id":73469,"href":"https:\/\/www.sisinternational.com\/fr\/wp-json\/wp\/v2\/pages\/39682\/revisions\/73469"}],"up":[{"embeddable":true,"href":"https:\/\/www.sisinternational.com\/fr\/wp-json\/wp\/v2\/pages\/14514"}],"wp:featuredmedia":[{"embeddable":true,"href":"https:\/\/www.sisinternational.com\/fr\/wp-json\/wp\/v2\/media\/64730"}],"wp:attachment":[{"href":"https:\/\/www.sisinternational.com\/fr\/wp-json\/wp\/v2\/media?parent=39682"}],"curies":[{"name":"wp","href":"https:\/\/api.w.org\/{rel}","templated":true}]}}