{"id":39680,"date":"2022-01-18T04:12:01","date_gmt":"2022-01-18T04:12:01","guid":{"rendered":"https:\/\/www.sisinternational.com\/?page_id=39680"},"modified":"2025-11-15T22:29:59","modified_gmt":"2025-11-16T03:29:59","slug":"etude-de-marche-sur-la-gestion-des-stocks","status":"publish","type":"page","link":"https:\/\/www.sisinternational.com\/fr\/competence\/etude-de-marche-sur-la-gestion-des-stocks\/","title":{"rendered":"\u00c9tude de march\u00e9 sur la gestion des stocks"},"content":{"rendered":"<h1 class=\"wp-block-heading\">\u00c9tude de march\u00e9 sur la gestion des stocks<\/h1>\n\n\n\n<figure class=\"gb-block-image gb-block-image-a5aa33cb\"><img loading=\"lazy\" decoding=\"async\" width=\"1456\" height=\"816\" class=\"gb-image gb-image-a5aa33cb\" src=\"https:\/\/www.sisinternational.com\/wp-content\/uploads\/2025\/08\/Inventory-Management-5.jpg\" alt=\"\u00c9tudes de march\u00e9 et strat\u00e9gie internationales SIS\" title=\"Inventory Management (5)\" srcset=\"https:\/\/www.sisinternational.com\/wp-content\/uploads\/2025\/08\/Inventory-Management-5.jpg 1456w, https:\/\/www.sisinternational.com\/wp-content\/uploads\/2025\/08\/Inventory-Management-5-300x168.jpg 300w, https:\/\/www.sisinternational.com\/wp-content\/uploads\/2025\/08\/Inventory-Management-5-1024x574.jpg 1024w, https:\/\/www.sisinternational.com\/wp-content\/uploads\/2025\/08\/Inventory-Management-5-768x430.jpg 768w, https:\/\/www.sisinternational.com\/wp-content\/uploads\/2025\/08\/Inventory-Management-5-18x10.jpg 18w\" sizes=\"auto, (max-width: 1456px) 100vw, 1456px\"><\/figure>\n\n\n\n<p><\/p>\n\n\n\n<hr class=\"wp-block-separator has-alpha-channel-opacity is-style-dots\"\/>\n\n\n\n<div class=\"wp-block-columns has-global-color-9-color has-text-color has-background has-link-color wp-elements-64f23921d9f3e9a12cb7b340a2a2e17f is-layout-flex wp-container-core-columns-is-layout-9d6595d7 wp-block-columns-is-layout-flex\" style=\"background-color:#f7f9fa6e\">\n<div class=\"wp-block-column is-layout-flow wp-block-column-is-layout-flow\" style=\"flex-basis:18%\"><\/div>\n\n\n\n<div class=\"wp-block-column is-vertically-aligned-center is-layout-flow wp-block-column-is-layout-flow\" style=\"flex-basis:71.28%\">\n<div class=\"wp-block-rank-math-toc-block aligncenter has-global-color-9-color has-text-color has-link-color wp-elements-03e0c2b6da8a1d7c284731af969d5f1d\" style=\"font-size:16px\" id=\"rank-math-toc\"><h2><br><strong>T<\/strong>able of Contents<\/h2><nav><ul><li class=\"\"><a href=\"#what-is-inventory-management\">Qu\u2019est-ce que la gestion des stocks ?<\/a><\/li><li class=\"\"><a href=\"#why-is-it-important\">Pourquoi c&#039;est important?<\/a><\/li><li class=\"\"><a href=\"#critical-jobs-in-inventory-management\">Emplois critiques en gestion des stocks<\/a><\/li><li class=\"\"><a href=\"#why-businesses-need-inventory-management\">Why Businesses Need Inventory Management<\/a><\/li><li class=\"\"><a href=\"#critical-success-factors-to-inventory-management\">Critical success factors for inventory management<\/a><\/li><li class=\"\"><a href=\"#about-inventory-management\">\u00c0 propos de la gestion des stocks<\/a><\/li><\/ul><\/nav><\/div>\n<\/div>\n<\/div>\n\n\n\n<p><\/p>\n\n\n\n<h2 class=\"wp-block-heading\" id=\"what-is-inventory-management\">Qu\u2019est-ce que la gestion des stocks ?<\/h2>\n\n\n\n<p>Companies sell goods and materials to make a profit. These goods are the company&#8217;s inventory. Since having that stock is so important, companies engage in inventory management. It is a planned way to source the goods that the company provides. Another function of Inventory Management is to handle the storing and selling of items.<\/p>\n\n\n\n<h2 class=\"wp-block-heading\" id=\"why-is-it-important\">Pourquoi c&#039;est important?<\/h2>\n\n\n\n<p>Inventory Management tracks all products in the company. It shows which items come in and how well they do in sales. Business owners can use it to plan things and improve warehouse stocking and shipments. It also keeps track of items that got spoiled, damaged, or stolen.<\/p>\n\n\n\n<h2 class=\"wp-block-heading\" id=\"critical-jobs-in-inventory-management\">Emplois critiques en gestion des stocks<\/h2>\n\n\n\n<p>Il existe de nombreux emplois dans la gestion des stocks. Voici quelques-uns:<\/p>\n\n\n\n<ul class=\"wp-block-list\">\n<li>Commis \u00e0 la production<\/li>\n\n\n\n<li>Commis d&#039;entrep\u00f4t<\/li>\n\n\n\n<li>Associ\u00e9 \u00e0 l&#039;inventaire<\/li>\n\n\n\n<li>Analyste de cat\u00e9gorie<\/li>\n\n\n\n<li>Responsable qualit\u00e9<\/li>\n<\/ul>\n\n\n\n<h2 class=\"wp-block-heading\" id=\"why-businesses-need-inventory-management\">Why Businesses Need Inventory Management<\/h2>\n\n\n\n<figure class=\"gb-block-image gb-block-image-97dc064d\"><img loading=\"lazy\" decoding=\"async\" width=\"1456\" height=\"816\" class=\"gb-image gb-image-97dc064d\" src=\"https:\/\/www.sisinternational.com\/wp-content\/uploads\/2025\/08\/Inventory-Management-4.jpg\" alt=\"\u00c9tudes de march\u00e9 et strat\u00e9gie internationales SIS\" title=\"Inventory Management (4)\" srcset=\"https:\/\/www.sisinternational.com\/wp-content\/uploads\/2025\/08\/Inventory-Management-4.jpg 1456w, https:\/\/www.sisinternational.com\/wp-content\/uploads\/2025\/08\/Inventory-Management-4-300x168.jpg 300w, https:\/\/www.sisinternational.com\/wp-content\/uploads\/2025\/08\/Inventory-Management-4-1024x574.jpg 1024w, https:\/\/www.sisinternational.com\/wp-content\/uploads\/2025\/08\/Inventory-Management-4-768x430.jpg 768w, https:\/\/www.sisinternational.com\/wp-content\/uploads\/2025\/08\/Inventory-Management-4-18x10.jpg 18w\" sizes=\"auto, (max-width: 1456px) 100vw, 1456px\"><\/figure>\n\n\n\n<p><\/p>\n\n\n\n<h3 class=\"wp-block-heading\">Pour fournir un excellent service<\/h3>\n\n\n\n<p>It helps businesses understand what consumers want. In turn, the company can provide services or goods to them on time and often. When a company manages its inventory well, it will meet consumer needs. Customers become displeased when a firm fails in this task. This situation can force them to go to another company.<\/p>\n\n\n\n<h3 class=\"wp-block-heading\">Faire un profit<\/h3>\n\n\n\n<p>Companies will keep track of trending goods. In that way, they will not order too much or too little of some items. The company will save money if they don\u2019t have too much inventory. It brings down insurance costs. It also prevents waste that can result from low sales or damage.<\/p>\n\n\n\n<h3 class=\"wp-block-heading\">Pour aider \u00e0 la croissance<\/h3>\n\n\n\n<p>When a company can give customers what they want, customers are more likely to return. Additionally, they will tell other people about the company. This word-of-mouth advertising will lead to customer growth. Good Inventory Management is one of the things that will help the company deal with increased customer demand.<\/p>\n\n\n\n<h2 class=\"wp-block-heading\" id=\"critical-success-factors-to-inventory-management\">Critical success factors for inventory management<\/h2>\n\n\n\n<figure class=\"gb-block-image gb-block-image-a54dada4\"><img loading=\"lazy\" decoding=\"async\" width=\"1456\" height=\"816\" class=\"gb-image gb-image-a54dada4\" src=\"https:\/\/www.sisinternational.com\/wp-content\/uploads\/2025\/08\/Inventory-Management-3.jpg\" alt=\"\u00c9tudes de march\u00e9 et strat\u00e9gie internationales SIS\" title=\"Inventory Management (3)\" srcset=\"https:\/\/www.sisinternational.com\/wp-content\/uploads\/2025\/08\/Inventory-Management-3.jpg 1456w, https:\/\/www.sisinternational.com\/wp-content\/uploads\/2025\/08\/Inventory-Management-3-300x168.jpg 300w, https:\/\/www.sisinternational.com\/wp-content\/uploads\/2025\/08\/Inventory-Management-3-1024x574.jpg 1024w, https:\/\/www.sisinternational.com\/wp-content\/uploads\/2025\/08\/Inventory-Management-3-768x430.jpg 768w, https:\/\/www.sisinternational.com\/wp-content\/uploads\/2025\/08\/Inventory-Management-3-18x10.jpg 18w\" sizes=\"auto, (max-width: 1456px) 100vw, 1456px\"><\/figure>\n\n\n\n<p><\/p>\n\n\n\n<h3 class=\"wp-block-heading\">Connaissez votre activit\u00e9<\/h3>\n\n\n\n<p>Companies should maintain detailed records of all stock activity. The business owner should know about product transfers, damaged or missing stock. It would also be good practice to have this information in reports. The reports should also be easy to find and easy to understand.<\/p>\n\n\n\n<h3 class=\"wp-block-heading\">Gardez le d\u00e9compte quotidien<\/h3>\n\n\n\n<p>Les entreprises doivent tenir un d\u00e9compte quotidien des articles. Cette proc\u00e9dure simple est la seule fa\u00e7on de planifier les commandes futures.<\/p>\n\n\n\n<p>Avoir le bon logiciel de gestion des stocks<\/p>\n\n\n\n<p>Doing inventory by hand can work for small businesses, but not larger ones. As the business grows, Inventory Management will become more difficult. It will take plenty of time, and people can make mistakes. Thus, a company should invest in the right Inventory Management software.<\/p>\n\n\n\n<h3 class=\"wp-block-heading\">Concentrez-vous sur l&#039;inventaire<\/h3>\n\n\n\n<p>La meilleure fa\u00e7on de g\u00e9rer les stocks est de conna\u00eetre votre stock. Sachez quels articles se vendent rapidement, lesquels restent longtemps dans les rayons et lesquels se situent entre les deux. Gr\u00e2ce \u00e0 cela, une entreprise pourra planifier les futurs besoins des consommateurs et du march\u00e9. Ainsi, l\u2019entreprise pourra rivaliser avec les autres.<\/p>\n\n\n\n<p><\/p>\n\n\n\n<!DOCTYPE html>\n<html lang=\"en\">\n<head>\n    <meta charset=\"UTF-8\">\n    <meta name=\"viewport\" content=\"width=device-width, initial-scale=1.0\">\n    <title>AI Blog Banner<\/title>\n    <style>\n        * {\n            margin: 0;\n            padding: 0;\n            box-sizing: border-box;\n        }\n\n        .banner {\n            position: relative;\n            width: 100%;\n            height: 350px;\n            overflow: hidden;\n            display: flex;\n            align-items: center;\n            justify-content: center;\n            font-family: 'Arial', sans-serif;\n            border-radius: 25px;\n        }\n\n        .animated-background {\n            position: absolute;\n            top: 0;\n            left: 0;\n            width: 100%;\n            height: 100%;\n            background: linear-gradient(45deg, #003f6b, #2d5a7b, #003f6b, #2d5a7b);\n            background-size: 400% 400%;\n            animation: gradientMove 8s ease-in-out infinite;\n        }\n\n        .ai-pattern {\n            position: absolute;\n            top: 0;\n            left: 0;\n            width: 100%;\n            height: 100%;\n            opacity: 0.1;\n            background-image: \n                radial-gradient(circle at 20% 20%, rgba(255,255,255,0.3) 2px, transparent 2px),\n                radial-gradient(circle at 80% 80%, rgba(255,255,255,0.2) 1px, transparent 1px),\n                radial-gradient(circle at 40% 60%, rgba(255,255,255,0.15) 1.5px, transparent 1.5px),\n                radial-gradient(circle at 60% 20%, rgba(255,255,255,0.25) 1px, transparent 1px),\n                radial-gradient(circle at 80% 40%, rgba(255,255,255,0.2) 2px, transparent 2px);\n            background-size: 100px 100px, 150px 150px, 80px 80px, 120px 120px, 90px 90px;\n            animation: patternFloat 12s linear infinite;\n        }\n\n        .neural-network {\n            position: absolute;\n            top: 0;\n            left: 0;\n            width: 100%;\n            height: 100%;\n            opacity: 0.08;\n        }\n\n        .neural-line {\n            position: absolute;\n            height: 1px;\n            background: linear-gradient(90deg, transparent, rgba(255,255,255,0.5), transparent);\n            animation: neuralPulse 6s ease-in-out infinite;\n        }\n\n        .neural-line:nth-child(1) {\n            top: 30%;\n            left: 0;\n            width: 60%;\n            animation-delay: 0s;\n        }\n\n        .neural-line:nth-child(2) {\n            top: 50%;\n            right: 0;\n            width: 70%;\n            animation-delay: 2s;\n        }\n\n        .neural-line:nth-child(3) {\n            top: 70%;\n            left: 20%;\n            width: 50%;\n            animation-delay: 4s;\n        }\n\n        .content {\n            position: relative;\n            z-index: 10;\n            text-align: center;\n            color: white !important;\n            max-width: 800px;\n            padding: 30px;\n        }\n\n        .content * {\n            color: white !important;\n        }\n\n        .cta-text {\n            font-size: 1.9rem;\n            font-weight: 700;\n            margin-bottom: 15px;\n            color: white !important;\n            background: linear-gradient(90deg, rgba(255,255,255,0.6), rgba(255,255,255,1), rgba(230,230,230,1), rgba(255,255,255,1), rgba(240,240,240,0.8), rgba(255,255,255,0.6));\n            background-size: 200% 100%;\n            -webkit-background-clip: text;\n            -webkit-text-fill-color: transparent;\n            background-clip: text;\n            animation: shineEffect 10s ease-in-out infinite;\n            line-height: 1.3;\n        }\n\n        .cta-subheading {\n            font-size: 1rem;\n            font-weight: 400;\n            margin-bottom: 25px;\n            color: white !important;\n            line-height: 1.6;\n            opacity: 0.95;\n        }\n\n        .cta-button {\n            background: linear-gradient(135deg, #8a6b0f, #bd9013, #d4a519);\n            border: 2px solid #8a6b0f;\n            color: white !important;\n            padding: 18px 40px;\n            font-size: 1.2rem;\n            font-weight: 600;\n            border-radius: 50px;\n            cursor: pointer;\n            transition: all 0.3s ease;\n            text-decoration: none;\n            display: inline-block;\n            position: relative;\n            overflow: hidden;\n        }\n\n        .cta-button::before {\n            content: '';\n            position: absolute;\n            top: 0;\n            left: -100%;\n            width: 100%;\n            height: 100%;\n            background: linear-gradient(90deg, \n                transparent 0%, \n                rgba(255, 255, 255, 0.3) 25%,\n                rgba(255, 255, 255, 0.6) 50%,\n                rgba(255, 255, 255, 0.3) 75%,\n                transparent 100%);\n            animation: shine 3s ease-in-out infinite;\n        }\n\n        .cta-button:hover {\n            transform: translateY(-3px);\n            box-shadow: 0 10px 25px rgba(0,0,0,0.2);\n            border-color: #bd9013;\n            background: linear-gradient(135deg, #bd9013, #d4a519, #e6b61f);\n        }\n\n        .floating-elements {\n            position: absolute;\n            top: 0;\n            left: 0;\n            width: 100%;\n            height: 100%;\n            pointer-events: none;\n        }\n\n        .floating-circle {\n            position: absolute;\n            border-radius: 50%;\n            background: rgba(255,255,255,0.1);\n            animation: float 8s ease-in-out infinite;\n        }\n\n        .floating-circle:nth-child(1) {\n            width: 80px;\n            height: 80px;\n            top: 20%;\n            left: 10%;\n            animation-delay: 0s;\n        }\n\n        .floating-circle:nth-child(2) {\n            width: 60px;\n            height: 60px;\n            top: 60%;\n            right: 15%;\n            animation-delay: 3s;\n        }\n\n        .floating-circle:nth-child(3) {\n            width: 40px;\n            height: 40px;\n            top: 80%;\n            left: 80%;\n            animation-delay: 6s;\n        }\n\n        .floating-circle:nth-child(4) {\n            width: 70px;\n            height: 70px;\n            top: 10%;\n            right: 20%;\n            animation-delay: 1.5s;\n        }\n\n        .floating-circle:nth-child(5) {\n            width: 50px;\n            height: 50px;\n            top: 75%;\n            left: 30%;\n            animation-delay: 4.5s;\n        }\n\n        @keyframes gradientMove {\n            0% { background-position: 0% 50%; }\n            25% { background-position: 100% 50%; }\n            50% { background-position: 100% 100%; }\n            75% { background-position: 0% 100%; }\n            100% { background-position: 0% 50%; }\n        }\n\n        @keyframes patternFloat {\n            0% { transform: translateX(0) translateY(0); }\n            33% { transform: translateX(30px) translateY(-20px); }\n            66% { transform: translateX(-20px) translateY(10px); }\n            100% { transform: translateX(0) translateY(0); }\n        }\n\n        @keyframes neuralPulse {\n            0%, 100% { opacity: 0.08; }\n            50% { opacity: 0.2; }\n        }\n\n        @keyframes shineEffect {\n            0% { background-position: 200% 0; }\n            100% { background-position: -200% 0; }\n        }\n\n        @keyframes shine {\n            0% {\n                left: -100%;\n            }\n            20%, 100% {\n                left: 100%;\n            }\n        }\n\n        @keyframes float {\n            0%, 100% { transform: translateY(0px) rotate(0deg); }\n            33% { transform: translateY(-30px) rotate(120deg); }\n            66% { transform: translateY(15px) rotate(240deg); }\n        }\n\n        @media (max-width: 768px) {\n            .banner {\n                height: 320px;\n                padding: 30px 0;\n            }\n            \n            .content {\n                padding: 40px 20px;\n            }\n            \n            .cta-text {\n                font-size: 1.3rem;\n                margin-bottom: 12px;\n            }\n            \n            .cta-subheading {\n                font-size: 0.85rem;\n                margin-bottom: 20px;\n            }\n            \n            .cta-button {\n                padding: 14px 28px;\n                font-size: 0.95rem;\n            }\n        }\n    <\/style>\n<\/head>\n<body>\n    <div class=\"banner\">\n        <div class=\"animated-background\"><\/div>\n        \n        <div class=\"ai-pattern\"><\/div>\n        \n        <div class=\"neural-network\">\n            <div class=\"neural-line\"><\/div>\n            <div class=\"neural-line\"><\/div>\n            <div class=\"neural-line\"><\/div>\n        <\/div>\n        \n        <div class=\"floating-elements\">\n            <div class=\"floating-circle\"><\/div>\n            <div class=\"floating-circle\"><\/div>\n            <div class=\"floating-circle\"><\/div>\n            <div class=\"floating-circle\"><\/div>\n            <div class=\"floating-circle\"><\/div>\n        <\/div>\n        \n        <div class=\"content\">\n            <div class=\"cta-text\">Ready to explore the insights that drive smarter decisions?<\/div>\n            <div class=\"cta-subheading\">Contact our Research experts today.<\/div>\n            <a href=\"mailto:Research@sisinternational.com\" class=\"cta-button\">Contact us now!<\/a>\n        <\/div>\n    <\/div>\n<\/body>\n<\/html>\n\n\n\n<p><\/p>\n\n\n\n<h2 class=\"wp-block-heading\" id=\"about-inventory-management\">\u00c0 propos de la gestion des stocks<\/h2>\n\n\n\n<p>Inventory management is an essential part of running a business. A wise business owner will do Quantitative and Qualitative research to improve their Inventory Management. Strategy research is also important.<\/p>\n\n\n\n<p>Cette recherche peut avoir lieu avant d&#039;ajouter un nouveau produit. Par exemple, une entreprise qui vend des boissons enverra des sondages aux clients. L&#039;enqu\u00eate peut poser des questions sur les saveurs pr\u00e9f\u00e9r\u00e9es des clients. Les entreprises peuvent \u00e9galement utiliser des groupes de discussion pour parler aux clients.<\/p>\n\n\n\n<p>Une autre excellente fa\u00e7on d\u2019effectuer des recherches consiste \u00e0 permettre aux clients d\u2019\u00e9valuer les produits qu\u2019ils ont utilis\u00e9s. Si le produit re\u00e7oit de nombreuses bonnes critiques, le propri\u00e9taire de l\u2019entreprise peut en acheter davantage. Mais si les retours sont m\u00e9diocres, ils peuvent am\u00e9liorer le bien ou le service ou modifier la fa\u00e7on dont ils le commercialisent. L\u2019entreprise peut \u00e9galement choisir de cesser de vendre l\u2019article.<\/p>\n\n\n<h2>Notre emplacement \u00e0 New York<\/h2>\n<p><!-- \/wp:post-content --> <!-- wp:html --> <iframe loading=\"lazy\" src=\"https:\/\/www.google.com\/maps\/embed?pb=!1m18!1m12!1m3!1d3022.976188376966!2d-73.99130312499956!3d40.740549471389315!2m3!1f0!2f0!3f0!3m2!1i1024!2i768!4f13.1!3m3!1m2!1s0x89c259a15798c731%3A0xd695d09bdd495f25!2s11%20E%2022nd%20St%20FL%202%2C%20New%20York%2C%20NY%2010010%2C%20USA!5e0!3m2!1sen!2spe!4v1726171763526!5m2!1sen!2spe\" width=\"600\" height=\"450\" allowfullscreen=\"allowfullscreen\" data-mce-fragment=\"1\"><\/iframe> <!-- \/wp:html --> <!-- wp:paragraph --><\/p>\n<h3 class=\"wp-block-heading\">11 E 22nd Street, \u00e9tage 2, New York, NY 10010 T\u00e9l. : +1(212) 505-6805<\/h3>\n<hr \/>\n<h2><span style=\"font-weight: 400;\">\u00c0 propos de SIS International<\/span><\/h2>\n<p><a href=\"https:\/\/www.sisinternational.com\/fr\/\"><span style=\"font-weight: 400;\">SIS International<\/span><\/a><span style=\"font-weight: 400;\"> propose des recherches quantitatives, qualitatives et strat\u00e9giques. Nous fournissons des donn\u00e9es, des outils, des strat\u00e9gies, des rapports et des informations pour la prise de d\u00e9cision. Nous menons \u00e9galement des entretiens, des enqu\u00eates, des groupes de discussion et d\u2019autres m\u00e9thodes et approches d\u2019\u00e9tudes de march\u00e9.<\/span><a href=\"https:\/\/www.sisinternational.com\/fr\/a-propos-de-la-recherche-internationale-sis\/contact-sis-international-market-research\/\"><span style=\"font-weight: 400;\"> Contactez nous<\/span><\/a><span style=\"font-weight: 400;\"> pour votre prochain projet d&#039;\u00e9tude de march\u00e9.<\/span><\/p>\n<p><!-- wp:heading --><\/p>\n<h2 id=\"about-sis-international\" class=\"wp-block-heading\">\u00a0<\/h2>\n<p><!-- \/wp:heading --><\/p>","protected":false},"excerpt":{"rendered":"<p>Les \u00e9tudes de march\u00e9 sur la gestion des stocks aident les entreprises \u00e0 comprendre la demande des consommateurs, leur permettant ainsi de fournir des services ou des biens adapt\u00e9s et opportuns.<\/p>","protected":false},"author":1,"featured_media":64929,"parent":14514,"menu_order":89,"comment_status":"closed","ping_status":"closed","template":"","meta":{"footnotes":""},"class_list":["post-39680","page","type-page","status-publish","has-post-thumbnail"],"_links":{"self":[{"href":"https:\/\/www.sisinternational.com\/fr\/wp-json\/wp\/v2\/pages\/39680","targetHints":{"allow":["GET"]}}],"collection":[{"href":"https:\/\/www.sisinternational.com\/fr\/wp-json\/wp\/v2\/pages"}],"about":[{"href":"https:\/\/www.sisinternational.com\/fr\/wp-json\/wp\/v2\/types\/page"}],"author":[{"embeddable":true,"href":"https:\/\/www.sisinternational.com\/fr\/wp-json\/wp\/v2\/users\/1"}],"replies":[{"embeddable":true,"href":"https:\/\/www.sisinternational.com\/fr\/wp-json\/wp\/v2\/comments?post=39680"}],"version-history":[{"count":10,"href":"https:\/\/www.sisinternational.com\/fr\/wp-json\/wp\/v2\/pages\/39680\/revisions"}],"predecessor-version":[{"id":73380,"href":"https:\/\/www.sisinternational.com\/fr\/wp-json\/wp\/v2\/pages\/39680\/revisions\/73380"}],"up":[{"embeddable":true,"href":"https:\/\/www.sisinternational.com\/fr\/wp-json\/wp\/v2\/pages\/14514"}],"wp:featuredmedia":[{"embeddable":true,"href":"https:\/\/www.sisinternational.com\/fr\/wp-json\/wp\/v2\/media\/64929"}],"wp:attachment":[{"href":"https:\/\/www.sisinternational.com\/fr\/wp-json\/wp\/v2\/media?parent=39680"}],"curies":[{"name":"wp","href":"https:\/\/api.w.org\/{rel}","templated":true}]}}