{"id":39678,"date":"2022-01-18T03:57:02","date_gmt":"2022-01-18T03:57:02","guid":{"rendered":"https:\/\/www.sisinternational.com\/?page_id=39678"},"modified":"2025-09-23T23:46:06","modified_gmt":"2025-09-24T03:46:06","slug":"etude-de-marche-manufacturiere","status":"publish","type":"page","link":"https:\/\/www.sisinternational.com\/fr\/solutions\/solutions-de-recherche-qualitative-et-quantitative\/etude-de-marche-manufacturiere\/","title":{"rendered":"\u00c9tude du march\u00e9 de la fabrication"},"content":{"rendered":"<h1 class=\"wp-block-heading\">\u00c9tude du march\u00e9 de la fabrication<\/h1>\n\n\n\n<figure class=\"gb-block-image gb-block-image-096bf92b\"><img loading=\"lazy\" decoding=\"async\" width=\"1456\" height=\"816\" class=\"gb-image gb-image-096bf92b\" src=\"https:\/\/www.sisinternational.com\/wp-content\/uploads\/2025\/08\/Manufacturing-6.jpg\" alt=\"\u00c9tudes de march\u00e9 et strat\u00e9gie internationales SIS\" title=\"Manufacturing (6)\" srcset=\"https:\/\/www.sisinternational.com\/wp-content\/uploads\/2025\/08\/Manufacturing-6.jpg 1456w, https:\/\/www.sisinternational.com\/wp-content\/uploads\/2025\/08\/Manufacturing-6-300x168.jpg 300w, https:\/\/www.sisinternational.com\/wp-content\/uploads\/2025\/08\/Manufacturing-6-1024x574.jpg 1024w, https:\/\/www.sisinternational.com\/wp-content\/uploads\/2025\/08\/Manufacturing-6-768x430.jpg 768w, https:\/\/www.sisinternational.com\/wp-content\/uploads\/2025\/08\/Manufacturing-6-18x10.jpg 18w\" sizes=\"auto, (max-width: 1456px) 100vw, 1456px\"><\/figure>\n\n\n\n<p><\/p>\n\n\n\n<hr class=\"wp-block-separator has-alpha-channel-opacity is-style-dots\"\/>\n\n\n\n<h2 class=\"wp-block-heading\">Emerging from the Pandemic amid big changes<\/h2>\n\n\n\n<p>The Global <a href=\"https:\/\/sisaisolutions.com\/application-of-ai-in-manufacturing\/\" target=\"_blank\" rel=\"noopener\">Manufacturing Market<\/a> emerged from the COVID pandemic, challenged by supply chain instability (headlined by a large-scale semiconductor shortage), rising freight and raw material costs, a workforce shortage, and an ever-expanding need for digital integrations and accessibility across all sectors. Furthermore, with US manufacturers reporting phishing or ransomware security incidents in the past 12 months, Cybersecurity has become a bigger need in the sector.<\/p>\n\n\n\n<p>Manufacturers are building back fast despite these significant headwinds with rising demand, and are expected to return to pre-pandemic production within several years.<\/p>\n\n\n\n<p>La pand\u00e9mie a pouss\u00e9 les fabricants \u00e0 ajuster leur approche omnicanal et \u00e0 cr\u00e9er des exp\u00e9riences engageantes avec leurs clients. En tant que tel, l\u2019accent proactif mis sur l\u2019efficacit\u00e9, l\u2019am\u00e9lioration des processus et l\u2019int\u00e9gration de nouvelles technologies fait progresser les meilleurs segments.<\/p>\n\n\n\n<h2 class=\"wp-block-heading\">IA, IIoT et technologies connect\u00e9es<\/h2>\n\n\n\n<p>Artificial Intelligence and the Industrial Internet of Things (IoT) have graduated from buzzwords to a prioritized focus, driving post-pandemic manufacturing improvement. Improved sensor data and investment in using that data through IoT, machine learning algorithms, predictive maintenance, and customer experience optimization tools have been a large driver in manufacturing\u2019s improved efficiency. For many industries like healthcare, retail, automotive, and transport, the IIoT will significantly improve reliability, production, and customer satisfaction. Acceleration in digital technology adoption will bring operational efficiencies to scale.<\/p>\n\n\n\n<p>Artificial Intelligence and the Industrial Internet of Things (IoT) have truly graduated from buzzwords to a prioritized focus, driving post-pandemic manufacturing improvement. Improved sensor data and investment in using that data through IoT, machine learning algorithms, predictive maintenance, and customer experience optimization tools have been a large driver in manufacturing\u2019s improved efficiency. For many industries like healthcare, retail, automotive, and transport, the IIoT will significantly improve reliability, production, and customer satisfaction.<\/p>\n\n\n\n<h2 class=\"wp-block-heading\">Donn\u00e9es pour une efficacit\u00e9 op\u00e9rationnelle am\u00e9lior\u00e9e<\/h2>\n\n\n\n<figure class=\"gb-block-image gb-block-image-0eac6ac6\"><img loading=\"lazy\" decoding=\"async\" width=\"1456\" height=\"816\" class=\"gb-image gb-image-0eac6ac6\" src=\"https:\/\/www.sisinternational.com\/wp-content\/uploads\/2025\/08\/Manufacturing-18.jpg\" alt=\"\u00c9tudes de march\u00e9 et strat\u00e9gie internationales SIS\" title=\"Manufacturing (18)\" srcset=\"https:\/\/www.sisinternational.com\/wp-content\/uploads\/2025\/08\/Manufacturing-18.jpg 1456w, https:\/\/www.sisinternational.com\/wp-content\/uploads\/2025\/08\/Manufacturing-18-300x168.jpg 300w, https:\/\/www.sisinternational.com\/wp-content\/uploads\/2025\/08\/Manufacturing-18-1024x574.jpg 1024w, https:\/\/www.sisinternational.com\/wp-content\/uploads\/2025\/08\/Manufacturing-18-768x430.jpg 768w, https:\/\/www.sisinternational.com\/wp-content\/uploads\/2025\/08\/Manufacturing-18-18x10.jpg 18w\" sizes=\"auto, (max-width: 1456px) 100vw, 1456px\"><\/figure>\n\n\n\n<p><\/p>\n\n\n\n<p>Multi-pronged supply chain strategies will help protect companies from the vast challenges and rising costs of goods. Leveraging existing and recently enhanced data \u201cfabrics\u201d to connect the dots and work through complex scenarios will find the most efficient outcome in supply chain-related problems. Advancements in so-called \u201cdigital supply networks\u201d and analytics systems help plan, provide additional reserve materials, and give manufacturers more isolation from the recent supply chain instability.<\/p>\n\n\n\n<p>Furthermore, existing and additional new staffing data can help understand concerns, improve retention, and improve overall work efficiencies as remote work becomes a desired alternative, even in the manufacturing world.<\/p>\n\n\n\n<h2 class=\"wp-block-heading\">Solutions d\u2019\u00e9tudes de march\u00e9 manufacturi\u00e8res<\/h2>\n\n\n\n<p><a href=\"https:\/\/www.linkedin.com\/company\/sisinternationalresearch\" target=\"_blank\" rel=\"noopener\">Recherche internationale SIS<\/a> has over 40+ years of experience in Market Research and Strategy Consulting in the Manufacturing industry.&nbsp; We conduct research with suppliers, manufacturers, wholesalers, retail partners, and other stakeholders.<\/p>\n\n\n\n<p>Nous fournissons:<\/p>\n\n\n\n<ul class=\"wp-block-list\">\n<li>Groupes de discussion<\/li>\n\n\n\n<li>Communaut\u00e9s Insight en ligne<\/li>\n\n\n\n<li>Entretiens approfondis<\/li>\n\n\n\n<li>Enqu\u00eates en ligne<\/li>\n\n\n\n<li>Multi-country &amp; <a class=\"wpil_keyword_link\" href=\"https:\/\/www.sisinternational.com\/fr\/competence\/etude-de-marche-brique\/\" title=\"\u00c9tude de march\u00e9 BRIC (Br\u00e9sil, Russie, Inde et Chine)\" data-wpil-keyword-link=\"linked\" data-wpil-monitor-id=\"739\">\u00c9tudes de march\u00e9 internationales<\/a><\/li>\n\n\n\n<li>Entr\u00e9e sur le march\u00e9, dimensionnement et opportunit\u00e9s<\/li>\n\n\n\n<li>Analyse strat\u00e9gique et concurrentielle<\/li>\n<\/ul>\n\n\n\n<h2 class=\"wp-block-heading\">Notre emplacement \u00e0 New York<\/h2>\n\n\n\n<p>  <iframe loading=\"lazy\" src=\"https:\/\/www.google.com\/maps\/embed?pb=!1m18!1m12!1m3!1d3022.976188376966!2d-73.99130312499956!3d40.740549471389315!2m3!1f0!2f0!3f0!3m2!1i1024!2i768!4f13.1!3m3!1m2!1s0x89c259a15798c731%3A0xd695d09bdd495f25!2s11%20E%2022nd%20St%20FL%202%2C%20New%20York%2C%20NY%2010010%2C%20USA!5e0!3m2!1sen!2spe!4v1726171763526!5m2!1sen!2spe\" width=\"600\" height=\"450\" allowfullscreen=\"allowfullscreen\" data-mce-fragment=\"1\"><\/iframe>  <\/p>\n\n\n\n<h3 class=\"wp-block-heading\">11 E 22nd Street, \u00e9tage 2, New York, NY 10010 T\u00e9l. : +1(212) 505-6805<\/h3>\n\n\n\n<hr class=\"wp-block-separator has-alpha-channel-opacity\"\/>\n\n\n\n<h2 class=\"wp-block-heading\"><span style=\"font-weight: 400;\">\u00c0 propos de SIS International<\/span><\/h2>\n\n\n\n<p><a href=\"https:\/\/www.sisinternational.com\/fr\/\"><span style=\"font-weight: 400;\">SIS International<\/span><\/a><span style=\"font-weight: 400;\"> propose des recherches quantitatives, qualitatives et strat\u00e9giques. Nous fournissons des donn\u00e9es, des outils, des strat\u00e9gies, des rapports et des informations pour la prise de d\u00e9cision. Nous menons \u00e9galement des entretiens, des enqu\u00eates, des groupes de discussion et d\u2019autres m\u00e9thodes et approches d\u2019\u00e9tudes de march\u00e9.<\/span><a href=\"https:\/\/www.sisinternational.com\/fr\/a-propos-de-la-recherche-internationale-sis\/contact-sis-international-market-research\/\"><span style=\"font-weight: 400;\"> Contactez nous<\/span><\/a><span style=\"font-weight: 400;\"> pour votre prochain projet d&#039;\u00e9tude de march\u00e9.<\/span><\/p>\n\n\n\n<p><\/p>","protected":false},"excerpt":{"rendered":"<p>Manufacturing Market Research Emerging from the Pandemic amid big changes The Global Manufacturing Market emerged from the COVID pandemic, challenged by supply chain instability (headlined by a large-scale semiconductor shortage), rising freight and raw material costs, a workforce shortage, and an ever-expanding need for digital integrations and accessibility across all sectors. Furthermore, with US manufacturers &#8230; <a title=\"\u00c9tude du march\u00e9 de la fabrication\" class=\"read-more\" href=\"https:\/\/www.sisinternational.com\/fr\/solutions\/solutions-de-recherche-qualitative-et-quantitative\/etude-de-marche-manufacturiere\/\" aria-label=\"En savoir plus sur Manufacturing Market Research\">Lire plus<\/a><\/p>","protected":false},"author":1,"featured_media":63708,"parent":14660,"menu_order":25,"comment_status":"closed","ping_status":"closed","template":"","meta":{"footnotes":""},"class_list":["post-39678","page","type-page","status-publish","has-post-thumbnail"],"_links":{"self":[{"href":"https:\/\/www.sisinternational.com\/fr\/wp-json\/wp\/v2\/pages\/39678","targetHints":{"allow":["GET"]}}],"collection":[{"href":"https:\/\/www.sisinternational.com\/fr\/wp-json\/wp\/v2\/pages"}],"about":[{"href":"https:\/\/www.sisinternational.com\/fr\/wp-json\/wp\/v2\/types\/page"}],"author":[{"embeddable":true,"href":"https:\/\/www.sisinternational.com\/fr\/wp-json\/wp\/v2\/users\/1"}],"replies":[{"embeddable":true,"href":"https:\/\/www.sisinternational.com\/fr\/wp-json\/wp\/v2\/comments?post=39678"}],"version-history":[{"count":7,"href":"https:\/\/www.sisinternational.com\/fr\/wp-json\/wp\/v2\/pages\/39678\/revisions"}],"predecessor-version":[{"id":75156,"href":"https:\/\/www.sisinternational.com\/fr\/wp-json\/wp\/v2\/pages\/39678\/revisions\/75156"}],"up":[{"embeddable":true,"href":"https:\/\/www.sisinternational.com\/fr\/wp-json\/wp\/v2\/pages\/14660"}],"wp:featuredmedia":[{"embeddable":true,"href":"https:\/\/www.sisinternational.com\/fr\/wp-json\/wp\/v2\/media\/63708"}],"wp:attachment":[{"href":"https:\/\/www.sisinternational.com\/fr\/wp-json\/wp\/v2\/media?parent=39678"}],"curies":[{"name":"wp","href":"https:\/\/api.w.org\/{rel}","templated":true}]}}