{"id":39617,"date":"2021-12-31T01:15:07","date_gmt":"2021-12-31T01:15:07","guid":{"rendered":"https:\/\/www.sisinternational.com\/?page_id=39617"},"modified":"2026-01-24T20:54:24","modified_gmt":"2026-01-25T01:54:24","slug":"etude-de-marche-sur-la-chaine-dapprovisionnement","status":"publish","type":"page","link":"https:\/\/www.sisinternational.com\/fr\/solutions\/conseil-en-strategie\/etude-de-marche-sur-la-chaine-dapprovisionnement\/","title":{"rendered":"\u00c9tude de march\u00e9 sur la cha\u00eene d\u2019approvisionnement"},"content":{"rendered":"<h1 class=\"wp-block-heading\">\u00c9tude de march\u00e9 sur la cha\u00eene d\u2019approvisionnement<\/h1>\n\n\n\n<figure class=\"gb-block-image gb-block-image-2702dab9\"><img loading=\"lazy\" decoding=\"async\" width=\"1456\" height=\"816\" class=\"gb-image gb-image-2702dab9\" src=\"https:\/\/www.sisinternational.com\/wp-content\/uploads\/2025\/08\/Freight-3.jpg\" alt=\"\u00c9tudes de march\u00e9 et strat\u00e9gie internationales SIS\" title=\"Freight (3)\" srcset=\"https:\/\/www.sisinternational.com\/wp-content\/uploads\/2025\/08\/Freight-3.jpg 1456w, https:\/\/www.sisinternational.com\/wp-content\/uploads\/2025\/08\/Freight-3-300x168.jpg 300w, https:\/\/www.sisinternational.com\/wp-content\/uploads\/2025\/08\/Freight-3-1024x574.jpg 1024w, https:\/\/www.sisinternational.com\/wp-content\/uploads\/2025\/08\/Freight-3-768x430.jpg 768w, https:\/\/www.sisinternational.com\/wp-content\/uploads\/2025\/08\/Freight-3-18x10.jpg 18w\" sizes=\"auto, (max-width: 1456px) 100vw, 1456px\"><\/figure>\n\n\n\n<p><\/p>\n\n\n\n<h2 class=\"wp-block-heading\">Qu\u2019est-ce que l\u2019\u00e9tude de march\u00e9 sur la cha\u00eene d\u2019approvisionnement ?<\/h2>\n\n\n\n<p>Une cha\u00eene d&#039;approvisionnement est un r\u00e9seau entre fournisseurs et acheteurs qui fabrique des produits, puis les distribue \u00e0 l&#039;acheteur final. La cha\u00eene d&#039;approvisionnement couvre chaque \u00e9tape du processus de production. Ceux-ci incluent des \u00e9l\u00e9ments tels que des personnes, des entit\u00e9s, des donn\u00e9es et des ressources.<\/p>\n\n\n\n<p>There are different supply chain models. The continuous flow model is one that many companies use. It is best for products that are the same and are in high demand. Managers constantly replace the raw materials to <a href=\"https:\/\/www.sisinternational.com\/fr\/what-is-a-value-proposition-canvas-the-game-changing-framework-that-prevents-product-failures\/\" title=\"What Is a Value Proposition Canvas? &#091;The Game-Changing Framework That Prevents Product Failures&#093;\"  data-wpil-monitor-id=\"8641\">prevent bottlenecks in production<\/a>.<\/p>\n\n\n\n<p>Another one is the fast chain model. It is best suited for <a href=\"https:\/\/www.sisinternational.com\/fr\/societe-de-prevision-des-principales-tendances-du-secteur-b2b\/\" title=\"Entreprise de pr\u00e9vision des principales tendances du secteur B2B\"  data-wpil-monitor-id=\"8645\">companies that sell products based on trends<\/a>. These products have a limited time appeal. In this case, ideas move from prototype to <a href=\"https:\/\/www.sisinternational.com\/fr\/solutions\/test-de-gout\/test-de-produits-de-consommation-a-new-york\/\" title=\"Tests de produits de consommation \u00e0 New York\"  data-wpil-monitor-id=\"8640\">production to consumer<\/a> very fast.<\/p>\n\n\n\n<p>The flexible model is also popular. <a href=\"https:\/\/www.sisinternational.com\/fr\/solutions\/test-de-gout\/product-testing-for-companies\/\" title=\"Product Testing for Companies\"  data-wpil-monitor-id=\"8646\">Companies that make seasonal products<\/a> use this model, where items surge in demand during peak periods. There\u2019s little or no need for these goods otherwise (for example, Christmas decorations). This model allows quick production starts and efficient shutdowns. It relies on accurate demand forecasts to determine raw material needs.<\/p>\n\n\n\n<h2 class=\"wp-block-heading\">Pourquoi c&#039;est important?<\/h2>\n\n\n\n<p>Les cha\u00eenes d&#039;approvisionnement aident les entreprises \u00e0 r\u00e9duire leurs co\u00fbts et \u00e0 \u00eatre comp\u00e9titives.<\/p>\n\n\n\n<p>La rapidit\u00e9 avec laquelle un produit \u00e9volue dans la cha\u00eene d\u2019approvisionnement affecte les b\u00e9n\u00e9fices. Lorsque les fournisseurs peuvent livrer rapidement des produits co\u00fbteux, cela aide les d\u00e9taillants \u00e0 les vendre rapidement. Ainsi, les magasins peuvent \u00e9viter des co\u00fbts d\u2019inventaire \u00e9lev\u00e9s. Lorsque les mat\u00e9riaux circulent rapidement dans la cha\u00eene d\u2019approvisionnement, cela r\u00e9duit \u00e9galement les co\u00fbts de production. De plus, cela \u00e9vite les p\u00e9nuries. Ainsi, la production peut continuer et il n\u2019y a aucune perte de revenus.<\/p>\n\n\n\n<p>Supply chains play a crucial role in countries\u2019 economies. More market growth occurs in societies with well-developed <a href=\"https:\/\/www.sisinternational.com\/fr\/solutions\/recherche-de-conseil-en-strategie-fintech\/etude-de-marche-sur-le-financement-de-la-chaine-dapprovisionnement\/\" title=\"\u00c9tude de march\u00e9 sur le financement de la cha\u00eene d\u2019approvisionnement\"  data-wpil-monitor-id=\"8643\">supply<\/a> chains. As businesses trade goods at a fast rate, more consumers can buy at a low cost. Supply chains can thus help to raise the standard of living in society.<\/p>\n\n\n\n<p>Les diff\u00e9rentes \u00e9tapes de la cha\u00eene d\u2019approvisionnement fournissent \u00e9galement des emplois \u00e0 de nombreuses personnes.<\/p>\n\n\n\n<h2 class=\"wp-block-heading\">Titres de poste cl\u00e9s<\/h2>\n\n\n\n<p>Many roles within a supply chain are crucial to its success. These roles pay close attention to the logistics that occur. Some examples are:<\/p>\n\n\n\n<p>1. Responsables de la cha\u00eene d&#039;approvisionnement<\/p>\n\n\n\n<p>2. Agents d&#039;achat<\/p>\n\n\n\n<p>3. Analystes logistiques<\/p>\n\n\n\n<p>4. Responsable des op\u00e9rations<\/p>\n\n\n\n<h2 class=\"wp-block-heading\">Pourquoi les entreprises ont besoin d&#039;une cha\u00eene d&#039;approvisionnement<\/h2>\n\n\n\n<p>Une entreprise qui implique le mouvement de marchandises d\u2019un fournisseur \u00e0 l\u2019acheteur doit disposer d\u2019une cha\u00eene d\u2019approvisionnement. La cha\u00eene peut prendre une forme diff\u00e9rente en fonction de la nature de l&#039;entreprise. Malgr\u00e9 cela, une entreprise doit veiller \u00e0 ce que sa cha\u00eene d\u2019approvisionnement soit optimale. C&#039;est le meilleur moyen de garantir un maximum de profits.<\/p>\n\n\n\n<h2 class=\"wp-block-heading\">Facteurs cl\u00e9s de succ\u00e8s<\/h2>\n\n\n\n<p>Supply chains achieve <a href=\"https:\/\/www.sisinternational.com\/fr\/facteurs-cles-de-succes-dans-les-etudes-de-marche-automobile\/\" title=\"Facteurs cl\u00e9s de succ\u00e8s dans les \u00e9tudes de march\u00e9 automobile\"  data-wpil-monitor-id=\"8642\">success due to many factors<\/a>.<\/p>\n\n\n\n<p>Par exemple, la capacit\u00e9 d\u2019innover est un facteur cl\u00e9. De cette mani\u00e8re, la cha\u00eene d\u2019approvisionnement continue de cro\u00eetre. Cette croissance implique l\u2019utilisation de nouveaux syst\u00e8mes tels que la technologie cloud. Une autre nouvelle m\u00e9thode consiste \u00e0 utiliser des outils d&#039;int\u00e9gration de pointe, qui permettent aux syst\u00e8mes d&#039;une entreprise de partager des informations. L\u2019utilisation de technologies mobiles avanc\u00e9es constitue \u00e9galement une autre innovation.<\/p>\n\n\n\n<p>Les cha\u00eenes d\u2019approvisionnement efficaces reposent \u00e9galement sur les donn\u00e9es. Votre entreprise peut utiliser les donn\u00e9es recueillies aupr\u00e8s de la cha\u00eene d&#039;approvisionnement pour l&#039;aider \u00e0 mieux fonctionner.<\/p>\n\n\n\n<p>Un autre facteur critique est la capacit\u00e9 \u00e0 responsabiliser les employ\u00e9s. L&#039;autonomisation aide les travailleurs \u00e0 s&#039;investir dans le succ\u00e8s de la cha\u00eene d&#039;approvisionnement. En cons\u00e9quence, ils fonctionnent mieux.<\/p>\n\n\n\n<p>Having a transparent system is also crucial. Such a system involves <a href=\"https:\/\/www.sisinternational.com\/fr\/solutions\/conseil-en-strategie\/analyse-des-donnees\/\" title=\"Soci\u00e9t\u00e9 d&#039;analyse de donn\u00e9es\"  data-wpil-monitor-id=\"8644\">data sharing through the entire company<\/a>. Thus, all aspects connect well. As a result, the business becomes more efficient and gains more profits. It helps the business maintain control. It enables the company to take better account of its operation and become more compliant.<\/p>\n\n\n\n<p>La capacit\u00e9 \u00e0 faire face \u00e0 des changements soudains est un autre facteur essentiel de r\u00e9ussite. Les choses changent toujours. De nombreux obstacles peuvent surgir, notamment au sein de la cha\u00eene d\u2019approvisionnement. Une fois qu\u2019elle peut s\u2019adapter \u00e0 ces changements, elle peut r\u00e9ussir.<\/p>\n\n\n\n<h2 class=\"wp-block-heading\">\u00c0 propos de l\u2019\u00e9tude de march\u00e9 sur la cha\u00eene d\u2019approvisionnement<\/h2>\n\n\n\n<p>For best results, <a href=\"https:\/\/www.sisinternational.com\/fr\/societe-mondiale-de-recherche-quantitative-de-marche-de-premier-plan\/\" title=\"Soci\u00e9t\u00e9 mondiale de recherche quantitative sur le march\u00e9 de premier plan\"  data-wpil-monitor-id=\"8647\">companies need to do Quantitative<\/a>, Qualitative, and Strategy Research. This research can be in the form of interviews, surveys, or focus groups.<\/p>\n\n\n\n<p>Supply <a href=\"https:\/\/www.sisinternational.com\/fr\/solutions\/conseil-en-tourisme-de-voyage-et-en-hotellerie\/etude-de-marche-dune-chaine-hoteliere\/\" title=\"\u00c9tude de march\u00e9 des cha\u00eenes h\u00f4teli\u00e8res\"  data-wpil-monitor-id=\"3016\">Chain market research<\/a> is vital for businesses wishing to maximize profits. It provides insight into risks and ways to improve the process. These insights also help avoid losses.<\/p>\n\n\n\n<p><\/p>","protected":false},"excerpt":{"rendered":"<p>Les cha\u00eenes d&#039;approvisionnement jouent un r\u00f4le crucial dans les \u00e9conomies des pays. Une plus grande croissance du march\u00e9 se produit dans les soci\u00e9t\u00e9s dot\u00e9es de cha\u00eenes d\u2019approvisionnement bien d\u00e9velopp\u00e9es.<\/p>","protected":false},"author":1,"featured_media":63816,"parent":14567,"menu_order":24,"comment_status":"closed","ping_status":"closed","template":"","meta":{"footnotes":""},"class_list":["post-39617","page","type-page","status-publish","has-post-thumbnail"],"_links":{"self":[{"href":"https:\/\/www.sisinternational.com\/fr\/wp-json\/wp\/v2\/pages\/39617","targetHints":{"allow":["GET"]}}],"collection":[{"href":"https:\/\/www.sisinternational.com\/fr\/wp-json\/wp\/v2\/pages"}],"about":[{"href":"https:\/\/www.sisinternational.com\/fr\/wp-json\/wp\/v2\/types\/page"}],"author":[{"embeddable":true,"href":"https:\/\/www.sisinternational.com\/fr\/wp-json\/wp\/v2\/users\/1"}],"replies":[{"embeddable":true,"href":"https:\/\/www.sisinternational.com\/fr\/wp-json\/wp\/v2\/comments?post=39617"}],"version-history":[{"count":6,"href":"https:\/\/www.sisinternational.com\/fr\/wp-json\/wp\/v2\/pages\/39617\/revisions"}],"predecessor-version":[{"id":81449,"href":"https:\/\/www.sisinternational.com\/fr\/wp-json\/wp\/v2\/pages\/39617\/revisions\/81449"}],"up":[{"embeddable":true,"href":"https:\/\/www.sisinternational.com\/fr\/wp-json\/wp\/v2\/pages\/14567"}],"wp:featuredmedia":[{"embeddable":true,"href":"https:\/\/www.sisinternational.com\/fr\/wp-json\/wp\/v2\/media\/63816"}],"wp:attachment":[{"href":"https:\/\/www.sisinternational.com\/fr\/wp-json\/wp\/v2\/media?parent=39617"}],"curies":[{"name":"wp","href":"https:\/\/api.w.org\/{rel}","templated":true}]}}