{"id":39615,"date":"2021-12-31T01:13:59","date_gmt":"2021-12-31T01:13:59","guid":{"rendered":"https:\/\/www.sisinternational.com\/?page_id=39615"},"modified":"2026-01-26T17:04:46","modified_gmt":"2026-01-26T22:04:46","slug":"approvisionnement-strategique","status":"publish","type":"page","link":"https:\/\/www.sisinternational.com\/fr\/solutions\/conseil-en-strategie\/approvisionnement-strategique\/","title":{"rendered":"Conseil en approvisionnement strat\u00e9gique"},"content":{"rendered":"<h1 class=\"wp-block-heading\">Conseil en approvisionnement strat\u00e9gique<\/h1>\n\n\n\n<figure class=\"gb-block-image gb-block-image-616ad5d3\"><img loading=\"lazy\" decoding=\"async\" width=\"1456\" height=\"816\" class=\"gb-image gb-image-616ad5d3\" src=\"https:\/\/www.sisinternational.com\/wp-content\/uploads\/2025\/08\/Strategy-consulting-25.jpg\" alt=\"\u00c9tudes de march\u00e9 et strat\u00e9gie internationales SIS\" title=\"Strategy consulting (25)\" srcset=\"https:\/\/www.sisinternational.com\/wp-content\/uploads\/2025\/08\/Strategy-consulting-25.jpg 1456w, https:\/\/www.sisinternational.com\/wp-content\/uploads\/2025\/08\/Strategy-consulting-25-300x168.jpg 300w, https:\/\/www.sisinternational.com\/wp-content\/uploads\/2025\/08\/Strategy-consulting-25-1024x574.jpg 1024w, https:\/\/www.sisinternational.com\/wp-content\/uploads\/2025\/08\/Strategy-consulting-25-768x430.jpg 768w, https:\/\/www.sisinternational.com\/wp-content\/uploads\/2025\/08\/Strategy-consulting-25-18x10.jpg 18w\" sizes=\"auto, (max-width: 1456px) 100vw, 1456px\"><\/figure>\n\n\n\n<p><\/p>\n\n\n\n<h2 class=\"wp-block-heading\">Qu\u2019est-ce que l\u2019approvisionnement strat\u00e9gique ?<\/h2>\n\n\n\n<p>L&#039;approvisionnement strat\u00e9gique est un moyen de r\u00e9duire les co\u00fbts pour toutes les formes de capital. Cela r\u00e9duit les risques gr\u00e2ce \u00e0 une meilleure cha\u00eene d\u2019approvisionnement et augmente les prix. Il essaie \u00e9galement de pr\u00e9dire la visibilit\u00e9. De plus, l\u2019approvisionnement strat\u00e9gique prend en compte des aspects tels que les n\u00e9gociations contractuelles et la cha\u00eene d\u2019approvisionnement. Il examine \u00e9galement les mod\u00e8les d&#039;externalisation.<\/p>\n\n\n\n<p>Strategic sourcing is another way to connect your buying power with your strategy. It\u2019s not the same as regular sourcing. That model includes looking for a supplier based on external factors like price and region. Further, the collection of data and supplier estimates are part of the strategic sourcing process. The process enables <a href=\"https:\/\/www.sisinternational.com\/fr\/publications\/etude-de-marche-sur-les-entreprises-evolutives-7-facons-de-creer-une-entreprise-evolutive\/\" title=\"\u00c9tude de march\u00e9 sur les entreprises \u00e9volutives\u00a0: 7 fa\u00e7ons de cr\u00e9er une entreprise \u00e9volutive\"  data-wpil-monitor-id=\"9491\">businesses to build<\/a> a close bond with their suppliers. It also allows them to do checkups with <a href=\"https:\/\/www.sisinternational.com\/fr\/competence\/les-industries\/etude-de-marche-sur-lapprentissage-profond-2\/\" title=\"\u00c9tude de march\u00e9 sur l\u2019apprentissage profond\"  data-wpil-monitor-id=\"9485\">deep market research<\/a>. These checkups measure performance and match exact sourcing needs.<\/p>\n\n\n\n<h2 class=\"wp-block-heading\">Pourquoi le conseil en approvisionnement strat\u00e9gique est-il important ?<\/h2>\n\n\n\n<h3 class=\"wp-block-heading\">Partenariats fournisseurs<\/h3>\n\n\n\n<p>La prise en compte de ce dont les fournisseurs sont capables ouvrira de nouvelles voies. Ainsi, vous pouvez nouer des liens plus solides avec les fournisseurs. De plus, un fournisseur peut avoir un impact sur les achats et les r\u00e9flexions d&#039;un client. Pourtant, ils sont rarement tenus responsables des d\u00e9fauts ou des probl\u00e8mes de qualit\u00e9 qui surviennent. Il existe un niveau de clart\u00e9 plus \u00e9lev\u00e9 en mati\u00e8re d\u2019approvisionnement strat\u00e9gique. Des liens plus \u00e9troits permettent des d\u00e9lais de livraison plus rapides et une plus grande coh\u00e9rence, ce qui se traduit par un produit\/service de meilleure qualit\u00e9. En ce qui concerne les n\u00e9gociations contractuelles, il y a \u00e9galement plus de marge de man\u0153uvre. En reliant les priorit\u00e9s des fournisseurs et des acheteurs, l\u2019approvisionnement strat\u00e9gique offre un avantage concurrentiel.<\/p>\n\n\n\n<h3 class=\"wp-block-heading\">Gestion des risques<\/h3>\n\n\n\n<p>L&#039;approvisionnement strat\u00e9gique r\u00e9duit le risque d&#039;approvisionnement d&#039;une mani\u00e8re qui va au-del\u00e0 d&#039;un contr\u00f4le l\u00e9gal. En fait, de nombreuses entreprises disposent d&#039;un processus de v\u00e9rification pr\u00e9alable pour \u00e9valuer la situation financi\u00e8re d&#039;un fournisseur. Il existe n\u00e9anmoins d\u2019autres risques \u00e0 prendre en compte.<\/p>\n\n\n\n<h3 class=\"wp-block-heading\">Co\u00fbt r\u00e9duit<\/h3>\n\n\n\n<p>Strategic sourcing can save your money in various ways and have a big impact on your bottom line. Another key point is that <a href=\"https:\/\/www.sisinternational.com\/fr\/solutions\/recherche-de-conseil-en-strategie-fintech\/etude-de-marche-analyse-couts-avantages\/\" title=\"\u00c9tude de march\u00e9 sur l\u2019analyse co\u00fbts-avantages\"  data-wpil-monitor-id=\"9489\">cost reduction yields direct benefits<\/a> and frees up resources. It enables you to build your firm and focus on profit.<\/p>\n\n\n\n<h2 class=\"wp-block-heading\">Titre du poste cl\u00e9<\/h2>\n\n\n\n<h3 class=\"wp-block-heading\">Experts en approvisionnement strat\u00e9gique<\/h3>\n\n\n\n<p>Strategic sourcing experts are in charge of a company\u2019s supply chain. They gather, study, and report data from the supply chain. Also, they keep track of costs and logistics, and assess supplier performance. Predicting <a href=\"https:\/\/www.sisinternational.com\/fr\/competence\/les-industries\/etude-de-marche-sur-le-changement-climatique\/\" title=\"\u00c9tude de march\u00e9 sur le changement climatique\"  data-wpil-monitor-id=\"9487\">changes in market<\/a> trends is also part of their job.<\/p>\n\n\n\n<h3 class=\"wp-block-heading\">Pourquoi les entreprises ont-elles besoin d\u2019un approvisionnement strat\u00e9gique ?<\/h3>\n\n\n\n<p>Firms can profit from strategic sourcing in various ways, the most obvious of which is cost savings. Businesses can be sure that they are always getting huge cost savings by using this method. It\u2019s an excellent means of sourcing suppliers. It also lets you <a href=\"https:\/\/www.sisinternational.com\/fr\/solutions\/conseil-en-strategie\/etudes-de-dimensionnement-de-faisabilite-dentree-sur-le-marche\/\" title=\"\u00c9tudes d\u2019entr\u00e9e sur le march\u00e9, de faisabilit\u00e9 et de dimensionnement\"  data-wpil-monitor-id=\"9490\">study the shifting market<\/a>. It allows companies to align part sourcing with their business goals. This, in turn, boosts supply chain value and lowers the risk. What\u2019s more, you can match these business goals with the current best suppliers. Thus, you get high value at a low cost.<\/p>\n\n\n\n<h2 class=\"wp-block-heading\">Facteurs cl\u00e9s de succ\u00e8s<\/h2>\n\n\n\n<p>Il est essentiel de dynamiser votre processus de sourcing strat\u00e9gique. Voici les \u00e9tapes critiques pour am\u00e9liorer le processus d\u2019approvisionnement strat\u00e9gique\u00a0:<\/p>\n\n\n\n<ul class=\"wp-block-list\">\n<li>Conna\u00eetre les domaines de d\u00e9penses<\/li>\n\n\n\n<li><a href=\"https:\/\/www.sisinternational.com\/fr\/how-to-conduct-in-depth-interviews-for-market-insights\/\" title=\"Comment mener des entretiens approfondis pour obtenir des informations sur le march\u00e9\"  data-wpil-monitor-id=\"9492\">Conducting a supply market<\/a> check<\/li>\n\n\n\n<li>\u00c9tudier votre strat\u00e9gie actuelle<\/li>\n\n\n\n<li>Building a <a href=\"https:\/\/www.sisinternational.com\/fr\/solutions\/croissance-mondiale\/conseil-en-planification-strategique\/\" title=\"Conseil en planification strat\u00e9gique\"  data-wpil-monitor-id=\"6376\">strategic sourcing plan<\/a><\/li>\n\n\n\n<li>Choisir un fournisseur<\/li>\n\n\n\n<li>Commencer le processus de demande de prix<\/li>\n\n\n\n<li>Maintenir des liens solides avec vos fournisseurs<\/li>\n<\/ul>\n\n\n\n<h2 class=\"wp-block-heading\">\u00c0 propos du conseil en approvisionnement strat\u00e9gique<\/h2>\n\n\n\n<p>Qualitatif <a href=\"https:\/\/www.sisinternational.com\/fr\/journee-mondiale-de-lautisme\/\" title=\"\u00c9tudes de recherche sur le march\u00e9 de l\u2019autisme\"  data-wpil-monitor-id=\"9488\">research aids in studying<\/a> buyer habits and shows the reasons for product buybacks. Quantitative research gives us facts and figures on your clients\u2019 buying patterns. Also, by doing strategy research, we help you save money and ensure your firm\u2019s growth. We also do live interviews and surveys. We also host focus groups, one of the most <a href=\"https:\/\/www.sisinternational.com\/fr\/how-to-conduct-effective-quantitative-market-research\/\" title=\"How to Conduct Effective Quantitative Market Research\"  data-wpil-monitor-id=\"9486\">effective market research<\/a> tools. This method is perfect for gathering in-depth information. Focus groups make clear the customers\u2019 actual points of view and ideas.<\/p>\n\n\n\n<p><\/p>","protected":false},"excerpt":{"rendered":"<p>Le conseil en approvisionnement strat\u00e9gique r\u00e9duit les co\u00fbts pour toutes les formes de capital. Cela r\u00e9duit les risques gr\u00e2ce \u00e0 une meilleure cha\u00eene d\u2019approvisionnement et augmente les prix.<\/p>","protected":false},"author":1,"featured_media":62559,"parent":14567,"menu_order":23,"comment_status":"closed","ping_status":"closed","template":"","meta":{"footnotes":""},"class_list":["post-39615","page","type-page","status-publish","has-post-thumbnail"],"_links":{"self":[{"href":"https:\/\/www.sisinternational.com\/fr\/wp-json\/wp\/v2\/pages\/39615","targetHints":{"allow":["GET"]}}],"collection":[{"href":"https:\/\/www.sisinternational.com\/fr\/wp-json\/wp\/v2\/pages"}],"about":[{"href":"https:\/\/www.sisinternational.com\/fr\/wp-json\/wp\/v2\/types\/page"}],"author":[{"embeddable":true,"href":"https:\/\/www.sisinternational.com\/fr\/wp-json\/wp\/v2\/users\/1"}],"replies":[{"embeddable":true,"href":"https:\/\/www.sisinternational.com\/fr\/wp-json\/wp\/v2\/comments?post=39615"}],"version-history":[{"count":6,"href":"https:\/\/www.sisinternational.com\/fr\/wp-json\/wp\/v2\/pages\/39615\/revisions"}],"predecessor-version":[{"id":81584,"href":"https:\/\/www.sisinternational.com\/fr\/wp-json\/wp\/v2\/pages\/39615\/revisions\/81584"}],"up":[{"embeddable":true,"href":"https:\/\/www.sisinternational.com\/fr\/wp-json\/wp\/v2\/pages\/14567"}],"wp:featuredmedia":[{"embeddable":true,"href":"https:\/\/www.sisinternational.com\/fr\/wp-json\/wp\/v2\/media\/62559"}],"wp:attachment":[{"href":"https:\/\/www.sisinternational.com\/fr\/wp-json\/wp\/v2\/media?parent=39615"}],"curies":[{"name":"wp","href":"https:\/\/api.w.org\/{rel}","templated":true}]}}