{"id":39613,"date":"2021-12-31T01:10:49","date_gmt":"2021-12-31T01:10:49","guid":{"rendered":"https:\/\/www.sisinternational.com\/?page_id=39613"},"modified":"2026-01-27T16:32:52","modified_gmt":"2026-01-27T21:32:52","slug":"etude-de-marche-sur-la-cartographie-des-opportunites","status":"publish","type":"page","link":"https:\/\/www.sisinternational.com\/fr\/solutions\/conseil-en-strategie\/etude-de-marche-sur-la-cartographie-des-opportunites\/","title":{"rendered":"\u00c9tude de march\u00e9 sur la cartographie des opportunit\u00e9s"},"content":{"rendered":"<h1 class=\"wp-block-heading\">\u00c9tude de march\u00e9 sur la cartographie des opportunit\u00e9s<\/h1>\n\n\n\n<figure class=\"gb-block-image gb-block-image-d7f4c654\"><img loading=\"lazy\" decoding=\"async\" width=\"1456\" height=\"816\" class=\"gb-image gb-image-d7f4c654\" src=\"https:\/\/www.sisinternational.com\/wp-content\/uploads\/2025\/08\/Desk-research-33.jpg\" alt=\"\u00c9tudes de march\u00e9 et strat\u00e9gie internationales SIS\" title=\"Desk research 33\" srcset=\"https:\/\/www.sisinternational.com\/wp-content\/uploads\/2025\/08\/Desk-research-33.jpg 1456w, https:\/\/www.sisinternational.com\/wp-content\/uploads\/2025\/08\/Desk-research-33-300x168.jpg 300w, https:\/\/www.sisinternational.com\/wp-content\/uploads\/2025\/08\/Desk-research-33-1024x574.jpg 1024w, https:\/\/www.sisinternational.com\/wp-content\/uploads\/2025\/08\/Desk-research-33-768x430.jpg 768w, https:\/\/www.sisinternational.com\/wp-content\/uploads\/2025\/08\/Desk-research-33-18x10.jpg 18w\" sizes=\"auto, (max-width: 1456px) 100vw, 1456px\"><\/figure>\n\n\n\n<p><\/p>\n\n\n\n<p><span style=\"font-weight: 400;\">Vous \u00eates-vous d\u00e9j\u00e0 demand\u00e9 comment les entreprises identifient et exploitent de nouvelles opportunit\u00e9s dans un paysage de march\u00e9 en constante \u00e9volution\u00a0? Les \u00e9tudes de march\u00e9 cartographiques d\u2019opportunit\u00e9s sont la cl\u00e9 pour lib\u00e9rer ce potentiel. <\/span><\/p>\n\n\n\n<h2 class=\"wp-block-heading\">Qu\u2019est-ce que la cartographie des opportunit\u00e9s ?<\/h2>\n\n\n\n<p><span style=\"font-weight: 400;\">L\u2019\u00e9tude de march\u00e9 sur la cartographie des opportunit\u00e9s est une approche strat\u00e9gique qui combine diverses techniques analytiques pour identifier les domaines potentiels de croissance et de d\u00e9veloppement de l\u2019entreprise. Cette m\u00e9thode consiste \u00e0 analyser les donn\u00e9es du march\u00e9, les comportements des consommateurs, les tendances du secteur et les paysages concurrentiels pour identifier les segments de march\u00e9 inexplor\u00e9s ou sous-exploit\u00e9s.<\/span><\/p>\n\n\n\n<p><span style=\"font-weight: 400;\">Il s\u2019agit de comprendre les secteurs mal desservis ou totalement inexploit\u00e9s par les entreprises existantes. Il s&#039;agit d&#039;un processus qui va au-del\u00e0 des m\u00e9thodes traditionnelles d&#039;\u00e9tudes de march\u00e9, qui se concentrent souvent sur la satisfaction actuelle des clients et les performances des produits. Au lieu de cela, cette approche recherche de mani\u00e8re proactive de nouvelles voies d\u2019innovation et d\u2019expansion.<\/span><\/p>\n\n\n\n<p><span style=\"font-weight: 400;\">Ce type d\u2019\u00e9tude de march\u00e9 comprend g\u00e9n\u00e9ralement une analyse approfondie des facteurs internes et externes. En interne, il examine les forces, les faiblesses et les capacit\u00e9s uniques d\u2019une entreprise. En externe, il examine la dynamique du march\u00e9, les tendances \u00e9mergentes, les progr\u00e8s technologiques et l\u2019\u00e9volution des pr\u00e9f\u00e9rences des consommateurs. Cette double orientation permet aux entreprises d\u2019aligner leurs ressources et comp\u00e9tences internes sur les opportunit\u00e9s externes.<\/span><\/p>\n\n\n\n<h2 class=\"wp-block-heading\">Pourquoi la cartographie des opportunit\u00e9s est-elle importante ?<\/h2>\n\n\n\n<p>Pour prosp\u00e9rer, vous devez \u00eatre capable de voir ce dont le march\u00e9 a besoin. Vous devez \u00e9galement garder une longueur d\u2019avance et r\u00e9pondre aux besoins des clients avant vos concurrents. Lorsqu\u2019une entreprise a un objectif qu\u2019elle aimerait atteindre, il est essentiel de savoir comment l\u2019atteindre. La cartographie des opportunit\u00e9s permet \u00e0 ces choses de se produire et de bien se produire. Il aide les entreprises \u00e0 trouver les meilleurs moyens d\u2019atteindre les objectifs qu\u2019elles souhaitent atteindre. Cela contribue \u00e0 faire de l\u2019entreprise un succ\u00e8s. Cela permet \u00e9galement de garder une longueur d\u2019avance sur le march\u00e9, de satisfaire les anciens clients et d\u2019en gagner de nouveaux.<\/p>\n\n\n\n<p><span style=\"font-weight: 400;\">Opportunity <a href=\"https:\/\/www.sisinternational.com\/fr\/competence\/les-industries\/etude-de-marche-sur-les-cartes-thermiques\/\" title=\"\u00c9tude de march\u00e9 sur les cartes thermiques\"  data-wpil-monitor-id=\"3101\">mapping market research<\/a> helps businesses identify emerging trends and unmet consumer needs. Moreover, this research methodology aids in risk mitigation because by analyzing market trends and forecasting future scenarios, businesses can make more informed decisions and avoid costly mistakes. It also helps in identifying potential roadblocks and market shifts that could impact business operations, allowing companies to develop contingency plans and adapt their strategies accordingly.<\/span><\/p>\n\n\n\n<h2 class=\"wp-block-heading\">Alors\u2026 Pourquoi les entreprises ont-elles besoin d\u2019une cartographie des opportunit\u00e9s ?<\/h2>\n\n\n\n<p>Les entreprises doivent survivre aux al\u00e9as du march\u00e9. Leur survie implique de prendre des risques tout en satisfaisant les clients. Cela consiste \u00e9galement \u00e0 atteindre les objectifs que se fixe l\u2019entreprise. Les entreprises ont besoin de plans d\u00e9taill\u00e9s des opportunit\u00e9s existantes.<\/p>\n\n\n\n<p>Ces plans aident \u00e0 les guider vers le succ\u00e8s. Sans cartographie des opportunit\u00e9s, les entreprises doivent proc\u00e9der par essais et erreurs. Ce chemin conduit \u00e0 un gaspillage d\u2019argent, de ressources et de temps. Ils manqueront \u00e9galement de bons moyens d\u2019atteindre leurs objectifs qui ne sont pas \u00e9vidents \u00e0 l\u2019\u0153il nu. Une bonne entreprise doit savoir ce qui se passe sur le march\u00e9 qui l\u2019entoure. On ne peut pas laisser les choses au hasard, c\u2019est pourquoi ils ont besoin de cette strat\u00e9gie.<\/p>\n\n\n\n<h2 class=\"wp-block-heading\"><span style=\"font-weight: 400;\"><strong>Avantages de l\u2019\u00e9tude de march\u00e9 sur la cartographie des opportunit\u00e9s<\/strong><\/span><\/h2>\n\n\n\n<figure class=\"gb-block-image gb-block-image-a23eba56\"><img loading=\"lazy\" decoding=\"async\" width=\"1456\" height=\"816\" class=\"gb-image gb-image-a23eba56\" src=\"https:\/\/www.sisinternational.com\/wp-content\/uploads\/2025\/08\/Desk-research-7.jpg\" alt=\"\u00c9tudes de march\u00e9 et strat\u00e9gie internationales SIS\" title=\"Desk research (7)\" srcset=\"https:\/\/www.sisinternational.com\/wp-content\/uploads\/2025\/08\/Desk-research-7.jpg 1456w, https:\/\/www.sisinternational.com\/wp-content\/uploads\/2025\/08\/Desk-research-7-300x168.jpg 300w, https:\/\/www.sisinternational.com\/wp-content\/uploads\/2025\/08\/Desk-research-7-1024x574.jpg 1024w, https:\/\/www.sisinternational.com\/wp-content\/uploads\/2025\/08\/Desk-research-7-768x430.jpg 768w, https:\/\/www.sisinternational.com\/wp-content\/uploads\/2025\/08\/Desk-research-7-18x10.jpg 18w\" sizes=\"auto, (max-width: 1456px) 100vw, 1456px\"><\/figure>\n\n\n\n<p><\/p>\n\n\n\n<p><span style=\"font-weight: 400;\"><a href=\"https:\/\/www.sisinternational.com\/fr\/le-marche-africain-en-mutation\/\" title=\"Recherche d\u2019opportunit\u00e9s de march\u00e9 en Afrique\"  data-wpil-monitor-id=\"7244\">Opportunity mapping market research<\/a> offers several benefits that can significantly enhance a business&#8217;s potential for growth and success. These benefits span various dimensions of business operations and strategic planning, making it a vital tool for companies looking to thrive in competitive markets.<\/span><\/p>\n\n\n\n<p><b>\u2022 Identifier les march\u00e9s inexploit\u00e9s\u00a0: <\/b><span style=\"font-weight: 400;\">L\u2019un des principaux avantages de la cartographie des opportunit\u00e9s de march\u00e9 est sa capacit\u00e9 \u00e0 r\u00e9v\u00e9ler des segments de march\u00e9 inexploit\u00e9s. En identifiant ces \u00ab espaces blancs \u00bb, les entreprises peuvent explorer de nouveaux domaines d&#039;expansion, ce qui pourrait conduire \u00e0 une augmentation de leur part de march\u00e9 et de leurs sources de revenus.<\/span><\/p>\n\n\n\n<p><b>\u2022 Innovation et d\u00e9veloppement de produits\u00a0:<\/b><span style=\"font-weight: 400;\"> En comprenant les tendances \u00e9mergentes et les besoins non satisfaits des clients, les entreprises peuvent concentrer plus efficacement leurs efforts d\u2019innovation et de d\u00e9veloppement de produits.<\/span><\/p>\n\n\n\n<p><b>\u2022 Avantage comp\u00e9titif:<\/b><span style=\"font-weight: 400;\"> Businesses that engage in <a href=\"https:\/\/www.sisinternational.com\/fr\/saint-valentin-comment-votre-entreprise-peut-ressentir-lamour\/\" title=\"\u00c9tude de march\u00e9 pour la Saint-Valentin\u00a0: comment votre entreprise peut ressentir l&#039;amour\"  data-wpil-monitor-id=\"7393\">\u00e9tude de march\u00e9 sur la cartographie des opportunit\u00e9s<\/a> often gain a competitive edge. This approach allows them to be proactive rather than reactive, positioning them as market leaders rather than followers.<\/span><\/p>\n\n\n\n<p><b>\u2022 Alignement strat\u00e9gique et optimisation des ressources\u00a0: <\/b><span style=\"font-weight: 400;\">Cette m\u00e9thodologie de recherche aide \u00e0 aligner la strat\u00e9gie d&#039;une entreprise sur les opportunit\u00e9s du march\u00e9. En comprenant o\u00f9 se trouvent les plus grandes opportunit\u00e9s, les entreprises peuvent optimiser l&#039;allocation des ressources, en concentrant le temps, les efforts et les investissements dans les domaines qui offrent le rendement le plus \u00e9lev\u00e9.<\/span><\/p>\n\n\n\n<h2 class=\"wp-block-heading\"><span style=\"font-weight: 400;\"><strong>Quand r\u00e9aliser une \u00e9tude de march\u00e9 sur la cartographie des opportunit\u00e9s ?<\/strong><\/span><\/h2>\n\n\n\n<p><span style=\"font-weight: 400;\">D\u00e9terminer le bon moment pour mener une \u00e9tude de march\u00e9 sur la cartographie des opportunit\u00e9s est crucial pour maximiser son efficacit\u00e9. Bien que la n\u00e9cessit\u00e9 de cette recherche puisse varier en fonction de l&#039;entreprise et de l&#039;industrie, il existe certains sc\u00e9narios dans lesquels son application est particuli\u00e8rement b\u00e9n\u00e9fique.<\/span><\/p>\n\n\n\n<p><b>\u2022 Avant de lancer un nouveau produit ou service\u00a0:<\/b> Avant d&#039;introduire un nouveau produit ou service sur le march\u00e9, il est essentiel de comprendre les opportunit\u00e9s et les d\u00e9fis potentiels. Les \u00e9tudes de march\u00e9 de cartographie des opportunit\u00e9s peuvent identifier les lacunes du march\u00e9, pr\u00e9voir la r\u00e9ponse des consommateurs et aider \u00e0 affiner le produit pour mieux r\u00e9pondre aux besoins des clients.<\/p>\n\n\n\n<p><b>\u2022 Pendant la planification strat\u00e9gique\u00a0:<\/b><span style=\"font-weight: 400;\"> Lors de l\u2019\u00e9laboration ou de la r\u00e9vision d\u2019une strat\u00e9gie commerciale, cette recherche peut fournir des informations inestimables. Cela aide \u00e0 aligner la strat\u00e9gie commerciale sur les opportunit\u00e9s du march\u00e9, en garantissant que l&#039;entreprise se concentre sur les domaines les plus lucratifs et les plus prometteurs.<\/span><\/p>\n\n\n\n<p><b>\u2022 Lors de l&#039;entr\u00e9e sur de nouveaux march\u00e9s\u00a0: <\/b>Expanding into new geographical or demographic markets is a significant move that requires careful <a href=\"https:\/\/www.sisinternational.com\/fr\/competence\/les-industries\/etude-de-marche-des-semi-conducteurs\/\" title=\"\u00c9tude de march\u00e9 sur les semi-conducteurs\"  data-wpil-monitor-id=\"4913\">recherche<\/a>. Research can reveal the nuances of these new markets, providing a clearer picture of the opportunities and risks involved.<\/span><\/p>\n\n\n\n<p><b>\u2022 Pour l&#039;analyse concurrentielle\u00a0: <\/b><span style=\"font-weight: 400;\">Les \u00e9tudes de march\u00e9 sur la cartographie des opportunit\u00e9s aident \u00e0 identifier les domaines dans lesquels les concurrents ne servent pas efficacement le march\u00e9, r\u00e9v\u00e9lant ainsi des opportunit\u00e9s de diff\u00e9renciation et d\u2019avantage concurrentiel.<\/span><\/p>\n\n\n\n<p><b>\u2022 Face \u00e0 une croissance stagnante\u00a0:<\/b><span style=\"font-weight: 400;\"> Si une entreprise conna\u00eet une croissance stagnante ou une baisse de ses ventes, cette recherche peut identifier de nouveaux domaines d\u2019expansion ou d\u2019am\u00e9lioration, contribuant ainsi \u00e0 revigorer l\u2019entreprise.<\/span><\/p>\n\n\n\n<p><b>\u2022 Lorsque vous recherchez un investissement\u00a0: <\/b><span style=\"font-weight: 400;\">Pour les entreprises cherchant \u00e0 attirer des investisseurs, cette recherche peut fournir des preuves convaincantes d\u2019opportunit\u00e9s de croissance potentielles, rendant l\u2019entreprise plus attractive pour les investisseurs potentiels.<\/span><\/p>\n\n\n\n<h2 class=\"wp-block-heading\"><span style=\"font-weight: 400;\"><strong>Opportunit\u00e9s dans les \u00e9tudes de march\u00e9 sur la cartographie des opportunit\u00e9s<\/strong><\/span><\/h2>\n\n\n\n<p><span style=\"font-weight: 400;\">Le paysage des \u00e9tudes de march\u00e9 sur la cartographie des opportunit\u00e9s pr\u00e9sente de nombreuses opportunit\u00e9s pour les entreprises de divers secteurs. En tirant efficacement parti de cette recherche, les entreprises peuvent d\u00e9couvrir de nouveaux domaines de croissance, innover dans leurs produits et services et garder une longueur d&#039;avance sur la concurrence. Voici quelques-unes des principales opportunit\u00e9s que cette \u00e9tude de march\u00e9 ouvre aux entreprises\u00a0:<\/span><\/p>\n\n\n\n<p><b>\u2022 Innovation et d\u00e9veloppement de produits\u00a0: <\/b><span style=\"font-weight: 400;\">L\u2019une des opportunit\u00e9s les plus importantes r\u00e9side dans le domaine de l\u2019innovation des produits et des services. Les \u00e9tudes de march\u00e9 peuvent r\u00e9v\u00e9ler des lacunes sur le march\u00e9, permettant aux entreprises de d\u00e9velopper de nouveaux produits ou d&#039;am\u00e9liorer ceux existants pour r\u00e9pondre aux besoins insatisfaits des clients.<\/span><\/p>\n\n\n\n<p><b>\u2022 L&#039;expansion du march\u00e9: <\/b>This research can identify <a href=\"https:\/\/www.sisinternational.com\/fr\/couverture\/les-ameriques\/etude-de-marche-en-amerique-latine\/etude-de-marche-au-costa-rica\/\" title=\"Etude de march\u00e9 au Costa Rica\"  data-wpil-monitor-id=\"4935\">opportunit\u00e9s<\/a> for businesses to expand into new markets or segments.<\/span><\/p>\n\n\n\n<p><b>\u2022 Exp\u00e9rience client am\u00e9lior\u00e9e\u00a0: <\/b><span style=\"font-weight: 400;\">En comprenant plus profond\u00e9ment les besoins et les pr\u00e9f\u00e9rences des clients, les entreprises peuvent adapter leurs offres pour am\u00e9liorer la satisfaction et la fid\u00e9lit\u00e9 de leurs clients.<\/span><\/p>\n\n\n\n<p><b>\u2022 Avantage comp\u00e9titif: <\/b><span style=\"font-weight: 400;\">L&#039;identification pr\u00e9coce de nouvelles opportunit\u00e9s permet aux entreprises d&#039;agir avant leurs concurrents, leur donnant ainsi l&#039;avantage d&#039;\u00eatre les premi\u00e8res \u00e0 arriver.<\/span><\/p>\n\n\n\n<p><b>\u2022 Adaptabilit\u00e9 aux changements du march\u00e9\u00a0:<\/b><span style=\"font-weight: 400;\"> Ce type d&#039;\u00e9tude de march\u00e9 aide les entreprises \u00e0 devenir plus adaptables et plus r\u00e9actives aux changements du march\u00e9. En surveillant en permanence les tendances du march\u00e9 et les comportements des consommateurs, les entreprises peuvent rapidement ajuster leurs strat\u00e9gies en r\u00e9ponse aux opportunit\u00e9s ou menaces \u00e9mergentes.<\/span><\/p>\n\n\n\n<p><b>\u2022 Prise de d\u00e9cision bas\u00e9e sur les donn\u00e9es\u00a0: <\/b><span style=\"font-weight: 400;\">Opportunity mapping and <\/span>market research equip<span style=\"font-weight: 400;\"> businesses with data-driven insights, enhancing the decision-making process. Companies can make more informed strategic choices, reducing risks and increasing the likelihood of success.<\/span><\/p>\n\n\n\n<h2 class=\"wp-block-heading\"><span style=\"font-weight: 400;\"><strong>D\u00e9fis de l\u2019\u00e9tude de march\u00e9 sur la cartographie des opportunit\u00e9s<\/strong><\/span><\/h2>\n\n\n\n<p><span style=\"font-weight: 400;\"><a href=\"https:\/\/www.sisinternational.com\/fr\/le-tresor-de-donnees-des-reseaux-sociaux-pour-les-chercheurs-en-marketing\/\" title=\"\u00c9tude de march\u00e9 sur les r\u00e9seaux sociaux\u00a0: opportunit\u00e9s et d\u00e9fis\"  data-wpil-monitor-id=\"2701\">Opportunity mapping market research has some challenges<\/a> that businesses need to navigate. Here are some of the key challenges:<\/span><\/p>\n\n\n\n<p><b>\u2022 Dynamique du march\u00e9 en \u00e9volution rapide\u00a0: <\/b><span style=\"font-weight: 400;\">L\u2019\u00e9volution rapide des march\u00e9s modernes signifie que les opportunit\u00e9s identifi\u00e9es aujourd\u2019hui pourraient devenir obsol\u00e8tes demain. Suivre ces changements rapides et mettre continuellement \u00e0 jour les recherches peut \u00eatre une t\u00e2che ardue pour les entreprises.<\/span><\/p>\n\n\n\n<p><b>\u2022 Exactitude et fiabilit\u00e9 des donn\u00e9es\u00a0:<\/b><span style=\"font-weight: 400;\"> Garantir l\u2019exactitude et la fiabilit\u00e9 des donn\u00e9es collect\u00e9es constitue un autre d\u00e9fi. Des donn\u00e9es inexactes ou biais\u00e9es peuvent conduire \u00e0 des strat\u00e9gies peu judicieuses et \u00e0 de mauvaises d\u00e9cisions commerciales.<\/span><\/p>\n\n\n\n<p><b>\u2022 Risque de mauvaise interpr\u00e9tation\u00a0: <\/b><span style=\"font-weight: 400;\">Il existe toujours un risque de mauvaise interpr\u00e9tation des donn\u00e9es ou des tendances, ce qui peut conduire \u00e0 saisir de mauvaises opportunit\u00e9s. Cela souligne la n\u00e9cessit\u00e9 d\u2019analystes qualifi\u00e9s, capables d\u2019interpr\u00e9ter avec pr\u00e9cision les r\u00e9sultats des \u00e9tudes de march\u00e9.<\/span><\/p>\n\n\n\n<p><b>\u2022 Maintenir un \u00e9quilibre entre les op\u00e9rations actuelles et les nouvelles opportunit\u00e9s\u00a0:<\/b><span style=\"font-weight: 400;\"> Les entreprises doivent trouver un \u00e9quilibre entre tirer parti des nouvelles opportunit\u00e9s et maintenir leurs activit\u00e9s principales. Une insistance excessive sur l\u2019un ou l\u2019autre aspect peut conduire \u00e0 des opportunit\u00e9s manqu\u00e9es ou \u00e0 des inefficacit\u00e9s op\u00e9rationnelles.<\/span><\/p>\n\n\n\n<h2 class=\"wp-block-heading\">Titres de poste cl\u00e9s<\/h2>\n\n\n\n<p>La cartographie des opportunit\u00e9s est un domaine assez sp\u00e9cifique. Il existe n\u00e9anmoins quelques emplois dans le domaine. Beaucoup de ces emplois n\u00e9cessitent un baccalaur\u00e9at en marketing, en recherche ou en analyse. Certains autres domaines connexes sont les statistiques, l\u2019\u00e9conomie, les affaires et l\u2019informatique. Les carri\u00e8res cl\u00e9s comprennent\u00a0:<\/p>\n\n\n\n<ul class=\"wp-block-list\">\n<li>Analyste de march\u00e9<\/li>\n\n\n\n<li>Analyste marketing<\/li>\n\n\n\n<li>Analyste de donn\u00e9es<\/li>\n\n\n\n<li>Scientifique des donn\u00e9es<\/li>\n<\/ul>\n\n\n\n<h2 class=\"wp-block-heading\">Facteurs cl\u00e9s de succ\u00e8s<\/h2>\n\n\n\n<p>Pour que la cartographie des opportunit\u00e9s soit r\u00e9ussie, elle doit \u00eatre pr\u00e9cise. Il est essentiel de se poser les bonnes questions. Ce n\u2019est qu\u2019alors que vous pourrez obtenir les r\u00e9ponses dont votre entreprise a besoin.<\/p>\n\n\n\n<p>Une autre cl\u00e9 du succ\u00e8s est de savoir exactement o\u00f9 l\u2019entreprise doit se diriger. Avec des objectifs bien d\u00e9finis, on peut identifier les meilleurs prospects. L\u2019analyse doit \u00e9galement \u00eatre capable de comprendre la client\u00e8le.<\/p>\n\n\n\n<p>Le dernier facteur cl\u00e9 est une \u00e9quipe solide. Cette \u00e9quipe doit \u00eatre compos\u00e9e de personnes qui connaissent bien votre secteur. Le domaine requiert des personnes comp\u00e9tentes, ouvertes d\u2019esprit et minutieuses. Vous pouvez disposer d\u2019une cartographie des opportunit\u00e9s dans le cadre de votre service commercial. Vous pouvez \u00e9galement embaucher des consultants si n\u00e9cessaire pour effectuer une analyse. Un bon timing pour trouver des opportunit\u00e9s est \u00e9galement essentiel au succ\u00e8s.<\/p>\n\n\n\n<h2 class=\"wp-block-heading\">\u00c0 propos de la cartographie des opportunit\u00e9s<\/h2>\n\n\n\n<p>La cartographie des opportunit\u00e9s implique de nombreuses recherches, notamment des recherches qualitatives, quantitatives et strat\u00e9giques. Ces m\u00e9thodes offrent diff\u00e9rentes mani\u00e8res de comprendre le march\u00e9, les clients et les concurrents. La recherche qualitative va en profondeur, tandis que la recherche quantitative fournit des statistiques et des donn\u00e9es riches. Ces derni\u00e8res peuvent prendre la forme d\u2019entretiens, d\u2019enqu\u00eates et de groupes de discussion. Il peut \u00e9galement recourir \u00e0 des essais sur le terrain et \u00e0 l&#039;observation.<\/p>\n\n\n\n<p><\/p>","protected":false},"excerpt":{"rendered":"<p>D\u00e9couvrez la recherche de cartographie des opportunit\u00e9s de SIS International, qui fournit des informations strat\u00e9giques pour l&#039;exploration du march\u00e9 et la prise de d\u00e9cision \u00e9clair\u00e9e dans divers paysages commerciaux.<\/p>","protected":false},"author":1,"featured_media":62811,"parent":14567,"menu_order":22,"comment_status":"closed","ping_status":"closed","template":"","meta":{"footnotes":""},"class_list":["post-39613","page","type-page","status-publish","has-post-thumbnail"],"_links":{"self":[{"href":"https:\/\/www.sisinternational.com\/fr\/wp-json\/wp\/v2\/pages\/39613","targetHints":{"allow":["GET"]}}],"collection":[{"href":"https:\/\/www.sisinternational.com\/fr\/wp-json\/wp\/v2\/pages"}],"about":[{"href":"https:\/\/www.sisinternational.com\/fr\/wp-json\/wp\/v2\/types\/page"}],"author":[{"embeddable":true,"href":"https:\/\/www.sisinternational.com\/fr\/wp-json\/wp\/v2\/users\/1"}],"replies":[{"embeddable":true,"href":"https:\/\/www.sisinternational.com\/fr\/wp-json\/wp\/v2\/comments?post=39613"}],"version-history":[{"count":9,"href":"https:\/\/www.sisinternational.com\/fr\/wp-json\/wp\/v2\/pages\/39613\/revisions"}],"predecessor-version":[{"id":81036,"href":"https:\/\/www.sisinternational.com\/fr\/wp-json\/wp\/v2\/pages\/39613\/revisions\/81036"}],"up":[{"embeddable":true,"href":"https:\/\/www.sisinternational.com\/fr\/wp-json\/wp\/v2\/pages\/14567"}],"wp:featuredmedia":[{"embeddable":true,"href":"https:\/\/www.sisinternational.com\/fr\/wp-json\/wp\/v2\/media\/62811"}],"wp:attachment":[{"href":"https:\/\/www.sisinternational.com\/fr\/wp-json\/wp\/v2\/media?parent=39613"}],"curies":[{"name":"wp","href":"https:\/\/api.w.org\/{rel}","templated":true}]}}