{"id":39605,"date":"2021-12-31T00:38:45","date_gmt":"2021-12-31T00:38:45","guid":{"rendered":"https:\/\/www.sisinternational.com\/?page_id=39605"},"modified":"2026-01-25T16:38:47","modified_gmt":"2026-01-25T21:38:47","slug":"cabinets-de-conseil-en-gestion","status":"publish","type":"page","link":"https:\/\/www.sisinternational.com\/fr\/solutions\/conseil-en-strategie\/cabinets-de-conseil-en-gestion\/","title":{"rendered":"Cabinet mondial de conseil en gestion"},"content":{"rendered":"<h1 class=\"wp-block-heading\">Cabinet mondial de conseil en gestion<\/h1>\n\n\n\n<figure class=\"gb-block-image gb-block-image-2337b6aa\"><img loading=\"lazy\" decoding=\"async\" width=\"1456\" height=\"816\" class=\"gb-image gb-image-2337b6aa\" src=\"https:\/\/www.sisinternational.com\/wp-content\/uploads\/2025\/08\/Strategy-consulting-23.jpg\" alt=\"\u00c9tudes de march\u00e9 et strat\u00e9gie internationales SIS\" title=\"Strategy consulting (23)\" srcset=\"https:\/\/www.sisinternational.com\/wp-content\/uploads\/2025\/08\/Strategy-consulting-23.jpg 1456w, https:\/\/www.sisinternational.com\/wp-content\/uploads\/2025\/08\/Strategy-consulting-23-300x168.jpg 300w, https:\/\/www.sisinternational.com\/wp-content\/uploads\/2025\/08\/Strategy-consulting-23-1024x574.jpg 1024w, https:\/\/www.sisinternational.com\/wp-content\/uploads\/2025\/08\/Strategy-consulting-23-768x430.jpg 768w, https:\/\/www.sisinternational.com\/wp-content\/uploads\/2025\/08\/Strategy-consulting-23-18x10.jpg 18w\" sizes=\"auto, (max-width: 1456px) 100vw, 1456px\"><\/figure>\n\n\n\n<p><\/p>\n\n\n\n<p>Management consulting is the process of advising companies on ways to improve. Further, it helps these companies to refine their image and boost growth. As a matter of fact, consultants work with firms to solve problems, and we need them for different reasons. Since they work with several firms, it\u2019s easy for them to learn the best practices. They also get a firsthand view of the nature of each situation.<\/p>\n\n\n\n<p>They work with different types of firms, and in many cases, they provide services worldwide. The world of management consulting continues to grow daily. In fact, management <a href=\"https:\/\/www.sisinternational.com\/fr\/solutions\/solutions-de-branding-et-de-recherche-client\/etude-de-marche-sur-les-soins-de-la-peau\/\" title=\"\u00c9tude de march\u00e9 sur les soins de la peau | Conseil en industrie de la beaut\u00e9\"  data-wpil-monitor-id=\"10254\">consulting is now a billion-dollar industry<\/a>.<\/p>\n\n\n\n<p>Management consulting isn\u2019t limited and has a broad span, making it a decent career. Also, it offers opportunities, challenges, personal development, and new projects.<\/p>\n\n\n\n<h2 class=\"wp-block-heading\">Pourquoi le conseil en management est-il important ?<\/h2>\n\n\n\n<p>All <a href=\"https:\/\/www.sisinternational.com\/fr\/couverture\/les-ameriques\/etude-de-marche-dans-les-caraibes\/societe-de-conseil-en-strategie-caribeenne\/\" title=\"Soci\u00e9t\u00e9 de conseil en strat\u00e9gie carib\u00e9enne\"  data-wpil-monitor-id=\"10256\">companies should have a team of consultants<\/a> to help them find and use opportunities for the business. Moreover, having <a href=\"https:\/\/www.sisinternational.com\/fr\/couverture\/les-ameriques\/etude-de-marche-dans-les-caraibes\/societe-de-conseil-en-gestion-des-caraibes\/\" title=\"Soci\u00e9t\u00e9 carib\u00e9enne de conseil en gestion\"  data-wpil-monitor-id=\"10253\">management consultants helps the company<\/a> to make the fullest use of its capital resources. It also helps it to make full use of finances and human resources.<\/p>\n\n\n\n<p>Consultants work with the HR, marketing, and finance departments. They are great at forecasting future outcomes. They can warn the business of which direction to go if they sense an impending loss. Their teams conduct careful planning. They also assist in management changes, leadership training, and much more.<\/p>\n\n\n\n<h2 class=\"wp-block-heading\">Titres de poste cl\u00e9s<\/h2>\n\n\n\n<p>Il existe une large gamme de m\u00e9tiers dans le conseil, de l&#039;analyste au directeur. Les autres titres de poste incluent\u00a0:<\/p>\n\n\n\n<ul class=\"wp-block-list\">\n<li>Consultant associ\u00e9<\/li>\n\n\n\n<li>Consultant en affaires<\/li>\n\n\n\n<li>Chef de projet<\/li>\n\n\n\n<li>Responsable de productivit\u00e9<\/li>\n\n\n\n<li>Cadre sup\u00e9rieur<\/li>\n<\/ul>\n\n\n\n<p>The titles listed above are jobs within <a href=\"https:\/\/www.sisinternational.com\/fr\/optimized-management-system-for-a-leading-us-immigration-law-firm\/\" title=\"Optimized Management System for a Leading US Immigration law firm\"  data-wpil-monitor-id=\"3655\">cabinets de conseil en gestion<\/a>. Most times, the highest level is to be a director in the firm.<\/p>\n\n\n\n<h2 class=\"wp-block-heading\">Pourquoi les entreprises ont besoin de conseils en gestion<\/h2>\n\n\n\n<p>Avoir un consultant peut am\u00e9liorer le travail pour r\u00e9ussir. Un autre point cl\u00e9 est qu\u2019en \u00e9quipe, les d\u00e9fis sont plus faciles \u00e0 relever. Il devient \u00e9galement plus facile d\u2019augmenter les revenus. Voici quelques autres raisons pour lesquelles les entreprises ont besoin de consultants\u00a0:<\/p>\n\n\n\n<ul class=\"wp-block-list\">\n<li>Fournir diff\u00e9rentes comp\u00e9tences dans des projets sp\u00e9cifiques<\/li>\n\n\n\n<li>Signaler les probl\u00e8mes<\/li>\n\n\n\n<li>Cr\u00e9er une nouvelle entreprise<\/li>\n\n\n\n<li>Reconstruire les entreprises<\/li>\n\n\n\n<li>Former les employ\u00e9s<\/li>\n<\/ul>\n\n\n\n<p>Consultants can give helpful criticism, which helps business owners see things in a new light. Owners should strive to take their advice. They must also be open to feedback, as their ties to the business can blind them, which can be a barrier to growth. Making a business <a href=\"https:\/\/www.sisinternational.com\/fr\/solutions\/croissance-mondiale\/conseil-en-planification-strategique\/\" title=\"Conseil en planification strat\u00e9gique\"  data-wpil-monitor-id=\"10255\">plan with a consultant<\/a> can double its value.<\/p>\n\n\n\n<h2 class=\"wp-block-heading\">Facteurs cl\u00e9s de succ\u00e8s<\/h2>\n\n\n\n<figure class=\"gb-block-image gb-block-image-8bf096b9\"><img loading=\"lazy\" decoding=\"async\" width=\"1456\" height=\"816\" class=\"gb-image gb-image-8bf096b9\" src=\"https:\/\/www.sisinternational.com\/wp-content\/uploads\/2025\/08\/Strategy-consulting-33.jpg\" alt=\"\u00c9tudes de march\u00e9 et strat\u00e9gie internationales SIS\" title=\"Strategy consulting (33)\" srcset=\"https:\/\/www.sisinternational.com\/wp-content\/uploads\/2025\/08\/Strategy-consulting-33.jpg 1456w, https:\/\/www.sisinternational.com\/wp-content\/uploads\/2025\/08\/Strategy-consulting-33-300x168.jpg 300w, https:\/\/www.sisinternational.com\/wp-content\/uploads\/2025\/08\/Strategy-consulting-33-1024x574.jpg 1024w, https:\/\/www.sisinternational.com\/wp-content\/uploads\/2025\/08\/Strategy-consulting-33-768x430.jpg 768w, https:\/\/www.sisinternational.com\/wp-content\/uploads\/2025\/08\/Strategy-consulting-33-18x10.jpg 18w\" sizes=\"auto, (max-width: 1456px) 100vw, 1456px\"><\/figure>\n\n\n\n<p><\/p>\n\n\n\n<p>All consultants have their own style of <a href=\"https:\/\/www.sisinternational.com\/fr\/competence\/les-industries\/etude-de-marche-sur-la-manutention-des-materiaux\/\" title=\"\u00c9tude de march\u00e9 sur la manutention des mat\u00e9riaux\"  data-wpil-monitor-id=\"10259\">handling a project and doing research<\/a>. Despite that, they must have these three <a href=\"https:\/\/www.sisinternational.com\/fr\/facteurs-cles-de-succes-dans-les-etudes-de-marche-automobile\/\" title=\"Facteurs cl\u00e9s de succ\u00e8s dans les \u00e9tudes de march\u00e9 automobile\"  data-wpil-monitor-id=\"10258\">factors to start gaining success<\/a>.<\/p>\n\n\n\n<h3 class=\"wp-block-heading\">Pens\u00e9e analytique<\/h3>\n\n\n\n<p>A person working in this area must understand a problem and be able to solve it. New challenges will happen from time to time that they haven\u2019t faced before. Therefore, they must be aware and smart enough to find a way to solve the issue and read between the lines.<\/p>\n\n\n\n<h3 class=\"wp-block-heading\">Organisation<\/h3>\n\n\n\n<p>Pour travailler dans un cabinet de conseil, il faut rester organis\u00e9. Il aide \u00e0 la planification, \u00e0 l\u2019ex\u00e9cution des t\u00e2ches et \u00e0 la gestion du temps. Cette comp\u00e9tence s&#039;av\u00e8re utile lorsque tous les e-mails, rapports et autres donn\u00e9es commencent \u00e0 arriver.<\/p>\n\n\n\n<h3 class=\"wp-block-heading\">Communication<\/h3>\n\n\n\n<p>Communication skills are a must-have when working in a consulting firm. It needs to be precise because consultants speak to clients and other high-profile players in the <a href=\"https:\/\/www.sisinternational.com\/fr\/solutions\/ai-etudes-de-marche-et-conseil-en-strategie\/societe-mondiale-de-conseil-en-automatisation-de-lia\/\" title=\"Cabinet mondial de conseil en IA et en automatisation\"  data-wpil-monitor-id=\"2391\">firm\u2019s<\/a> industry. Hence, they must adjust their language based on the person to whom they\u2019re speaking.<\/p>\n\n\n\n<h2 class=\"wp-block-heading\">\u00c0 propos du conseil en gestion<\/h2>\n\n\n\n<p>Finding a good <a href=\"https:\/\/www.sisinternational.com\/fr\/competence\/les-industries\/societe-de-conseil-en-etudes-de-marche-en-franchise\/\" title=\"Soci\u00e9t\u00e9 d&#039;\u00e9tudes de march\u00e9 et de conseil en franchise\"  data-wpil-monitor-id=\"10257\">consultant for your company<\/a> can be challenging. That\u2019s why our company is always ready to help. We form focus groups and do qualitative, quantitative, and strategic research. Our company works hard to ensure you get the data needed for growth. We <a href=\"https:\/\/www.sisinternational.com\/fr\/competence\/les-industries\/etude-de-marche-sur-les-entretiens-telephoniques-assistes-par-ordinateur\/\" title=\"\u00c9tude de march\u00e9 sur les entretiens t\u00e9l\u00e9phoniques assist\u00e9s par ordinateur\"  data-wpil-monitor-id=\"10260\">assist in surveys as well as interviews<\/a>. Feel free to contact us. Let\u2019s start working today.<\/p>\n\n\n\n<p><\/p>","protected":false},"excerpt":{"rendered":"<p>SIS International red\u00e9finit la strat\u00e9gie avec des conseils en gestion de haut niveau, proposant des solutions transformatrices pour les entreprises dans un monde concurrentiel.<\/p>","protected":false},"author":1,"featured_media":62557,"parent":14567,"menu_order":19,"comment_status":"closed","ping_status":"closed","template":"","meta":{"footnotes":""},"class_list":["post-39605","page","type-page","status-publish","has-post-thumbnail"],"_links":{"self":[{"href":"https:\/\/www.sisinternational.com\/fr\/wp-json\/wp\/v2\/pages\/39605","targetHints":{"allow":["GET"]}}],"collection":[{"href":"https:\/\/www.sisinternational.com\/fr\/wp-json\/wp\/v2\/pages"}],"about":[{"href":"https:\/\/www.sisinternational.com\/fr\/wp-json\/wp\/v2\/types\/page"}],"author":[{"embeddable":true,"href":"https:\/\/www.sisinternational.com\/fr\/wp-json\/wp\/v2\/users\/1"}],"replies":[{"embeddable":true,"href":"https:\/\/www.sisinternational.com\/fr\/wp-json\/wp\/v2\/comments?post=39605"}],"version-history":[{"count":6,"href":"https:\/\/www.sisinternational.com\/fr\/wp-json\/wp\/v2\/pages\/39605\/revisions"}],"predecessor-version":[{"id":81693,"href":"https:\/\/www.sisinternational.com\/fr\/wp-json\/wp\/v2\/pages\/39605\/revisions\/81693"}],"up":[{"embeddable":true,"href":"https:\/\/www.sisinternational.com\/fr\/wp-json\/wp\/v2\/pages\/14567"}],"wp:featuredmedia":[{"embeddable":true,"href":"https:\/\/www.sisinternational.com\/fr\/wp-json\/wp\/v2\/media\/62557"}],"wp:attachment":[{"href":"https:\/\/www.sisinternational.com\/fr\/wp-json\/wp\/v2\/media?parent=39605"}],"curies":[{"name":"wp","href":"https:\/\/api.w.org\/{rel}","templated":true}]}}