{"id":39537,"date":"2021-12-14T22:51:36","date_gmt":"2021-12-14T22:51:36","guid":{"rendered":"https:\/\/www.sisinternational.com\/?page_id=39537"},"modified":"2025-09-14T20:16:47","modified_gmt":"2025-09-15T00:16:47","slug":"etude-de-marche-sur-les-ressources-naturelles","status":"publish","type":"page","link":"https:\/\/www.sisinternational.com\/fr\/competence\/etude-de-marche-sur-les-ressources-naturelles\/","title":{"rendered":"\u00c9tude de march\u00e9 sur les ressources naturelles"},"content":{"rendered":"<h1 class=\"wp-block-heading\">\u00c9tude de march\u00e9 sur les ressources naturelles<\/h1>\n\n\n\n<figure class=\"gb-block-image gb-block-image-48ad94ed\"><img loading=\"lazy\" decoding=\"async\" width=\"1456\" height=\"816\" class=\"gb-image gb-image-48ad94ed\" src=\"https:\/\/www.sisinternational.com\/wp-content\/uploads\/2025\/08\/Mining-workers-4.jpg\" alt=\"\u00c9tudes de march\u00e9 et strat\u00e9gie internationales SIS\" title=\"Mining workers (4)\" srcset=\"https:\/\/www.sisinternational.com\/wp-content\/uploads\/2025\/08\/Mining-workers-4.jpg 1456w, https:\/\/www.sisinternational.com\/wp-content\/uploads\/2025\/08\/Mining-workers-4-300x168.jpg 300w, https:\/\/www.sisinternational.com\/wp-content\/uploads\/2025\/08\/Mining-workers-4-1024x574.jpg 1024w, https:\/\/www.sisinternational.com\/wp-content\/uploads\/2025\/08\/Mining-workers-4-768x430.jpg 768w, https:\/\/www.sisinternational.com\/wp-content\/uploads\/2025\/08\/Mining-workers-4-18x10.jpg 18w\" sizes=\"auto, (max-width: 1456px) 100vw, 1456px\"><\/figure>\n\n\n\n<p><\/p>\n\n\n\n<p>Comment savoir si un march\u00e9 est viable ? L\u2019un des moyens consiste \u00e0 conna\u00eetre son acc\u00e8s aux ressources naturelles. De nombreux pays lient leur richesse \u00e0 leurs ressources naturelles. Des pays comme l\u2019Arabie Saoudite sont riches gr\u00e2ce \u00e0 leurs gisements de p\u00e9trole. De m\u00eame, l\u2019Australie peut attribuer une grande partie de sa croissance \u00e0 ses exportations de fer.<\/p>\n\n\n\n<h2 class=\"wp-block-heading\">Pourquoi les \u00e9tudes de march\u00e9 sur les ressources naturelles sont-elles importantes ?<\/h2>\n\n\n\n<p>It is vital to know what natural resources a country has to the table. It can give <a href=\"https:\/\/www.sisinternational.com\/fr\/competence\/les-industries\/etude-de-marche-des-decideurs-dentreprise\/\" title=\"\u00c9tude de march\u00e9 des d\u00e9cideurs commerciaux\"  data-wpil-monitor-id=\"7874\">business<\/a> owners and investors a good idea of the market forces. Shortages and surpluses can impact the health of a business or country. It can also affect the countries around it. For example, finding a new oil well can be a boon for Country A. It can now produce its oil and does not have to import as much to support any industries that depend on it. It also doesn\u2019t need to rely on other countries as much. This change in the status quo affects the nations that benefit from it. Other nations might need to reduce their oil prices. Why? Because Country A has reduced its demand for oil.<\/p>\n\n\n\n<h2 class=\"wp-block-heading\">Titres de poste cl\u00e9s<\/h2>\n\n\n\n<p>\u00c9conomistes\u00a0:\u00a0l&#039;\u00e9conomiste des ressources naturelles (NRE) est un titre de poste important. Les NRE mesurent l\u2019impact des ressources naturelles. Ce domaine cherche \u00e0 aborder les relations entre les \u00e9conomies humaines et les \u00e9cosyst\u00e8mes naturels.<\/p>\n\n\n\n<h3 class=\"wp-block-heading\">\u00c9cologistes<\/h3>\n\n\n\n<p>Les NRE ont pour t\u00e2che d\u2019examiner les relations entre les \u00e9conomies humaines et la nature. Mais il faut un v\u00e9ritable \u00e9cologiste pour en constater l\u2019impact \u00e0 grande \u00e9chelle. Les \u00e9cologistes mesurent l\u2019impact de l\u2019utilisation d\u2019une ressource naturelle sur l\u2019endroit o\u00f9 vit la faune. Ils examinent \u00e9galement ses effets sur le nombre d\u2019animaux, les conditions m\u00e9t\u00e9orologiques et le climat.<\/p>\n\n\n\n<h3 class=\"wp-block-heading\">G\u00e9ologues<\/h3>\n\n\n\n<p>Les g\u00e9ologues d\u00e9cident de l&#039;utilisation des ressources naturelles. Ils choisissent \u00e9galement la meilleure fa\u00e7on d\u2019acc\u00e9der \u00e0 ces ressources. De nombreuses ressources naturelles telles que le fer, le cuivre, le p\u00e9trole, le gaz et le sable n\u00e9cessitent des connaissances sp\u00e9cialis\u00e9es. Les g\u00e9ologues sont les experts de l&#039;exploitation mini\u00e8re pratique. Par exemple, lors de l\u2019extraction du fer, les g\u00e9ologues savent \u00e0 quoi ressemble le minerai de fer, sa duret\u00e9 et comment le trouver. Ils savent aussi comment le fondre et quels sous-produits il va produire.<\/p>\n\n\n\n<h3 class=\"wp-block-heading\">Analyste de march\u00e9<\/h3>\n\n\n\n<p>This title is one of the most important in market research. As its name suggests, these analysts examine market trends.<\/p>\n\n\n\n<h2 class=\"wp-block-heading\">Pourquoi les entreprises ont besoin d\u2019une \u00e9tude de march\u00e9 sur les ressources naturelles<\/h2>\n\n\n\n<p>Les ressources naturelles ont un impact sur toutes les entreprises. Pour fonctionner, ils d\u00e9pendent tous d\u2019un approvisionnement s\u00fbr en ressources. Les ressources naturelles permettent \u00e9galement aux entreprises d&#039;innover. Mais l\u2019utilisation des ressources naturelles par une entreprise peut pr\u00e9senter un risque pour sa r\u00e9putation. Il en va de m\u00eame pour son attitude envers l\u2019utilisation durable de la ressource. Le manque d\u2019acc\u00e8s s\u00e9curis\u00e9 aux ressources peut \u00e9galement avoir un impact direct. Une entreprise de biens de consommation ne peut pas fonctionner sans acc\u00e8s.<\/p>\n\n\n\n<h2 class=\"wp-block-heading\">Facteurs cl\u00e9s de succ\u00e8s<\/h2>\n\n\n\n<p><a href=\"https:\/\/www.sisinternational.com\/fr\/analysis-b2b\/\" title=\"What Business Leaders Need to Know Right Now\"  data-wpil-monitor-id=\"7872\">Businesses need to know<\/a> what resources are available in any given region. A company could misuse its resources if it lacks that data. Thus, it must know what is scarce or in surplus. That info is vital for maximizing how much a business can produce. It also helps the firm to use raw materials sustainably. It allows firms to decide whether to buy at lower prices when the opportunity arises. Shortages do not faze such companies. Other firms that are not as savvy can suffer huge losses.<\/p>\n\n\n\n<h2 class=\"wp-block-heading\">\u00c0 propos des \u00e9tudes de march\u00e9 sur les ressources naturelles<\/h2>\n\n\n\n<p>What\u2019s the best way to get practical and accurate info? Companies need to use many data-gathering techniques. Making use of <a href=\"https:\/\/www.sisinternational.com\/fr\/solutions\/solutions-de-recherche-qualitative-et-quantitative\/recherche-qualitative-recrutement\/\" title=\"Recrutement en recherche qualitative\"  data-wpil-monitor-id=\"7873\">Qualitative and Quantitative research<\/a> is an excellent tool for this. Those tools can help determine what works and what doesn\u2019t. Finding the best course of action is vital for any business.<\/p>\n\n\n\n<p><\/p>","protected":false},"excerpt":{"rendered":"<p>Les \u00e9tudes de march\u00e9 sur les ressources naturelles sont cruciales pour les entreprises. Cela les aide \u00e0 maximiser leur production, \u00e0 utiliser des mati\u00e8res premi\u00e8res durables et \u00e0 prendre des d\u00e9cisions \u00e9clair\u00e9es.<\/p>","protected":false},"author":1,"featured_media":63973,"parent":14514,"menu_order":88,"comment_status":"closed","ping_status":"closed","template":"","meta":{"footnotes":""},"class_list":["post-39537","page","type-page","status-publish","has-post-thumbnail"],"_links":{"self":[{"href":"https:\/\/www.sisinternational.com\/fr\/wp-json\/wp\/v2\/pages\/39537","targetHints":{"allow":["GET"]}}],"collection":[{"href":"https:\/\/www.sisinternational.com\/fr\/wp-json\/wp\/v2\/pages"}],"about":[{"href":"https:\/\/www.sisinternational.com\/fr\/wp-json\/wp\/v2\/types\/page"}],"author":[{"embeddable":true,"href":"https:\/\/www.sisinternational.com\/fr\/wp-json\/wp\/v2\/users\/1"}],"replies":[{"embeddable":true,"href":"https:\/\/www.sisinternational.com\/fr\/wp-json\/wp\/v2\/comments?post=39537"}],"version-history":[{"count":4,"href":"https:\/\/www.sisinternational.com\/fr\/wp-json\/wp\/v2\/pages\/39537\/revisions"}],"predecessor-version":[{"id":81328,"href":"https:\/\/www.sisinternational.com\/fr\/wp-json\/wp\/v2\/pages\/39537\/revisions\/81328"}],"up":[{"embeddable":true,"href":"https:\/\/www.sisinternational.com\/fr\/wp-json\/wp\/v2\/pages\/14514"}],"wp:featuredmedia":[{"embeddable":true,"href":"https:\/\/www.sisinternational.com\/fr\/wp-json\/wp\/v2\/media\/63973"}],"wp:attachment":[{"href":"https:\/\/www.sisinternational.com\/fr\/wp-json\/wp\/v2\/media?parent=39537"}],"curies":[{"name":"wp","href":"https:\/\/api.w.org\/{rel}","templated":true}]}}