{"id":39535,"date":"2021-12-14T22:42:51","date_gmt":"2021-12-14T22:42:51","guid":{"rendered":"https:\/\/www.sisinternational.com\/?page_id=39535"},"modified":"2026-01-25T18:50:56","modified_gmt":"2026-01-25T23:50:56","slug":"etude-de-marche-sur-les-services-publics","status":"publish","type":"page","link":"https:\/\/www.sisinternational.com\/fr\/competence\/etude-de-marche-sur-les-services-publics\/","title":{"rendered":"\u00c9tude de march\u00e9 sur les services publics"},"content":{"rendered":"<h1 class=\"wp-block-heading\">\u00c9tude de march\u00e9 sur les services publics<\/h1>\n\n\n\n<figure class=\"gb-block-image gb-block-image-7ca903f5\"><img loading=\"lazy\" decoding=\"async\" width=\"1456\" height=\"816\" class=\"gb-image gb-image-7ca903f5\" src=\"https:\/\/www.sisinternational.com\/wp-content\/uploads\/2025\/08\/Utilities-3.jpg\" alt=\"\u00c9tudes de march\u00e9 et strat\u00e9gie internationales SIS\" title=\"Utilities (3)\" srcset=\"https:\/\/www.sisinternational.com\/wp-content\/uploads\/2025\/08\/Utilities-3.jpg 1456w, https:\/\/www.sisinternational.com\/wp-content\/uploads\/2025\/08\/Utilities-3-300x168.jpg 300w, https:\/\/www.sisinternational.com\/wp-content\/uploads\/2025\/08\/Utilities-3-1024x574.jpg 1024w, https:\/\/www.sisinternational.com\/wp-content\/uploads\/2025\/08\/Utilities-3-768x430.jpg 768w, https:\/\/www.sisinternational.com\/wp-content\/uploads\/2025\/08\/Utilities-3-18x10.jpg 18w\" sizes=\"auto, (max-width: 1456px) 100vw, 1456px\"><\/figure>\n\n\n\n<p><\/p>\n\n\n\n<h2 class=\"wp-block-heading\">Qu\u2019est-ce que le march\u00e9 des services publics ?<\/h2>\n\n\n\n<p>Le terme \u00ab services publics \u00bb peut d\u00e9signer une entreprise ou un service qui permet \u00e0 la soci\u00e9t\u00e9 moderne de fonctionner. L\u2019\u00e9lectricit\u00e9, le gaz naturel, les d\u00e9chets et l\u2019eau, par exemple, sont tous des services publics. De plus, ces entreprises sont au c\u0153ur d\u2019une s\u00e9rie de questions br\u00fblantes concernant le contr\u00f4le des services publics et la surveillance publique.<\/p>\n\n\n\n<h2 class=\"wp-block-heading\">Pourquoi les \u00e9tudes de march\u00e9 sur les services publics sont-elles importantes ?<\/h2>\n\n\n\n<p>L&#039;eau, l&#039;\u00e9lectricit\u00e9 et le gaz sont tous des services essentiels qui contribuent \u00e0 la croissance de l&#039;\u00e9conomie. Une autre chose \u00e0 propos de ces services est qu\u2019ils sont essentiels. De plus, toute erreur dans leur approvisionnement peut mettre les entreprises de leurs clients en mauvaise posture. Ils r\u00e9pondent \u00e0 nos besoins les plus \u00e9l\u00e9mentaires. L\u2019eau, l\u2019\u00e9clairage, l\u2019\u00e9lectricit\u00e9 et les transports en commun sont tous utiles au fonctionnement des entreprises modernes. Ils permettent \u00e9galement notre bien-\u00eatre.<\/p>\n\n\n\n<h2 class=\"wp-block-heading\">Titres de poste cl\u00e9s<\/h2>\n\n\n\n<h3 class=\"wp-block-heading\">Analyste de programmes utilitaires<\/h3>\n\n\n\n<p>Ces analystes contribuent \u00e0 la croissance et \u00e0 l&#039;examen des plans des clients. Par exemple, ils examinent les sources d\u2019\u00e9nergie, les prix et les programmes d\u2019\u00e9conomie d\u2019\u00e9nergie. Ce travail permet \u00e9galement de s\u00e9lectionner les meilleurs plans \u00e9nerg\u00e9tiques \u00e0 proposer aux clients. De plus, les analystes de programmes utilitaires traitent avec des clients qui ont des besoins de haute technologie.<\/p>\n\n\n\n<h3 class=\"wp-block-heading\">Employ\u00e9 de service<\/h3>\n\n\n\n<p>Ils effectuent des travaux de niveau ma\u00eetre dans l&#039;entretien, la construction et la r\u00e9paration des syst\u00e8mes d&#039;eau et le contr\u00f4le des eaux us\u00e9es publiques. Ils lisent et suivent \u00e9galement les ordres verbaux et \u00e9crits et utilisent des outils courants de r\u00e9paration et de construction.<\/p>\n\n\n\n<h3 class=\"wp-block-heading\">Op\u00e9rateur de station de pompage<\/h3>\n\n\n\n<p>Les op\u00e9rateurs de stations de pompage g\u00e8rent l\u2019utilisation quotidienne en toute s\u00e9curit\u00e9 de toutes les pi\u00e8ces des stations de pompage d\u2019eau et d\u2019eaux us\u00e9es. Par exemple, ils s&#039;occupent des vannes, des commandes et des soufflantes d&#039;air. Ils exploitent \u00e9galement des syst\u00e8mes d\u2019alimentation \u00e9lectrique de secours et effectuent des r\u00e9parations majeures et mineures. Ils tirent, r\u00e9parent et installent toutes les pompes et moteurs d\u2019eau et de vidange.<\/p>\n\n\n\n<p>Of course, the <a href=\"https:\/\/www.sisinternational.com\/fr\/couverture\/les-ameriques\/couverture-des-etats-unis\/\" title=\"Etude de march\u00e9 aux \u00c9tats-Unis\"  data-wpil-monitor-id=\"9417\">market<\/a> has many more jobs linked to it than the few stated above.<\/p>\n\n\n\n<h2 class=\"wp-block-heading\">Pourquoi les entreprises ont-elles besoin d\u2019une \u00e9tude de march\u00e9 sur les services publics ?<\/h2>\n\n\n\n<figure class=\"gb-block-image gb-block-image-a1e78bff\"><img loading=\"lazy\" decoding=\"async\" width=\"1456\" height=\"816\" class=\"gb-image gb-image-a1e78bff\" src=\"https:\/\/www.sisinternational.com\/wp-content\/uploads\/2025\/08\/Utilities-2.jpg\" alt=\"\u00c9tudes de march\u00e9 et strat\u00e9gie internationales SIS\" title=\"Utilities (2)\" srcset=\"https:\/\/www.sisinternational.com\/wp-content\/uploads\/2025\/08\/Utilities-2.jpg 1456w, https:\/\/www.sisinternational.com\/wp-content\/uploads\/2025\/08\/Utilities-2-300x168.jpg 300w, https:\/\/www.sisinternational.com\/wp-content\/uploads\/2025\/08\/Utilities-2-1024x574.jpg 1024w, https:\/\/www.sisinternational.com\/wp-content\/uploads\/2025\/08\/Utilities-2-768x430.jpg 768w, https:\/\/www.sisinternational.com\/wp-content\/uploads\/2025\/08\/Utilities-2-18x10.jpg 18w\" sizes=\"auto, (max-width: 1456px) 100vw, 1456px\"><\/figure>\n\n\n\n<p><\/p>\n\n\n\n<p>Your business must appeal to the <a href=\"https:\/\/www.sisinternational.com\/fr\/quest-ce-que-les-relations-publiques\/\" title=\"Relations publiques et \u00e9tudes de march\u00e9\"  data-wpil-monitor-id=\"9412\">public to win market<\/a> share or keep it if you have it. Do you want to appeal to the general public? Then you\u2019ll need to conduct good public utility market research. It\u2019s the best way to find out what goods and services they desire and what they\u2019re seeking.<\/p>\n\n\n\n<p>Vous pouvez mener une \u00e9tude de march\u00e9 sur les services publics de diff\u00e9rentes mani\u00e8res. Une m\u00e9thode consiste \u00e0 interroger vos clients actuels, vos futurs clients et le grand public. C&#039;est ainsi que vous apprendrez des choses comme ce qu&#039;ils attendent d&#039;une entreprise de services publics et quels tarifs ils jugent injustes.<\/p>\n\n\n\n<h3 class=\"wp-block-heading\">Facteurs de succ\u00e8s importants<\/h3>\n\n\n\n<ul class=\"wp-block-list\">\n<li>Les entreprises ont le devoir suppl\u00e9mentaire de fournir un service \u00e9quitable \u00e0 tous ceux qui postulent.<\/li>\n\n\n\n<li>Ils devraient pouvoir servir au mieux de leurs capacit\u00e9s. La capacit\u00e9 fait ici r\u00e9f\u00e9rence \u00e0 la capacit\u00e9 physique. Il fait \u00e9galement r\u00e9f\u00e9rence \u00e0 la capacit\u00e9 de l\u2019activit\u00e9 \u00ab d\u00e9finie par les profits \u00bb.<\/li>\n\n\n\n<li>Ils doivent s\u2019efforcer de toujours r\u00e9pondre aux besoins de leurs clients. Ils ne devraient pas imposer des tarifs ou des tarifs injustes aux clients qu&#039;ils servent.<\/li>\n\n\n\n<li>En outre, ils doivent servir tous les clients se trouvant dans des circonstances similaires, sans parti pris.<\/li>\n\n\n\n<li>Enfin, la s\u00e9curit\u00e9 publique ne devrait pas \u00eatre menac\u00e9e. Les entreprises de services publics doivent faire tr\u00e8s attention lorsqu\u2019elles fournissent leurs services.<\/li>\n<\/ul>\n\n\n\n<h2 class=\"wp-block-heading\">\u00c9tude de march\u00e9 sur le march\u00e9 des services publics<\/h2>\n\n\n\n<p>The goal of Qualitative Research is to have a broad knowledge of clients\u2019 behavior. It also gives you the reasons for the client\u2019s repurchase of <a href=\"https:\/\/www.sisinternational.com\/fr\/solutions\/test-de-gout\/services-de-test-de-produits-a-new-york\/\" title=\"Services de test de produits \u00e0 New York\"  data-wpil-monitor-id=\"9416\">products and services<\/a>. Moreover, a <a href=\"https:\/\/www.sisinternational.com\/fr\/solutions\/recherche-de-conseil-en-strategie-fintech\/etude-de-marche-anti-blanchiment-dargent\/\" title=\"Anti Money Laundering Market Research\"  data-wpil-monitor-id=\"5212\">market research firm can save money<\/a> and ensure success for your company by providing relevant data to assist with sales tracking. With live interviews and surveys, we gather information. That\u2019s how we know what clients are thinking about services rendered. One of the best market research tools is the focus group. We use them to <a href=\"https:\/\/www.sisinternational.com\/fr\/competence\/les-industries\/etude-de-marche-sur-la-collecte-de-donnees\/\" title=\"\u00c9tude de march\u00e9 sur la collecte de donn\u00e9es\"  data-wpil-monitor-id=\"9409\">collect quantitative and in-depth data<\/a>. We also use <a href=\"https:\/\/www.sisinternational.com\/fr\/solutions\/test-de-gout\/new-product-focus-group-in-new-york\/\" title=\"Groupe de r\u00e9flexion sur les nouveaux produits \u00e0 New York\"  data-wpil-monitor-id=\"9406\">focus groups to gather data on products<\/a> and services.<\/p>\n\n\n\n<p><\/p>","protected":false},"excerpt":{"rendered":"<p>Les \u00e9tudes de march\u00e9 sur les services publics sont cruciales pour l&#039;\u00e9conomie, car toute erreur en mati\u00e8re d&#039;eau, d&#039;\u00e9lectricit\u00e9 ou de gaz peut avoir un impact sur les activit\u00e9s des clients.<\/p>","protected":false},"author":1,"featured_media":63892,"parent":14514,"menu_order":87,"comment_status":"closed","ping_status":"closed","template":"","meta":{"footnotes":""},"class_list":["post-39535","page","type-page","status-publish","has-post-thumbnail"],"_links":{"self":[{"href":"https:\/\/www.sisinternational.com\/fr\/wp-json\/wp\/v2\/pages\/39535","targetHints":{"allow":["GET"]}}],"collection":[{"href":"https:\/\/www.sisinternational.com\/fr\/wp-json\/wp\/v2\/pages"}],"about":[{"href":"https:\/\/www.sisinternational.com\/fr\/wp-json\/wp\/v2\/types\/page"}],"author":[{"embeddable":true,"href":"https:\/\/www.sisinternational.com\/fr\/wp-json\/wp\/v2\/users\/1"}],"replies":[{"embeddable":true,"href":"https:\/\/www.sisinternational.com\/fr\/wp-json\/wp\/v2\/comments?post=39535"}],"version-history":[{"count":5,"href":"https:\/\/www.sisinternational.com\/fr\/wp-json\/wp\/v2\/pages\/39535\/revisions"}],"predecessor-version":[{"id":81573,"href":"https:\/\/www.sisinternational.com\/fr\/wp-json\/wp\/v2\/pages\/39535\/revisions\/81573"}],"up":[{"embeddable":true,"href":"https:\/\/www.sisinternational.com\/fr\/wp-json\/wp\/v2\/pages\/14514"}],"wp:featuredmedia":[{"embeddable":true,"href":"https:\/\/www.sisinternational.com\/fr\/wp-json\/wp\/v2\/media\/63892"}],"wp:attachment":[{"href":"https:\/\/www.sisinternational.com\/fr\/wp-json\/wp\/v2\/media?parent=39535"}],"curies":[{"name":"wp","href":"https:\/\/api.w.org\/{rel}","templated":true}]}}