{"id":39531,"date":"2021-12-14T22:12:27","date_gmt":"2021-12-14T22:12:27","guid":{"rendered":"https:\/\/www.sisinternational.com\/?page_id=39531"},"modified":"2025-09-14T21:47:14","modified_gmt":"2025-09-15T01:47:14","slug":"etude-de-marche-en-jamaique","status":"publish","type":"page","link":"https:\/\/www.sisinternational.com\/fr\/couverture\/etude-de-marche-dans-les-caraibes\/etude-de-marche-en-jamaique\/","title":{"rendered":"\u00c9tude de march\u00e9 en Jama\u00efque"},"content":{"rendered":"<h1 class=\"wp-block-heading\">\u00c9tude de march\u00e9 en Jama\u00efque<\/h1>\n\n\n\n<figure class=\"gb-block-image gb-block-image-b9ef4f3a\"><img loading=\"lazy\" decoding=\"async\" width=\"1456\" height=\"816\" class=\"gb-image gb-image-b9ef4f3a\" src=\"https:\/\/www.sisinternational.com\/wp-content\/uploads\/2025\/09\/Jamaica-2.jpg\" alt=\"\u00c9tudes de march\u00e9 et strat\u00e9gie internationales SIS\" title=\"Jamaica (2)\" srcset=\"https:\/\/www.sisinternational.com\/wp-content\/uploads\/2025\/09\/Jamaica-2.jpg 1456w, https:\/\/www.sisinternational.com\/wp-content\/uploads\/2025\/09\/Jamaica-2-300x168.jpg 300w, https:\/\/www.sisinternational.com\/wp-content\/uploads\/2025\/09\/Jamaica-2-1024x574.jpg 1024w, https:\/\/www.sisinternational.com\/wp-content\/uploads\/2025\/09\/Jamaica-2-768x430.jpg 768w, https:\/\/www.sisinternational.com\/wp-content\/uploads\/2025\/09\/Jamaica-2-18x10.jpg 18w\" sizes=\"auto, (max-width: 1456px) 100vw, 1456px\"><\/figure>\n\n\n\n<p><\/p>\n\n\n\n<p>La Jama\u00efque est la troisi\u00e8me plus grande \u00eele des Cara\u00efbes et la plus grande \u00eele anglophone de la r\u00e9gion. Il se trouve \u00e0 environ 285 milles au nord du continent centram\u00e9ricain. Ha\u00efti, \u00e0 l\u2019est, et Cuba, au nord, sont de proches voisins. La Jama\u00efque abrite pr\u00e8s de trois millions d&#039;habitants. Kingston, la capitale et la principale ville de l&#039;\u00eele, se trouve dans le coin sud-est.<\/p>\n\n\n\n<h2 class=\"wp-block-heading\">Industries cl\u00e9s<\/h2>\n\n\n\n<p>Les ressources naturelles comme les min\u00e9raux abondent dans tout le pays. La Jama\u00efque poss\u00e8de \u00e9galement une atmosph\u00e8re agr\u00e9able et une beaut\u00e9 naturelle. M\u00eame si le pays dispose d\u2019une main-d\u2019\u0153uvre importante, le taux de ch\u00f4mage est \u00e9lev\u00e9. La dette ext\u00e9rieure est une autre statistique effrayante. Le tourisme, l&#039;agriculture, l&#039;exploitation mini\u00e8re et l&#039;industrie manufacturi\u00e8re sont les principaux secteurs de l&#039;\u00e9conomie du pays ; le tourisme et l&#039;industrie manufacturi\u00e8re repr\u00e9sentent chacun environ un tiers de son PIB.<\/p>\n\n\n\n<h2 class=\"wp-block-heading\">Quartiers<\/h2>\n\n\n\n<p>Les Palisadoes, une vaste langue de sable \u00e0 l&#039;histoire color\u00e9e, gardent le port naturel de Kingston. Cette fl\u00e8che relie la ville de Port Royal et l&#039;a\u00e9roport Norman Manley au continent. De plus, le mus\u00e9e Bob Marley se trouve au c\u0153ur de la ville, dans la maison du musicien de reggae. Devon House, une maison de l&#039;\u00e9poque coloniale dot\u00e9e de meubles d&#039;\u00e9poque, se trouve \u00e9galement \u00e0 proximit\u00e9. Le pays expose sa flore et sa faune naturelles aux jardins botaniques et au zoo de Hope. Les Blue Mountains, une zone de culture du caf\u00e9 bien connue avec des sentiers et des ruisseaux pour les randonneurs, se trouvent au nord-est de la ville.<\/p>\n\n\n\n<h2 class=\"wp-block-heading\">Les tendances<\/h2>\n\n\n\n<p>As Jamaica\u2019s economy shows signs of growth, the housing market has yet to catch up. Property <a href=\"https:\/\/www.sisinternational.com\/fr\/etude-de-marche-du-vin\/\" title=\"\u00c9tude de march\u00e9 du vin\u00a0: additionner les b\u00e9n\u00e9fices des ventes nationales de vin\"  data-wpil-monitor-id=\"7857\">sales<\/a> have slowed to a halt while domestic rentals have gone up. The country suffers from high inflation and soaring crime rates. Thus, Jamaica\u2019s real estate industry has failed in recent years. Property <a href=\"https:\/\/www.sisinternational.com\/fr\/solutions\/solutions-de-recherche-qualitative-et-quantitative\/pricing-and-demand-analysis\/\" title=\"Pricing and Demand Analysis\"  data-wpil-monitor-id=\"7854\">prices fell in 2009 as foreign demand<\/a> slowed, and many upscale houses saw price drops. The number of sales has also fallen. Still, the lower-middle-income part of the <a href=\"https:\/\/www.sisinternational.com\/fr\/sassurer-que-les-clients-se-souviennent-de-votre-message\/\" title=\"\u00c9tude de march\u00e9 sur l\u2019activation de marque\"  data-wpil-monitor-id=\"7851\">market has remained active<\/a>.<\/p>\n\n\n\n<h2 class=\"wp-block-heading\">Benefits And Strengths in the Market<\/h2>\n\n\n\n<figure class=\"gb-block-image gb-block-image-2017e688\"><img loading=\"lazy\" decoding=\"async\" width=\"1456\" height=\"816\" class=\"gb-image gb-image-2017e688\" src=\"https:\/\/www.sisinternational.com\/wp-content\/uploads\/2025\/09\/Jamaica-3.jpg\" alt=\"\u00c9tudes de march\u00e9 et strat\u00e9gie internationales SIS\" title=\"Jamaica (3)\" srcset=\"https:\/\/www.sisinternational.com\/wp-content\/uploads\/2025\/09\/Jamaica-3.jpg 1456w, https:\/\/www.sisinternational.com\/wp-content\/uploads\/2025\/09\/Jamaica-3-300x168.jpg 300w, https:\/\/www.sisinternational.com\/wp-content\/uploads\/2025\/09\/Jamaica-3-1024x574.jpg 1024w, https:\/\/www.sisinternational.com\/wp-content\/uploads\/2025\/09\/Jamaica-3-768x430.jpg 768w, https:\/\/www.sisinternational.com\/wp-content\/uploads\/2025\/09\/Jamaica-3-18x10.jpg 18w\" sizes=\"auto, (max-width: 1456px) 100vw, 1456px\"><\/figure>\n\n\n\n<p><\/p>\n\n\n\n<p>Au cours des derni\u00e8res ann\u00e9es, la Jama\u00efque a enregistr\u00e9 des progr\u00e8s \u00e9conomiques. Ces gains sont le r\u00e9sultat de ses efforts de prudence budg\u00e9taire. Ces chiffres financiers placent la Jama\u00efque parmi les pays les plus performants au monde.<\/p>\n\n\n\n<p>Also, Jamaica is one of the top twenty nations for its great credit system. And its rates are among some of the best in the world for starting a business. Any businessperson can create and run a business in as few as two steps and three days.<\/p>\n\n\n\n<h2 class=\"wp-block-heading\">Base de consommateurs<\/h2>\n\n\n\n<p>Internet subscriptions are increasing. More Jamaicans are spending time online on their PCs and smartphones. Yet, only a tiny fraction of Jamaicans use the Internet to shop. Still, top hitters in the e-commerce field are optimistic. They <a href=\"https:\/\/www.sisinternational.com\/fr\/competence\/les-industries\/etude-de-marche-sur-la-justification-des-allegations\/\" title=\"\u00c9tude de march\u00e9 sur la justification des r\u00e9clamations\"  data-wpil-monitor-id=\"7856\">claim<\/a> that the use of the Internet for online marketing is increasing at a high rate. Retailers are moving to keep up with the Internet trend. Many of them are increasing their investments in <a href=\"https:\/\/www.sisinternational.com\/fr\/competence\/les-industries\/etude-de-marche-sur-une-plateforme-automobile-en-ligne\/\" title=\"\u00c9tude de march\u00e9 sur les plateformes automobiles en ligne\"  data-wpil-monitor-id=\"7855\">online shopping platforms<\/a>.<\/p>\n\n\n\n<p>Au cours des derni\u00e8res ann\u00e9es, les supermarch\u00e9s ont eu une tendance croissante \u00e0 fabriquer des articles \u00e0 valeur ajout\u00e9e. Ils fabriquent la plupart de ces produits \u00e0 partir de fruits frais pour augmenter leurs ventes et \u00eatre comp\u00e9titifs. Les m\u00e9thodes Pr\u00eat-\u00e0-manger (PAM) et Pr\u00eat-\u00e0-cuire (RTC) font partie de ces \u00e9l\u00e9ments. Les consommateurs s\u2019\u00e9loignent des anciennes m\u00e9thodes de pr\u00e9paration des aliments. Cette tendance devrait donc continuer \u00e0 s\u2019accentuer.<\/p>\n\n\n\n<h2 class=\"wp-block-heading\">Raisons de faire des affaires en Jama\u00efque<\/h2>\n\n\n\n<ul class=\"wp-block-list\">\n<li>La Jama\u00efque est l\u2019un des meilleurs pays au monde pour d\u00e9marrer une entreprise, et elle monte dans le classement.<\/li>\n\n\n\n<li>Its housing demand got a boost from recent cuts in mortgage interest rates. Some banks also increased loan limits. As a result, being a homeowner is no longer a pipe dream.<\/li>\n\n\n\n<li>For investors, Jamaica has lots of advantages, particularly regarding location. It lies between <a href=\"https:\/\/www.sisinternational.com\/fr\/couverture\/les-ameriques\/etude-de-marche-en-amerique-du-nord\/\" title=\"\u00c9tude de march\u00e9 en Am\u00e9rique du Nord\"  data-wpil-monitor-id=\"7850\">North and South America<\/a>. It also has an 800 million consumer market within four hours of its coastlines.<\/li>\n<\/ul>\n\n\n\n<h2 class=\"wp-block-heading\">\u00c9tude de march\u00e9 en Jama\u00efque<\/h2>\n\n\n\n<p>It is essential to conduct quantitative, qualitative, and strategic research. Another important thing to keep in mind is that focus groups and surveys are valuable. They can reveal the genuine opinions and ideas of customers. Besides, the <a href=\"https:\/\/www.sisinternational.com\/fr\/solutions\/test-de-gout\/etude-de-marche-sur-les-tests-de-gout-comparatifs\/\" title=\"\u00c9tude de march\u00e9 sur les tests de go\u00fbt comparatifs\"  data-wpil-monitor-id=\"7853\">market entry process in Jamaica is comparable<\/a> to that of many other nations. You should first take a trip to the island to look around. Your <a href=\"https:\/\/www.sisinternational.com\/fr\/competence\/cv-dexperience\/cv-dexperience-dans-lindustrie-automobile\/\" title=\"Soci\u00e9t\u00e9 d\u2019\u00e9tudes de march\u00e9 pour l\u2019industrie automobile\"  data-wpil-monitor-id=\"7852\">company can set up helpful industry<\/a> ties during a visit. These ties could be beneficial in allowing you to flourish in the market.<\/p>\n\n\n\n<p><\/p>","protected":false},"excerpt":{"rendered":"<p>Etude de march\u00e9 en Jama\u00efque La Jama\u00efque est la troisi\u00e8me plus grande \u00eele des Cara\u00efbes et la plus grande \u00eele anglophone de la r\u00e9gion. Il se trouve \u00e0 environ 285 milles au nord du continent centram\u00e9ricain. Ha\u00efti, \u00e0 l\u2019est, et Cuba, au nord, sont de proches voisins. La Jama\u00efque abrite pr\u00e8s de trois millions d&#039;habitants. Kingston, la capitale et la principale ville de l&#039;\u00eele, est\u2026 <a title=\"\u00c9tude de march\u00e9 en Jama\u00efque\" class=\"read-more\" href=\"https:\/\/www.sisinternational.com\/fr\/couverture\/etude-de-marche-dans-les-caraibes\/etude-de-marche-en-jamaique\/\" aria-label=\"En savoir plus sur Market Research in Jamaica\">Lire plus<\/a><\/p>","protected":false},"author":1,"featured_media":66130,"parent":33287,"menu_order":3,"comment_status":"closed","ping_status":"closed","template":"","meta":{"footnotes":""},"class_list":["post-39531","page","type-page","status-publish","has-post-thumbnail"],"_links":{"self":[{"href":"https:\/\/www.sisinternational.com\/fr\/wp-json\/wp\/v2\/pages\/39531","targetHints":{"allow":["GET"]}}],"collection":[{"href":"https:\/\/www.sisinternational.com\/fr\/wp-json\/wp\/v2\/pages"}],"about":[{"href":"https:\/\/www.sisinternational.com\/fr\/wp-json\/wp\/v2\/types\/page"}],"author":[{"embeddable":true,"href":"https:\/\/www.sisinternational.com\/fr\/wp-json\/wp\/v2\/users\/1"}],"replies":[{"embeddable":true,"href":"https:\/\/www.sisinternational.com\/fr\/wp-json\/wp\/v2\/comments?post=39531"}],"version-history":[{"count":3,"href":"https:\/\/www.sisinternational.com\/fr\/wp-json\/wp\/v2\/pages\/39531\/revisions"}],"predecessor-version":[{"id":81324,"href":"https:\/\/www.sisinternational.com\/fr\/wp-json\/wp\/v2\/pages\/39531\/revisions\/81324"}],"up":[{"embeddable":true,"href":"https:\/\/www.sisinternational.com\/fr\/wp-json\/wp\/v2\/pages\/33287"}],"wp:featuredmedia":[{"embeddable":true,"href":"https:\/\/www.sisinternational.com\/fr\/wp-json\/wp\/v2\/media\/66130"}],"wp:attachment":[{"href":"https:\/\/www.sisinternational.com\/fr\/wp-json\/wp\/v2\/media?parent=39531"}],"curies":[{"name":"wp","href":"https:\/\/api.w.org\/{rel}","templated":true}]}}