{"id":39529,"date":"2021-12-14T22:08:02","date_gmt":"2021-12-14T22:08:02","guid":{"rendered":"https:\/\/www.sisinternational.com\/?page_id=39529"},"modified":"2026-01-26T19:01:45","modified_gmt":"2026-01-27T00:01:45","slug":"etude-de-marche-aux-fidji","status":"publish","type":"page","link":"https:\/\/www.sisinternational.com\/fr\/couverture\/etude-de-marche-en-asie\/etude-de-marche-aux-fidji\/","title":{"rendered":"\u00c9tude de march\u00e9 aux Fidji"},"content":{"rendered":"<h1 class=\"wp-block-heading\">\u00c9tude de march\u00e9 aux Fidji<\/h1>\n\n\n\n<figure class=\"gb-block-image gb-block-image-af3b898e\"><img loading=\"lazy\" decoding=\"async\" width=\"1456\" height=\"816\" class=\"gb-image gb-image-af3b898e\" src=\"https:\/\/www.sisinternational.com\/wp-content\/uploads\/2025\/09\/Fiji-3.jpg\" alt=\"\u00c9tudes de march\u00e9 et strat\u00e9gie internationales SIS\" title=\"Fiji (3)\" srcset=\"https:\/\/www.sisinternational.com\/wp-content\/uploads\/2025\/09\/Fiji-3.jpg 1456w, https:\/\/www.sisinternational.com\/wp-content\/uploads\/2025\/09\/Fiji-3-300x168.jpg 300w, https:\/\/www.sisinternational.com\/wp-content\/uploads\/2025\/09\/Fiji-3-1024x574.jpg 1024w, https:\/\/www.sisinternational.com\/wp-content\/uploads\/2025\/09\/Fiji-3-768x430.jpg 768w, https:\/\/www.sisinternational.com\/wp-content\/uploads\/2025\/09\/Fiji-3-18x10.jpg 18w\" sizes=\"auto, (max-width: 1456px) 100vw, 1456px\"><\/figure>\n\n\n\n<p><\/p>\n\n\n\n<p>Fidji, une nation insulaire dynamique du Pacifique Sud, est un march\u00e9 cl\u00e9 pour les entreprises qui cherchent \u00e0 se d\u00e9velopper dans de nouvelles r\u00e9gions. <strong>\u00c9tude de march\u00e9 aux Fidji<\/strong> joue un r\u00f4le essentiel en aidant les entreprises \u00e0 comprendre les pr\u00e9f\u00e9rences des consommateurs locaux, la dynamique du march\u00e9 et les paysages concurrentiels.<\/p>\n\n\n\n<h2 class=\"wp-block-heading\">Qu\u2019est-ce que l\u2019\u00e9tude de march\u00e9 aux Fidji\u00a0?<\/h2>\n\n\n\n<p>L&#039;\u00e9tude de march\u00e9 aux Fidji fait r\u00e9f\u00e9rence au processus de collecte et d&#039;analyse de donn\u00e9es pour mieux comprendre le march\u00e9 fidjien, les comportements des consommateurs et les tendances du secteur. Cette recherche couvre divers aspects tels que les pr\u00e9f\u00e9rences locales, les influences culturelles, les indicateurs \u00e9conomiques et la dynamique concurrentielle qui fa\u00e7onnent l&#039;environnement du march\u00e9.<\/p>\n\n\n\n<p>En tirant parti <a href=\"https:\/\/www.linkedin.com\/pulse\/how-market-research-enables-growth-ruth-stanat-phekf\/\" target=\"_blank\" rel=\"noopener\"><span style=\"font-weight: 400;\">\u00c9tude de march\u00e9<\/span><\/a> Aux Fidji, les entreprises peuvent adapter leurs produits et services aux besoins de la population locale, identifier les secteurs de croissance potentiels et garder une longueur d&#039;avance sur leurs concurrents. Que votre entreprise se lance dans le secteur du tourisme, d\u00e9veloppe ses activit\u00e9s de vente au d\u00e9tail ou lance un nouveau produit aux Fidji, une recherche efficace fournit les donn\u00e9es n\u00e9cessaires pour aligner les strat\u00e9gies sur les demandes locales.<\/p>\n\n\n\n<h2 class=\"wp-block-heading\">Pourquoi les \u00e9tudes de march\u00e9 aux Fidji sont-elles importantes\u00a0?<\/h2>\n\n\n\n<p>One&nbsp;key reason&nbsp;market research in <a href=\"https:\/\/www.sisinternational.com\/fr\/competence\/les-industries\/etude-de-marche-sur-le-cablage-structure\/\" title=\"\u00c9tude de march\u00e9 sur le c\u00e2blage structur\u00e9\" data-wpil-monitor-id=\"7204\">Fiji is important is&nbsp;its unique market<\/a> structure. With a mix of urban and rural populations, different income levels, and a rich blend of cultures, businesses must take a tailored approach when entering the market. Research helps companies understand consumer preferences, purchasing behavior, and regional differences, which can be crucial for creating targeted marketing strategies and optimizing product offerings.<\/p>\n\n\n\n<p>De plus, les \u00e9tudes de march\u00e9 aux Fidji permettent aux entreprises de rester comp\u00e9titives. En analysant les strat\u00e9gies des concurrents et les tendances du march\u00e9, les entreprises peuvent adapter leurs approches pour se d\u00e9marquer sur le march\u00e9. Que vous vous lanciez dans le secteur du tourisme ou que vous lanciez de nouveaux produits technologiques, les \u00e9tudes de march\u00e9 fournissent les informations n\u00e9cessaires pour r\u00e9ussir.<\/p>\n\n\n\n<h2 class=\"wp-block-heading\">Industries cl\u00e9s<\/h2>\n\n\n\n<p>Les Fidji sont les \u00eeles du Pacifique qui connaissent la plus forte croissance et sont les plus d\u00e9velopp\u00e9es. Elles restent n\u00e9anmoins un pays du tiers-monde riche en poissons, min\u00e9raux et for\u00eats. Le secteur agricole y est important. De nombreux Fidjiens pratiquent l&#039;agriculture de subsistance. Les exportations de sucre et le tourisme sont les principales sources de devises \u00e9trang\u00e8res.<\/p>\n\n\n\n<p>Il existe \u00e9galement un secteur de l&#039;industrie l\u00e9g\u00e8re et un secteur des services. Ces secteurs desservent les petites \u00eeles voisines et le march\u00e9 int\u00e9rieur. L&#039;industrie l\u00e9g\u00e8re s&#039;\u00e9tend de la construction de bateaux et de yachts \u00e0 la fabrication de bi\u00e8re et de peintures.<\/p>\n\n\n\n<p>Une autre bonne chose est que l&#039;\u00c9tat offre des incitations aux investisseurs et insiste sur la cr\u00e9ation d&#039;emplois et de programmes de formation pour les employ\u00e9s locaux.<\/p>\n\n\n\n<h2 class=\"wp-block-heading\">Quartiers<\/h2>\n\n\n\n<figure class=\"gb-block-image gb-block-image-ead8768d\"><img loading=\"lazy\" decoding=\"async\" width=\"1456\" height=\"816\" class=\"gb-image gb-image-ead8768d\" src=\"https:\/\/www.sisinternational.com\/wp-content\/uploads\/2025\/09\/Fiji-2.jpg\" alt=\"\u00c9tudes de march\u00e9 et strat\u00e9gie internationales SIS\" title=\"Fiji (2)\" srcset=\"https:\/\/www.sisinternational.com\/wp-content\/uploads\/2025\/09\/Fiji-2.jpg 1456w, https:\/\/www.sisinternational.com\/wp-content\/uploads\/2025\/09\/Fiji-2-300x168.jpg 300w, https:\/\/www.sisinternational.com\/wp-content\/uploads\/2025\/09\/Fiji-2-1024x574.jpg 1024w, https:\/\/www.sisinternational.com\/wp-content\/uploads\/2025\/09\/Fiji-2-768x430.jpg 768w, https:\/\/www.sisinternational.com\/wp-content\/uploads\/2025\/09\/Fiji-2-18x10.jpg 18w\" sizes=\"auto, (max-width: 1456px) 100vw, 1456px\"><\/figure>\n\n\n\n<p><\/p>\n\n\n\n<p>Les Fidji sont une nation insulaire du Pacifique Sud, voisine de la Nouvelle-Z\u00e9lande. Les habitants parlent le fidjien, l&#039;anglais et l&#039;hindi fidjien. Le rotuman est une autre langue parl\u00e9e sur les \u00eeles. Les Fidjiens autochtones constituent le groupe ethnique le plus r\u00e9pandu dans les \u00eeles. Les Indo-Fidjiens et les Rotumans font partie des autres groupes ethniques.<\/p>\n\n\n\n<p>Un autre point important est que la plupart des \u00eeles pratiquent le christianisme. Les autres religions principales sont l&#039;hindouisme et l&#039;islam. La monnaie est le dollar fidjien (FJD).<\/p>\n\n\n\n<p>Suva est la capitale et la plus grande ville des Fidji. Elle se trouve sur la c\u00f4te sud-est de Viti Levu, la plus grande \u00eele du pays. Lautoka, sur la c\u00f4te ouest de Viti Levu, est la deuxi\u00e8me plus grande ville des Fidji. Elle se trouve dans le district occidental de la province de Ba. Cette ville se trouve au centre de la r\u00e9gion de culture de la canne \u00e0 sucre des Fidji, d&#039;o\u00f9 son surnom de \u00ab ville du sucre \u00bb.<\/p>\n\n\n\n<p>Nadi est la troisi\u00e8me plus grande ville des Fidji. Elle se trouve \u00e0 l&#039;ouest de Viti Levu. Nadi est une ville multiethnique, avec de nombreux Asiatiques, Indiens ou Fidjiens de souche parmi ses habitants. Elle accueille \u00e9galement de nombreux touristes \u00e9trangers. Cette ville produit de la canne \u00e0 sucre, mais le tourisme en est la principale industrie.<\/p>\n\n\n\n<h2 class=\"wp-block-heading\">Les tendances<\/h2>\n\n\n\n<p>La population des Fidji est en augmentation. De plus en plus de personnes se connectent \u00e0 Internet et utilisent les r\u00e9seaux sociaux, et les connexions mobiles sont \u00e9galement plus nombreuses.<\/p>\n\n\n\n<h2 class=\"wp-block-heading\">Avantages et atouts sur le march\u00e9<\/h2>\n\n\n\n<p>Les arguments de vente uniques des Fidji sont le climat tropical, l&#039;acc\u00e8s facile aux march\u00e9s australien et n\u00e9o-z\u00e9landais et une bonne ma\u00eetrise de l&#039;anglais.<\/p>\n\n\n\n<p>L&#039;infrastructure et les connexions mondiales des Fidji sont plut\u00f4t bonnes. Le pays accueille les investissements \u00e9trangers.<\/p>\n\n\n\n<h2 class=\"wp-block-heading\">Raisons de d\u00e9velopper votre entreprise aux Fidji<\/h2>\n\n\n\n<p>Les Fidji disposent d\u2019une structure fiscale favorable aux entreprises qui soutient l\u2019innovation et l\u2019investissement. C\u2019est pourquoi l\u2019\u00c9tat des Fidji a annonc\u00e9 une s\u00e9rie d\u2019incitations et de politiques visant \u00e0 promouvoir la croissance. Il s\u2019agit de mesures visant \u00e0 attirer davantage d\u2019investissements et \u00e0 encourager une croissance stable et r\u00e9guli\u00e8re. En outre, l\u2019\u00c9tat pr\u00e9voit d\u2019augmenter le revenu par habitant jusqu\u2019\u00e0 quatre fois son niveau actuel au cours des 20 prochaines ann\u00e9es.<\/p>\n\n\n\n<p>Un pays doit \u00eatre stable pour attirer de grandes quantit\u00e9s d\u2019investissements \u00e9trangers. Au moins, les Fidji ont une faible inflation et une croissance positive du PIB. C\u2019est pour cette raison que la confiance du secteur priv\u00e9 national s\u2019est accrue. Il en va de m\u00eame pour les investisseurs \u00e9trangers. Par ailleurs, les nouveaux pr\u00eats bancaires destin\u00e9s \u00e0 des investissements ont continu\u00e9 \u00e0 augmenter. Les Fidji sont \u00e9galement la plaque tournante commerciale la plus importante de la r\u00e9gion. Il propose d&#039;excellentes routes \u00e0 travers les \u00eeles du Pacifique.<\/p>\n\n\n\n<p>Voici quelques raisons suppl\u00e9mentaires\u00a0:<\/p>\n\n\n\n<ol class=\"wp-block-list\">\n<li>la mise \u00e0 niveau r\u00e9guli\u00e8re des infrastructures,<\/li>\n\n\n\n<li>l&#039;avantage d&#039;une soci\u00e9t\u00e9 jeune<\/li>\n\n\n\n<li>la croissance du tourisme,<\/li>\n\n\n\n<li>services naturels,<\/li>\n\n\n\n<li>a first-class English-speaking workforce,<\/li>\n\n\n\n<li>bon espace d&#039;affaires et<\/li>\n\n\n\n<li>faibles co\u00fbts d&#039;entr\u00e9e<\/li>\n<\/ol>\n\n\n\n<p>Ce sont tous des facteurs essentiels au succ\u00e8s continu des Fidji.<\/p>\n\n\n\n<h2 class=\"wp-block-heading\">Comment les \u00e9tudes de march\u00e9 de SIS International \u00e0 Fidji aident les entreprises<\/h2>\n\n\n\n<p><a href=\"https:\/\/www.linkedin.com\/company\/sisinternationalresearch\/\" target=\"_blank\" rel=\"noopener\"><span style=\"font-weight: 400;\">SIS International<\/span><\/a> propose une approche sur mesure des \u00e9tudes de march\u00e9 aux Fidji, fournissant aux entreprises les informations dont elles ont besoin pour r\u00e9ussir sur ce march\u00e9 unique. Notre expertise et nos m\u00e9thodologies de recherche approfondies fournissent des donn\u00e9es exploitables qui soutiennent la croissance strat\u00e9gique. Voici quelques-uns des principaux avantages de travailler avec SIS International pour les \u00e9tudes de march\u00e9 aux Fidji :<\/p>\n\n\n\n<ul class=\"wp-block-list\">\n<li><strong>Des informations localis\u00e9es<\/strong>:Nos recherches examinent en profondeur les comportements culturels, \u00e9conomiques et de consommation sp\u00e9cifiques aux Fidji, garantissant ainsi que les entreprises peuvent prendre des d\u00e9cisions \u00e9clair\u00e9es.<\/li>\n\n\n\n<li><strong>Des m\u00e9thodologies compl\u00e8tes<\/strong>:SIS International combine des approches de recherche qualitatives et quantitatives pour fournir une vue compl\u00e8te du march\u00e9, du sentiment des consommateurs aux donn\u00e9es concr\u00e8tes.<\/li>\n\n\n\n<li><strong>Analyse de la concurrence<\/strong>:Nous aidons les entreprises \u00e0 comprendre le paysage concurrentiel et proposons des strat\u00e9gies pour garder une longueur d\u2019avance sur les tendances du march\u00e9 et les concurrents.<\/li>\n\n\n\n<li><strong>Att\u00e9nuation des risques<\/strong>:Avec des donn\u00e9es de march\u00e9 pr\u00e9cises, les entreprises peuvent identifier les risques potentiels et \u00e9viter des erreurs co\u00fbteuses lors de leur entr\u00e9e sur le march\u00e9 fidjien.<\/li>\n\n\n\n<li><strong>Des strat\u00e9gies sur mesure<\/strong>:Nos r\u00e9sultats aident les entreprises \u00e0 concevoir et \u00e0 mettre en \u0153uvre des strat\u00e9gies sp\u00e9cifiquement adapt\u00e9es aux pr\u00e9f\u00e9rences des consommateurs fidjiens et aux conditions du march\u00e9, conduisant \u00e0 une meilleure entr\u00e9e sur le march\u00e9 et \u00e0 un meilleur positionnement des produits.<\/li>\n\n\n\n<li><strong>Prise de d\u00e9cision \u00e9clair\u00e9e<\/strong>:Les entreprises ont acc\u00e8s \u00e0 des donn\u00e9es critiques qui leur permettent de prendre des d\u00e9cisions fond\u00e9es sur les donn\u00e9es, am\u00e9liorant ainsi leurs performances sur le march\u00e9 aux Fidji.<\/li>\n\n\n\n<li><strong>Opportunit\u00e9s de croissance \u00e0 long terme<\/strong>:Notre recherche ne se concentre pas uniquement sur les gains \u00e0 court terme, mais identifie \u00e9galement des opportunit\u00e9s \u00e0 long terme pour une croissance commerciale soutenue sur le march\u00e9 fidjien.<\/li>\n<\/ul>\n\n\n\n<h2 class=\"wp-block-heading\"><strong>\u00c0 propos de SIS International<\/strong><\/h2>\n\n\n\n<p><a href=\"https:\/\/www.sisinternational.com\/fr\/\"><span style=\"font-weight: 400;\">SIS International<\/span><\/a><span style=\"font-weight: 400;\"> propose des recherches quantitatives, qualitatives et strat\u00e9giques. Nous fournissons des donn\u00e9es, des outils, des strat\u00e9gies, des rapports et des informations pour la prise de d\u00e9cision. Nous menons \u00e9galement des entretiens, des enqu\u00eates, des groupes de discussion et d\u2019autres m\u00e9thodes et approches d\u2019\u00e9tudes de march\u00e9.<\/span><a href=\"https:\/\/www.sisinternational.com\/fr\/a-propos-de-la-recherche-internationale-sis\/contact-sis-international-market-research\/\"><span style=\"font-weight: 400;\"> Contactez nous<\/span><\/a><span style=\"font-weight: 400;\"> pour votre prochain projet d&#039;\u00e9tude de march\u00e9.<\/span><\/p>\n\n\n\n<p><\/p>","protected":false},"excerpt":{"rendered":"<p>Market Research in Fiji Fiji, a vibrant island nation in the South Pacific, is a key market for businesses looking to expand into new regions. Market research in Fiji plays a critical role in helping companies understand local consumer preferences, market dynamics, and competitive landscapes. What Is Market Research in Fiji? Market research in Fiji &#8230; <a title=\"\u00c9tude de march\u00e9 aux Fidji\" class=\"read-more\" href=\"https:\/\/www.sisinternational.com\/fr\/couverture\/etude-de-marche-en-asie\/etude-de-marche-aux-fidji\/\" aria-label=\"En savoir plus sur Market Research in Fiji\">Lire plus<\/a><\/p>","protected":false},"author":1,"featured_media":65674,"parent":14508,"menu_order":34,"comment_status":"closed","ping_status":"closed","template":"","meta":{"footnotes":""},"class_list":["post-39529","page","type-page","status-publish","has-post-thumbnail"],"_links":{"self":[{"href":"https:\/\/www.sisinternational.com\/fr\/wp-json\/wp\/v2\/pages\/39529","targetHints":{"allow":["GET"]}}],"collection":[{"href":"https:\/\/www.sisinternational.com\/fr\/wp-json\/wp\/v2\/pages"}],"about":[{"href":"https:\/\/www.sisinternational.com\/fr\/wp-json\/wp\/v2\/types\/page"}],"author":[{"embeddable":true,"href":"https:\/\/www.sisinternational.com\/fr\/wp-json\/wp\/v2\/users\/1"}],"replies":[{"embeddable":true,"href":"https:\/\/www.sisinternational.com\/fr\/wp-json\/wp\/v2\/comments?post=39529"}],"version-history":[{"count":6,"href":"https:\/\/www.sisinternational.com\/fr\/wp-json\/wp\/v2\/pages\/39529\/revisions"}],"predecessor-version":[{"id":80767,"href":"https:\/\/www.sisinternational.com\/fr\/wp-json\/wp\/v2\/pages\/39529\/revisions\/80767"}],"up":[{"embeddable":true,"href":"https:\/\/www.sisinternational.com\/fr\/wp-json\/wp\/v2\/pages\/14508"}],"wp:featuredmedia":[{"embeddable":true,"href":"https:\/\/www.sisinternational.com\/fr\/wp-json\/wp\/v2\/media\/65674"}],"wp:attachment":[{"href":"https:\/\/www.sisinternational.com\/fr\/wp-json\/wp\/v2\/media?parent=39529"}],"curies":[{"name":"wp","href":"https:\/\/api.w.org\/{rel}","templated":true}]}}