{"id":39525,"date":"2021-12-14T21:41:55","date_gmt":"2021-12-14T21:41:55","guid":{"rendered":"https:\/\/www.sisinternational.com\/?page_id=39525"},"modified":"2025-09-14T21:46:16","modified_gmt":"2025-09-15T01:46:16","slug":"etude-de-marche-a-la-dominique","status":"publish","type":"page","link":"https:\/\/www.sisinternational.com\/fr\/couverture\/etude-de-marche-dans-les-caraibes\/etude-de-marche-a-la-dominique\/","title":{"rendered":"\u00c9tude de march\u00e9 en Dominique"},"content":{"rendered":"<h1 class=\"wp-block-heading\">\u00c9tude de march\u00e9 en Dominique<\/h1>\n\n\n\n<figure class=\"gb-block-image gb-block-image-0b09e00b\"><img loading=\"lazy\" decoding=\"async\" width=\"1456\" height=\"816\" class=\"gb-image gb-image-0b09e00b\" src=\"https:\/\/www.sisinternational.com\/wp-content\/uploads\/2025\/09\/Dominica.jpg\" alt=\"\u00c9tudes de march\u00e9 et strat\u00e9gie internationales SIS\" title=\"Dominique\" srcset=\"https:\/\/www.sisinternational.com\/wp-content\/uploads\/2025\/09\/Dominica.jpg 1456w, https:\/\/www.sisinternational.com\/wp-content\/uploads\/2025\/09\/Dominica-300x168.jpg 300w, https:\/\/www.sisinternational.com\/wp-content\/uploads\/2025\/09\/Dominica-1024x574.jpg 1024w, https:\/\/www.sisinternational.com\/wp-content\/uploads\/2025\/09\/Dominica-768x430.jpg 768w, https:\/\/www.sisinternational.com\/wp-content\/uploads\/2025\/09\/Dominica-18x10.jpg 18w\" sizes=\"auto, (max-width: 1456px) 100vw, 1456px\"><\/figure>\n\n\n\n<p><\/p>\n\n\n\n<p>Le Commonwealth de la Dominique, situ\u00e9 dans les Cara\u00efbes, est une petite nation insulaire.<\/p>\n\n\n\n<h2 class=\"wp-block-heading\">Industries cl\u00e9s<\/h2>\n\n\n\n<p>Agriculture is the primary sector on the island, and it adds the most to the GDP of the country. Many residents engage in farming. The industry employs almost half of the people. The major cash crop in the late 1980s was banana. This crop made up more than half of the island\u2019s total exports. But the crop lost favor over time. This decline was due to many hurricanes and storms, which destroyed the fields. The country has since assumed many projects to revamp this sector.<\/p>\n\n\n\n<p>Le tourisme est un autre secteur primaire. L&#039;\u00eele est c\u00e9l\u00e8bre pour son \u00e9cotourisme. Sa beaut\u00e9 naturelle attire de nombreux touristes. Les visiteurs peuvent faire de la randonn\u00e9e et observer la faune. Ils peuvent \u00e9galement explorer les paysages de l\u2019\u00eele, notamment ses nombreuses cascades, sources chaudes et for\u00eats tropicales.<\/p>\n\n\n\n<h2 class=\"wp-block-heading\">Quartiers<\/h2>\n\n\n\n<p>En raison de sa petite taille, il n\u2019y a pas de v\u00e9ritables villes sur l\u2019\u00eele.<\/p>\n\n\n\n<p>La capitale est la commune de Roseau dans la paroisse de Saint George. C&#039;est la plus ancienne ville de l&#039;\u00eele. Il se trouve sur le site d&#039;un ancien village Kalinago nomm\u00e9 Sairi. La ville compte de nombreuses maisons et structures en b\u00e9ton. Il y a peu d\u2019espaces verts. Mais le jardin botanique central de la ville est une attraction touristique. Elle est \u00e9galement connue pour la rivi\u00e8re Roseau, qui traverse la capitale. Cette particularit\u00e9 est rare dans les \u00eeles.<\/p>\n\n\n\n<p>La deuxi\u00e8me plus grande ville est Portsmouth, dans la paroisse de Saint John. Il se trouve sur la rivi\u00e8re Indian. Elle \u00e9tait la capitale de l&#039;\u00eele en 1760. Mais \u00e0 cause d&#039;une \u00e9pid\u00e9mie de paludisme, la situation a chang\u00e9. Elle abrite le plus grand complexe sportif de l&#039;\u00eele.<\/p>\n\n\n\n<h2 class=\"wp-block-heading\">Les tendances<\/h2>\n\n\n\n<p>Le pays passe de l\u2019agriculture au tourisme. Il se pr\u00e9sente comme un paradis d\u2019\u00e9cotourisme. Mais l&#039;\u00eele se remet encore des effets de l&#039;ouragan Maria, qui a frapp\u00e9 en 2017. Maria a d\u00e9truit une grande partie des produits agricoles. Elle a \u00e9galement d\u00e9truit le r\u00e9seau routier et endommag\u00e9 presque tous les b\u00e2timents du pays.<\/p>\n\n\n\n<p>The economy is trending downwards as the country\u2019s fiscal health declines. The cost of rebuilding after Maria continues to strain public resources. The government is trying hard to revive the economy. It is attempting to <a href=\"https:\/\/www.sisinternational.com\/fr\/solutions\/conseil-en-strategie\/recherche-dopportunites-dentree-sur-le-marche\/lefficacite-des-tests-de-produits-a-new-york-pour-penetrer-le-marche-americain\/\" title=\"L&#039;efficacit\u00e9 des tests de produits \u00e0 New York pour p\u00e9n\u00e9trer le march\u00e9 am\u00e9ricain\"  data-wpil-monitor-id=\"7880\">enter the financial services market<\/a>. So far, a <a href=\"https:\/\/www.sisinternational.com\/fr\/recherche-a-grande-echelle-pour-les-petites-entreprises\/\" title=\"Recherche \u00e0 grande \u00e9chelle pour les petites entreprises\"  data-wpil-monitor-id=\"7879\">small number of banks and other companies<\/a> have signed up. The entry cost is now lower, and it\u2019s easier to register. These measures, they hope, will attract more companies.<\/p>\n\n\n\n<h2 class=\"wp-block-heading\">Avantages et points forts du march\u00e9 dominicain<\/h2>\n\n\n\n<p>L&#039;\u00eele poss\u00e8de de vastes ressources naturelles. Les perspectives de croissance du secteur agricole sont tr\u00e8s bonnes. Par exemple, la riziculture peut fonctionner sur cette \u00eele. Il y a toujours une demande de riz. La richesse des terres peut contribuer \u00e0 augmenter la r\u00e9colte. Le facteur de risque r\u00e9side dans les catastrophes telles que l\u2019ouragan Maria, qui ont frein\u00e9 toute croissance du secteur.<\/p>\n\n\n\n<p>L&#039;\u00eele peut \u00e9galement \u00e9tendre sa port\u00e9e touristique. Son produit touristique est diff\u00e9rent de celui de la plupart des \u00eeles. La diff\u00e9rence r\u00e9side dans son approche \u00e9co-responsable.<\/p>\n\n\n\n<p>Due to its volcanic nature, there is room for growth in the energy sector. Geothermal energy is one of the primary sources that the country plans to develop. Companies with the technical know-how to execute energy projects can benefit.<\/p>\n\n\n\n<h2 class=\"wp-block-heading\">Base de consommateurs<\/h2>\n\n\n\n<p>La base de consommation de la Dominique d\u00e9pend des importations, notamment alimentaires. La faible population du pays rend difficile la production alimentaire suffisante. Les gens ne peuvent pas cro\u00eetre suffisamment pour subvenir \u00e0 leurs besoins. Cette d\u00e9pendance a commenc\u00e9 en 1986, lorsque le nombre de personnes vivant sur l&#039;\u00eele a commenc\u00e9 \u00e0 d\u00e9cliner. La Dominique importe plus de la moiti\u00e9 de sa nourriture, ce qui am\u00e8ne les consommateurs \u00e0 adopter un r\u00e9gime alimentaire occidental. Ainsi, les gens sont sujets aux probl\u00e8mes de sant\u00e9 occidentaux tels que le diab\u00e8te.<\/p>\n\n\n\n<h2 class=\"wp-block-heading\">Raisons de d\u00e9velopper votre entreprise sur ce march\u00e9<\/h2>\n\n\n\n<p>L&#039;\u00eele pr\u00e9sente une excellente opportunit\u00e9 pour de nombreuses entreprises. Les d\u00e9bouch\u00e9s incluent la production de caf\u00e9, la transformation des aliments et le tourisme.<\/p>\n\n\n\n<p>The coffee <a href=\"https:\/\/www.sisinternational.com\/fr\/publications\/etude-de-marche-sur-les-entreprises-evolutives-7-facons-de-creer-une-entreprise-evolutive\/\" title=\"\u00c9tude de march\u00e9 sur les entreprises \u00e9volutives\u00a0: 7 fa\u00e7ons de cr\u00e9er une entreprise \u00e9volutive\"  data-wpil-monitor-id=\"7878\">business has a large market<\/a> on the island. It has strong local demand. Dominica is also moving to step up the production of its Arabica coffee beans. The Venezuelan government recently funded the construction of a coffee processing plant in Portsmouth in the north of the island.<\/p>\n\n\n\n<p>Food security is also a big issue that the country is seeking to address. As a result, companies in the food <a href=\"https:\/\/www.sisinternational.com\/fr\/top-5-benefits-of-qualitative-market-research-for-businesses\/\" title=\"Top 5 Benefits of Qualitative Market Research for Businesses\"  data-wpil-monitor-id=\"7881\">business stand to benefit<\/a>.<\/p>\n\n\n\n<p>L&#039;\u00eele continue de cro\u00eetre en tant que lieu touristique gr\u00e2ce \u00e0 l&#039;exp\u00e9rience unique offerte ici. Ainsi, les entreprises qui se lancent dans cette industrie en b\u00e9n\u00e9ficieront \u00e9galement.<\/p>\n\n\n\n<h2 class=\"wp-block-heading\">\u00c0 propos des \u00e9tudes de march\u00e9 en Dominique<\/h2>\n\n\n\n<p>Quantitative, Qualitative, and Strategy Research is crucial. Several methods exist, including Interviews, Focus Groups, and Surveys. Companies should do these checks before entering the market to determine the best <a href=\"https:\/\/www.sisinternational.com\/fr\/solutions\/croissance-mondiale\/strategie-dentree-sur-le-marche\/\" title=\"Conseil en entr\u00e9e de march\u00e9\"  data-wpil-monitor-id=\"7875\">strat\u00e9gie d&#039;entr\u00e9e sur le march\u00e9<\/a>. It is also essential to visit the country to find opportunities. It helps to tour the island, visit business sites, and <a href=\"https:\/\/www.sisinternational.com\/fr\/comment-mener-une-recherche-documentaire-efficace\/\" title=\"Comment mener une recherche documentaire efficace\"  data-wpil-monitor-id=\"7882\">conduct online research<\/a>. A physical visit will help <a href=\"https:\/\/www.sisinternational.com\/fr\/competence\/les-industries\/directeur-de-linformation-cio-etudes-de-marche\/\" title=\"\u00c9tude de march\u00e9 du directeur de l\u2019information (CIO)\"  data-wpil-monitor-id=\"7876\">inform the market research<\/a>.<\/p>\n\n\n\n<p>We help <a href=\"https:\/\/www.sisinternational.com\/fr\/solutions\/conseil-en-tourisme-de-voyage-et-en-hotellerie\/etude-de-marche-dune-entreprise-de-guides-touristiques\/\" title=\"\u00c9tude de march\u00e9 sur les soci\u00e9t\u00e9s de guides touristiques\"  data-wpil-monitor-id=\"7877\">companies understand the market<\/a>. Contact us today!<\/p>\n\n\n\n<p><\/p>","protected":false},"excerpt":{"rendered":"<p>\u00c9tude de march\u00e9 \u00e0 la Dominique Le Commonwealth de la Dominique, situ\u00e9 dans les Cara\u00efbes, est une petite nation insulaire. Industries cl\u00e9s L&#039;agriculture est le secteur primaire de l&#039;\u00eele et celui qui contribue le plus au PIB du pays. De nombreux habitants s&#039;adonnent \u00e0 l&#039;agriculture. L&#039;industrie emploie pr\u00e8s de la moiti\u00e9 de la population. La principale culture de rente\u2026 <a title=\"\u00c9tude de march\u00e9 en Dominique\" class=\"read-more\" href=\"https:\/\/www.sisinternational.com\/fr\/couverture\/etude-de-marche-dans-les-caraibes\/etude-de-marche-a-la-dominique\/\" aria-label=\"En savoir plus sur Market Research in Dominica\">Lire plus<\/a><\/p>","protected":false},"author":1,"featured_media":66396,"parent":33287,"menu_order":2,"comment_status":"closed","ping_status":"closed","template":"","meta":{"footnotes":""},"class_list":["post-39525","page","type-page","status-publish","has-post-thumbnail"],"_links":{"self":[{"href":"https:\/\/www.sisinternational.com\/fr\/wp-json\/wp\/v2\/pages\/39525","targetHints":{"allow":["GET"]}}],"collection":[{"href":"https:\/\/www.sisinternational.com\/fr\/wp-json\/wp\/v2\/pages"}],"about":[{"href":"https:\/\/www.sisinternational.com\/fr\/wp-json\/wp\/v2\/types\/page"}],"author":[{"embeddable":true,"href":"https:\/\/www.sisinternational.com\/fr\/wp-json\/wp\/v2\/users\/1"}],"replies":[{"embeddable":true,"href":"https:\/\/www.sisinternational.com\/fr\/wp-json\/wp\/v2\/comments?post=39525"}],"version-history":[{"count":3,"href":"https:\/\/www.sisinternational.com\/fr\/wp-json\/wp\/v2\/pages\/39525\/revisions"}],"predecessor-version":[{"id":81329,"href":"https:\/\/www.sisinternational.com\/fr\/wp-json\/wp\/v2\/pages\/39525\/revisions\/81329"}],"up":[{"embeddable":true,"href":"https:\/\/www.sisinternational.com\/fr\/wp-json\/wp\/v2\/pages\/33287"}],"wp:featuredmedia":[{"embeddable":true,"href":"https:\/\/www.sisinternational.com\/fr\/wp-json\/wp\/v2\/media\/66396"}],"wp:attachment":[{"href":"https:\/\/www.sisinternational.com\/fr\/wp-json\/wp\/v2\/media?parent=39525"}],"curies":[{"name":"wp","href":"https:\/\/api.w.org\/{rel}","templated":true}]}}