{"id":39521,"date":"2021-12-14T21:19:21","date_gmt":"2021-12-14T21:19:21","guid":{"rendered":"https:\/\/www.sisinternational.com\/?page_id=39521"},"modified":"2025-09-14T21:44:05","modified_gmt":"2025-09-15T01:44:05","slug":"etude-de-marche-au-belize","status":"publish","type":"page","link":"https:\/\/www.sisinternational.com\/fr\/couverture\/latin-america\/etude-de-marche-en-amerique-latine\/etude-de-marche-au-belize\/","title":{"rendered":"\u00c9tude de march\u00e9 au Belize"},"content":{"rendered":"<h1 class=\"wp-block-heading\">\u00c9tude de march\u00e9 au Belize<\/h1>\n\n\n\n<figure class=\"gb-block-image gb-block-image-51ec4602\"><img loading=\"lazy\" decoding=\"async\" width=\"1456\" height=\"816\" class=\"gb-image gb-image-51ec4602\" src=\"https:\/\/www.sisinternational.com\/wp-content\/uploads\/2025\/09\/Belize-3.jpg\" alt=\"\u00c9tudes de march\u00e9 et strat\u00e9gie internationales SIS\" title=\"Belize (3)\" srcset=\"https:\/\/www.sisinternational.com\/wp-content\/uploads\/2025\/09\/Belize-3.jpg 1456w, https:\/\/www.sisinternational.com\/wp-content\/uploads\/2025\/09\/Belize-3-300x168.jpg 300w, https:\/\/www.sisinternational.com\/wp-content\/uploads\/2025\/09\/Belize-3-1024x574.jpg 1024w, https:\/\/www.sisinternational.com\/wp-content\/uploads\/2025\/09\/Belize-3-768x430.jpg 768w, https:\/\/www.sisinternational.com\/wp-content\/uploads\/2025\/09\/Belize-3-18x10.jpg 18w\" sizes=\"auto, (max-width: 1456px) 100vw, 1456px\"><\/figure>\n\n\n\n<p><\/p>\n\n\n\n<p>Ce qui distingue le Belize, c&#039;est son petit nombre : il compte la plus petite population d&#039;Am\u00e9rique centrale. Ses voisins sont le Mexique et le Guatemala. Sa plus grande ville est Belize City et sa capitale est Belmopan.<\/p>\n\n\n\n<p>The main languages are English and Spanish. Mayan is another spoken language, as are&nbsp;Kriol, German, Garifuna, and Chinese. The Mestizo is the most common ethnic <a href=\"https:\/\/www.sisinternational.com\/fr\/solutions\/groupes-de-discussion\/installations-de-groupe-de-discussion-a-new-york\/\" title=\"Installations des groupes de discussion de la ville de New York\"  data-wpil-monitor-id=\"8960\">group within the city<\/a>. Creole, Maya, Garifuna, East Indian, Caucasian, and Asian are further ethnic groups. More than half of the country practices the Christian religion. The currency is the Belize dollar (BZD).<\/p>\n\n\n\n<h2 class=\"wp-block-heading\">Industries cl\u00e9s<\/h2>\n\n\n\n<p>Le Belize a une \u00e9conomie de petite entreprise priv\u00e9e. Elle tire une grande partie de ses revenus de l\u2019agriculture, du tourisme et des services. Le p\u00e9trole est un nouvel ajout \u00e0 cette liste. La ville de Spanish Lookout h\u00e9berge d\u00e9sormais un champ p\u00e9trolif\u00e8re. Cela a apport\u00e9 de nouvelles perspectives et de nouveaux probl\u00e8mes \u00e0 ce pays en d\u00e9veloppement. Les principaux produits d&#039;exportation du Belize sont les agrumes, le sucre et les bananes. Le d\u00e9ficit commercial du Belize s&#039;est creus\u00e9 en raison des faibles prix \u00e0 l&#039;exportation du sucre et des bananes.<\/p>\n\n\n\n<h2 class=\"wp-block-heading\">Quartiers<\/h2>\n\n\n\n<p>Belmopan, la capitale, est la capitale la moins peupl\u00e9e du continent am\u00e9ricain. Belmopan est \u00e9galement la troisi\u00e8me plus grande colonie du Belize. Les autres colonies majeures sont San Ignacio et Belize City. Belmopan, cr\u00e9\u00e9e en tant que communaut\u00e9 planifi\u00e9e en 1970, est l&#039;une des capitales nationales les plus r\u00e9centes au monde. Depuis 2000, Belmopan est l&#039;une des deux colonies du Belize ayant le statut de ville officielle. L&#039;autre est Belize City.<\/p>\n\n\n\n<p>Belize City, la plus grande ville, \u00e9tait autrefois la capitale de l&#039;ancien Honduras britannique. C&#039;est le port principal. C&#039;est aussi un centre financier et industriel. En octobre 1961, l&#039;ouragan Hati a presque d\u00e9truit la ville de Belize. C&#039;\u00e9tait la capitale jusqu&#039;\u00e0 ce que le gouvernement d\u00e9m\u00e9nage \u00e0 Belmopan en 1970.<\/p>\n\n\n\n<h2 class=\"wp-block-heading\">Les tendances<\/h2>\n\n\n\n<figure class=\"gb-block-image gb-block-image-818eed39\"><img loading=\"lazy\" decoding=\"async\" width=\"1456\" height=\"816\" class=\"gb-image gb-image-818eed39\" src=\"https:\/\/www.sisinternational.com\/wp-content\/uploads\/2025\/09\/Belize-4.jpg\" alt=\"\u00c9tudes de march\u00e9 et strat\u00e9gie internationales SIS\" title=\"Belize (4)\" srcset=\"https:\/\/www.sisinternational.com\/wp-content\/uploads\/2025\/09\/Belize-4.jpg 1456w, https:\/\/www.sisinternational.com\/wp-content\/uploads\/2025\/09\/Belize-4-300x168.jpg 300w, https:\/\/www.sisinternational.com\/wp-content\/uploads\/2025\/09\/Belize-4-1024x574.jpg 1024w, https:\/\/www.sisinternational.com\/wp-content\/uploads\/2025\/09\/Belize-4-768x430.jpg 768w, https:\/\/www.sisinternational.com\/wp-content\/uploads\/2025\/09\/Belize-4-18x10.jpg 18w\" sizes=\"auto, (max-width: 1456px) 100vw, 1456px\"><\/figure>\n\n\n\n<p><\/p>\n\n\n\n<p>Il y a une augmentation du nombre de touristes. Le Belize est devenu un haut lieu de vacances en pleine croissance dans la r\u00e9gion. Elle a \u00e9galement connu une grande vague d\u2019innovation. Elle est d\u00e9sormais leader dans les domaines technologiques les plus en vogue (r\u00e9alit\u00e9 virtuelle et cryptos).<\/p>\n\n\n\n<h2 class=\"wp-block-heading\">Avantages et atouts sur le march\u00e9<\/h2>\n\n\n\n<ol class=\"wp-block-list\">\n<li>Potentiel touristique.<\/li>\n\n\n\n<li>Soutien d\u2019organismes de pr\u00eat ext\u00e9rieurs.<\/li>\n<\/ol>\n\n\n\n<h2 class=\"wp-block-heading\">Raisons de d\u00e9velopper votre entreprise au Belize<\/h2>\n\n\n\n<ul class=\"wp-block-list\">\n<li>Le gouvernement fait de l&#039;emploi des B\u00e9liziens une priorit\u00e9. Il offre \u00e9galement des incitations aux entreprises qui souhaitent am\u00e9liorer l\u2019\u00e9conomie. Il s\u2019agit notamment d\u2019exon\u00e9rations fiscales et d\u2019exon\u00e9rations de droits d\u2019importation et d\u2019exportation.<\/li>\n\n\n\n<li>Le Belize est proche des \u00c9tats-Unis, ce qui signifie qu&#039;il est facile d&#039;acc\u00e8s. En outre, les compagnies a\u00e9riennes proposent des vols directs depuis New York, la Californie, la G\u00e9orgie, la Floride et le Texas.<\/li>\n\n\n\n<li>La langue principale du Belize est l\u2019anglais\/cr\u00e9ole. De plus, la plupart des habitants parlent anglais et espagnol, deux des langues les plus populaires au monde.<\/li>\n\n\n\n<li>Le Belize a des liens avec l&#039;Am\u00e9rique centrale et les Cara\u00efbes. Elle b\u00e9n\u00e9ficie ainsi des accords commerciaux sign\u00e9s entre ces deux r\u00e9gions.<\/li>\n\n\n\n<li>Belize is still very young and is a developing country. Hence, there are many <a href=\"https:\/\/www.sisinternational.com\/fr\/opportunites-et-obstacles-bancaires-islamiques-pour-le-secteur-financier-americain\/\" title=\"Banque islamique\u00a0: opportunit\u00e9s et obstacles pour le secteur financier am\u00e9ricain\"  data-wpil-monitor-id=\"8962\">opportunities to enter new industries<\/a>.<\/li>\n\n\n\n<li>Le salaire minimum au Belize est l&#039;un des plus \u00e9lev\u00e9s de la r\u00e9gion. Il reste pourtant insuffisant par rapport au salaire minimum des pays d\u00e9velopp\u00e9s.<\/li>\n\n\n\n<li>Real estate is cheap to rent or buy. As a matter of fact, much of the land in Belize remains undeveloped. This is good news if your <a href=\"https:\/\/www.sisinternational.com\/fr\/creer-une-entreprise-en-turquie\/\" title=\"Cr\u00e9er une entreprise en Turquie\"  data-wpil-monitor-id=\"8963\">business plans include setting<\/a> up a farm. The land could also be useful for other purposes. Your business might be far from the city or town, but the land prices will be much lower.<\/li>\n<\/ul>\n\n\n\n<h2 class=\"wp-block-heading\">\u00c0 propos des \u00e9tudes de march\u00e9 au Belize<\/h2>\n\n\n\n<p>Would you like to set up a business in Belize? If so, then you\u2019re in the right place. We set up focus <a href=\"https:\/\/www.sisinternational.com\/fr\/solutions\/solutions-de-recherche-qualitative-et-quantitative\/tests-en-localisation-centrale-vs-groupes-de-discussion\/\" title=\"Tests de localisation centrale vs groupes de discussion\"  data-wpil-monitor-id=\"8961\">groups<\/a> in different areas of business in Central America. Likewise, we can conduct quantitative, qualitative, and strategic research for you. This step is vital for doing business in Belize. We will collect the <a href=\"https:\/\/www.sisinternational.com\/fr\/analysis-b2b\/\" title=\"What Business Leaders Need to Know Right Now\"  data-wpil-monitor-id=\"8964\">needed details for you and your business<\/a>. Our interviews, surveys, and other <a href=\"https:\/\/www.sisinternational.com\/fr\/quantitative-market-research-methods-and-techniques\/\" title=\"Quantitative Market Research Methods and Techniques\"  data-wpil-monitor-id=\"8959\">market research methods<\/a> will ensure your success.<\/p>\n\n\n\n<p><\/p>","protected":false},"excerpt":{"rendered":"<p>Market Research in Belize One thing that makes Belize stand out is its small numbers \u2013 it has the smallest populace in Central America. Its neighbors are Mexico and Guatemala. Its largest city is Belize City, and its capital is Belmopan. The main languages are English and Spanish. Mayan is another spoken language, as are&nbsp;Kriol, &#8230; <a title=\"\u00c9tude de march\u00e9 au Belize\" class=\"read-more\" href=\"https:\/\/www.sisinternational.com\/fr\/couverture\/latin-america\/etude-de-marche-en-amerique-latine\/etude-de-marche-au-belize\/\" aria-label=\"En savoir plus sur Market Research in Belize\">Lire plus<\/a><\/p>","protected":false},"author":1,"featured_media":66210,"parent":14351,"menu_order":19,"comment_status":"closed","ping_status":"closed","template":"","meta":{"footnotes":""},"class_list":["post-39521","page","type-page","status-publish","has-post-thumbnail"],"_links":{"self":[{"href":"https:\/\/www.sisinternational.com\/fr\/wp-json\/wp\/v2\/pages\/39521","targetHints":{"allow":["GET"]}}],"collection":[{"href":"https:\/\/www.sisinternational.com\/fr\/wp-json\/wp\/v2\/pages"}],"about":[{"href":"https:\/\/www.sisinternational.com\/fr\/wp-json\/wp\/v2\/types\/page"}],"author":[{"embeddable":true,"href":"https:\/\/www.sisinternational.com\/fr\/wp-json\/wp\/v2\/users\/1"}],"replies":[{"embeddable":true,"href":"https:\/\/www.sisinternational.com\/fr\/wp-json\/wp\/v2\/comments?post=39521"}],"version-history":[{"count":3,"href":"https:\/\/www.sisinternational.com\/fr\/wp-json\/wp\/v2\/pages\/39521\/revisions"}],"predecessor-version":[{"id":81502,"href":"https:\/\/www.sisinternational.com\/fr\/wp-json\/wp\/v2\/pages\/39521\/revisions\/81502"}],"up":[{"embeddable":true,"href":"https:\/\/www.sisinternational.com\/fr\/wp-json\/wp\/v2\/pages\/14351"}],"wp:featuredmedia":[{"embeddable":true,"href":"https:\/\/www.sisinternational.com\/fr\/wp-json\/wp\/v2\/media\/66210"}],"wp:attachment":[{"href":"https:\/\/www.sisinternational.com\/fr\/wp-json\/wp\/v2\/media?parent=39521"}],"curies":[{"name":"wp","href":"https:\/\/api.w.org\/{rel}","templated":true}]}}