{"id":39519,"date":"2021-12-14T21:15:32","date_gmt":"2021-12-14T21:15:32","guid":{"rendered":"https:\/\/www.sisinternational.com\/?page_id=39519"},"modified":"2025-09-14T21:43:10","modified_gmt":"2025-09-15T01:43:10","slug":"etude-de-marche-a-la-barbade","status":"publish","type":"page","link":"https:\/\/www.sisinternational.com\/fr\/couverture\/etude-de-marche-dans-les-caraibes\/etude-de-marche-a-la-barbade\/","title":{"rendered":"\u00c9tude de march\u00e9 \u00e0 la Barbade"},"content":{"rendered":"<h1 class=\"wp-block-heading\">\u00c9tude de march\u00e9 \u00e0 la Barbade<\/h1>\n\n\n\n<figure class=\"gb-block-image gb-block-image-9620d1f7\"><img loading=\"lazy\" decoding=\"async\" width=\"1456\" height=\"816\" class=\"gb-image gb-image-9620d1f7\" src=\"https:\/\/www.sisinternational.com\/wp-content\/uploads\/2025\/09\/Barbados-2.jpg\" alt=\"\u00c9tudes de march\u00e9 et strat\u00e9gie internationales SIS\" title=\"Barbados 2\" srcset=\"https:\/\/www.sisinternational.com\/wp-content\/uploads\/2025\/09\/Barbados-2.jpg 1456w, https:\/\/www.sisinternational.com\/wp-content\/uploads\/2025\/09\/Barbados-2-300x168.jpg 300w, https:\/\/www.sisinternational.com\/wp-content\/uploads\/2025\/09\/Barbados-2-1024x574.jpg 1024w, https:\/\/www.sisinternational.com\/wp-content\/uploads\/2025\/09\/Barbados-2-768x430.jpg 768w, https:\/\/www.sisinternational.com\/wp-content\/uploads\/2025\/09\/Barbados-2-18x10.jpg 18w\" sizes=\"auto, (max-width: 1456px) 100vw, 1456px\"><\/figure>\n\n\n\n<p><\/p>\n\n\n\n<p>La Barbade est une nation insulaire des Cara\u00efbes situ\u00e9e au nord-est de Trinit\u00e9-et-Tobago et \u00e0 l&#039;est de Saint-Vincent-et-les Grenadines. Ce petit pays est tr\u00e8s bien d\u00e9velopp\u00e9 par rapport aux \u00eeles voisines. De plus, c&#039;est aussi une \u00e9conomie \u00e0 revenus \u00e9lev\u00e9s. En tant que l\u2019un des \u00c9tats insulaires les plus riches des Antilles, c\u2019est un lieu d\u2019investissement de choix.<\/p>\n\n\n\n<h2 class=\"wp-block-heading\">Industries cl\u00e9s<\/h2>\n\n\n\n<p>The main areas of <a href=\"https:\/\/www.sisinternational.com\/fr\/competence\/les-industries\/groupes-de-discussion-industriels\/\" title=\"Groupes de discussion industriels\"  data-wpil-monitor-id=\"8724\">focus for Barbados are the service industry<\/a> and tourism. These sectors make up three-quarters of the national GDP. Despite this, the country also has a strong agricultural and industrial sector. Also, the large amounts of limestone on the island fuel its mining industry. The island earns much money from the quarrying of clay, gravel, and sand. About three-quarters of the nation\u2019s land is suitable for farming. That land produces lots of sugar for export.<\/p>\n\n\n\n<h2 class=\"wp-block-heading\">Quartiers<\/h2>\n\n\n\n<p>The island has a very flat terrain. It has a few mountains. This terrain dates back to the large coral deposits that were present when the island was forming. Barbados, unlike many of its neighbors, is a limestone island.<\/p>\n\n\n\n<p>La Barbade compte 11 paroisses, toutes portant le nom de saints. Leurs villages sont r\u00e9partis sur toute l&#039;\u00eele, mais la plupart se trouvent sur le littoral. Outre ces villages, la Barbade compte quelques villes, dont la plupart sont des centres commerciaux et industriels.<\/p>\n\n\n\n<h2 class=\"wp-block-heading\">Les tendances<\/h2>\n\n\n\n<p>La plupart des gens sont d&#039;origine africaine (environ 91%), le reste \u00e9tant soit blanc, m\u00e9tis ou indien. Ainsi, la Barbade poss\u00e8de un riche m\u00e9lange de cultures ouest-africaines, britanniques et indiennes. L&#039;un des passe-temps les plus populaires des habitants est le cricket. De nombreux joueurs de cricket du pays font partie de l&#039;\u00e9quipe r\u00e9gionale des Antilles.<\/p>\n\n\n\n<h2 class=\"wp-block-heading\">Avantages et atouts sur le march\u00e9<\/h2>\n\n\n\n<p>Barbados has a large amount of arable land for growing a variety of crops. It&#8217;s also known for its large number of <a href=\"https:\/\/www.sisinternational.com\/fr\/solutions\/ai-etudes-de-marche-et-conseil-en-strategie\/automatisation-des-matieres-premieres-conseil-en-intelligence-artificielle\/\" title=\"Conseil en Automatisation des Mati\u00e8res Premi\u00e8res et Intelligence Artificielle\"  data-wpil-monitor-id=\"8725\">raw construction materials<\/a>. The rich gravel, sand, and limestone are great for the construction of buildings. Its ease of access and the low price are good news for builders. It\u2019s also one less cause for worry.<\/p>\n\n\n\n<p>The financial <a href=\"https:\/\/www.sisinternational.com\/fr\/solutions\/etude-de-marche-de-consommation\/\" title=\"Consumer Market Research Services for Smarter Business Decisions\"  data-wpil-monitor-id=\"8727\">services and global business<\/a> sector also boost the country\u2019s GDP. Many large banks and companies are already present there. The sector attracts them because of the quality of supporting services they can access on the island.<\/p>\n\n\n\n<h2 class=\"wp-block-heading\">Base de consommateurs<\/h2>\n\n\n\n<p>Barbados has one of the densest populations in <a class=\"wpil_keyword_link\" href=\"https:\/\/www.sisinternational.com\/fr\/couverture\/les-ameriques\/\"   title=\"Les Am\u00e9riques\" data-wpil-keyword-link=\"linked\"  data-wpil-monitor-id=\"741\">the Americas<\/a>. Most locals speak English or at least a dialect of it. Along with that, almost all locals are literate and educated. That well-educated and skilled population is suitable for any new business. It improves the pool of consumers and potential employees.<\/p>\n\n\n\n<h2 class=\"wp-block-heading\">Reasons to Grow Your Business in the Barbadian Market<\/h2>\n\n\n\n<p>Barbados\u2019 scores are high in the human development index. It means that the country has excellent systems in place, which is good news for investors. Barbados also has good relations with its high-profile trading partners such as the US and the UK. The <a href=\"https:\/\/www.sisinternational.com\/fr\/services-de-publicite-multiculturelle-pour-une-societe-holding-emiratie-et-un-conglomerat-daffaires\/\" title=\"Services de publicit\u00e9 multiculturelle pour une soci\u00e9t\u00e9 holding \u00e9miratie et un conglom\u00e9rat commercial\"  data-wpil-monitor-id=\"8728\">service sector supports new businesses<\/a>. Many people in this sector can assist any <a href=\"https:\/\/www.sisinternational.com\/fr\/creer-une-entreprise-en-turquie\/\" title=\"Cr\u00e9er une entreprise en Turquie\"  data-wpil-monitor-id=\"8729\">business that wants to set<\/a> itself up there.<\/p>\n\n\n\n<h2 class=\"wp-block-heading\">\u00c0 propos des \u00e9tudes de march\u00e9 \u00e0 la Barbade<\/h2>\n\n\n\n<p>Investors need to get the most practical and accurate info. Thus, it\u2019s essential to use many info-gathering techniques. In addition, <a href=\"https:\/\/www.sisinternational.com\/fr\/couverture\/les-ameriques\/couverture-des-etats-unis\/etude-de-marche-a-rhode-island\/\" title=\"\u00c9tude de march\u00e9 au Rhode Island\"  data-wpil-monitor-id=\"8726\">researching an island<\/a> calls for a hands-on approach. It is best to explore the country itself. <a href=\"https:\/\/www.sisinternational.com\/fr\/how-to-design-effective-surveys-for-quantitative-research\/\" title=\"How to Design Effective Surveys for Quantitative Research\"  data-wpil-monitor-id=\"8723\">Recherche quantitative et qualitative<\/a> are excellent tools for this. Those can help investors to find out what works and what doesn\u2019t.<\/p>\n\n\n\n<p>Trouver le meilleur plan d\u2019action est essentiel pour toute entreprise. En outre, les entretiens, les groupes de discussion, les enqu\u00eates et les recherches strat\u00e9giques sont utiles. Ils peuvent produire davantage de donn\u00e9es r\u00e9elles et vous donner une id\u00e9e de ce qui se passe dans la t\u00eate des consommateurs.<\/p>\n\n\n\n<p><\/p>","protected":false},"excerpt":{"rendered":"<p>Etude de march\u00e9 \u00e0 la Barbade La Barbade est une nation insulaire des Cara\u00efbes situ\u00e9e au nord-est de Trinit\u00e9-et-Tobago et \u00e0 l&#039;est de Saint-Vincent-et-les Grenadines. Ce petit pays est tr\u00e8s bien d\u00e9velopp\u00e9 par rapport aux \u00eeles voisines. De plus, c&#039;est aussi une \u00e9conomie \u00e0 revenus \u00e9lev\u00e9s. En tant que l\u2019un des \u00c9tats insulaires les plus riches d\u2019Occident\u2026 <a title=\"\u00c9tude de march\u00e9 \u00e0 la Barbade\" class=\"read-more\" href=\"https:\/\/www.sisinternational.com\/fr\/couverture\/etude-de-marche-dans-les-caraibes\/etude-de-marche-a-la-barbade\/\" aria-label=\"En savoir plus sur Market Research in Barbados\">Lire plus<\/a><\/p>","protected":false},"author":1,"featured_media":66391,"parent":33287,"menu_order":1,"comment_status":"closed","ping_status":"closed","template":"","meta":{"footnotes":""},"class_list":["post-39519","page","type-page","status-publish","has-post-thumbnail"],"_links":{"self":[{"href":"https:\/\/www.sisinternational.com\/fr\/wp-json\/wp\/v2\/pages\/39519","targetHints":{"allow":["GET"]}}],"collection":[{"href":"https:\/\/www.sisinternational.com\/fr\/wp-json\/wp\/v2\/pages"}],"about":[{"href":"https:\/\/www.sisinternational.com\/fr\/wp-json\/wp\/v2\/types\/page"}],"author":[{"embeddable":true,"href":"https:\/\/www.sisinternational.com\/fr\/wp-json\/wp\/v2\/users\/1"}],"replies":[{"embeddable":true,"href":"https:\/\/www.sisinternational.com\/fr\/wp-json\/wp\/v2\/comments?post=39519"}],"version-history":[{"count":4,"href":"https:\/\/www.sisinternational.com\/fr\/wp-json\/wp\/v2\/pages\/39519\/revisions"}],"predecessor-version":[{"id":81462,"href":"https:\/\/www.sisinternational.com\/fr\/wp-json\/wp\/v2\/pages\/39519\/revisions\/81462"}],"up":[{"embeddable":true,"href":"https:\/\/www.sisinternational.com\/fr\/wp-json\/wp\/v2\/pages\/33287"}],"wp:featuredmedia":[{"embeddable":true,"href":"https:\/\/www.sisinternational.com\/fr\/wp-json\/wp\/v2\/media\/66391"}],"wp:attachment":[{"href":"https:\/\/www.sisinternational.com\/fr\/wp-json\/wp\/v2\/media?parent=39519"}],"curies":[{"name":"wp","href":"https:\/\/api.w.org\/{rel}","templated":true}]}}