{"id":39517,"date":"2021-12-14T21:11:06","date_gmt":"2021-12-14T21:11:06","guid":{"rendered":"https:\/\/www.sisinternational.com\/?page_id=39517"},"modified":"2025-09-14T21:42:27","modified_gmt":"2025-09-15T01:42:27","slug":"etude-de-marche-sur-la-gestion-des-installations","status":"publish","type":"page","link":"https:\/\/www.sisinternational.com\/fr\/solutions\/solutions-de-recherche-qualitative-et-quantitative\/etude-de-marche-sur-la-gestion-des-installations\/","title":{"rendered":"\u00c9tude de march\u00e9 sur la gestion des installations"},"content":{"rendered":"<h1 class=\"gb-headline gb-headline-97b1b307 gb-headline-text\">\u00c9tude de march\u00e9 sur la gestion des installations<\/h1>\n\n\n\n<h1 class=\"wp-block-heading\">&nbsp;<\/h1>\n\n\n\n<figure class=\"gb-block-image gb-block-image-c90d0809\"><img loading=\"lazy\" decoding=\"async\" width=\"1456\" height=\"816\" class=\"gb-image gb-image-c90d0809\" src=\"https:\/\/www.sisinternational.com\/wp-content\/uploads\/2025\/08\/Strategy-consulting-33.jpg\" alt=\"\u00c9tudes de march\u00e9 et strat\u00e9gie internationales SIS\" title=\"Strategy consulting (33)\" srcset=\"https:\/\/www.sisinternational.com\/wp-content\/uploads\/2025\/08\/Strategy-consulting-33.jpg 1456w, https:\/\/www.sisinternational.com\/wp-content\/uploads\/2025\/08\/Strategy-consulting-33-300x168.jpg 300w, https:\/\/www.sisinternational.com\/wp-content\/uploads\/2025\/08\/Strategy-consulting-33-1024x574.jpg 1024w, https:\/\/www.sisinternational.com\/wp-content\/uploads\/2025\/08\/Strategy-consulting-33-768x430.jpg 768w, https:\/\/www.sisinternational.com\/wp-content\/uploads\/2025\/08\/Strategy-consulting-33-18x10.jpg 18w\" sizes=\"auto, (max-width: 1456px) 100vw, 1456px\"><\/figure>\n\n\n\n<p><\/p>\n\n\n\n<hr class=\"wp-block-separator has-alpha-channel-opacity is-style-dots\"\/>\n\n\n\n<p>Facilities management ensures that the workplace is secure and well-maintained. The facilities manager also looks after the proper workspace setup. Another task for the holder of that role is to meet the company&#8217;s and its workers&#8217; demands. In other words, <a href=\"https:\/\/www.sisinternational.com\/fr\/solutions\/conseil-en-strategie\/cabinets-de-conseil-en-gestion\/\" title=\"Cabinet mondial de conseil en gestion\"  data-wpil-monitor-id=\"10423\">firms need these managers<\/a> to run their day-to-day functions. They have to make sure that the business setting supports its needs and maintains its primary function.<\/p>\n\n\n\n<p>Facilities management is the support of a business. The person responsible for it requires discipline, focus, and competence. The manager plays a prime role in ensuring employees\u2019 comfort on the work premises. The manager also looks after workers\u2019 health and safety. The manager carries out these functions daily, whether first thing in the morning, during the day, or near closing time. Thus, the job can be tedious.<\/p>\n\n\n\n<h2 class=\"wp-block-heading\">L\u2019importance de la gestion des installations<\/h2>\n\n\n\n<p>All companies have different functions, which can be profit or service-related. Moreover, facilities <a href=\"https:\/\/www.sisinternational.com\/fr\/solutions\/ai-etudes-de-marche-et-conseil-en-strategie\/etude-de-marche-sur-la-gestion-de-lintegration-api\/\" title=\"\u00c9tude de march\u00e9 sur la gestion de l\u2019int\u00e9gration d\u2019API\"  data-wpil-monitor-id=\"10417\">management plays an integral<\/a> role in the success of a business. Here\u2019s how:<\/p>\n\n\n\n<ul class=\"wp-block-list\">\n<li>Productivity\u2014These managers help job duties flow in a business by cleaning and arranging employees\u2019 workspaces. They ensure that all is well before the staff or occupants fulfill their duties, which provides a productive workforce.<\/li>\n\n\n\n<li>Confort et s\u00e9curit\u00e9 : il est essentiel que tout le personnel se sente en s\u00e9curit\u00e9. Les gestionnaires des installations organisent l\u2019inspection de tous les outils et \u00e9quipements. Ces outils doivent r\u00e9pondre aux normes de s\u00e9curit\u00e9 pour \u00e9viter les accidents et autres risques.<\/li>\n\n\n\n<li>\u00c9conomies de co\u00fbts \u2013 La gestion des \u00e9quipements et des locaux r\u00e9duit les probl\u00e8mes de maintenance. Cela contribue \u00e0 les \u00e9loigner, permettant aux entreprises de r\u00e9duire leurs co\u00fbts.<\/li>\n<\/ul>\n\n\n\n<h2 class=\"wp-block-heading\">Titres de poste cl\u00e9s<\/h2>\n\n\n\n<p><a href=\"https:\/\/www.sisinternational.com\/fr\/solutions\/conseil-en-tourisme-de-voyage-et-en-hotellerie\/societe-de-gestion-hoteliere-etude-de-marche-conseil-en-strategie\/\" title=\"Soci\u00e9t\u00e9 de gestion h\u00f4teli\u00e8re \u00c9tudes de march\u00e9 et conseil en strat\u00e9gie\"  data-wpil-monitor-id=\"10419\">Companies see facilities management<\/a> in two ways. It can be a management position, or the business can appoint one of its workers to perform the role. Either way, the function is crucial to a firm&#8217;s smooth running.<\/p>\n\n\n\n<p>Facilities management has several other positions. These jobs have titles like specialist, planner, lead, and administrator. In fact, these words tend to imply that they have a wide range of functions. They\u2019re used based on the firm and how it views the role. This role can vary from a specialist who does things no one else can or a leader who assigns tasks. For example:<\/p>\n\n\n\n<ul class=\"wp-block-list\">\n<li>Responsable du service d&#039;assistance.<\/li>\n\n\n\n<li>Superviseur des installations<\/li>\n\n\n\n<li>Sp\u00e9cialiste du syst\u00e8me d&#039;installations<\/li>\n\n\n\n<li>Coordonnateur des installations<\/li>\n<\/ul>\n\n\n\n<p>Nous pouvons utiliser n\u2019importe lequel ou tous ces termes pour d\u00e9crire un gestionnaire d\u2019installations.<\/p>\n\n\n\n<h2 class=\"wp-block-heading\">Pourquoi les entreprises ont besoin d&#039;une gestion des installations<\/h2>\n\n\n\n<figure class=\"gb-block-image gb-block-image-5bf6b3c1\"><img loading=\"lazy\" decoding=\"async\" width=\"1456\" height=\"816\" class=\"gb-image gb-image-5bf6b3c1\" src=\"https:\/\/www.sisinternational.com\/wp-content\/uploads\/2025\/08\/Strategy-consulting-2-2.jpg\" alt=\"\u00c9tudes de march\u00e9 et strat\u00e9gie internationales SIS\" title=\"Strategy consulting 2 (2)\" srcset=\"https:\/\/www.sisinternational.com\/wp-content\/uploads\/2025\/08\/Strategy-consulting-2-2.jpg 1456w, https:\/\/www.sisinternational.com\/wp-content\/uploads\/2025\/08\/Strategy-consulting-2-2-300x168.jpg 300w, https:\/\/www.sisinternational.com\/wp-content\/uploads\/2025\/08\/Strategy-consulting-2-2-1024x574.jpg 1024w, https:\/\/www.sisinternational.com\/wp-content\/uploads\/2025\/08\/Strategy-consulting-2-2-768x430.jpg 768w, https:\/\/www.sisinternational.com\/wp-content\/uploads\/2025\/08\/Strategy-consulting-2-2-18x10.jpg 18w\" sizes=\"auto, (max-width: 1456px) 100vw, 1456px\"><\/figure>\n\n\n\n<p><\/p>\n\n\n\n<p>Why is this role needed? It plays a huge part in a firm\u2019s success. It helps it achieve its goals. It also provides a secure workspace daily. It\u2019s the best way to maintain a safe and healthy workspace. Such a workspace will boost production and interest amongst employees.<\/p>\n\n\n\n<p>This role is best suited for a cheerful and well-liked leader. However, if businesses have poor facilities management, they will be less productive. Their workers will not be keen, and this will reflect in their work. In essence, companies need these managers to preserve a productive business setting.<\/p>\n\n\n\n<h2 class=\"wp-block-heading\">Facteurs cl\u00e9s de succ\u00e8s<\/h2>\n\n\n\n<p>Facilities management is useful since it reduces costs. It also helps prevent lawsuits and other risks. <a href=\"https:\/\/www.sisinternational.com\/fr\/facteurs-cles-de-succes-dans-les-etudes-de-marche-automobile\/\" title=\"Facteurs cl\u00e9s de succ\u00e8s dans les \u00e9tudes de march\u00e9 automobile\"  data-wpil-monitor-id=\"10413\">Facteurs cl\u00e9s de succ\u00e8s<\/a> of this title are:<\/p>\n\n\n\n<ul class=\"wp-block-list\">\n<li>Compassion<\/li>\n\n\n\n<li>Connaissances techniques et cr\u00e9ativit\u00e9<\/li>\n\n\n\n<li>Adaptabilit\u00e9<\/li>\n\n\n\n<li>Gestion des risques<\/li>\n\n\n\n<li>Leadership et strat\u00e9gie<\/li>\n\n\n\n<li>Performance et qualit\u00e9<\/li>\n\n\n\n<li>Op\u00e9rations et maintenance<\/li>\n<\/ul>\n\n\n\n<h2 class=\"wp-block-heading\">\u00c0 propos de la gestion des installations<\/h2>\n\n\n\n<p>A facilities <a href=\"https:\/\/www.sisinternational.com\/fr\/competence\/les-industries\/responsable-des-prestations-pharmaceutiques-etude-de-marche-pbm\/\" title=\"\u00c9tude de march\u00e9 sur les gestionnaires de prestations pharmaceutiques (PBM)\"  data-wpil-monitor-id=\"10421\">manager can benefit<\/a> a company in many ways. First, they ensure employees are safe. They also provide both qualitative and <a href=\"https:\/\/www.sisinternational.com\/fr\/how-to-design-effective-surveys-for-quantitative-research\/\" title=\"How to Design Effective Surveys for Quantitative Research\"  data-wpil-monitor-id=\"10415\">quantitative data after carrying out strategic research<\/a>. They do this <a href=\"https:\/\/www.sisinternational.com\/fr\/solutions\/solutions-de-recherche-qualitative-et-quantitative\/entretiens-telephoniques-et-etude-de-marche\/\" title=\"\u00c9tude de march\u00e9 sur les entretiens t\u00e9l\u00e9phoniques approfondis\"  data-wpil-monitor-id=\"10425\">research through interviews<\/a>, surveys, and focus groups. It helps them to make critical decisions about the improvement of a business.<\/p>\n\n\n\n<h2 class=\"wp-block-heading\">Notre emplacement \u00e0 New York<\/h2>\n\n\n\n<p>  <iframe loading=\"lazy\" src=\"https:\/\/www.google.com\/maps\/embed?pb=!1m18!1m12!1m3!1d3022.976188376966!2d-73.99130312499956!3d40.740549471389315!2m3!1f0!2f0!3f0!3m2!1i1024!2i768!4f13.1!3m3!1m2!1s0x89c259a15798c731%3A0xd695d09bdd495f25!2s11%20E%2022nd%20St%20FL%202%2C%20New%20York%2C%20NY%2010010%2C%20USA!5e0!3m2!1sen!2spe!4v1726171763526!5m2!1sen!2spe\" width=\"600\" height=\"450\" allowfullscreen=\"allowfullscreen\" data-mce-fragment=\"1\"><\/iframe>  <\/p>\n\n\n\n<h3 class=\"wp-block-heading\">11 E 22nd Street, \u00e9tage 2, New York, NY 10010 T\u00e9l. : +1(212) 505-6805<\/h3>\n\n\n\n<hr class=\"wp-block-separator has-alpha-channel-opacity\"\/>\n\n\n\n<h2 class=\"wp-block-heading\"><span style=\"font-weight: 400;\">\u00c0 propos de SIS International<\/span><\/h2>\n\n\n\n<p><a href=\"https:\/\/www.sisinternational.com\/fr\/\"><span style=\"font-weight: 400;\">SIS International<\/span><\/a><span style=\"font-weight: 400;\"> offers Quantitative, Qualitative, and Strategy Research. We provide data, tools, strategies, reports, and insights for decision-making. We also conduct interviews, surveys, focus groups, and other <a href=\"https:\/\/www.sisinternational.com\/fr\/quantitative-market-research-methods-and-techniques\/\" title=\"Quantitative Market Research Methods and Techniques\"  data-wpil-monitor-id=\"10411\">Market Research methods<\/a> and approaches.<\/span><a href=\"https:\/\/www.sisinternational.com\/fr\/a-propos-de-la-recherche-internationale-sis\/contact-sis-international-market-research\/\"><span style=\"font-weight: 400;\"> Contactez nous<\/span><\/a><span style=\"font-weight: 400;\"> pour votre prochain projet d&#039;\u00e9tude de march\u00e9.<\/span><\/p>\n\n\n\n<p><\/p>","protected":false},"excerpt":{"rendered":"<p>Facilities Management Market Research &nbsp; Facilities management ensures that the workplace is secure and well-maintained. The facilities manager also looks after the proper workspace setup. Another task for the holder of that role is to meet the company&#8217;s and its workers&#8217; demands. In other words, firms need these managers to run their day-to-day functions. They &#8230; <a title=\"\u00c9tude de march\u00e9 sur la gestion des installations\" class=\"read-more\" href=\"https:\/\/www.sisinternational.com\/fr\/solutions\/solutions-de-recherche-qualitative-et-quantitative\/etude-de-marche-sur-la-gestion-des-installations\/\" aria-label=\"En savoir plus sur Facilities Management Market Research\">Lire plus<\/a><\/p>","protected":false},"author":1,"featured_media":62520,"parent":14660,"menu_order":24,"comment_status":"closed","ping_status":"closed","template":"","meta":{"footnotes":""},"class_list":["post-39517","page","type-page","status-publish","has-post-thumbnail"],"_links":{"self":[{"href":"https:\/\/www.sisinternational.com\/fr\/wp-json\/wp\/v2\/pages\/39517","targetHints":{"allow":["GET"]}}],"collection":[{"href":"https:\/\/www.sisinternational.com\/fr\/wp-json\/wp\/v2\/pages"}],"about":[{"href":"https:\/\/www.sisinternational.com\/fr\/wp-json\/wp\/v2\/types\/page"}],"author":[{"embeddable":true,"href":"https:\/\/www.sisinternational.com\/fr\/wp-json\/wp\/v2\/users\/1"}],"replies":[{"embeddable":true,"href":"https:\/\/www.sisinternational.com\/fr\/wp-json\/wp\/v2\/comments?post=39517"}],"version-history":[{"count":6,"href":"https:\/\/www.sisinternational.com\/fr\/wp-json\/wp\/v2\/pages\/39517\/revisions"}],"predecessor-version":[{"id":81716,"href":"https:\/\/www.sisinternational.com\/fr\/wp-json\/wp\/v2\/pages\/39517\/revisions\/81716"}],"up":[{"embeddable":true,"href":"https:\/\/www.sisinternational.com\/fr\/wp-json\/wp\/v2\/pages\/14660"}],"wp:featuredmedia":[{"embeddable":true,"href":"https:\/\/www.sisinternational.com\/fr\/wp-json\/wp\/v2\/media\/62520"}],"wp:attachment":[{"href":"https:\/\/www.sisinternational.com\/fr\/wp-json\/wp\/v2\/media?parent=39517"}],"curies":[{"name":"wp","href":"https:\/\/api.w.org\/{rel}","templated":true}]}}