{"id":39515,"date":"2021-12-14T20:40:24","date_gmt":"2021-12-14T20:40:24","guid":{"rendered":"https:\/\/www.sisinternational.com\/?page_id=39515"},"modified":"2025-09-14T21:39:55","modified_gmt":"2025-09-15T01:39:55","slug":"etude-de-marche-sur-les-services-environnementaux","status":"publish","type":"page","link":"https:\/\/www.sisinternational.com\/fr\/competence\/etude-de-marche-sur-les-services-environnementaux\/","title":{"rendered":"\u00c9tude de march\u00e9 sur les services environnementaux"},"content":{"rendered":"<h1 class=\"wp-block-heading\">\u00c9tude de march\u00e9 sur les services environnementaux<\/h1>\n\n\n\n<figure class=\"gb-block-image gb-block-image-1ab0731b\"><img loading=\"lazy\" decoding=\"async\" width=\"1456\" height=\"816\" class=\"gb-image gb-image-1ab0731b\" src=\"https:\/\/www.sisinternational.com\/wp-content\/uploads\/2025\/08\/Environmental-Services-5.jpg\" alt=\"\u00c9tudes de march\u00e9 et strat\u00e9gie internationales SIS\" title=\"Environmental Services (5)\" srcset=\"https:\/\/www.sisinternational.com\/wp-content\/uploads\/2025\/08\/Environmental-Services-5.jpg 1456w, https:\/\/www.sisinternational.com\/wp-content\/uploads\/2025\/08\/Environmental-Services-5-300x168.jpg 300w, https:\/\/www.sisinternational.com\/wp-content\/uploads\/2025\/08\/Environmental-Services-5-1024x574.jpg 1024w, https:\/\/www.sisinternational.com\/wp-content\/uploads\/2025\/08\/Environmental-Services-5-768x430.jpg 768w, https:\/\/www.sisinternational.com\/wp-content\/uploads\/2025\/08\/Environmental-Services-5-18x10.jpg 18w\" sizes=\"auto, (max-width: 1456px) 100vw, 1456px\"><\/figure>\n\n\n\n<p><\/p>\n\n\n\n<h2 class=\"wp-block-heading\">Qu\u2019est-ce que les services environnementaux ?<\/h2>\n\n\n\n<p>Environmental Services is the proper care of natural assets, such as land, water, and air. It includes the provision of food and clean water and covers things like flood and disease control. Environmental Services also involve nutrient cycling, which keeps the conditions for life on Earth perfect. In addition, it includes the supply of raw materials. It also covers the energy used to produce goods. It\u2019s also the cleanup of trash caused by human acts and their role in life support and landscape upkeep.<\/p>\n\n\n\n<h2 class=\"wp-block-heading\">Pourquoi les services environnementaux sont-ils importants ?<\/h2>\n\n\n\n<p>Experts have related mortality, health status, illness (including chronic diseases), and poor birth outcomes to social and cultural factors. Equally important are mental health and other major health indicators, which depend on one\u2019s environment. That\u2019s why it\u2019s important to realize that societies need to put environmental services in place. In fact, it enables them to deal with such issues.<\/p>\n\n\n\n<h2 class=\"wp-block-heading\">Titre du poste cl\u00e9<\/h2>\n\n\n\n<h3 class=\"wp-block-heading\">Ing\u00e9nieur Qualit\u00e9 de l&#039;Air<\/h3>\n\n\n\n<p>Ces experts sont en charge de la qualit\u00e9 de l&#039;air. En effet, ils s&#039;efforcent de maintenir le meilleur niveau d&#039;air possible et de le rendre accessible aux personnes dans toutes les zones.<\/p>\n\n\n\n<h3 class=\"wp-block-heading\">Scientifique en conservation<\/h3>\n\n\n\n<p>Les scientifiques de la conservation supervisent les ressources du pays. Ils s&#039;efforcent de r\u00e9parer et de maintenir ces ressources.<\/p>\n\n\n\n<h3 class=\"wp-block-heading\">Avocat en environnement<\/h3>\n\n\n\n<p>These are lawyers who focus on the legal laws and aspects of land, air, and water. They might also stand for <a href=\"https:\/\/www.sisinternational.com\/fr\/solutions\/legal-market-research\/client-retention-strategies-in-law-firms\/\" title=\"Client Retention Strategies in Law Firms\u00a0\u00a0\"  data-wpil-monitor-id=\"7986\">clients<\/a> in cases that concern water law and climate change law. Land management is another function of these lawyers.<\/p>\n\n\n\n<h2 class=\"wp-block-heading\">Pourquoi les entreprises ont-elles besoin de services environnementaux ?<\/h2>\n\n\n\n<figure class=\"gb-block-image gb-block-image-48361a79\"><img loading=\"lazy\" decoding=\"async\" width=\"1456\" height=\"816\" class=\"gb-image gb-image-48361a79\" src=\"https:\/\/www.sisinternational.com\/wp-content\/uploads\/2025\/08\/Environmental-Services-3.jpg\" alt=\"\u00c9tudes de march\u00e9 et strat\u00e9gie internationales SIS\" title=\"Environmental Services (3)\" srcset=\"https:\/\/www.sisinternational.com\/wp-content\/uploads\/2025\/08\/Environmental-Services-3.jpg 1456w, https:\/\/www.sisinternational.com\/wp-content\/uploads\/2025\/08\/Environmental-Services-3-300x168.jpg 300w, https:\/\/www.sisinternational.com\/wp-content\/uploads\/2025\/08\/Environmental-Services-3-1024x574.jpg 1024w, https:\/\/www.sisinternational.com\/wp-content\/uploads\/2025\/08\/Environmental-Services-3-768x430.jpg 768w, https:\/\/www.sisinternational.com\/wp-content\/uploads\/2025\/08\/Environmental-Services-3-18x10.jpg 18w\" sizes=\"auto, (max-width: 1456px) 100vw, 1456px\"><\/figure>\n\n\n\n<p><\/p>\n\n\n\n<h3 class=\"wp-block-heading\">Prendre soin du public<\/h3>\n\n\n\n<p>In rare situations, a building project may harm the wider area even more than other factors such as air or water pollution. It might negatively impact the people and animals that live there. Moreover, ecological systems and local life cycles can be pretty fragile. A minor change in the environment can upset their balance straightaway. Thus, it pays to engage the <a href=\"https:\/\/www.sisinternational.com\/fr\/solutions\/recherche-de-conseil-en-strategie-fintech\/conseil-en-ingenierie-commerciale-en-services-financiers\/\" title=\"Ing\u00e9nierie commerciale Conseil en services financiers\"  data-wpil-monitor-id=\"7985\">services of an environmental consulting<\/a> firm. Companies should always do so before taking on a large-scale project.<\/p>\n\n\n\n<h3 class=\"wp-block-heading\">Suivez les r\u00e8gles f\u00e9d\u00e9rales actuelles, nouvelles et anciennes<\/h3>\n\n\n\n<p>Les march\u00e9s, les marques et les entreprises sont tous soumis \u00e0 des r\u00e9glementations gouvernementales longues et complexes. M\u00eame si la raison derri\u00e8re ces crit\u00e8res peut \u00eatre valable, s\u2019y tenir peut sembler difficile. Il est donc plus facile d\u2019avoir un expert en environnement \u00e0 vos c\u00f4t\u00e9s.<\/p>\n\n\n\n<h3 class=\"wp-block-heading\">B\u00e9n\u00e9fices pour votre entreprise<\/h3>\n\n\n\n<p>Hiring an environmental <a href=\"https:\/\/www.sisinternational.com\/fr\/services-de-publicite-multiculturelle-pour-une-compagnie-ferroviaire-bien-connue\/\" title=\"Services de publicit\u00e9 multiculturelle pour une entreprise ferroviaire renomm\u00e9e\"  data-wpil-monitor-id=\"7987\">service firm is in your company\u2019s<\/a> best interests. If you don\u2019t, you could end up spending loads of money having to move your operation. That\u2019s why it\u2019s essential to know if your project is suitable for its location. You also need to see if it complies with your state\u2019s laws. If it doesn\u2019t, it could result in higher fees and more costly revisions. You may even have to compensate residents affected by the work.<\/p>\n\n\n\n<h3 class=\"wp-block-heading\">Facteur de r\u00e9ussite important<\/h3>\n\n\n\n<p>Les arbres forestiers donnent de l\u2019air pur au monde. Ils pourraient tout aussi bien servir de \u00ab gouffres \u00bb qui contribueraient \u00e0 compenser les changements climatiques rigoureux que conna\u00eet actuellement la Terre. La mauvaise qualit\u00e9 de l\u2019air est le r\u00e9sultat de processus industriels m\u00e9diocres. Ces mauvais processus ont \u00e9galement provoqu\u00e9 une pollution de l\u2019eau, ce qui a eu des cons\u00e9quences consid\u00e9rables. Il r\u00e9duit les nutriments du sol, tue les poissons et est terrible pour la sant\u00e9 humaine et le corps.<\/p>\n\n\n\n<h2 class=\"wp-block-heading\">\u00c0 propos de l\u2019\u00e9tude de march\u00e9 sur les services environnementaux<\/h2>\n\n\n\n<p>Le D\u00e9partement des Services Environnementaux (DES) existe pour r\u00e9soudre ces probl\u00e8mes. Vous souhaitez proposer des services comme ceux propos\u00e9s par le DES ? Par exemple, votre entreprise peut retirer les poubelles, les d\u00e9chets recyclables et les feuilles s\u00e8ches toute l\u2019ann\u00e9e. Le DES s&#039;occupe \u00e9galement de notre syst\u00e8me d&#039;eau, de nos parcs et de nos cimeti\u00e8res. Ils enl\u00e8vent la neige et la glace, les zones ouvertes et les terrains vagues, plantent et taillent des arbres et font bien plus encore.<\/p>\n\n\n\n<p>Can you offer programs in cities to protect and clean up the environment? Or can it preserve groundwater and boost solid waste collection? Surveys, focus groups, and interviews are critical parts of knowing what citizens want. You will also need to use quantitative, qualitative, and strategic research. These tools will let you know what features have been lagging and which parts are doing well.<\/p>\n\n\n\n<p><\/p>","protected":false},"excerpt":{"rendered":"<p>Votre entreprise peut prot\u00e9ger l&#039;environnement, pr\u00e9server les eaux souterraines et stimuler la collecte des d\u00e9chets en fonction des commentaires des citoyens et des \u00e9tudes de march\u00e9.<\/p>","protected":false},"author":1,"featured_media":64613,"parent":14514,"menu_order":86,"comment_status":"closed","ping_status":"closed","template":"","meta":{"footnotes":""},"class_list":["post-39515","page","type-page","status-publish","has-post-thumbnail"],"_links":{"self":[{"href":"https:\/\/www.sisinternational.com\/fr\/wp-json\/wp\/v2\/pages\/39515","targetHints":{"allow":["GET"]}}],"collection":[{"href":"https:\/\/www.sisinternational.com\/fr\/wp-json\/wp\/v2\/pages"}],"about":[{"href":"https:\/\/www.sisinternational.com\/fr\/wp-json\/wp\/v2\/types\/page"}],"author":[{"embeddable":true,"href":"https:\/\/www.sisinternational.com\/fr\/wp-json\/wp\/v2\/users\/1"}],"replies":[{"embeddable":true,"href":"https:\/\/www.sisinternational.com\/fr\/wp-json\/wp\/v2\/comments?post=39515"}],"version-history":[{"count":4,"href":"https:\/\/www.sisinternational.com\/fr\/wp-json\/wp\/v2\/pages\/39515\/revisions"}],"predecessor-version":[{"id":81346,"href":"https:\/\/www.sisinternational.com\/fr\/wp-json\/wp\/v2\/pages\/39515\/revisions\/81346"}],"up":[{"embeddable":true,"href":"https:\/\/www.sisinternational.com\/fr\/wp-json\/wp\/v2\/pages\/14514"}],"wp:featuredmedia":[{"embeddable":true,"href":"https:\/\/www.sisinternational.com\/fr\/wp-json\/wp\/v2\/media\/64613"}],"wp:attachment":[{"href":"https:\/\/www.sisinternational.com\/fr\/wp-json\/wp\/v2\/media?parent=39515"}],"curies":[{"name":"wp","href":"https:\/\/api.w.org\/{rel}","templated":true}]}}